{"id":461,"date":"2026-01-22T14:33:38","date_gmt":"2026-01-22T14:33:38","guid":{"rendered":"https:\/\/www.transtoyou.com\/es\/product\/wegovy\/"},"modified":"2026-03-08T10:44:29","modified_gmt":"2026-03-08T10:44:29","slug":"wegovy","status":"publish","type":"product","link":"https:\/\/www.transtoyou.com\/es\/product\/wegovy\/","title":{"rendered":"Wegovy"},"content":{"rendered":"<p>Wegovy es un medicamento de prescripci\u00f3n dise\u00f1ado para apoyar el manejo del peso a largo plazo en adultos que tienen sobrepeso u obesidad. Contiene semaglutida, un compuesto que imita una hormona que ocurre de forma natural en el cuerpo conocida como GLP-1, la cual juega un papel clave en la regulaci\u00f3n del apetito y la ingesta de alimentos. Al dirigirse a receptores espec\u00edficos en el cerebro, Wegovy ayuda a reducir el hambre, aumentar la sensaci\u00f3n de saciedad y limitar el consumo total de calor\u00edas.<\/p>\n<p>Wegovy se administra como una inyecci\u00f3n semanal bajo la piel utilizando un bol\u00edgrafo precargado. Est\u00e1 destinado a ser utilizado en combinaci\u00f3n con una dieta baja en calor\u00edas y un aumento de la actividad f\u00edsica. Las personas que utilizan Wegovy suelen experimentar una p\u00e9rdida de peso gradual y sostenida a lo largo del tiempo. Esto no solo apoya la mejora de la salud f\u00edsica, sino que tambi\u00e9n reduce el riesgo de condiciones relacionadas con el peso, como la diabetes tipo 2, la hipertensi\u00f3n y las enfermedades cardiovasculares.<\/p>\n<p>El medicamento se inicia a una dosis baja y se aumenta gradualmente durante varias semanas hasta alcanzar la dosis de mantenimiento completa. Este enfoque ayuda al cuerpo a ajustarse y reduce el riesgo de efectos secundarios, como n\u00e1useas, v\u00f3mitos o malestar gastrointestinal. Wegovy no act\u00faa como un estimulante ni afecta el metabolismo directamente, sino que promueve un comportamiento alimentario m\u00e1s saludable al regular las se\u00f1ales de apetito.<\/p>\n","protected":false},"excerpt":{"rendered":"<ul>\n<li>Inyecci\u00f3n semanal<\/li>\n<li>Reduce el apetito<\/li>\n<li>Soporte de peso a largo plazo<\/li>\n<\/ul>\n","protected":false},"featured_media":463,"comment_status":"open","ping_status":"closed","template":"","meta":[],"product_brand":[],"product_cat":[157],"product_tag":[],"expert":[16],"class_list":{"0":"post-461","1":"product","2":"type-product","3":"status-publish","4":"has-post-thumbnail","6":"product_cat-perdida-de-peso","7":"expert-dr-c-alexandru","9":"first","10":"instock","11":"shipping-taxable","12":"product-type-variable"},"yoast_head":"<!-- This site is optimized with the Yoast SEO plugin v27.0 - https:\/\/yoast.com\/product\/yoast-seo-wordpress\/ -->\n<title>Wegovy | Soluci\u00f3n Efectiva para el Control de Peso - Transtoyou<\/title>\n<meta name=\"description\" content=\"Descubre Wegovy para un manejo efectivo del peso en Transtoyou. Compra ahora soluciones cl\u00ednicas que mejoran tu salud.\" \/>\n<meta name=\"robots\" content=\"noindex, follow, max-snippet:-1, max-image-preview:large, max-video-preview:-1\" \/>\n<meta property=\"og:locale\" content=\"es_ES\" \/>\n<meta property=\"og:type\" content=\"article\" \/>\n<meta property=\"og:title\" content=\"Wegovy | Soluci\u00f3n Efectiva para el Control de Peso - Transtoyou\" \/>\n<meta property=\"og:description\" content=\"Descubre Wegovy para un manejo efectivo del peso en Transtoyou. Compra ahora soluciones cl\u00ednicas que mejoran tu salud.\" \/>\n<meta property=\"og:url\" content=\"https:\/\/www.transtoyou.com\/es\/product\/wegovy\/\" \/>\n<meta property=\"og:site_name\" content=\"Transtoyou - ES\" \/>\n<meta property=\"article:modified_time\" content=\"2026-03-08T10:44:29+00:00\" \/>\n<meta name=\"twitter:card\" content=\"summary_large_image\" \/>\n<meta name=\"twitter:label1\" content=\"Tiempo de lectura\" \/>\n\t<meta name=\"twitter:data1\" content=\"1 minuto\" \/>\n<script type=\"application\/ld+json\" class=\"yoast-schema-graph\">{\"@context\":\"https:\/\/schema.org\",\"@graph\":[{\"@type\":\"WebPage\",\"@id\":\"https:\/\/www.transtoyou.com\/es\/product\/wegovy\/\",\"url\":\"https:\/\/www.transtoyou.com\/es\/product\/wegovy\/\",\"name\":\"Wegovy | Soluci\u00f3n Efectiva para el Control de Peso - Transtoyou\",\"isPartOf\":{\"@id\":\"https:\/\/www.transtoyou.com\/es\/#website\"},\"primaryImageOfPage\":{\"@id\":\"https:\/\/www.transtoyou.com\/es\/product\/wegovy\/#primaryimage\"},\"image\":{\"@id\":\"https:\/\/www.transtoyou.com\/es\/product\/wegovy\/#primaryimage\"},\"thumbnailUrl\":\"https:\/\/www.transtoyou.com\/es\/wp-content\/uploads\/sites\/14\/2026\/01\/wegovy-transtoyou-overview.png\",\"datePublished\":\"2026-01-22T14:33:38+00:00\",\"dateModified\":\"2026-03-08T10:44:29+00:00\",\"description\":\"Descubre Wegovy para un manejo efectivo del peso en Transtoyou. Compra ahora soluciones cl\u00ednicas que mejoran tu salud.\",\"breadcrumb\":{\"@id\":\"https:\/\/www.transtoyou.com\/es\/product\/wegovy\/#breadcrumb\"},\"inLanguage\":\"es\",\"potentialAction\":[{\"@type\":\"ReadAction\",\"target\":[\"https:\/\/www.transtoyou.com\/es\/product\/wegovy\/\"]}]},{\"@type\":\"ImageObject\",\"inLanguage\":\"es\",\"@id\":\"https:\/\/www.transtoyou.com\/es\/product\/wegovy\/#primaryimage\",\"url\":\"https:\/\/www.transtoyou.com\/es\/wp-content\/uploads\/sites\/14\/2026\/01\/wegovy-transtoyou-overview.png\",\"contentUrl\":\"https:\/\/www.transtoyou.com\/es\/wp-content\/uploads\/sites\/14\/2026\/01\/wegovy-transtoyou-overview.png\",\"width\":1080,\"height\":1080,\"caption\":\"Wegovy Prik Pen - Transtoyou\"},{\"@type\":\"WebSite\",\"@id\":\"https:\/\/www.transtoyou.com\/es\/#website\",\"url\":\"https:\/\/www.transtoyou.com\/es\/\",\"name\":\"Transtoyou - ES\",\"description\":\"\",\"publisher\":{\"@id\":\"https:\/\/www.transtoyou.com\/es\/#organization\"},\"potentialAction\":[{\"@type\":\"SearchAction\",\"target\":{\"@type\":\"EntryPoint\",\"urlTemplate\":\"https:\/\/www.transtoyou.com\/es\/?s={search_term_string}\"},\"query-input\":{\"@type\":\"PropertyValueSpecification\",\"valueRequired\":true,\"valueName\":\"search_term_string\"}}],\"inLanguage\":\"es\"},{\"@type\":\"Organization\",\"@id\":\"https:\/\/www.transtoyou.com\/es\/#organization\",\"name\":\"Transtoyou - ES\",\"url\":\"https:\/\/www.transtoyou.com\/es\/\",\"logo\":{\"@type\":\"ImageObject\",\"inLanguage\":\"es\",\"@id\":\"https:\/\/www.transtoyou.com\/es\/#\/schema\/logo\/image\/\",\"url\":\"https:\/\/www.transtoyou.com\/es\/wp-content\/uploads\/sites\/14\/2026\/01\/logo-tty-menu-bar-300x87-1.webp\",\"contentUrl\":\"https:\/\/www.transtoyou.com\/es\/wp-content\/uploads\/sites\/14\/2026\/01\/logo-tty-menu-bar-300x87-1.webp\",\"width\":300,\"height\":87,\"caption\":\"Transtoyou - ES\"},\"image\":{\"@id\":\"https:\/\/www.transtoyou.com\/es\/#\/schema\/logo\/image\/\"}}]}<\/script>\n<!-- \/ Yoast SEO plugin. -->","yoast_head_json":{"title":"Wegovy | Soluci\u00f3n Efectiva para el Control de Peso - Transtoyou","description":"Descubre Wegovy para un manejo efectivo del peso en Transtoyou. Compra ahora soluciones cl\u00ednicas que mejoran tu salud.","robots":{"index":"noindex","follow":"follow","max-snippet":"max-snippet:-1","max-image-preview":"max-image-preview:large","max-video-preview":"max-video-preview:-1"},"og_locale":"es_ES","og_type":"article","og_title":"Wegovy | Soluci\u00f3n Efectiva para el Control de Peso - Transtoyou","og_description":"Descubre Wegovy para un manejo efectivo del peso en Transtoyou. Compra ahora soluciones cl\u00ednicas que mejoran tu salud.","og_url":"https:\/\/www.transtoyou.com\/es\/product\/wegovy\/","og_site_name":"Transtoyou - ES","article_modified_time":"2026-03-08T10:44:29+00:00","twitter_card":"summary_large_image","twitter_misc":{"Tiempo de lectura":"1 minuto"},"schema":{"@context":"https:\/\/schema.org","@graph":[{"@type":"WebPage","@id":"https:\/\/www.transtoyou.com\/es\/product\/wegovy\/","url":"https:\/\/www.transtoyou.com\/es\/product\/wegovy\/","name":"Wegovy | Soluci\u00f3n Efectiva para el Control de Peso - Transtoyou","isPartOf":{"@id":"https:\/\/www.transtoyou.com\/es\/#website"},"primaryImageOfPage":{"@id":"https:\/\/www.transtoyou.com\/es\/product\/wegovy\/#primaryimage"},"image":{"@id":"https:\/\/www.transtoyou.com\/es\/product\/wegovy\/#primaryimage"},"thumbnailUrl":"https:\/\/www.transtoyou.com\/es\/wp-content\/uploads\/sites\/14\/2026\/01\/wegovy-transtoyou-overview.png","datePublished":"2026-01-22T14:33:38+00:00","dateModified":"2026-03-08T10:44:29+00:00","description":"Descubre Wegovy para un manejo efectivo del peso en Transtoyou. Compra ahora soluciones cl\u00ednicas que mejoran tu salud.","breadcrumb":{"@id":"https:\/\/www.transtoyou.com\/es\/product\/wegovy\/#breadcrumb"},"inLanguage":"es","potentialAction":[{"@type":"ReadAction","target":["https:\/\/www.transtoyou.com\/es\/product\/wegovy\/"]}]},{"@type":"ImageObject","inLanguage":"es","@id":"https:\/\/www.transtoyou.com\/es\/product\/wegovy\/#primaryimage","url":"https:\/\/www.transtoyou.com\/es\/wp-content\/uploads\/sites\/14\/2026\/01\/wegovy-transtoyou-overview.png","contentUrl":"https:\/\/www.transtoyou.com\/es\/wp-content\/uploads\/sites\/14\/2026\/01\/wegovy-transtoyou-overview.png","width":1080,"height":1080,"caption":"Wegovy Prik Pen - Transtoyou"},{"@type":"WebSite","@id":"https:\/\/www.transtoyou.com\/es\/#website","url":"https:\/\/www.transtoyou.com\/es\/","name":"Transtoyou - ES","description":"","publisher":{"@id":"https:\/\/www.transtoyou.com\/es\/#organization"},"potentialAction":[{"@type":"SearchAction","target":{"@type":"EntryPoint","urlTemplate":"https:\/\/www.transtoyou.com\/es\/?s={search_term_string}"},"query-input":{"@type":"PropertyValueSpecification","valueRequired":true,"valueName":"search_term_string"}}],"inLanguage":"es"},{"@type":"Organization","@id":"https:\/\/www.transtoyou.com\/es\/#organization","name":"Transtoyou - ES","url":"https:\/\/www.transtoyou.com\/es\/","logo":{"@type":"ImageObject","inLanguage":"es","@id":"https:\/\/www.transtoyou.com\/es\/#\/schema\/logo\/image\/","url":"https:\/\/www.transtoyou.com\/es\/wp-content\/uploads\/sites\/14\/2026\/01\/logo-tty-menu-bar-300x87-1.webp","contentUrl":"https:\/\/www.transtoyou.com\/es\/wp-content\/uploads\/sites\/14\/2026\/01\/logo-tty-menu-bar-300x87-1.webp","width":300,"height":87,"caption":"Transtoyou - ES"},"image":{"@id":"https:\/\/www.transtoyou.com\/es\/#\/schema\/logo\/image\/"}}]}},"_links":{"self":[{"href":"https:\/\/www.transtoyou.com\/es\/wp-json\/wp\/v2\/product\/461","targetHints":{"allow":["GET"]}}],"collection":[{"href":"https:\/\/www.transtoyou.com\/es\/wp-json\/wp\/v2\/product"}],"about":[{"href":"https:\/\/www.transtoyou.com\/es\/wp-json\/wp\/v2\/types\/product"}],"replies":[{"embeddable":true,"href":"https:\/\/www.transtoyou.com\/es\/wp-json\/wp\/v2\/comments?post=461"}],"wp:featuredmedia":[{"embeddable":true,"href":"https:\/\/www.transtoyou.com\/es\/wp-json\/wp\/v2\/media\/463"}],"wp:attachment":[{"href":"https:\/\/www.transtoyou.com\/es\/wp-json\/wp\/v2\/media?parent=461"}],"wp:term":[{"taxonomy":"product_brand","embeddable":true,"href":"https:\/\/www.transtoyou.com\/es\/wp-json\/wp\/v2\/product_brand?post=461"},{"taxonomy":"product_cat","embeddable":true,"href":"https:\/\/www.transtoyou.com\/es\/wp-json\/wp\/v2\/product_cat?post=461"},{"taxonomy":"product_tag","embeddable":true,"href":"https:\/\/www.transtoyou.com\/es\/wp-json\/wp\/v2\/product_tag?post=461"},{"taxonomy":"expert","embeddable":true,"href":"https:\/\/www.transtoyou.com\/es\/wp-json\/wp\/v2\/expert?post=461"}],"curies":[{"name":"wp","href":"https:\/\/api.w.org\/{rel}","templated":true}]}}