{"id":467,"date":"2026-01-22T15:07:56","date_gmt":"2026-01-22T15:07:56","guid":{"rendered":"https:\/\/www.transtoyou.com\/es\/product\/orlistat\/"},"modified":"2026-03-01T09:30:10","modified_gmt":"2026-03-01T09:30:10","slug":"orlistat","status":"publish","type":"product","link":"https:\/\/www.transtoyou.com\/es\/product\/orlistat\/","title":{"rendered":"Orlistato"},"content":{"rendered":"<p>Orlistat es un medicamento para la p\u00e9rdida de peso que funciona al prevenir la absorci\u00f3n de grasa de los alimentos que comes. Se utiliza t\u00edpicamente por adultos que tienen sobrepeso u obesidad y que buscan controlar su peso en combinaci\u00f3n con una dieta baja en calor\u00edas y baja en grasa. A diferencia de los supresores del apetito que afectan el cerebro, Orlistat act\u00faa localmente en el tracto digestivo, apuntando a la enzima lipasa. Esta enzima es responsable de descomponer la grasa diet\u00e9tica para que pueda ser absorbida por el cuerpo. Al inhibir la lipasa, Orlistat asegura que aproximadamente un tercio de la grasa diet\u00e9tica no sea absorbida y se elimine del cuerpo de forma natural.<\/p>\n<p>Orlistat se toma generalmente tres veces al d\u00eda con cada comida principal que contenga grasa. Su efectividad est\u00e1 estrechamente relacionada con mantener una dieta equilibrada y participar en actividad f\u00edsica regular. La mayor\u00eda de los usuarios comienzan a ver una reducci\u00f3n gradual de peso en unas pocas semanas. Adem\u00e1s, se ha demostrado que Orlistat ayuda a mejorar la presi\u00f3n arterial, los niveles de colesterol y el control del az\u00facar en sangre en personas con condiciones de salud relacionadas con el peso.<\/p>\n<p>Los efectos secundarios m\u00e1s comunes son de naturaleza digestiva e incluyen heces oleosas o grasosas, aumento de los movimientos intestinales o malestar estomacal. Estos efectos secundarios a menudo disminuyen a medida que el cuerpo se adapta y los usuarios adoptan una dieta m\u00e1s baja en grasa. Para apoyar la absorci\u00f3n de vitaminas liposolubles, a menudo se recomienda tomar un suplemento multivitam\u00ednico en un momento diferente del d\u00eda que la dosis de Orlistat.<\/p>\n","protected":false},"excerpt":{"rendered":"<ul>\n<li>Reduce la absorci\u00f3n de grasa<\/li>\n<li>Ayuda para la p\u00e9rdida de peso no sist\u00e9mica<\/li>\n<li>Ayuda a mejorar la salud metab\u00f3lica<\/li>\n<\/ul>\n","protected":false},"featured_media":469,"comment_status":"open","ping_status":"closed","template":"","meta":[],"product_brand":[],"product_cat":[157],"product_tag":[],"expert":[16],"class_list":{"0":"post-467","1":"product","2":"type-product","3":"status-publish","4":"has-post-thumbnail","6":"product_cat-perdida-de-peso","7":"expert-dr-c-alexandru","9":"first","10":"instock","11":"shipping-taxable","12":"product-type-variable"},"yoast_head":"<!-- This site is optimized with the Yoast SEO plugin v27.0 - https:\/\/yoast.com\/product\/yoast-seo-wordpress\/ -->\n<title>Orlistat | Control Efectivo del Peso - Transtoyou<\/title>\n<meta name=\"description\" content=\"Orlistat: Apoya el control de peso con este producto efectivo, disponible en Transtoyou. Compra ahora una soluci\u00f3n confiable para tu salud.\" \/>\n<meta name=\"robots\" content=\"noindex, follow, max-snippet:-1, max-image-preview:large, max-video-preview:-1\" \/>\n<meta property=\"og:locale\" content=\"es_ES\" \/>\n<meta property=\"og:type\" content=\"article\" \/>\n<meta property=\"og:title\" content=\"Orlistat | Control Efectivo del Peso - Transtoyou\" \/>\n<meta property=\"og:description\" content=\"Orlistat: Apoya el control de peso con este producto efectivo, disponible en Transtoyou. Compra ahora una soluci\u00f3n confiable para tu salud.\" \/>\n<meta property=\"og:url\" content=\"https:\/\/www.transtoyou.com\/es\/product\/orlistat\/\" \/>\n<meta property=\"og:site_name\" content=\"Transtoyou - ES\" \/>\n<meta property=\"article:modified_time\" content=\"2026-03-01T09:30:10+00:00\" \/>\n<meta name=\"twitter:card\" content=\"summary_large_image\" \/>\n<meta name=\"twitter:label1\" content=\"Tiempo de lectura\" \/>\n\t<meta name=\"twitter:data1\" content=\"1 minuto\" \/>\n<script type=\"application\/ld+json\" class=\"yoast-schema-graph\">{\"@context\":\"https:\/\/schema.org\",\"@graph\":[{\"@type\":\"WebPage\",\"@id\":\"https:\/\/www.transtoyou.com\/es\/product\/orlistat\/\",\"url\":\"https:\/\/www.transtoyou.com\/es\/product\/orlistat\/\",\"name\":\"Orlistat | Control Efectivo del Peso - Transtoyou\",\"isPartOf\":{\"@id\":\"https:\/\/www.transtoyou.com\/es\/#website\"},\"primaryImageOfPage\":{\"@id\":\"https:\/\/www.transtoyou.com\/es\/product\/orlistat\/#primaryimage\"},\"image\":{\"@id\":\"https:\/\/www.transtoyou.com\/es\/product\/orlistat\/#primaryimage\"},\"thumbnailUrl\":\"https:\/\/www.transtoyou.com\/es\/wp-content\/uploads\/sites\/14\/2026\/01\/tty-no-product-image-9.webp\",\"datePublished\":\"2026-01-22T15:07:56+00:00\",\"dateModified\":\"2026-03-01T09:30:10+00:00\",\"description\":\"Orlistat: Apoya el control de peso con este producto efectivo, disponible en Transtoyou. Compra ahora una soluci\u00f3n confiable para tu salud.\",\"breadcrumb\":{\"@id\":\"https:\/\/www.transtoyou.com\/es\/product\/orlistat\/#breadcrumb\"},\"inLanguage\":\"es\",\"potentialAction\":[{\"@type\":\"ReadAction\",\"target\":[\"https:\/\/www.transtoyou.com\/es\/product\/orlistat\/\"]}]},{\"@type\":\"ImageObject\",\"inLanguage\":\"es\",\"@id\":\"https:\/\/www.transtoyou.com\/es\/product\/orlistat\/#primaryimage\",\"url\":\"https:\/\/www.transtoyou.com\/es\/wp-content\/uploads\/sites\/14\/2026\/01\/tty-no-product-image-9.webp\",\"contentUrl\":\"https:\/\/www.transtoyou.com\/es\/wp-content\/uploads\/sites\/14\/2026\/01\/tty-no-product-image-9.webp\",\"width\":1000,\"height\":1000,\"caption\":\"Imagen de producto predeterminada\"},{\"@type\":\"WebSite\",\"@id\":\"https:\/\/www.transtoyou.com\/es\/#website\",\"url\":\"https:\/\/www.transtoyou.com\/es\/\",\"name\":\"Transtoyou - ES\",\"description\":\"\",\"publisher\":{\"@id\":\"https:\/\/www.transtoyou.com\/es\/#organization\"},\"potentialAction\":[{\"@type\":\"SearchAction\",\"target\":{\"@type\":\"EntryPoint\",\"urlTemplate\":\"https:\/\/www.transtoyou.com\/es\/?s={search_term_string}\"},\"query-input\":{\"@type\":\"PropertyValueSpecification\",\"valueRequired\":true,\"valueName\":\"search_term_string\"}}],\"inLanguage\":\"es\"},{\"@type\":\"Organization\",\"@id\":\"https:\/\/www.transtoyou.com\/es\/#organization\",\"name\":\"Transtoyou - ES\",\"url\":\"https:\/\/www.transtoyou.com\/es\/\",\"logo\":{\"@type\":\"ImageObject\",\"inLanguage\":\"es\",\"@id\":\"https:\/\/www.transtoyou.com\/es\/#\/schema\/logo\/image\/\",\"url\":\"https:\/\/www.transtoyou.com\/es\/wp-content\/uploads\/sites\/14\/2026\/01\/logo-tty-menu-bar-300x87-1.webp\",\"contentUrl\":\"https:\/\/www.transtoyou.com\/es\/wp-content\/uploads\/sites\/14\/2026\/01\/logo-tty-menu-bar-300x87-1.webp\",\"width\":300,\"height\":87,\"caption\":\"Transtoyou - ES\"},\"image\":{\"@id\":\"https:\/\/www.transtoyou.com\/es\/#\/schema\/logo\/image\/\"}}]}<\/script>\n<!-- \/ Yoast SEO plugin. -->","yoast_head_json":{"title":"Orlistat | Control Efectivo del Peso - Transtoyou","description":"Orlistat: Apoya el control de peso con este producto efectivo, disponible en Transtoyou. Compra ahora una soluci\u00f3n confiable para tu salud.","robots":{"index":"noindex","follow":"follow","max-snippet":"max-snippet:-1","max-image-preview":"max-image-preview:large","max-video-preview":"max-video-preview:-1"},"og_locale":"es_ES","og_type":"article","og_title":"Orlistat | Control Efectivo del Peso - Transtoyou","og_description":"Orlistat: Apoya el control de peso con este producto efectivo, disponible en Transtoyou. Compra ahora una soluci\u00f3n confiable para tu salud.","og_url":"https:\/\/www.transtoyou.com\/es\/product\/orlistat\/","og_site_name":"Transtoyou - ES","article_modified_time":"2026-03-01T09:30:10+00:00","twitter_card":"summary_large_image","twitter_misc":{"Tiempo de lectura":"1 minuto"},"schema":{"@context":"https:\/\/schema.org","@graph":[{"@type":"WebPage","@id":"https:\/\/www.transtoyou.com\/es\/product\/orlistat\/","url":"https:\/\/www.transtoyou.com\/es\/product\/orlistat\/","name":"Orlistat | Control Efectivo del Peso - Transtoyou","isPartOf":{"@id":"https:\/\/www.transtoyou.com\/es\/#website"},"primaryImageOfPage":{"@id":"https:\/\/www.transtoyou.com\/es\/product\/orlistat\/#primaryimage"},"image":{"@id":"https:\/\/www.transtoyou.com\/es\/product\/orlistat\/#primaryimage"},"thumbnailUrl":"https:\/\/www.transtoyou.com\/es\/wp-content\/uploads\/sites\/14\/2026\/01\/tty-no-product-image-9.webp","datePublished":"2026-01-22T15:07:56+00:00","dateModified":"2026-03-01T09:30:10+00:00","description":"Orlistat: Apoya el control de peso con este producto efectivo, disponible en Transtoyou. Compra ahora una soluci\u00f3n confiable para tu salud.","breadcrumb":{"@id":"https:\/\/www.transtoyou.com\/es\/product\/orlistat\/#breadcrumb"},"inLanguage":"es","potentialAction":[{"@type":"ReadAction","target":["https:\/\/www.transtoyou.com\/es\/product\/orlistat\/"]}]},{"@type":"ImageObject","inLanguage":"es","@id":"https:\/\/www.transtoyou.com\/es\/product\/orlistat\/#primaryimage","url":"https:\/\/www.transtoyou.com\/es\/wp-content\/uploads\/sites\/14\/2026\/01\/tty-no-product-image-9.webp","contentUrl":"https:\/\/www.transtoyou.com\/es\/wp-content\/uploads\/sites\/14\/2026\/01\/tty-no-product-image-9.webp","width":1000,"height":1000,"caption":"Imagen de producto predeterminada"},{"@type":"WebSite","@id":"https:\/\/www.transtoyou.com\/es\/#website","url":"https:\/\/www.transtoyou.com\/es\/","name":"Transtoyou - ES","description":"","publisher":{"@id":"https:\/\/www.transtoyou.com\/es\/#organization"},"potentialAction":[{"@type":"SearchAction","target":{"@type":"EntryPoint","urlTemplate":"https:\/\/www.transtoyou.com\/es\/?s={search_term_string}"},"query-input":{"@type":"PropertyValueSpecification","valueRequired":true,"valueName":"search_term_string"}}],"inLanguage":"es"},{"@type":"Organization","@id":"https:\/\/www.transtoyou.com\/es\/#organization","name":"Transtoyou - ES","url":"https:\/\/www.transtoyou.com\/es\/","logo":{"@type":"ImageObject","inLanguage":"es","@id":"https:\/\/www.transtoyou.com\/es\/#\/schema\/logo\/image\/","url":"https:\/\/www.transtoyou.com\/es\/wp-content\/uploads\/sites\/14\/2026\/01\/logo-tty-menu-bar-300x87-1.webp","contentUrl":"https:\/\/www.transtoyou.com\/es\/wp-content\/uploads\/sites\/14\/2026\/01\/logo-tty-menu-bar-300x87-1.webp","width":300,"height":87,"caption":"Transtoyou - ES"},"image":{"@id":"https:\/\/www.transtoyou.com\/es\/#\/schema\/logo\/image\/"}}]}},"_links":{"self":[{"href":"https:\/\/www.transtoyou.com\/es\/wp-json\/wp\/v2\/product\/467","targetHints":{"allow":["GET"]}}],"collection":[{"href":"https:\/\/www.transtoyou.com\/es\/wp-json\/wp\/v2\/product"}],"about":[{"href":"https:\/\/www.transtoyou.com\/es\/wp-json\/wp\/v2\/types\/product"}],"replies":[{"embeddable":true,"href":"https:\/\/www.transtoyou.com\/es\/wp-json\/wp\/v2\/comments?post=467"}],"wp:featuredmedia":[{"embeddable":true,"href":"https:\/\/www.transtoyou.com\/es\/wp-json\/wp\/v2\/media\/469"}],"wp:attachment":[{"href":"https:\/\/www.transtoyou.com\/es\/wp-json\/wp\/v2\/media?parent=467"}],"wp:term":[{"taxonomy":"product_brand","embeddable":true,"href":"https:\/\/www.transtoyou.com\/es\/wp-json\/wp\/v2\/product_brand?post=467"},{"taxonomy":"product_cat","embeddable":true,"href":"https:\/\/www.transtoyou.com\/es\/wp-json\/wp\/v2\/product_cat?post=467"},{"taxonomy":"product_tag","embeddable":true,"href":"https:\/\/www.transtoyou.com\/es\/wp-json\/wp\/v2\/product_tag?post=467"},{"taxonomy":"expert","embeddable":true,"href":"https:\/\/www.transtoyou.com\/es\/wp-json\/wp\/v2\/expert?post=467"}],"curies":[{"name":"wp","href":"https:\/\/api.w.org\/{rel}","templated":true}]}}