{"id":494,"date":"2026-01-22T17:35:18","date_gmt":"2026-01-22T17:35:18","guid":{"rendered":"https:\/\/www.transtoyou.com\/es\/product\/aldara\/"},"modified":"2026-02-12T07:36:47","modified_gmt":"2026-02-12T07:36:47","slug":"aldara","status":"publish","type":"product","link":"https:\/\/www.transtoyou.com\/es\/product\/aldara\/","title":{"rendered":"Aldara"},"content":{"rendered":"<p>Aldara es una crema t\u00f3pica que contiene imiquimod, un modificador de la respuesta inmune utilizado para tratar verrugas genitales externas y anales, as\u00ed como otros tipos de afecciones cut\u00e1neas como verrugas comunes y ciertas condiciones cut\u00e1neas precoces o cancerosas como la queratosis act\u00ednica y el carcinoma basocelular superficial. Esta crema funciona estimulando el sistema inmunol\u00f3gico del cuerpo para combatir el crecimiento anormal de la piel causado por virus como el virus del papiloma humano (VPH) o por da\u00f1o solar.<\/p>\n<p>El ingrediente clave, imiquimod, fomenta que la piel produzca sustancias qu\u00edmicas naturales como el interfer\u00f3n, que ayudan a destruir las c\u00e9lulas infectadas por el virus. A diferencia de los tratamientos que eliminan f\u00edsicamente las verrugas, Aldara activa el sistema inmunol\u00f3gico para reconocer y eliminar la causa desde dentro de la piel. Este enfoque puede reducir la posibilidad de recurrencia y combatir el virus desde el interior de la piel misma. Este enfoque reduce la posibilidad de recurrencia y es especialmente valioso para tratar \u00e1reas delicadas como la regi\u00f3n genital o anal.<\/p>\n<p>Aldara se aplica t\u00edpicamente directamente en el \u00e1rea afectada tres veces por semana, generalmente a la hora de dormir. Se deja en la piel durante seis a diez horas y luego se lava. La duraci\u00f3n del tratamiento puede variar, pero se puede esperar una mejora visible en unas pocas semanas. El curso completo puede durar hasta 16 semanas, dependiendo de la respuesta.<\/p>\n<p>Los usuarios deben lavarse las manos antes y despu\u00e9s de la aplicaci\u00f3n, y la crema no debe usarse en membranas o heridas abiertas. Los efectos secundarios comunes incluyen enrojecimiento leve, picaz\u00f3n, ardor y descamaci\u00f3n en el sitio de aplicaci\u00f3n. Estos son generalmente temporales y pueden indicar que se est\u00e1 activando la respuesta inmune. Si la reacci\u00f3n se vuelve severa, el tratamiento puede ser pausado durante unos d\u00edas.<\/p>\n","protected":false},"excerpt":{"rendered":"<ul>\n<li>Estimula la respuesta inmune<\/li>\n<li>Queratosis act\u00ednica y carcinoma basocelular superficial<\/li>\n<li>Tratamiento t\u00f3pico autoadministrado<\/li>\n<\/ul>\n","protected":false},"featured_media":1417,"comment_status":"open","ping_status":"closed","template":"","meta":[],"product_brand":[],"product_cat":[156,104],"product_tag":[],"expert":[21],"class_list":{"0":"post-494","1":"product","2":"type-product","3":"status-publish","4":"has-post-thumbnail","6":"product_cat-verrugas","7":"product_cat-verrugas-genitales","8":"expert-dr-m-sharoyko","10":"first","11":"instock","12":"shipping-taxable","13":"purchasable","14":"product-type-variable"},"yoast_head":"<!-- This site is optimized with the Yoast SEO plugin v27.0 - https:\/\/yoast.com\/product\/yoast-seo-wordpress\/ -->\n<title>Aldara | Excelencia en Salud de la Piel - Transtoyou<\/title>\n<meta name=\"description\" content=\"Crema Aldara disponible en Transtoyou, trata eficazmente condiciones de la piel. Compra ahora la soluci\u00f3n ideal para tu cuidado personal.\" \/>\n<meta name=\"robots\" content=\"noindex, follow, max-snippet:-1, max-image-preview:large, max-video-preview:-1\" \/>\n<meta property=\"og:locale\" content=\"es_ES\" \/>\n<meta property=\"og:type\" content=\"article\" \/>\n<meta property=\"og:title\" content=\"Aldara | Excelencia en Salud de la Piel - Transtoyou\" \/>\n<meta property=\"og:description\" content=\"Crema Aldara disponible en Transtoyou, trata eficazmente condiciones de la piel. Compra ahora la soluci\u00f3n ideal para tu cuidado personal.\" \/>\n<meta property=\"og:url\" content=\"https:\/\/www.transtoyou.com\/es\/product\/aldara\/\" \/>\n<meta property=\"og:site_name\" content=\"Transtoyou - ES\" \/>\n<meta property=\"article:modified_time\" content=\"2026-02-12T07:36:47+00:00\" \/>\n<meta name=\"twitter:card\" content=\"summary_large_image\" \/>\n<meta name=\"twitter:label1\" content=\"Tiempo de lectura\" \/>\n\t<meta name=\"twitter:data1\" content=\"2 minutos\" \/>\n<script type=\"application\/ld+json\" class=\"yoast-schema-graph\">{\"@context\":\"https:\/\/schema.org\",\"@graph\":[{\"@type\":\"WebPage\",\"@id\":\"https:\/\/www.transtoyou.com\/es\/product\/aldara\/\",\"url\":\"https:\/\/www.transtoyou.com\/es\/product\/aldara\/\",\"name\":\"Aldara | Excelencia en Salud de la Piel - Transtoyou\",\"isPartOf\":{\"@id\":\"https:\/\/www.transtoyou.com\/es\/#website\"},\"primaryImageOfPage\":{\"@id\":\"https:\/\/www.transtoyou.com\/es\/product\/aldara\/#primaryimage\"},\"image\":{\"@id\":\"https:\/\/www.transtoyou.com\/es\/product\/aldara\/#primaryimage\"},\"thumbnailUrl\":\"https:\/\/www.transtoyou.com\/es\/wp-content\/uploads\/sites\/14\/2026\/02\/Aldara-5-2.png\",\"datePublished\":\"2026-01-22T17:35:18+00:00\",\"dateModified\":\"2026-02-12T07:36:47+00:00\",\"description\":\"Crema Aldara disponible en Transtoyou, trata eficazmente condiciones de la piel. Compra ahora la soluci\u00f3n ideal para tu cuidado personal.\",\"breadcrumb\":{\"@id\":\"https:\/\/www.transtoyou.com\/es\/product\/aldara\/#breadcrumb\"},\"inLanguage\":\"es\",\"potentialAction\":[{\"@type\":\"ReadAction\",\"target\":[\"https:\/\/www.transtoyou.com\/es\/product\/aldara\/\"]}]},{\"@type\":\"ImageObject\",\"inLanguage\":\"es\",\"@id\":\"https:\/\/www.transtoyou.com\/es\/product\/aldara\/#primaryimage\",\"url\":\"https:\/\/www.transtoyou.com\/es\/wp-content\/uploads\/sites\/14\/2026\/02\/Aldara-5-2.png\",\"contentUrl\":\"https:\/\/www.transtoyou.com\/es\/wp-content\/uploads\/sites\/14\/2026\/02\/Aldara-5-2.png\",\"width\":1080,\"height\":1080,\"caption\":\"Caja de crema Aldara 5% 12 unidades - Transtoyou\"},{\"@type\":\"WebSite\",\"@id\":\"https:\/\/www.transtoyou.com\/es\/#website\",\"url\":\"https:\/\/www.transtoyou.com\/es\/\",\"name\":\"Transtoyou - ES\",\"description\":\"\",\"publisher\":{\"@id\":\"https:\/\/www.transtoyou.com\/es\/#organization\"},\"potentialAction\":[{\"@type\":\"SearchAction\",\"target\":{\"@type\":\"EntryPoint\",\"urlTemplate\":\"https:\/\/www.transtoyou.com\/es\/?s={search_term_string}\"},\"query-input\":{\"@type\":\"PropertyValueSpecification\",\"valueRequired\":true,\"valueName\":\"search_term_string\"}}],\"inLanguage\":\"es\"},{\"@type\":\"Organization\",\"@id\":\"https:\/\/www.transtoyou.com\/es\/#organization\",\"name\":\"Transtoyou - ES\",\"url\":\"https:\/\/www.transtoyou.com\/es\/\",\"logo\":{\"@type\":\"ImageObject\",\"inLanguage\":\"es\",\"@id\":\"https:\/\/www.transtoyou.com\/es\/#\/schema\/logo\/image\/\",\"url\":\"https:\/\/www.transtoyou.com\/es\/wp-content\/uploads\/sites\/14\/2026\/01\/logo-tty-menu-bar-300x87-1.webp\",\"contentUrl\":\"https:\/\/www.transtoyou.com\/es\/wp-content\/uploads\/sites\/14\/2026\/01\/logo-tty-menu-bar-300x87-1.webp\",\"width\":300,\"height\":87,\"caption\":\"Transtoyou - ES\"},\"image\":{\"@id\":\"https:\/\/www.transtoyou.com\/es\/#\/schema\/logo\/image\/\"}}]}<\/script>\n<!-- \/ Yoast SEO plugin. -->","yoast_head_json":{"title":"Aldara | Excelencia en Salud de la Piel - Transtoyou","description":"Crema Aldara disponible en Transtoyou, trata eficazmente condiciones de la piel. Compra ahora la soluci\u00f3n ideal para tu cuidado personal.","robots":{"index":"noindex","follow":"follow","max-snippet":"max-snippet:-1","max-image-preview":"max-image-preview:large","max-video-preview":"max-video-preview:-1"},"og_locale":"es_ES","og_type":"article","og_title":"Aldara | Excelencia en Salud de la Piel - Transtoyou","og_description":"Crema Aldara disponible en Transtoyou, trata eficazmente condiciones de la piel. Compra ahora la soluci\u00f3n ideal para tu cuidado personal.","og_url":"https:\/\/www.transtoyou.com\/es\/product\/aldara\/","og_site_name":"Transtoyou - ES","article_modified_time":"2026-02-12T07:36:47+00:00","twitter_card":"summary_large_image","twitter_misc":{"Tiempo de lectura":"2 minutos"},"schema":{"@context":"https:\/\/schema.org","@graph":[{"@type":"WebPage","@id":"https:\/\/www.transtoyou.com\/es\/product\/aldara\/","url":"https:\/\/www.transtoyou.com\/es\/product\/aldara\/","name":"Aldara | Excelencia en Salud de la Piel - Transtoyou","isPartOf":{"@id":"https:\/\/www.transtoyou.com\/es\/#website"},"primaryImageOfPage":{"@id":"https:\/\/www.transtoyou.com\/es\/product\/aldara\/#primaryimage"},"image":{"@id":"https:\/\/www.transtoyou.com\/es\/product\/aldara\/#primaryimage"},"thumbnailUrl":"https:\/\/www.transtoyou.com\/es\/wp-content\/uploads\/sites\/14\/2026\/02\/Aldara-5-2.png","datePublished":"2026-01-22T17:35:18+00:00","dateModified":"2026-02-12T07:36:47+00:00","description":"Crema Aldara disponible en Transtoyou, trata eficazmente condiciones de la piel. Compra ahora la soluci\u00f3n ideal para tu cuidado personal.","breadcrumb":{"@id":"https:\/\/www.transtoyou.com\/es\/product\/aldara\/#breadcrumb"},"inLanguage":"es","potentialAction":[{"@type":"ReadAction","target":["https:\/\/www.transtoyou.com\/es\/product\/aldara\/"]}]},{"@type":"ImageObject","inLanguage":"es","@id":"https:\/\/www.transtoyou.com\/es\/product\/aldara\/#primaryimage","url":"https:\/\/www.transtoyou.com\/es\/wp-content\/uploads\/sites\/14\/2026\/02\/Aldara-5-2.png","contentUrl":"https:\/\/www.transtoyou.com\/es\/wp-content\/uploads\/sites\/14\/2026\/02\/Aldara-5-2.png","width":1080,"height":1080,"caption":"Caja de crema Aldara 5% 12 unidades - Transtoyou"},{"@type":"WebSite","@id":"https:\/\/www.transtoyou.com\/es\/#website","url":"https:\/\/www.transtoyou.com\/es\/","name":"Transtoyou - ES","description":"","publisher":{"@id":"https:\/\/www.transtoyou.com\/es\/#organization"},"potentialAction":[{"@type":"SearchAction","target":{"@type":"EntryPoint","urlTemplate":"https:\/\/www.transtoyou.com\/es\/?s={search_term_string}"},"query-input":{"@type":"PropertyValueSpecification","valueRequired":true,"valueName":"search_term_string"}}],"inLanguage":"es"},{"@type":"Organization","@id":"https:\/\/www.transtoyou.com\/es\/#organization","name":"Transtoyou - ES","url":"https:\/\/www.transtoyou.com\/es\/","logo":{"@type":"ImageObject","inLanguage":"es","@id":"https:\/\/www.transtoyou.com\/es\/#\/schema\/logo\/image\/","url":"https:\/\/www.transtoyou.com\/es\/wp-content\/uploads\/sites\/14\/2026\/01\/logo-tty-menu-bar-300x87-1.webp","contentUrl":"https:\/\/www.transtoyou.com\/es\/wp-content\/uploads\/sites\/14\/2026\/01\/logo-tty-menu-bar-300x87-1.webp","width":300,"height":87,"caption":"Transtoyou - ES"},"image":{"@id":"https:\/\/www.transtoyou.com\/es\/#\/schema\/logo\/image\/"}}]}},"_links":{"self":[{"href":"https:\/\/www.transtoyou.com\/es\/wp-json\/wp\/v2\/product\/494","targetHints":{"allow":["GET"]}}],"collection":[{"href":"https:\/\/www.transtoyou.com\/es\/wp-json\/wp\/v2\/product"}],"about":[{"href":"https:\/\/www.transtoyou.com\/es\/wp-json\/wp\/v2\/types\/product"}],"replies":[{"embeddable":true,"href":"https:\/\/www.transtoyou.com\/es\/wp-json\/wp\/v2\/comments?post=494"}],"wp:featuredmedia":[{"embeddable":true,"href":"https:\/\/www.transtoyou.com\/es\/wp-json\/wp\/v2\/media\/1417"}],"wp:attachment":[{"href":"https:\/\/www.transtoyou.com\/es\/wp-json\/wp\/v2\/media?parent=494"}],"wp:term":[{"taxonomy":"product_brand","embeddable":true,"href":"https:\/\/www.transtoyou.com\/es\/wp-json\/wp\/v2\/product_brand?post=494"},{"taxonomy":"product_cat","embeddable":true,"href":"https:\/\/www.transtoyou.com\/es\/wp-json\/wp\/v2\/product_cat?post=494"},{"taxonomy":"product_tag","embeddable":true,"href":"https:\/\/www.transtoyou.com\/es\/wp-json\/wp\/v2\/product_tag?post=494"},{"taxonomy":"expert","embeddable":true,"href":"https:\/\/www.transtoyou.com\/es\/wp-json\/wp\/v2\/expert?post=494"}],"curies":[{"name":"wp","href":"https:\/\/api.w.org\/{rel}","templated":true}]}}