{"id":503,"date":"2026-01-22T18:23:41","date_gmt":"2026-01-22T18:23:41","guid":{"rendered":"https:\/\/www.transtoyou.com\/es\/product\/zyban\/"},"modified":"2026-01-22T18:24:45","modified_gmt":"2026-01-22T18:24:45","slug":"zyban","status":"publish","type":"product","link":"https:\/\/www.transtoyou.com\/es\/product\/zyban\/","title":{"rendered":"Zyban"},"content":{"rendered":"<p>Zyban es un medicamento de prescripci\u00f3n utilizado para ayudar a las personas a dejar de fumar. Contiene bupropi\u00f3n, un compuesto que se desarroll\u00f3 originalmente como antidepresivo, pero que luego se descubri\u00f3 que reduce significativamente los antojos de nicotina y los s\u00edntomas de abstinencia. A diferencia de las terapias de reemplazo de nicotina, Zyban no contiene nicotina. En cambio, act\u00faa alterando los niveles de ciertos neurotransmisores en el cerebro, particularmente la dopamina y la norepinefrina, que est\u00e1n involucrados en la adicci\u00f3n y la regulaci\u00f3n del estado de \u00e1nimo.<\/p>\n<p>Zyban se toma en forma de tableta, generalmente comenzando una o dos semanas antes de la fecha prevista para dejar de fumar. Esto permite que el medicamento se acumule en el sistema y comience a reducir los antojos para cuando se deje de fumar. El tratamiento suele continuar durante 7 a 12 semanas, dependiendo del progreso individual y las recomendaciones del m\u00e9dico.<\/p>\n<p>Zyban es especialmente \u00fatil para las personas que han intentado otros m\u00e9todos para dejar de fumar sin \u00e9xito o para aquellos que prefieren un enfoque sin nicotina. Cuando se utiliza junto con apoyo conductual, se ha demostrado que Zyban aumenta significativamente las posibilidades de dejar de fumar con \u00e9xito.<\/p>\n<p>Los efectos secundarios pueden incluir boca seca, insomnio, dolor de cabeza o cambios en el apetito. Es importante no exceder la dosis prescrita, ya que dosis m\u00e1s altas pueden aumentar el riesgo de convulsiones. Zyban no debe usarse en combinaci\u00f3n con otros medicamentos que tambi\u00e9n afecten la serotonina o en personas con antecedentes de convulsiones o trastornos alimentarios.<\/p>\n","protected":false},"excerpt":{"rendered":"<ul>\n<li>Ayuda para dejar de fumar sin nicotina<\/li>\n<li>Reduce los antojos y la abstinencia<\/li>\n<li>Comienza 1 semana antes de la fecha de dejar de fumar<\/li>\n<\/ul>\n","protected":false},"featured_media":505,"comment_status":"open","ping_status":"closed","template":"","meta":[],"product_brand":[],"product_cat":[146],"product_tag":[],"expert":[16],"class_list":{"0":"post-503","1":"product","2":"type-product","3":"status-publish","4":"has-post-thumbnail","6":"product_cat-ayudas-para-dejar-de-fumar","7":"expert-dr-c-alexandru","9":"first","10":"instock","11":"shipping-taxable","12":"product-type-variable"},"yoast_head":"<!-- This site is optimized with the Yoast SEO plugin v27.0 - https:\/\/yoast.com\/product\/yoast-seo-wordpress\/ -->\n<title>Zyban | Ayuda para Dejar de Fumar - Transtoyou<\/title>\n<meta name=\"description\" content=\"Descubre Zyban en Transtoyou, tu fuente confiable de soluciones de salud. Compra ahora para obtener apoyo efectivo para dejar de fumar. \u00a1Consigue el tuyo hoy!\" \/>\n<meta name=\"robots\" content=\"noindex, follow, max-snippet:-1, max-image-preview:large, max-video-preview:-1\" \/>\n<meta property=\"og:locale\" content=\"es_ES\" \/>\n<meta property=\"og:type\" content=\"article\" \/>\n<meta property=\"og:title\" content=\"Zyban | Ayuda para Dejar de Fumar - Transtoyou\" \/>\n<meta property=\"og:description\" content=\"Descubre Zyban en Transtoyou, tu fuente confiable de soluciones de salud. Compra ahora para obtener apoyo efectivo para dejar de fumar. \u00a1Consigue el tuyo hoy!\" \/>\n<meta property=\"og:url\" content=\"https:\/\/www.transtoyou.com\/es\/product\/zyban\/\" \/>\n<meta property=\"og:site_name\" content=\"Transtoyou - ES\" \/>\n<meta property=\"article:modified_time\" content=\"2026-01-22T18:24:45+00:00\" \/>\n<meta name=\"twitter:card\" content=\"summary_large_image\" \/>\n<meta name=\"twitter:label1\" content=\"Tiempo de lectura\" \/>\n\t<meta name=\"twitter:data1\" content=\"1 minuto\" \/>\n<script type=\"application\/ld+json\" class=\"yoast-schema-graph\">{\"@context\":\"https:\/\/schema.org\",\"@graph\":[{\"@type\":\"WebPage\",\"@id\":\"https:\/\/www.transtoyou.com\/es\/product\/zyban\/\",\"url\":\"https:\/\/www.transtoyou.com\/es\/product\/zyban\/\",\"name\":\"Zyban | Ayuda para Dejar de Fumar - Transtoyou\",\"isPartOf\":{\"@id\":\"https:\/\/www.transtoyou.com\/es\/#website\"},\"primaryImageOfPage\":{\"@id\":\"https:\/\/www.transtoyou.com\/es\/product\/zyban\/#primaryimage\"},\"image\":{\"@id\":\"https:\/\/www.transtoyou.com\/es\/product\/zyban\/#primaryimage\"},\"thumbnailUrl\":\"https:\/\/www.transtoyou.com\/es\/wp-content\/uploads\/sites\/14\/2026\/01\/tty-no-product-image-21.webp\",\"datePublished\":\"2026-01-22T18:23:41+00:00\",\"dateModified\":\"2026-01-22T18:24:45+00:00\",\"description\":\"Descubre Zyban en Transtoyou, tu fuente confiable de soluciones de salud. Compra ahora para obtener apoyo efectivo para dejar de fumar. \u00a1Consigue el tuyo hoy!\",\"breadcrumb\":{\"@id\":\"https:\/\/www.transtoyou.com\/es\/product\/zyban\/#breadcrumb\"},\"inLanguage\":\"es\",\"potentialAction\":[{\"@type\":\"ReadAction\",\"target\":[\"https:\/\/www.transtoyou.com\/es\/product\/zyban\/\"]}]},{\"@type\":\"ImageObject\",\"inLanguage\":\"es\",\"@id\":\"https:\/\/www.transtoyou.com\/es\/product\/zyban\/#primaryimage\",\"url\":\"https:\/\/www.transtoyou.com\/es\/wp-content\/uploads\/sites\/14\/2026\/01\/tty-no-product-image-21.webp\",\"contentUrl\":\"https:\/\/www.transtoyou.com\/es\/wp-content\/uploads\/sites\/14\/2026\/01\/tty-no-product-image-21.webp\",\"width\":1000,\"height\":1000,\"caption\":\"Imagen de producto predeterminada\"},{\"@type\":\"WebSite\",\"@id\":\"https:\/\/www.transtoyou.com\/es\/#website\",\"url\":\"https:\/\/www.transtoyou.com\/es\/\",\"name\":\"Transtoyou - ES\",\"description\":\"\",\"publisher\":{\"@id\":\"https:\/\/www.transtoyou.com\/es\/#organization\"},\"potentialAction\":[{\"@type\":\"SearchAction\",\"target\":{\"@type\":\"EntryPoint\",\"urlTemplate\":\"https:\/\/www.transtoyou.com\/es\/?s={search_term_string}\"},\"query-input\":{\"@type\":\"PropertyValueSpecification\",\"valueRequired\":true,\"valueName\":\"search_term_string\"}}],\"inLanguage\":\"es\"},{\"@type\":\"Organization\",\"@id\":\"https:\/\/www.transtoyou.com\/es\/#organization\",\"name\":\"Transtoyou - ES\",\"url\":\"https:\/\/www.transtoyou.com\/es\/\",\"logo\":{\"@type\":\"ImageObject\",\"inLanguage\":\"es\",\"@id\":\"https:\/\/www.transtoyou.com\/es\/#\/schema\/logo\/image\/\",\"url\":\"https:\/\/www.transtoyou.com\/es\/wp-content\/uploads\/sites\/14\/2026\/01\/logo-tty-menu-bar-300x87-1.webp\",\"contentUrl\":\"https:\/\/www.transtoyou.com\/es\/wp-content\/uploads\/sites\/14\/2026\/01\/logo-tty-menu-bar-300x87-1.webp\",\"width\":300,\"height\":87,\"caption\":\"Transtoyou - ES\"},\"image\":{\"@id\":\"https:\/\/www.transtoyou.com\/es\/#\/schema\/logo\/image\/\"}}]}<\/script>\n<!-- \/ Yoast SEO plugin. -->","yoast_head_json":{"title":"Zyban | Ayuda para Dejar de Fumar - Transtoyou","description":"Descubre Zyban en Transtoyou, tu fuente confiable de soluciones de salud. Compra ahora para obtener apoyo efectivo para dejar de fumar. \u00a1Consigue el tuyo hoy!","robots":{"index":"noindex","follow":"follow","max-snippet":"max-snippet:-1","max-image-preview":"max-image-preview:large","max-video-preview":"max-video-preview:-1"},"og_locale":"es_ES","og_type":"article","og_title":"Zyban | Ayuda para Dejar de Fumar - Transtoyou","og_description":"Descubre Zyban en Transtoyou, tu fuente confiable de soluciones de salud. Compra ahora para obtener apoyo efectivo para dejar de fumar. \u00a1Consigue el tuyo hoy!","og_url":"https:\/\/www.transtoyou.com\/es\/product\/zyban\/","og_site_name":"Transtoyou - ES","article_modified_time":"2026-01-22T18:24:45+00:00","twitter_card":"summary_large_image","twitter_misc":{"Tiempo de lectura":"1 minuto"},"schema":{"@context":"https:\/\/schema.org","@graph":[{"@type":"WebPage","@id":"https:\/\/www.transtoyou.com\/es\/product\/zyban\/","url":"https:\/\/www.transtoyou.com\/es\/product\/zyban\/","name":"Zyban | Ayuda para Dejar de Fumar - Transtoyou","isPartOf":{"@id":"https:\/\/www.transtoyou.com\/es\/#website"},"primaryImageOfPage":{"@id":"https:\/\/www.transtoyou.com\/es\/product\/zyban\/#primaryimage"},"image":{"@id":"https:\/\/www.transtoyou.com\/es\/product\/zyban\/#primaryimage"},"thumbnailUrl":"https:\/\/www.transtoyou.com\/es\/wp-content\/uploads\/sites\/14\/2026\/01\/tty-no-product-image-21.webp","datePublished":"2026-01-22T18:23:41+00:00","dateModified":"2026-01-22T18:24:45+00:00","description":"Descubre Zyban en Transtoyou, tu fuente confiable de soluciones de salud. Compra ahora para obtener apoyo efectivo para dejar de fumar. \u00a1Consigue el tuyo hoy!","breadcrumb":{"@id":"https:\/\/www.transtoyou.com\/es\/product\/zyban\/#breadcrumb"},"inLanguage":"es","potentialAction":[{"@type":"ReadAction","target":["https:\/\/www.transtoyou.com\/es\/product\/zyban\/"]}]},{"@type":"ImageObject","inLanguage":"es","@id":"https:\/\/www.transtoyou.com\/es\/product\/zyban\/#primaryimage","url":"https:\/\/www.transtoyou.com\/es\/wp-content\/uploads\/sites\/14\/2026\/01\/tty-no-product-image-21.webp","contentUrl":"https:\/\/www.transtoyou.com\/es\/wp-content\/uploads\/sites\/14\/2026\/01\/tty-no-product-image-21.webp","width":1000,"height":1000,"caption":"Imagen de producto predeterminada"},{"@type":"WebSite","@id":"https:\/\/www.transtoyou.com\/es\/#website","url":"https:\/\/www.transtoyou.com\/es\/","name":"Transtoyou - ES","description":"","publisher":{"@id":"https:\/\/www.transtoyou.com\/es\/#organization"},"potentialAction":[{"@type":"SearchAction","target":{"@type":"EntryPoint","urlTemplate":"https:\/\/www.transtoyou.com\/es\/?s={search_term_string}"},"query-input":{"@type":"PropertyValueSpecification","valueRequired":true,"valueName":"search_term_string"}}],"inLanguage":"es"},{"@type":"Organization","@id":"https:\/\/www.transtoyou.com\/es\/#organization","name":"Transtoyou - ES","url":"https:\/\/www.transtoyou.com\/es\/","logo":{"@type":"ImageObject","inLanguage":"es","@id":"https:\/\/www.transtoyou.com\/es\/#\/schema\/logo\/image\/","url":"https:\/\/www.transtoyou.com\/es\/wp-content\/uploads\/sites\/14\/2026\/01\/logo-tty-menu-bar-300x87-1.webp","contentUrl":"https:\/\/www.transtoyou.com\/es\/wp-content\/uploads\/sites\/14\/2026\/01\/logo-tty-menu-bar-300x87-1.webp","width":300,"height":87,"caption":"Transtoyou - ES"},"image":{"@id":"https:\/\/www.transtoyou.com\/es\/#\/schema\/logo\/image\/"}}]}},"_links":{"self":[{"href":"https:\/\/www.transtoyou.com\/es\/wp-json\/wp\/v2\/product\/503","targetHints":{"allow":["GET"]}}],"collection":[{"href":"https:\/\/www.transtoyou.com\/es\/wp-json\/wp\/v2\/product"}],"about":[{"href":"https:\/\/www.transtoyou.com\/es\/wp-json\/wp\/v2\/types\/product"}],"replies":[{"embeddable":true,"href":"https:\/\/www.transtoyou.com\/es\/wp-json\/wp\/v2\/comments?post=503"}],"wp:featuredmedia":[{"embeddable":true,"href":"https:\/\/www.transtoyou.com\/es\/wp-json\/wp\/v2\/media\/505"}],"wp:attachment":[{"href":"https:\/\/www.transtoyou.com\/es\/wp-json\/wp\/v2\/media?parent=503"}],"wp:term":[{"taxonomy":"product_brand","embeddable":true,"href":"https:\/\/www.transtoyou.com\/es\/wp-json\/wp\/v2\/product_brand?post=503"},{"taxonomy":"product_cat","embeddable":true,"href":"https:\/\/www.transtoyou.com\/es\/wp-json\/wp\/v2\/product_cat?post=503"},{"taxonomy":"product_tag","embeddable":true,"href":"https:\/\/www.transtoyou.com\/es\/wp-json\/wp\/v2\/product_tag?post=503"},{"taxonomy":"expert","embeddable":true,"href":"https:\/\/www.transtoyou.com\/es\/wp-json\/wp\/v2\/expert?post=503"}],"curies":[{"name":"wp","href":"https:\/\/api.w.org\/{rel}","templated":true}]}}