{"id":506,"date":"2026-01-22T18:40:31","date_gmt":"2026-01-22T18:40:31","guid":{"rendered":"https:\/\/www.transtoyou.com\/es\/product\/nicorette\/"},"modified":"2026-01-22T18:41:35","modified_gmt":"2026-01-22T18:41:35","slug":"nicorette","status":"publish","type":"product","link":"https:\/\/www.transtoyou.com\/es\/product\/nicorette\/","title":{"rendered":"Nicorette"},"content":{"rendered":"<p>Nicorette es una marca ampliamente reconocida de terapia de reemplazo de nicotina (TRN) dise\u00f1ada para apoyar a las personas que est\u00e1n tratando de dejar de fumar. Est\u00e1 disponible en varias formas. Nicorette entrega cantidades controladas de nicotina al cuerpo sin las sustancias nocivas que se encuentran en los cigarrillos. Esto ayuda a reducir los s\u00edntomas de abstinencia y los antojos, haciendo que la transici\u00f3n para dejar de fumar sea m\u00e1s manejable.<\/p>\n<p>Al reducir gradualmente la dependencia del cuerpo a la nicotina, Nicorette permite a los fumadores concentrarse en romper el h\u00e1bito conductual de fumar sin experimentar una intensa abstinencia f\u00edsica. Cada producto de Nicorette ofrece una forma flexible de adaptar el plan para dejar de fumar a las preferencias y estilos de vida individuales. Por ejemplo, los parches proporcionan nicotina constante durante el d\u00eda, mientras que el chicle o los caramelos ofrecen un alivio m\u00e1s inmediato durante los antojos.<\/p>\n<p>Los productos de Nicorette se utilizan t\u00edpicamente por un per\u00edodo de 8 a 12 semanas, con una reducci\u00f3n de la dosis con el tiempo. Pueden usarse por s\u00ed solos o en combinaci\u00f3n, por ejemplo, combinando un parche con chicle.<\/p>\n<p>Los efectos secundarios pueden incluir irritaci\u00f3n leve de garganta o boca, hipo, sensibilidad en la piel (por los parches) o malestar estomacal. Estos efectos suelen ser temporales. Nicorette no se recomienda durante el embarazo o la lactancia a menos que sea aprobado por un m\u00e9dico.<\/p>\n","protected":false},"excerpt":{"rendered":"<ul>\n<li>Reduce los antojos de nicotina<\/li>\n<li>Varios formatos disponibles<\/li>\n<li>Ayuda a dejar de fumar gradualmente<\/li>\n<\/ul>\n","protected":false},"featured_media":508,"comment_status":"open","ping_status":"closed","template":"","meta":[],"product_brand":[],"product_cat":[146],"product_tag":[],"expert":[16],"class_list":{"0":"post-506","1":"product","2":"type-product","3":"status-publish","4":"has-post-thumbnail","6":"product_cat-ayudas-para-dejar-de-fumar","7":"expert-dr-c-alexandru","9":"first","10":"instock","11":"shipping-taxable","12":"product-type-variable"},"yoast_head":"<!-- This site is optimized with the Yoast SEO plugin v27.0 - https:\/\/yoast.com\/product\/yoast-seo-wordpress\/ -->\n<title>Nicorette | Ayuda para Dejar de Fumar y Alivio de Ansias - Transtoyou<\/title>\n<meta name=\"description\" content=\"Nicorette, disponible en Transtoyou, ayuda a aliviar la abstinencia al tabaco con nicotina controlada. Compra ahora planes flexibles para dejar de fumar.\" \/>\n<meta name=\"robots\" content=\"noindex, follow, max-snippet:-1, max-image-preview:large, max-video-preview:-1\" \/>\n<meta property=\"og:locale\" content=\"es_ES\" \/>\n<meta property=\"og:type\" content=\"article\" \/>\n<meta property=\"og:title\" content=\"Nicorette | Ayuda para Dejar de Fumar y Alivio de Ansias - Transtoyou\" \/>\n<meta property=\"og:description\" content=\"Nicorette, disponible en Transtoyou, ayuda a aliviar la abstinencia al tabaco con nicotina controlada. Compra ahora planes flexibles para dejar de fumar.\" \/>\n<meta property=\"og:url\" content=\"https:\/\/www.transtoyou.com\/es\/product\/nicorette\/\" \/>\n<meta property=\"og:site_name\" content=\"Transtoyou - ES\" \/>\n<meta property=\"article:modified_time\" content=\"2026-01-22T18:41:35+00:00\" \/>\n<meta name=\"twitter:card\" content=\"summary_large_image\" \/>\n<meta name=\"twitter:label1\" content=\"Tiempo de lectura\" \/>\n\t<meta name=\"twitter:data1\" content=\"1 minuto\" \/>\n<script type=\"application\/ld+json\" class=\"yoast-schema-graph\">{\"@context\":\"https:\/\/schema.org\",\"@graph\":[{\"@type\":\"WebPage\",\"@id\":\"https:\/\/www.transtoyou.com\/es\/product\/nicorette\/\",\"url\":\"https:\/\/www.transtoyou.com\/es\/product\/nicorette\/\",\"name\":\"Nicorette | Ayuda para Dejar de Fumar y Alivio de Ansias - Transtoyou\",\"isPartOf\":{\"@id\":\"https:\/\/www.transtoyou.com\/es\/#website\"},\"primaryImageOfPage\":{\"@id\":\"https:\/\/www.transtoyou.com\/es\/product\/nicorette\/#primaryimage\"},\"image\":{\"@id\":\"https:\/\/www.transtoyou.com\/es\/product\/nicorette\/#primaryimage\"},\"thumbnailUrl\":\"https:\/\/www.transtoyou.com\/es\/wp-content\/uploads\/sites\/14\/2026\/01\/tty-no-product-image-22.webp\",\"datePublished\":\"2026-01-22T18:40:31+00:00\",\"dateModified\":\"2026-01-22T18:41:35+00:00\",\"description\":\"Nicorette, disponible en Transtoyou, ayuda a aliviar la abstinencia al tabaco con nicotina controlada. Compra ahora planes flexibles para dejar de fumar.\",\"breadcrumb\":{\"@id\":\"https:\/\/www.transtoyou.com\/es\/product\/nicorette\/#breadcrumb\"},\"inLanguage\":\"es\",\"potentialAction\":[{\"@type\":\"ReadAction\",\"target\":[\"https:\/\/www.transtoyou.com\/es\/product\/nicorette\/\"]}]},{\"@type\":\"ImageObject\",\"inLanguage\":\"es\",\"@id\":\"https:\/\/www.transtoyou.com\/es\/product\/nicorette\/#primaryimage\",\"url\":\"https:\/\/www.transtoyou.com\/es\/wp-content\/uploads\/sites\/14\/2026\/01\/tty-no-product-image-22.webp\",\"contentUrl\":\"https:\/\/www.transtoyou.com\/es\/wp-content\/uploads\/sites\/14\/2026\/01\/tty-no-product-image-22.webp\",\"width\":1000,\"height\":1000,\"caption\":\"Imagen de producto predeterminada\"},{\"@type\":\"WebSite\",\"@id\":\"https:\/\/www.transtoyou.com\/es\/#website\",\"url\":\"https:\/\/www.transtoyou.com\/es\/\",\"name\":\"Transtoyou - ES\",\"description\":\"\",\"publisher\":{\"@id\":\"https:\/\/www.transtoyou.com\/es\/#organization\"},\"potentialAction\":[{\"@type\":\"SearchAction\",\"target\":{\"@type\":\"EntryPoint\",\"urlTemplate\":\"https:\/\/www.transtoyou.com\/es\/?s={search_term_string}\"},\"query-input\":{\"@type\":\"PropertyValueSpecification\",\"valueRequired\":true,\"valueName\":\"search_term_string\"}}],\"inLanguage\":\"es\"},{\"@type\":\"Organization\",\"@id\":\"https:\/\/www.transtoyou.com\/es\/#organization\",\"name\":\"Transtoyou - ES\",\"url\":\"https:\/\/www.transtoyou.com\/es\/\",\"logo\":{\"@type\":\"ImageObject\",\"inLanguage\":\"es\",\"@id\":\"https:\/\/www.transtoyou.com\/es\/#\/schema\/logo\/image\/\",\"url\":\"https:\/\/www.transtoyou.com\/es\/wp-content\/uploads\/sites\/14\/2026\/01\/logo-tty-menu-bar-300x87-1.webp\",\"contentUrl\":\"https:\/\/www.transtoyou.com\/es\/wp-content\/uploads\/sites\/14\/2026\/01\/logo-tty-menu-bar-300x87-1.webp\",\"width\":300,\"height\":87,\"caption\":\"Transtoyou - ES\"},\"image\":{\"@id\":\"https:\/\/www.transtoyou.com\/es\/#\/schema\/logo\/image\/\"}}]}<\/script>\n<!-- \/ Yoast SEO plugin. -->","yoast_head_json":{"title":"Nicorette | Ayuda para Dejar de Fumar y Alivio de Ansias - Transtoyou","description":"Nicorette, disponible en Transtoyou, ayuda a aliviar la abstinencia al tabaco con nicotina controlada. Compra ahora planes flexibles para dejar de fumar.","robots":{"index":"noindex","follow":"follow","max-snippet":"max-snippet:-1","max-image-preview":"max-image-preview:large","max-video-preview":"max-video-preview:-1"},"og_locale":"es_ES","og_type":"article","og_title":"Nicorette | Ayuda para Dejar de Fumar y Alivio de Ansias - Transtoyou","og_description":"Nicorette, disponible en Transtoyou, ayuda a aliviar la abstinencia al tabaco con nicotina controlada. Compra ahora planes flexibles para dejar de fumar.","og_url":"https:\/\/www.transtoyou.com\/es\/product\/nicorette\/","og_site_name":"Transtoyou - ES","article_modified_time":"2026-01-22T18:41:35+00:00","twitter_card":"summary_large_image","twitter_misc":{"Tiempo de lectura":"1 minuto"},"schema":{"@context":"https:\/\/schema.org","@graph":[{"@type":"WebPage","@id":"https:\/\/www.transtoyou.com\/es\/product\/nicorette\/","url":"https:\/\/www.transtoyou.com\/es\/product\/nicorette\/","name":"Nicorette | Ayuda para Dejar de Fumar y Alivio de Ansias - Transtoyou","isPartOf":{"@id":"https:\/\/www.transtoyou.com\/es\/#website"},"primaryImageOfPage":{"@id":"https:\/\/www.transtoyou.com\/es\/product\/nicorette\/#primaryimage"},"image":{"@id":"https:\/\/www.transtoyou.com\/es\/product\/nicorette\/#primaryimage"},"thumbnailUrl":"https:\/\/www.transtoyou.com\/es\/wp-content\/uploads\/sites\/14\/2026\/01\/tty-no-product-image-22.webp","datePublished":"2026-01-22T18:40:31+00:00","dateModified":"2026-01-22T18:41:35+00:00","description":"Nicorette, disponible en Transtoyou, ayuda a aliviar la abstinencia al tabaco con nicotina controlada. Compra ahora planes flexibles para dejar de fumar.","breadcrumb":{"@id":"https:\/\/www.transtoyou.com\/es\/product\/nicorette\/#breadcrumb"},"inLanguage":"es","potentialAction":[{"@type":"ReadAction","target":["https:\/\/www.transtoyou.com\/es\/product\/nicorette\/"]}]},{"@type":"ImageObject","inLanguage":"es","@id":"https:\/\/www.transtoyou.com\/es\/product\/nicorette\/#primaryimage","url":"https:\/\/www.transtoyou.com\/es\/wp-content\/uploads\/sites\/14\/2026\/01\/tty-no-product-image-22.webp","contentUrl":"https:\/\/www.transtoyou.com\/es\/wp-content\/uploads\/sites\/14\/2026\/01\/tty-no-product-image-22.webp","width":1000,"height":1000,"caption":"Imagen de producto predeterminada"},{"@type":"WebSite","@id":"https:\/\/www.transtoyou.com\/es\/#website","url":"https:\/\/www.transtoyou.com\/es\/","name":"Transtoyou - ES","description":"","publisher":{"@id":"https:\/\/www.transtoyou.com\/es\/#organization"},"potentialAction":[{"@type":"SearchAction","target":{"@type":"EntryPoint","urlTemplate":"https:\/\/www.transtoyou.com\/es\/?s={search_term_string}"},"query-input":{"@type":"PropertyValueSpecification","valueRequired":true,"valueName":"search_term_string"}}],"inLanguage":"es"},{"@type":"Organization","@id":"https:\/\/www.transtoyou.com\/es\/#organization","name":"Transtoyou - ES","url":"https:\/\/www.transtoyou.com\/es\/","logo":{"@type":"ImageObject","inLanguage":"es","@id":"https:\/\/www.transtoyou.com\/es\/#\/schema\/logo\/image\/","url":"https:\/\/www.transtoyou.com\/es\/wp-content\/uploads\/sites\/14\/2026\/01\/logo-tty-menu-bar-300x87-1.webp","contentUrl":"https:\/\/www.transtoyou.com\/es\/wp-content\/uploads\/sites\/14\/2026\/01\/logo-tty-menu-bar-300x87-1.webp","width":300,"height":87,"caption":"Transtoyou - ES"},"image":{"@id":"https:\/\/www.transtoyou.com\/es\/#\/schema\/logo\/image\/"}}]}},"_links":{"self":[{"href":"https:\/\/www.transtoyou.com\/es\/wp-json\/wp\/v2\/product\/506","targetHints":{"allow":["GET"]}}],"collection":[{"href":"https:\/\/www.transtoyou.com\/es\/wp-json\/wp\/v2\/product"}],"about":[{"href":"https:\/\/www.transtoyou.com\/es\/wp-json\/wp\/v2\/types\/product"}],"replies":[{"embeddable":true,"href":"https:\/\/www.transtoyou.com\/es\/wp-json\/wp\/v2\/comments?post=506"}],"wp:featuredmedia":[{"embeddable":true,"href":"https:\/\/www.transtoyou.com\/es\/wp-json\/wp\/v2\/media\/508"}],"wp:attachment":[{"href":"https:\/\/www.transtoyou.com\/es\/wp-json\/wp\/v2\/media?parent=506"}],"wp:term":[{"taxonomy":"product_brand","embeddable":true,"href":"https:\/\/www.transtoyou.com\/es\/wp-json\/wp\/v2\/product_brand?post=506"},{"taxonomy":"product_cat","embeddable":true,"href":"https:\/\/www.transtoyou.com\/es\/wp-json\/wp\/v2\/product_cat?post=506"},{"taxonomy":"product_tag","embeddable":true,"href":"https:\/\/www.transtoyou.com\/es\/wp-json\/wp\/v2\/product_tag?post=506"},{"taxonomy":"expert","embeddable":true,"href":"https:\/\/www.transtoyou.com\/es\/wp-json\/wp\/v2\/expert?post=506"}],"curies":[{"name":"wp","href":"https:\/\/api.w.org\/{rel}","templated":true}]}}