{"id":509,"date":"2026-01-22T18:56:05","date_gmt":"2026-01-22T18:56:05","guid":{"rendered":"https:\/\/www.transtoyou.com\/es\/product\/decigatan\/"},"modified":"2026-01-22T18:57:16","modified_gmt":"2026-01-22T18:57:16","slug":"decigatan","status":"publish","type":"product","link":"https:\/\/www.transtoyou.com\/es\/product\/decigatan\/","title":{"rendered":"Decigatan"},"content":{"rendered":"<p>Decigatan es una medicaci\u00f3n prescrita dise\u00f1ada para apoyar a las personas que desean dejar de fumar. Contiene citisina, un compuesto de origen vegetal que ayuda a reducir los antojos y los s\u00edntomas de abstinencia al estimular parcialmente los receptores de nicotina en el cerebro. Esta acci\u00f3n facilita la transici\u00f3n lejos de la dependencia de la nicotina y reduce los efectos gratificantes de fumar.<\/p>\n<p>A diferencia de las terapias de reemplazo de nicotina que suministran nicotina al cuerpo, Decigatan funciona imitando algunos de los efectos de la nicotina mientras bloquea sus propiedades adictivas m\u00e1s fuertes. Este mecanismo dual ayuda a los fumadores a reducir gradualmente su dependencia de los cigarrillos mientras experimentan menos antojos y menos incomodidad durante el proceso de dejar de fumar.<\/p>\n<p>Decigatan se toma t\u00edpicamente durante un curso de 25 d\u00edas, con una dosis que disminuye gradualmente. Durante este tiempo, se alienta a los usuarios a dejar de fumar por completo dentro de los primeros cinco d\u00edas. El plan de tratamiento estructurado apoya tanto la abstinencia f\u00edsica como la psicol\u00f3gica, facilitando romper el h\u00e1bito de fumar.<\/p>\n<p>La mayor\u00eda de los usuarios toleran bien Decigatan, aunque algunos pueden experimentar efectos secundarios leves como n\u00e1useas, boca seca o alteraciones del sue\u00f1o. Al igual que con cualquier medicamento, es importante seguir cuidadosamente el horario de dosificaci\u00f3n y evitar fumar mientras se toma el tratamiento, ya que combinar ambos puede llevar a efectos secundarios o reducir la efectividad.<\/p>\n<p>Decigatan no se recomienda durante el embarazo o la lactancia y no debe ser utilizado por personas con ciertas condiciones m\u00e9dicas sin la orientaci\u00f3n m\u00e9dica adecuada.<\/p>\n","protected":false},"excerpt":{"rendered":"<ul>\n<li>Reduce los antojos de nicotina<\/li>\n<li>Curso de tratamiento de 25 d\u00edas<\/li>\n<li>Ingrediente activo de origen vegetal<\/li>\n<\/ul>\n","protected":false},"featured_media":511,"comment_status":"open","ping_status":"closed","template":"","meta":[],"product_brand":[],"product_cat":[146],"product_tag":[],"expert":[16],"class_list":{"0":"post-509","1":"product","2":"type-product","3":"status-publish","4":"has-post-thumbnail","6":"product_cat-ayudas-para-dejar-de-fumar","7":"expert-dr-c-alexandru","9":"first","10":"instock","11":"shipping-taxable","12":"product-type-variable"},"yoast_head":"<!-- This site is optimized with the Yoast SEO plugin v27.0 - https:\/\/yoast.com\/product\/yoast-seo-wordpress\/ -->\n<title>Decigatan | Apoyo para Dejar de Fumar - Transtoyou<\/title>\n<meta name=\"description\" content=\"Decigatan, un medicamento recetado para dejar de fumar, reduce los antojos y la abstinencia. Consulta a nuestros m\u00e9dicos para un plan de tratamiento personalizado.\" \/>\n<meta name=\"robots\" content=\"noindex, follow, max-snippet:-1, max-image-preview:large, max-video-preview:-1\" \/>\n<meta property=\"og:locale\" content=\"es_ES\" \/>\n<meta property=\"og:type\" content=\"article\" \/>\n<meta property=\"og:title\" content=\"Decigatan | Apoyo para Dejar de Fumar - Transtoyou\" \/>\n<meta property=\"og:description\" content=\"Decigatan, un medicamento recetado para dejar de fumar, reduce los antojos y la abstinencia. Consulta a nuestros m\u00e9dicos para un plan de tratamiento personalizado.\" \/>\n<meta property=\"og:url\" content=\"https:\/\/www.transtoyou.com\/es\/product\/decigatan\/\" \/>\n<meta property=\"og:site_name\" content=\"Transtoyou - ES\" \/>\n<meta property=\"article:modified_time\" content=\"2026-01-22T18:57:16+00:00\" \/>\n<meta name=\"twitter:card\" content=\"summary_large_image\" \/>\n<meta name=\"twitter:label1\" content=\"Tiempo de lectura\" \/>\n\t<meta name=\"twitter:data1\" content=\"1 minuto\" \/>\n<script type=\"application\/ld+json\" class=\"yoast-schema-graph\">{\"@context\":\"https:\/\/schema.org\",\"@graph\":[{\"@type\":\"WebPage\",\"@id\":\"https:\/\/www.transtoyou.com\/es\/product\/decigatan\/\",\"url\":\"https:\/\/www.transtoyou.com\/es\/product\/decigatan\/\",\"name\":\"Decigatan | Apoyo para Dejar de Fumar - Transtoyou\",\"isPartOf\":{\"@id\":\"https:\/\/www.transtoyou.com\/es\/#website\"},\"primaryImageOfPage\":{\"@id\":\"https:\/\/www.transtoyou.com\/es\/product\/decigatan\/#primaryimage\"},\"image\":{\"@id\":\"https:\/\/www.transtoyou.com\/es\/product\/decigatan\/#primaryimage\"},\"thumbnailUrl\":\"https:\/\/www.transtoyou.com\/es\/wp-content\/uploads\/sites\/14\/2026\/01\/tty-no-product-image-23.webp\",\"datePublished\":\"2026-01-22T18:56:05+00:00\",\"dateModified\":\"2026-01-22T18:57:16+00:00\",\"description\":\"Decigatan, un medicamento recetado para dejar de fumar, reduce los antojos y la abstinencia. Consulta a nuestros m\u00e9dicos para un plan de tratamiento personalizado.\",\"breadcrumb\":{\"@id\":\"https:\/\/www.transtoyou.com\/es\/product\/decigatan\/#breadcrumb\"},\"inLanguage\":\"es\",\"potentialAction\":[{\"@type\":\"ReadAction\",\"target\":[\"https:\/\/www.transtoyou.com\/es\/product\/decigatan\/\"]}]},{\"@type\":\"ImageObject\",\"inLanguage\":\"es\",\"@id\":\"https:\/\/www.transtoyou.com\/es\/product\/decigatan\/#primaryimage\",\"url\":\"https:\/\/www.transtoyou.com\/es\/wp-content\/uploads\/sites\/14\/2026\/01\/tty-no-product-image-23.webp\",\"contentUrl\":\"https:\/\/www.transtoyou.com\/es\/wp-content\/uploads\/sites\/14\/2026\/01\/tty-no-product-image-23.webp\",\"width\":1000,\"height\":1000,\"caption\":\"Imagen de producto predeterminada\"},{\"@type\":\"WebSite\",\"@id\":\"https:\/\/www.transtoyou.com\/es\/#website\",\"url\":\"https:\/\/www.transtoyou.com\/es\/\",\"name\":\"Transtoyou - ES\",\"description\":\"\",\"publisher\":{\"@id\":\"https:\/\/www.transtoyou.com\/es\/#organization\"},\"potentialAction\":[{\"@type\":\"SearchAction\",\"target\":{\"@type\":\"EntryPoint\",\"urlTemplate\":\"https:\/\/www.transtoyou.com\/es\/?s={search_term_string}\"},\"query-input\":{\"@type\":\"PropertyValueSpecification\",\"valueRequired\":true,\"valueName\":\"search_term_string\"}}],\"inLanguage\":\"es\"},{\"@type\":\"Organization\",\"@id\":\"https:\/\/www.transtoyou.com\/es\/#organization\",\"name\":\"Transtoyou - ES\",\"url\":\"https:\/\/www.transtoyou.com\/es\/\",\"logo\":{\"@type\":\"ImageObject\",\"inLanguage\":\"es\",\"@id\":\"https:\/\/www.transtoyou.com\/es\/#\/schema\/logo\/image\/\",\"url\":\"https:\/\/www.transtoyou.com\/es\/wp-content\/uploads\/sites\/14\/2026\/01\/logo-tty-menu-bar-300x87-1.webp\",\"contentUrl\":\"https:\/\/www.transtoyou.com\/es\/wp-content\/uploads\/sites\/14\/2026\/01\/logo-tty-menu-bar-300x87-1.webp\",\"width\":300,\"height\":87,\"caption\":\"Transtoyou - ES\"},\"image\":{\"@id\":\"https:\/\/www.transtoyou.com\/es\/#\/schema\/logo\/image\/\"}}]}<\/script>\n<!-- \/ Yoast SEO plugin. -->","yoast_head_json":{"title":"Decigatan | Apoyo para Dejar de Fumar - Transtoyou","description":"Decigatan, un medicamento recetado para dejar de fumar, reduce los antojos y la abstinencia. Consulta a nuestros m\u00e9dicos para un plan de tratamiento personalizado.","robots":{"index":"noindex","follow":"follow","max-snippet":"max-snippet:-1","max-image-preview":"max-image-preview:large","max-video-preview":"max-video-preview:-1"},"og_locale":"es_ES","og_type":"article","og_title":"Decigatan | Apoyo para Dejar de Fumar - Transtoyou","og_description":"Decigatan, un medicamento recetado para dejar de fumar, reduce los antojos y la abstinencia. Consulta a nuestros m\u00e9dicos para un plan de tratamiento personalizado.","og_url":"https:\/\/www.transtoyou.com\/es\/product\/decigatan\/","og_site_name":"Transtoyou - ES","article_modified_time":"2026-01-22T18:57:16+00:00","twitter_card":"summary_large_image","twitter_misc":{"Tiempo de lectura":"1 minuto"},"schema":{"@context":"https:\/\/schema.org","@graph":[{"@type":"WebPage","@id":"https:\/\/www.transtoyou.com\/es\/product\/decigatan\/","url":"https:\/\/www.transtoyou.com\/es\/product\/decigatan\/","name":"Decigatan | Apoyo para Dejar de Fumar - Transtoyou","isPartOf":{"@id":"https:\/\/www.transtoyou.com\/es\/#website"},"primaryImageOfPage":{"@id":"https:\/\/www.transtoyou.com\/es\/product\/decigatan\/#primaryimage"},"image":{"@id":"https:\/\/www.transtoyou.com\/es\/product\/decigatan\/#primaryimage"},"thumbnailUrl":"https:\/\/www.transtoyou.com\/es\/wp-content\/uploads\/sites\/14\/2026\/01\/tty-no-product-image-23.webp","datePublished":"2026-01-22T18:56:05+00:00","dateModified":"2026-01-22T18:57:16+00:00","description":"Decigatan, un medicamento recetado para dejar de fumar, reduce los antojos y la abstinencia. Consulta a nuestros m\u00e9dicos para un plan de tratamiento personalizado.","breadcrumb":{"@id":"https:\/\/www.transtoyou.com\/es\/product\/decigatan\/#breadcrumb"},"inLanguage":"es","potentialAction":[{"@type":"ReadAction","target":["https:\/\/www.transtoyou.com\/es\/product\/decigatan\/"]}]},{"@type":"ImageObject","inLanguage":"es","@id":"https:\/\/www.transtoyou.com\/es\/product\/decigatan\/#primaryimage","url":"https:\/\/www.transtoyou.com\/es\/wp-content\/uploads\/sites\/14\/2026\/01\/tty-no-product-image-23.webp","contentUrl":"https:\/\/www.transtoyou.com\/es\/wp-content\/uploads\/sites\/14\/2026\/01\/tty-no-product-image-23.webp","width":1000,"height":1000,"caption":"Imagen de producto predeterminada"},{"@type":"WebSite","@id":"https:\/\/www.transtoyou.com\/es\/#website","url":"https:\/\/www.transtoyou.com\/es\/","name":"Transtoyou - ES","description":"","publisher":{"@id":"https:\/\/www.transtoyou.com\/es\/#organization"},"potentialAction":[{"@type":"SearchAction","target":{"@type":"EntryPoint","urlTemplate":"https:\/\/www.transtoyou.com\/es\/?s={search_term_string}"},"query-input":{"@type":"PropertyValueSpecification","valueRequired":true,"valueName":"search_term_string"}}],"inLanguage":"es"},{"@type":"Organization","@id":"https:\/\/www.transtoyou.com\/es\/#organization","name":"Transtoyou - ES","url":"https:\/\/www.transtoyou.com\/es\/","logo":{"@type":"ImageObject","inLanguage":"es","@id":"https:\/\/www.transtoyou.com\/es\/#\/schema\/logo\/image\/","url":"https:\/\/www.transtoyou.com\/es\/wp-content\/uploads\/sites\/14\/2026\/01\/logo-tty-menu-bar-300x87-1.webp","contentUrl":"https:\/\/www.transtoyou.com\/es\/wp-content\/uploads\/sites\/14\/2026\/01\/logo-tty-menu-bar-300x87-1.webp","width":300,"height":87,"caption":"Transtoyou - ES"},"image":{"@id":"https:\/\/www.transtoyou.com\/es\/#\/schema\/logo\/image\/"}}]}},"_links":{"self":[{"href":"https:\/\/www.transtoyou.com\/es\/wp-json\/wp\/v2\/product\/509","targetHints":{"allow":["GET"]}}],"collection":[{"href":"https:\/\/www.transtoyou.com\/es\/wp-json\/wp\/v2\/product"}],"about":[{"href":"https:\/\/www.transtoyou.com\/es\/wp-json\/wp\/v2\/types\/product"}],"replies":[{"embeddable":true,"href":"https:\/\/www.transtoyou.com\/es\/wp-json\/wp\/v2\/comments?post=509"}],"wp:featuredmedia":[{"embeddable":true,"href":"https:\/\/www.transtoyou.com\/es\/wp-json\/wp\/v2\/media\/511"}],"wp:attachment":[{"href":"https:\/\/www.transtoyou.com\/es\/wp-json\/wp\/v2\/media?parent=509"}],"wp:term":[{"taxonomy":"product_brand","embeddable":true,"href":"https:\/\/www.transtoyou.com\/es\/wp-json\/wp\/v2\/product_brand?post=509"},{"taxonomy":"product_cat","embeddable":true,"href":"https:\/\/www.transtoyou.com\/es\/wp-json\/wp\/v2\/product_cat?post=509"},{"taxonomy":"product_tag","embeddable":true,"href":"https:\/\/www.transtoyou.com\/es\/wp-json\/wp\/v2\/product_tag?post=509"},{"taxonomy":"expert","embeddable":true,"href":"https:\/\/www.transtoyou.com\/es\/wp-json\/wp\/v2\/expert?post=509"}],"curies":[{"name":"wp","href":"https:\/\/api.w.org\/{rel}","templated":true}]}}