{"id":515,"date":"2026-01-22T19:25:45","date_gmt":"2026-01-22T19:25:45","guid":{"rendered":"https:\/\/www.transtoyou.com\/es\/product\/valtrex\/"},"modified":"2026-01-22T19:26:39","modified_gmt":"2026-01-22T19:26:39","slug":"valtrex","status":"publish","type":"product","link":"https:\/\/www.transtoyou.com\/es\/product\/valtrex\/","title":{"rendered":"Valtrex"},"content":{"rendered":"<p>Valtrex es un medicamento antiviral (medicina que combate virus) utilizado para tratar infecciones causadas por virus del herpes. Es un prof\u00e1rmaco de aciclovir, lo que significa que tu cuerpo lo convierte en su forma activa (aciclovir) despu\u00e9s de tomarlo. El aciclovir act\u00faa deteniendo la replicaci\u00f3n del ADN del virus (material gen\u00e9tico), lo que evita que se multiplique y se propague (bloquea la replicaci\u00f3n viral).<\/p>\n<p>Valtrex se prescribe principalmente para infecciones causadas por virus del herpes, incluyendo herpes labial (herpes oral), herpes genital, culebrilla (herpes z\u00f3ster), infecciones oculares debido al herpes, y para prevenir infecciones por citomegalovirus (CMV) en personas que han recibido un trasplante de \u00f3rgano. Tambi\u00e9n se utiliza a largo plazo para reducir la frecuencia de los brotes.<\/p>\n<p>Valtrex afecta al cuerpo controlando el virus durante los brotes activos y reduciendo el riesgo de futuros episodios. Funciona bien cuando se inicia temprano en el curso de los s\u00edntomas, a menudo dentro de la primera 1\u20131.5 horas. Debido a que solo ataca las c\u00e9lulas infectadas por el virus, las c\u00e9lulas sanas generalmente se salvan, lo que resulta en menos efectos secundarios.<\/p>\n<p>Los principales beneficios de Valtrex son su inicio r\u00e1pido, facilidad de uso (tableta oral), menos dosis diarias en comparaci\u00f3n con antivirales m\u00e1s antiguos, y una s\u00f3lida evidencia de efectividad. Reduce el dolor y el tiempo de curaci\u00f3n durante los brotes y tambi\u00e9n puede disminuir las posibilidades de transmitir el virus a otros cuando se usa a diario.<\/p>\n<p>Valtrex no cura el herpes, pero ayuda a manejarlo de manera efectiva y hace que vivir con la condici\u00f3n sea m\u00e1s manejable.<\/p>\n","protected":false},"excerpt":{"rendered":"<ul>\n<li>Antiviral contra los virus del herpes<\/li>\n<li>Ayuda a reducir brotes y s\u00edntomas<\/li>\n<li>Opci\u00f3n de una vez al d\u00eda para la prevenci\u00f3n<\/li>\n<\/ul>\n","protected":false},"featured_media":517,"comment_status":"open","ping_status":"closed","template":"","meta":[],"product_brand":[],"product_cat":[115,73,143],"product_tag":[],"expert":[17],"class_list":{"0":"post-515","1":"product","2":"type-product","3":"status-publish","4":"has-post-thumbnail","6":"product_cat-herpes","7":"product_cat-herpes-labial","8":"product_cat-tejas","9":"expert-dr-c-munoz-parada","11":"first","12":"instock","13":"shipping-taxable","14":"product-type-variable"},"yoast_head":"<!-- This site is optimized with the Yoast SEO plugin v27.0 - https:\/\/yoast.com\/product\/yoast-seo-wordpress\/ -->\n<title>Valtrex | Soporte Antiviral Efectivo - Transtoyou<\/title>\n<meta name=\"description\" content=\"Valtrex disponible en Transtoyou, ofreciendo apoyo antiviral confiable. Descubre sus beneficios para manejar los s\u00edntomas del herpes. Compra ahora para un cuidado efectivo.\" \/>\n<meta name=\"robots\" content=\"noindex, follow, max-snippet:-1, max-image-preview:large, max-video-preview:-1\" \/>\n<meta property=\"og:locale\" content=\"es_ES\" \/>\n<meta property=\"og:type\" content=\"article\" \/>\n<meta property=\"og:title\" content=\"Valtrex | Soporte Antiviral Efectivo - Transtoyou\" \/>\n<meta property=\"og:description\" content=\"Valtrex disponible en Transtoyou, ofreciendo apoyo antiviral confiable. Descubre sus beneficios para manejar los s\u00edntomas del herpes. Compra ahora para un cuidado efectivo.\" \/>\n<meta property=\"og:url\" content=\"https:\/\/www.transtoyou.com\/es\/product\/valtrex\/\" \/>\n<meta property=\"og:site_name\" content=\"Transtoyou - ES\" \/>\n<meta property=\"article:modified_time\" content=\"2026-01-22T19:26:39+00:00\" \/>\n<meta name=\"twitter:card\" content=\"summary_large_image\" \/>\n<meta name=\"twitter:label1\" content=\"Tiempo de lectura\" \/>\n\t<meta name=\"twitter:data1\" content=\"1 minuto\" \/>\n<script type=\"application\/ld+json\" class=\"yoast-schema-graph\">{\"@context\":\"https:\/\/schema.org\",\"@graph\":[{\"@type\":\"WebPage\",\"@id\":\"https:\/\/www.transtoyou.com\/es\/product\/valtrex\/\",\"url\":\"https:\/\/www.transtoyou.com\/es\/product\/valtrex\/\",\"name\":\"Valtrex | Soporte Antiviral Efectivo - Transtoyou\",\"isPartOf\":{\"@id\":\"https:\/\/www.transtoyou.com\/es\/#website\"},\"primaryImageOfPage\":{\"@id\":\"https:\/\/www.transtoyou.com\/es\/product\/valtrex\/#primaryimage\"},\"image\":{\"@id\":\"https:\/\/www.transtoyou.com\/es\/product\/valtrex\/#primaryimage\"},\"thumbnailUrl\":\"https:\/\/www.transtoyou.com\/es\/wp-content\/uploads\/sites\/14\/2026\/01\/tty-no-product-image-25.webp\",\"datePublished\":\"2026-01-22T19:25:45+00:00\",\"dateModified\":\"2026-01-22T19:26:39+00:00\",\"description\":\"Valtrex disponible en Transtoyou, ofreciendo apoyo antiviral confiable. Descubre sus beneficios para manejar los s\u00edntomas del herpes. Compra ahora para un cuidado efectivo.\",\"breadcrumb\":{\"@id\":\"https:\/\/www.transtoyou.com\/es\/product\/valtrex\/#breadcrumb\"},\"inLanguage\":\"es\",\"potentialAction\":[{\"@type\":\"ReadAction\",\"target\":[\"https:\/\/www.transtoyou.com\/es\/product\/valtrex\/\"]}]},{\"@type\":\"ImageObject\",\"inLanguage\":\"es\",\"@id\":\"https:\/\/www.transtoyou.com\/es\/product\/valtrex\/#primaryimage\",\"url\":\"https:\/\/www.transtoyou.com\/es\/wp-content\/uploads\/sites\/14\/2026\/01\/tty-no-product-image-25.webp\",\"contentUrl\":\"https:\/\/www.transtoyou.com\/es\/wp-content\/uploads\/sites\/14\/2026\/01\/tty-no-product-image-25.webp\",\"width\":1000,\"height\":1000,\"caption\":\"Imagen de producto predeterminada\"},{\"@type\":\"WebSite\",\"@id\":\"https:\/\/www.transtoyou.com\/es\/#website\",\"url\":\"https:\/\/www.transtoyou.com\/es\/\",\"name\":\"Transtoyou - ES\",\"description\":\"\",\"publisher\":{\"@id\":\"https:\/\/www.transtoyou.com\/es\/#organization\"},\"potentialAction\":[{\"@type\":\"SearchAction\",\"target\":{\"@type\":\"EntryPoint\",\"urlTemplate\":\"https:\/\/www.transtoyou.com\/es\/?s={search_term_string}\"},\"query-input\":{\"@type\":\"PropertyValueSpecification\",\"valueRequired\":true,\"valueName\":\"search_term_string\"}}],\"inLanguage\":\"es\"},{\"@type\":\"Organization\",\"@id\":\"https:\/\/www.transtoyou.com\/es\/#organization\",\"name\":\"Transtoyou - ES\",\"url\":\"https:\/\/www.transtoyou.com\/es\/\",\"logo\":{\"@type\":\"ImageObject\",\"inLanguage\":\"es\",\"@id\":\"https:\/\/www.transtoyou.com\/es\/#\/schema\/logo\/image\/\",\"url\":\"https:\/\/www.transtoyou.com\/es\/wp-content\/uploads\/sites\/14\/2026\/01\/logo-tty-menu-bar-300x87-1.webp\",\"contentUrl\":\"https:\/\/www.transtoyou.com\/es\/wp-content\/uploads\/sites\/14\/2026\/01\/logo-tty-menu-bar-300x87-1.webp\",\"width\":300,\"height\":87,\"caption\":\"Transtoyou - ES\"},\"image\":{\"@id\":\"https:\/\/www.transtoyou.com\/es\/#\/schema\/logo\/image\/\"}}]}<\/script>\n<!-- \/ Yoast SEO plugin. -->","yoast_head_json":{"title":"Valtrex | Soporte Antiviral Efectivo - Transtoyou","description":"Valtrex disponible en Transtoyou, ofreciendo apoyo antiviral confiable. Descubre sus beneficios para manejar los s\u00edntomas del herpes. Compra ahora para un cuidado efectivo.","robots":{"index":"noindex","follow":"follow","max-snippet":"max-snippet:-1","max-image-preview":"max-image-preview:large","max-video-preview":"max-video-preview:-1"},"og_locale":"es_ES","og_type":"article","og_title":"Valtrex | Soporte Antiviral Efectivo - Transtoyou","og_description":"Valtrex disponible en Transtoyou, ofreciendo apoyo antiviral confiable. Descubre sus beneficios para manejar los s\u00edntomas del herpes. Compra ahora para un cuidado efectivo.","og_url":"https:\/\/www.transtoyou.com\/es\/product\/valtrex\/","og_site_name":"Transtoyou - ES","article_modified_time":"2026-01-22T19:26:39+00:00","twitter_card":"summary_large_image","twitter_misc":{"Tiempo de lectura":"1 minuto"},"schema":{"@context":"https:\/\/schema.org","@graph":[{"@type":"WebPage","@id":"https:\/\/www.transtoyou.com\/es\/product\/valtrex\/","url":"https:\/\/www.transtoyou.com\/es\/product\/valtrex\/","name":"Valtrex | Soporte Antiviral Efectivo - Transtoyou","isPartOf":{"@id":"https:\/\/www.transtoyou.com\/es\/#website"},"primaryImageOfPage":{"@id":"https:\/\/www.transtoyou.com\/es\/product\/valtrex\/#primaryimage"},"image":{"@id":"https:\/\/www.transtoyou.com\/es\/product\/valtrex\/#primaryimage"},"thumbnailUrl":"https:\/\/www.transtoyou.com\/es\/wp-content\/uploads\/sites\/14\/2026\/01\/tty-no-product-image-25.webp","datePublished":"2026-01-22T19:25:45+00:00","dateModified":"2026-01-22T19:26:39+00:00","description":"Valtrex disponible en Transtoyou, ofreciendo apoyo antiviral confiable. Descubre sus beneficios para manejar los s\u00edntomas del herpes. Compra ahora para un cuidado efectivo.","breadcrumb":{"@id":"https:\/\/www.transtoyou.com\/es\/product\/valtrex\/#breadcrumb"},"inLanguage":"es","potentialAction":[{"@type":"ReadAction","target":["https:\/\/www.transtoyou.com\/es\/product\/valtrex\/"]}]},{"@type":"ImageObject","inLanguage":"es","@id":"https:\/\/www.transtoyou.com\/es\/product\/valtrex\/#primaryimage","url":"https:\/\/www.transtoyou.com\/es\/wp-content\/uploads\/sites\/14\/2026\/01\/tty-no-product-image-25.webp","contentUrl":"https:\/\/www.transtoyou.com\/es\/wp-content\/uploads\/sites\/14\/2026\/01\/tty-no-product-image-25.webp","width":1000,"height":1000,"caption":"Imagen de producto predeterminada"},{"@type":"WebSite","@id":"https:\/\/www.transtoyou.com\/es\/#website","url":"https:\/\/www.transtoyou.com\/es\/","name":"Transtoyou - ES","description":"","publisher":{"@id":"https:\/\/www.transtoyou.com\/es\/#organization"},"potentialAction":[{"@type":"SearchAction","target":{"@type":"EntryPoint","urlTemplate":"https:\/\/www.transtoyou.com\/es\/?s={search_term_string}"},"query-input":{"@type":"PropertyValueSpecification","valueRequired":true,"valueName":"search_term_string"}}],"inLanguage":"es"},{"@type":"Organization","@id":"https:\/\/www.transtoyou.com\/es\/#organization","name":"Transtoyou - ES","url":"https:\/\/www.transtoyou.com\/es\/","logo":{"@type":"ImageObject","inLanguage":"es","@id":"https:\/\/www.transtoyou.com\/es\/#\/schema\/logo\/image\/","url":"https:\/\/www.transtoyou.com\/es\/wp-content\/uploads\/sites\/14\/2026\/01\/logo-tty-menu-bar-300x87-1.webp","contentUrl":"https:\/\/www.transtoyou.com\/es\/wp-content\/uploads\/sites\/14\/2026\/01\/logo-tty-menu-bar-300x87-1.webp","width":300,"height":87,"caption":"Transtoyou - ES"},"image":{"@id":"https:\/\/www.transtoyou.com\/es\/#\/schema\/logo\/image\/"}}]}},"_links":{"self":[{"href":"https:\/\/www.transtoyou.com\/es\/wp-json\/wp\/v2\/product\/515","targetHints":{"allow":["GET"]}}],"collection":[{"href":"https:\/\/www.transtoyou.com\/es\/wp-json\/wp\/v2\/product"}],"about":[{"href":"https:\/\/www.transtoyou.com\/es\/wp-json\/wp\/v2\/types\/product"}],"replies":[{"embeddable":true,"href":"https:\/\/www.transtoyou.com\/es\/wp-json\/wp\/v2\/comments?post=515"}],"wp:featuredmedia":[{"embeddable":true,"href":"https:\/\/www.transtoyou.com\/es\/wp-json\/wp\/v2\/media\/517"}],"wp:attachment":[{"href":"https:\/\/www.transtoyou.com\/es\/wp-json\/wp\/v2\/media?parent=515"}],"wp:term":[{"taxonomy":"product_brand","embeddable":true,"href":"https:\/\/www.transtoyou.com\/es\/wp-json\/wp\/v2\/product_brand?post=515"},{"taxonomy":"product_cat","embeddable":true,"href":"https:\/\/www.transtoyou.com\/es\/wp-json\/wp\/v2\/product_cat?post=515"},{"taxonomy":"product_tag","embeddable":true,"href":"https:\/\/www.transtoyou.com\/es\/wp-json\/wp\/v2\/product_tag?post=515"},{"taxonomy":"expert","embeddable":true,"href":"https:\/\/www.transtoyou.com\/es\/wp-json\/wp\/v2\/expert?post=515"}],"curies":[{"name":"wp","href":"https:\/\/api.w.org\/{rel}","templated":true}]}}