{"id":518,"date":"2026-01-22T19:39:48","date_gmt":"2026-01-22T19:39:48","guid":{"rendered":"https:\/\/www.transtoyou.com\/es\/product\/valaciclovir\/"},"modified":"2026-03-06T14:56:16","modified_gmt":"2026-03-06T14:56:16","slug":"valaciclovir","status":"publish","type":"product","link":"https:\/\/www.transtoyou.com\/es\/product\/valaciclovir\/","title":{"rendered":"Valaciclovir"},"content":{"rendered":"<p>Valaciclovir es un medicamento antiviral (medicina que combate virus) utilizado para tratar infecciones causadas por virus del herpes. Es un prof\u00e1rmaco de aciclovir, lo que significa que tu cuerpo lo convierte en su forma activa (aciclovir) despu\u00e9s de tomarlo. El aciclovir act\u00faa interfiriendo con la capacidad del virus para copiar su ADN (bloquea la replicaci\u00f3n viral), deteni\u00e9ndolo efectivamente de multiplicarse y propagarse.<\/p>\n<p>Valaciclovir se utiliza principalmente para tratar y prevenir infecciones por herpes simple, incluyendo herpes labial y herpes genital, culebrilla (herpes z\u00f3ster) o infecciones oculares causadas por herpes. Es especialmente \u00fatil para reducir el dolor, la duraci\u00f3n y la recurrencia de los s\u00edntomas.<\/p>\n<p>Este medicamento ayuda a reducir la gravedad de los brotes y puede acortar el tiempo de curaci\u00f3n. Cuando se utiliza como tratamiento preventivo, disminuye el n\u00famero de recurrencias y puede hacer que los brotes sean menos severos. Comienza a actuar r\u00e1pidamente (dentro de 1 a 1.5 horas despu\u00e9s de la ingesta), y como se toma por v\u00eda oral, es conveniente y f\u00e1cil de usar. Muchas personas se benefician de su acci\u00f3n prolongada con relativamente pocos efectos secundarios.<\/p>\n<p>Valaciclovir no cura el herpes, pero hace que vivir con el virus sea m\u00e1s manejable al limitar su impacto en la vida diaria.<\/p>\n","protected":false},"excerpt":{"rendered":"<ul>\n<li>Antiviral contra los virus del herpes<\/li>\n<li>Ayuda a reducir brotes y s\u00edntomas<\/li>\n<li>Opci\u00f3n de una vez al d\u00eda para la prevenci\u00f3n<\/li>\n<\/ul>\n","protected":false},"featured_media":520,"comment_status":"open","ping_status":"closed","template":"","meta":[],"product_brand":[],"product_cat":[115,73,143],"product_tag":[],"expert":[17],"class_list":{"0":"post-518","1":"product","2":"type-product","3":"status-publish","4":"has-post-thumbnail","6":"product_cat-herpes","7":"product_cat-herpes-labial","8":"product_cat-tejas","9":"expert-dr-c-munoz-parada","11":"first","12":"instock","13":"shipping-taxable","14":"product-type-variable"},"yoast_head":"<!-- This site is optimized with the Yoast SEO plugin v27.0 - https:\/\/yoast.com\/product\/yoast-seo-wordpress\/ -->\n<title>Valaciclovir | Combate el herpes y la culebrilla r\u00e1pidamente - Transtoyou<\/title>\n<meta name=\"description\" content=\"Valaciclovir, un antiviral eficaz para tratar el herpes, alivia s\u00edntomas y reduce recurrencias. Conoce sus beneficios en Transtoyou hoy.\" \/>\n<meta name=\"robots\" content=\"noindex, follow, max-snippet:-1, max-image-preview:large, max-video-preview:-1\" \/>\n<meta property=\"og:locale\" content=\"es_ES\" \/>\n<meta property=\"og:type\" content=\"article\" \/>\n<meta property=\"og:title\" content=\"Valaciclovir | Combate el herpes y la culebrilla r\u00e1pidamente - Transtoyou\" \/>\n<meta property=\"og:description\" content=\"Valaciclovir, un antiviral eficaz para tratar el herpes, alivia s\u00edntomas y reduce recurrencias. Conoce sus beneficios en Transtoyou hoy.\" \/>\n<meta property=\"og:url\" content=\"https:\/\/www.transtoyou.com\/es\/product\/valaciclovir\/\" \/>\n<meta property=\"og:site_name\" content=\"Transtoyou - ES\" \/>\n<meta property=\"article:modified_time\" content=\"2026-03-06T14:56:16+00:00\" \/>\n<meta name=\"twitter:card\" content=\"summary_large_image\" \/>\n<meta name=\"twitter:label1\" content=\"Tiempo de lectura\" \/>\n\t<meta name=\"twitter:data1\" content=\"1 minuto\" \/>\n<script type=\"application\/ld+json\" class=\"yoast-schema-graph\">{\"@context\":\"https:\/\/schema.org\",\"@graph\":[{\"@type\":\"WebPage\",\"@id\":\"https:\/\/www.transtoyou.com\/es\/product\/valaciclovir\/\",\"url\":\"https:\/\/www.transtoyou.com\/es\/product\/valaciclovir\/\",\"name\":\"Valaciclovir | Combate el herpes y la culebrilla r\u00e1pidamente - Transtoyou\",\"isPartOf\":{\"@id\":\"https:\/\/www.transtoyou.com\/es\/#website\"},\"primaryImageOfPage\":{\"@id\":\"https:\/\/www.transtoyou.com\/es\/product\/valaciclovir\/#primaryimage\"},\"image\":{\"@id\":\"https:\/\/www.transtoyou.com\/es\/product\/valaciclovir\/#primaryimage\"},\"thumbnailUrl\":\"https:\/\/www.transtoyou.com\/es\/wp-content\/uploads\/sites\/14\/2026\/01\/tty-no-product-image-26.webp\",\"datePublished\":\"2026-01-22T19:39:48+00:00\",\"dateModified\":\"2026-03-06T14:56:16+00:00\",\"description\":\"Valaciclovir, un antiviral eficaz para tratar el herpes, alivia s\u00edntomas y reduce recurrencias. Conoce sus beneficios en Transtoyou hoy.\",\"breadcrumb\":{\"@id\":\"https:\/\/www.transtoyou.com\/es\/product\/valaciclovir\/#breadcrumb\"},\"inLanguage\":\"es\",\"potentialAction\":[{\"@type\":\"ReadAction\",\"target\":[\"https:\/\/www.transtoyou.com\/es\/product\/valaciclovir\/\"]}]},{\"@type\":\"ImageObject\",\"inLanguage\":\"es\",\"@id\":\"https:\/\/www.transtoyou.com\/es\/product\/valaciclovir\/#primaryimage\",\"url\":\"https:\/\/www.transtoyou.com\/es\/wp-content\/uploads\/sites\/14\/2026\/01\/tty-no-product-image-26.webp\",\"contentUrl\":\"https:\/\/www.transtoyou.com\/es\/wp-content\/uploads\/sites\/14\/2026\/01\/tty-no-product-image-26.webp\",\"width\":1000,\"height\":1000,\"caption\":\"Imagen de producto predeterminada\"},{\"@type\":\"WebSite\",\"@id\":\"https:\/\/www.transtoyou.com\/es\/#website\",\"url\":\"https:\/\/www.transtoyou.com\/es\/\",\"name\":\"Transtoyou - ES\",\"description\":\"\",\"publisher\":{\"@id\":\"https:\/\/www.transtoyou.com\/es\/#organization\"},\"potentialAction\":[{\"@type\":\"SearchAction\",\"target\":{\"@type\":\"EntryPoint\",\"urlTemplate\":\"https:\/\/www.transtoyou.com\/es\/?s={search_term_string}\"},\"query-input\":{\"@type\":\"PropertyValueSpecification\",\"valueRequired\":true,\"valueName\":\"search_term_string\"}}],\"inLanguage\":\"es\"},{\"@type\":\"Organization\",\"@id\":\"https:\/\/www.transtoyou.com\/es\/#organization\",\"name\":\"Transtoyou - ES\",\"url\":\"https:\/\/www.transtoyou.com\/es\/\",\"logo\":{\"@type\":\"ImageObject\",\"inLanguage\":\"es\",\"@id\":\"https:\/\/www.transtoyou.com\/es\/#\/schema\/logo\/image\/\",\"url\":\"https:\/\/www.transtoyou.com\/es\/wp-content\/uploads\/sites\/14\/2026\/01\/logo-tty-menu-bar-300x87-1.webp\",\"contentUrl\":\"https:\/\/www.transtoyou.com\/es\/wp-content\/uploads\/sites\/14\/2026\/01\/logo-tty-menu-bar-300x87-1.webp\",\"width\":300,\"height\":87,\"caption\":\"Transtoyou - ES\"},\"image\":{\"@id\":\"https:\/\/www.transtoyou.com\/es\/#\/schema\/logo\/image\/\"}}]}<\/script>\n<!-- \/ Yoast SEO plugin. -->","yoast_head_json":{"title":"Valaciclovir | Combate el herpes y la culebrilla r\u00e1pidamente - Transtoyou","description":"Valaciclovir, un antiviral eficaz para tratar el herpes, alivia s\u00edntomas y reduce recurrencias. Conoce sus beneficios en Transtoyou hoy.","robots":{"index":"noindex","follow":"follow","max-snippet":"max-snippet:-1","max-image-preview":"max-image-preview:large","max-video-preview":"max-video-preview:-1"},"og_locale":"es_ES","og_type":"article","og_title":"Valaciclovir | Combate el herpes y la culebrilla r\u00e1pidamente - Transtoyou","og_description":"Valaciclovir, un antiviral eficaz para tratar el herpes, alivia s\u00edntomas y reduce recurrencias. Conoce sus beneficios en Transtoyou hoy.","og_url":"https:\/\/www.transtoyou.com\/es\/product\/valaciclovir\/","og_site_name":"Transtoyou - ES","article_modified_time":"2026-03-06T14:56:16+00:00","twitter_card":"summary_large_image","twitter_misc":{"Tiempo de lectura":"1 minuto"},"schema":{"@context":"https:\/\/schema.org","@graph":[{"@type":"WebPage","@id":"https:\/\/www.transtoyou.com\/es\/product\/valaciclovir\/","url":"https:\/\/www.transtoyou.com\/es\/product\/valaciclovir\/","name":"Valaciclovir | Combate el herpes y la culebrilla r\u00e1pidamente - Transtoyou","isPartOf":{"@id":"https:\/\/www.transtoyou.com\/es\/#website"},"primaryImageOfPage":{"@id":"https:\/\/www.transtoyou.com\/es\/product\/valaciclovir\/#primaryimage"},"image":{"@id":"https:\/\/www.transtoyou.com\/es\/product\/valaciclovir\/#primaryimage"},"thumbnailUrl":"https:\/\/www.transtoyou.com\/es\/wp-content\/uploads\/sites\/14\/2026\/01\/tty-no-product-image-26.webp","datePublished":"2026-01-22T19:39:48+00:00","dateModified":"2026-03-06T14:56:16+00:00","description":"Valaciclovir, un antiviral eficaz para tratar el herpes, alivia s\u00edntomas y reduce recurrencias. Conoce sus beneficios en Transtoyou hoy.","breadcrumb":{"@id":"https:\/\/www.transtoyou.com\/es\/product\/valaciclovir\/#breadcrumb"},"inLanguage":"es","potentialAction":[{"@type":"ReadAction","target":["https:\/\/www.transtoyou.com\/es\/product\/valaciclovir\/"]}]},{"@type":"ImageObject","inLanguage":"es","@id":"https:\/\/www.transtoyou.com\/es\/product\/valaciclovir\/#primaryimage","url":"https:\/\/www.transtoyou.com\/es\/wp-content\/uploads\/sites\/14\/2026\/01\/tty-no-product-image-26.webp","contentUrl":"https:\/\/www.transtoyou.com\/es\/wp-content\/uploads\/sites\/14\/2026\/01\/tty-no-product-image-26.webp","width":1000,"height":1000,"caption":"Imagen de producto predeterminada"},{"@type":"WebSite","@id":"https:\/\/www.transtoyou.com\/es\/#website","url":"https:\/\/www.transtoyou.com\/es\/","name":"Transtoyou - ES","description":"","publisher":{"@id":"https:\/\/www.transtoyou.com\/es\/#organization"},"potentialAction":[{"@type":"SearchAction","target":{"@type":"EntryPoint","urlTemplate":"https:\/\/www.transtoyou.com\/es\/?s={search_term_string}"},"query-input":{"@type":"PropertyValueSpecification","valueRequired":true,"valueName":"search_term_string"}}],"inLanguage":"es"},{"@type":"Organization","@id":"https:\/\/www.transtoyou.com\/es\/#organization","name":"Transtoyou - ES","url":"https:\/\/www.transtoyou.com\/es\/","logo":{"@type":"ImageObject","inLanguage":"es","@id":"https:\/\/www.transtoyou.com\/es\/#\/schema\/logo\/image\/","url":"https:\/\/www.transtoyou.com\/es\/wp-content\/uploads\/sites\/14\/2026\/01\/logo-tty-menu-bar-300x87-1.webp","contentUrl":"https:\/\/www.transtoyou.com\/es\/wp-content\/uploads\/sites\/14\/2026\/01\/logo-tty-menu-bar-300x87-1.webp","width":300,"height":87,"caption":"Transtoyou - ES"},"image":{"@id":"https:\/\/www.transtoyou.com\/es\/#\/schema\/logo\/image\/"}}]}},"_links":{"self":[{"href":"https:\/\/www.transtoyou.com\/es\/wp-json\/wp\/v2\/product\/518","targetHints":{"allow":["GET"]}}],"collection":[{"href":"https:\/\/www.transtoyou.com\/es\/wp-json\/wp\/v2\/product"}],"about":[{"href":"https:\/\/www.transtoyou.com\/es\/wp-json\/wp\/v2\/types\/product"}],"replies":[{"embeddable":true,"href":"https:\/\/www.transtoyou.com\/es\/wp-json\/wp\/v2\/comments?post=518"}],"wp:featuredmedia":[{"embeddable":true,"href":"https:\/\/www.transtoyou.com\/es\/wp-json\/wp\/v2\/media\/520"}],"wp:attachment":[{"href":"https:\/\/www.transtoyou.com\/es\/wp-json\/wp\/v2\/media?parent=518"}],"wp:term":[{"taxonomy":"product_brand","embeddable":true,"href":"https:\/\/www.transtoyou.com\/es\/wp-json\/wp\/v2\/product_brand?post=518"},{"taxonomy":"product_cat","embeddable":true,"href":"https:\/\/www.transtoyou.com\/es\/wp-json\/wp\/v2\/product_cat?post=518"},{"taxonomy":"product_tag","embeddable":true,"href":"https:\/\/www.transtoyou.com\/es\/wp-json\/wp\/v2\/product_tag?post=518"},{"taxonomy":"expert","embeddable":true,"href":"https:\/\/www.transtoyou.com\/es\/wp-json\/wp\/v2\/expert?post=518"}],"curies":[{"name":"wp","href":"https:\/\/api.w.org\/{rel}","templated":true}]}}