{"id":574,"date":"2026-01-23T16:04:23","date_gmt":"2026-01-23T16:04:23","guid":{"rendered":"https:\/\/www.transtoyou.com\/es\/product\/sandrena\/"},"modified":"2026-01-23T16:05:23","modified_gmt":"2026-01-23T16:05:23","slug":"sandrena","status":"publish","type":"product","link":"https:\/\/www.transtoyou.com\/es\/product\/sandrena\/","title":{"rendered":"Sandrena"},"content":{"rendered":"<p>Sandrena es un gel transd\u00e9rmico que contiene hemihidrato de estradiol, una forma de estr\u00f3geno. Trata los s\u00edntomas asociados con la deficiencia de estr\u00f3geno durante la menopausia natural o quir\u00fargica, como los sofocos, los sudores nocturnos y la sequedad vaginal. Sandrena tambi\u00e9n se puede utilizar en la prevenci\u00f3n temprana de la osteoporosis posmenop\u00e1usica.<\/p>\n<p>El medicamento funciona al entregar estradiol directamente a trav\u00e9s de la piel en el torrente sangu\u00edneo, evitando el h\u00edgado y reduciendo las fluctuaciones hormonales en comparaci\u00f3n con los estr\u00f3genos orales. El estradiol se une a los receptores de estr\u00f3geno, ejerciendo efectos antiosteopor\u00f3ticos, reguladores de l\u00edpidos y estabilizadores vasomotores. Tambi\u00e9n mantiene la salud de la piel, el tracto urinario y los huesos.<\/p>\n<p>En el cuerpo, Sandrena eleva efectivamente los niveles de estradiol para restaurar el equilibrio hormonal, mejorando los s\u00edntomas de la menopausia mientras mantiene una relaci\u00f3n favorable entre estradiol y estrona. Ofrece niveles estables en sangre con m\u00ednimas fluctuaciones diarias y se puede ajustar f\u00e1cilmente seg\u00fan las necesidades terap\u00e9uticas individuales.<\/p>\n<p>Sandrena es generalmente bien tolerada, aunque requiere combinaci\u00f3n con un progest\u00e1geno en mujeres con \u00fatero intacto para prevenir la hiperplasia endometrial.<\/p>\n","protected":false},"excerpt":{"rendered":"<ul>\n<li>Alivio para los s\u00edntomas de la menopausia<\/li>\n<li>Tratamiento con gel de estr\u00f3geno transd\u00e9rmico<\/li>\n<li>Ayuda a prevenir la osteoporosis temprana<\/li>\n<\/ul>\n","protected":false},"featured_media":576,"comment_status":"open","ping_status":"closed","template":"","meta":[],"product_brand":[],"product_cat":[96,119],"product_tag":[],"expert":[17],"class_list":{"0":"post-574","1":"product","2":"type-product","3":"status-publish","4":"has-post-thumbnail","6":"product_cat-terapia-de-estrogenos-y-feminizacion","7":"product_cat-terapia-de-reemplazo-hormonal-trh","8":"expert-dr-c-munoz-parada","10":"first","11":"instock","12":"shipping-taxable","13":"product-type-variable"},"yoast_head":"<!-- This site is optimized with the Yoast SEO plugin v27.0 - https:\/\/yoast.com\/product\/yoast-seo-wordpress\/ -->\n<title>Sandrena | Soporte Confiable para el Equilibrio Hormonal - Transtoyou<\/title>\n<meta name=\"description\" content=\"Sandrena ya disponible en Transtoyou, ofreciendo soporte hormonal con beneficios cl\u00ednicamente revisados. Compra hoy soluciones de salud confiables y de calidad.\" \/>\n<meta name=\"robots\" content=\"noindex, follow, max-snippet:-1, max-image-preview:large, max-video-preview:-1\" \/>\n<meta property=\"og:locale\" content=\"es_ES\" \/>\n<meta property=\"og:type\" content=\"article\" \/>\n<meta property=\"og:title\" content=\"Sandrena | Soporte Confiable para el Equilibrio Hormonal - Transtoyou\" \/>\n<meta property=\"og:description\" content=\"Sandrena ya disponible en Transtoyou, ofreciendo soporte hormonal con beneficios cl\u00ednicamente revisados. Compra hoy soluciones de salud confiables y de calidad.\" \/>\n<meta property=\"og:url\" content=\"https:\/\/www.transtoyou.com\/es\/product\/sandrena\/\" \/>\n<meta property=\"og:site_name\" content=\"Transtoyou - ES\" \/>\n<meta property=\"article:modified_time\" content=\"2026-01-23T16:05:23+00:00\" \/>\n<meta name=\"twitter:card\" content=\"summary_large_image\" \/>\n<meta name=\"twitter:label1\" content=\"Tiempo de lectura\" \/>\n\t<meta name=\"twitter:data1\" content=\"1 minuto\" \/>\n<script type=\"application\/ld+json\" class=\"yoast-schema-graph\">{\"@context\":\"https:\/\/schema.org\",\"@graph\":[{\"@type\":\"WebPage\",\"@id\":\"https:\/\/www.transtoyou.com\/es\/product\/sandrena\/\",\"url\":\"https:\/\/www.transtoyou.com\/es\/product\/sandrena\/\",\"name\":\"Sandrena | Soporte Confiable para el Equilibrio Hormonal - Transtoyou\",\"isPartOf\":{\"@id\":\"https:\/\/www.transtoyou.com\/es\/#website\"},\"primaryImageOfPage\":{\"@id\":\"https:\/\/www.transtoyou.com\/es\/product\/sandrena\/#primaryimage\"},\"image\":{\"@id\":\"https:\/\/www.transtoyou.com\/es\/product\/sandrena\/#primaryimage\"},\"thumbnailUrl\":\"https:\/\/www.transtoyou.com\/es\/wp-content\/uploads\/sites\/14\/2026\/01\/tty-no-product-image-29.webp\",\"datePublished\":\"2026-01-23T16:04:23+00:00\",\"dateModified\":\"2026-01-23T16:05:23+00:00\",\"description\":\"Sandrena ya disponible en Transtoyou, ofreciendo soporte hormonal con beneficios cl\u00ednicamente revisados. Compra hoy soluciones de salud confiables y de calidad.\",\"breadcrumb\":{\"@id\":\"https:\/\/www.transtoyou.com\/es\/product\/sandrena\/#breadcrumb\"},\"inLanguage\":\"es\",\"potentialAction\":[{\"@type\":\"ReadAction\",\"target\":[\"https:\/\/www.transtoyou.com\/es\/product\/sandrena\/\"]}]},{\"@type\":\"ImageObject\",\"inLanguage\":\"es\",\"@id\":\"https:\/\/www.transtoyou.com\/es\/product\/sandrena\/#primaryimage\",\"url\":\"https:\/\/www.transtoyou.com\/es\/wp-content\/uploads\/sites\/14\/2026\/01\/tty-no-product-image-29.webp\",\"contentUrl\":\"https:\/\/www.transtoyou.com\/es\/wp-content\/uploads\/sites\/14\/2026\/01\/tty-no-product-image-29.webp\",\"width\":1000,\"height\":1000,\"caption\":\"Imagen de producto predeterminada\"},{\"@type\":\"WebSite\",\"@id\":\"https:\/\/www.transtoyou.com\/es\/#website\",\"url\":\"https:\/\/www.transtoyou.com\/es\/\",\"name\":\"Transtoyou - ES\",\"description\":\"\",\"publisher\":{\"@id\":\"https:\/\/www.transtoyou.com\/es\/#organization\"},\"potentialAction\":[{\"@type\":\"SearchAction\",\"target\":{\"@type\":\"EntryPoint\",\"urlTemplate\":\"https:\/\/www.transtoyou.com\/es\/?s={search_term_string}\"},\"query-input\":{\"@type\":\"PropertyValueSpecification\",\"valueRequired\":true,\"valueName\":\"search_term_string\"}}],\"inLanguage\":\"es\"},{\"@type\":\"Organization\",\"@id\":\"https:\/\/www.transtoyou.com\/es\/#organization\",\"name\":\"Transtoyou - ES\",\"url\":\"https:\/\/www.transtoyou.com\/es\/\",\"logo\":{\"@type\":\"ImageObject\",\"inLanguage\":\"es\",\"@id\":\"https:\/\/www.transtoyou.com\/es\/#\/schema\/logo\/image\/\",\"url\":\"https:\/\/www.transtoyou.com\/es\/wp-content\/uploads\/sites\/14\/2026\/01\/logo-tty-menu-bar-300x87-1.webp\",\"contentUrl\":\"https:\/\/www.transtoyou.com\/es\/wp-content\/uploads\/sites\/14\/2026\/01\/logo-tty-menu-bar-300x87-1.webp\",\"width\":300,\"height\":87,\"caption\":\"Transtoyou - ES\"},\"image\":{\"@id\":\"https:\/\/www.transtoyou.com\/es\/#\/schema\/logo\/image\/\"}}]}<\/script>\n<!-- \/ Yoast SEO plugin. -->","yoast_head_json":{"title":"Sandrena | Soporte Confiable para el Equilibrio Hormonal - Transtoyou","description":"Sandrena ya disponible en Transtoyou, ofreciendo soporte hormonal con beneficios cl\u00ednicamente revisados. Compra hoy soluciones de salud confiables y de calidad.","robots":{"index":"noindex","follow":"follow","max-snippet":"max-snippet:-1","max-image-preview":"max-image-preview:large","max-video-preview":"max-video-preview:-1"},"og_locale":"es_ES","og_type":"article","og_title":"Sandrena | Soporte Confiable para el Equilibrio Hormonal - Transtoyou","og_description":"Sandrena ya disponible en Transtoyou, ofreciendo soporte hormonal con beneficios cl\u00ednicamente revisados. Compra hoy soluciones de salud confiables y de calidad.","og_url":"https:\/\/www.transtoyou.com\/es\/product\/sandrena\/","og_site_name":"Transtoyou - ES","article_modified_time":"2026-01-23T16:05:23+00:00","twitter_card":"summary_large_image","twitter_misc":{"Tiempo de lectura":"1 minuto"},"schema":{"@context":"https:\/\/schema.org","@graph":[{"@type":"WebPage","@id":"https:\/\/www.transtoyou.com\/es\/product\/sandrena\/","url":"https:\/\/www.transtoyou.com\/es\/product\/sandrena\/","name":"Sandrena | Soporte Confiable para el Equilibrio Hormonal - Transtoyou","isPartOf":{"@id":"https:\/\/www.transtoyou.com\/es\/#website"},"primaryImageOfPage":{"@id":"https:\/\/www.transtoyou.com\/es\/product\/sandrena\/#primaryimage"},"image":{"@id":"https:\/\/www.transtoyou.com\/es\/product\/sandrena\/#primaryimage"},"thumbnailUrl":"https:\/\/www.transtoyou.com\/es\/wp-content\/uploads\/sites\/14\/2026\/01\/tty-no-product-image-29.webp","datePublished":"2026-01-23T16:04:23+00:00","dateModified":"2026-01-23T16:05:23+00:00","description":"Sandrena ya disponible en Transtoyou, ofreciendo soporte hormonal con beneficios cl\u00ednicamente revisados. Compra hoy soluciones de salud confiables y de calidad.","breadcrumb":{"@id":"https:\/\/www.transtoyou.com\/es\/product\/sandrena\/#breadcrumb"},"inLanguage":"es","potentialAction":[{"@type":"ReadAction","target":["https:\/\/www.transtoyou.com\/es\/product\/sandrena\/"]}]},{"@type":"ImageObject","inLanguage":"es","@id":"https:\/\/www.transtoyou.com\/es\/product\/sandrena\/#primaryimage","url":"https:\/\/www.transtoyou.com\/es\/wp-content\/uploads\/sites\/14\/2026\/01\/tty-no-product-image-29.webp","contentUrl":"https:\/\/www.transtoyou.com\/es\/wp-content\/uploads\/sites\/14\/2026\/01\/tty-no-product-image-29.webp","width":1000,"height":1000,"caption":"Imagen de producto predeterminada"},{"@type":"WebSite","@id":"https:\/\/www.transtoyou.com\/es\/#website","url":"https:\/\/www.transtoyou.com\/es\/","name":"Transtoyou - ES","description":"","publisher":{"@id":"https:\/\/www.transtoyou.com\/es\/#organization"},"potentialAction":[{"@type":"SearchAction","target":{"@type":"EntryPoint","urlTemplate":"https:\/\/www.transtoyou.com\/es\/?s={search_term_string}"},"query-input":{"@type":"PropertyValueSpecification","valueRequired":true,"valueName":"search_term_string"}}],"inLanguage":"es"},{"@type":"Organization","@id":"https:\/\/www.transtoyou.com\/es\/#organization","name":"Transtoyou - ES","url":"https:\/\/www.transtoyou.com\/es\/","logo":{"@type":"ImageObject","inLanguage":"es","@id":"https:\/\/www.transtoyou.com\/es\/#\/schema\/logo\/image\/","url":"https:\/\/www.transtoyou.com\/es\/wp-content\/uploads\/sites\/14\/2026\/01\/logo-tty-menu-bar-300x87-1.webp","contentUrl":"https:\/\/www.transtoyou.com\/es\/wp-content\/uploads\/sites\/14\/2026\/01\/logo-tty-menu-bar-300x87-1.webp","width":300,"height":87,"caption":"Transtoyou - ES"},"image":{"@id":"https:\/\/www.transtoyou.com\/es\/#\/schema\/logo\/image\/"}}]}},"_links":{"self":[{"href":"https:\/\/www.transtoyou.com\/es\/wp-json\/wp\/v2\/product\/574","targetHints":{"allow":["GET"]}}],"collection":[{"href":"https:\/\/www.transtoyou.com\/es\/wp-json\/wp\/v2\/product"}],"about":[{"href":"https:\/\/www.transtoyou.com\/es\/wp-json\/wp\/v2\/types\/product"}],"replies":[{"embeddable":true,"href":"https:\/\/www.transtoyou.com\/es\/wp-json\/wp\/v2\/comments?post=574"}],"wp:featuredmedia":[{"embeddable":true,"href":"https:\/\/www.transtoyou.com\/es\/wp-json\/wp\/v2\/media\/576"}],"wp:attachment":[{"href":"https:\/\/www.transtoyou.com\/es\/wp-json\/wp\/v2\/media?parent=574"}],"wp:term":[{"taxonomy":"product_brand","embeddable":true,"href":"https:\/\/www.transtoyou.com\/es\/wp-json\/wp\/v2\/product_brand?post=574"},{"taxonomy":"product_cat","embeddable":true,"href":"https:\/\/www.transtoyou.com\/es\/wp-json\/wp\/v2\/product_cat?post=574"},{"taxonomy":"product_tag","embeddable":true,"href":"https:\/\/www.transtoyou.com\/es\/wp-json\/wp\/v2\/product_tag?post=574"},{"taxonomy":"expert","embeddable":true,"href":"https:\/\/www.transtoyou.com\/es\/wp-json\/wp\/v2\/expert?post=574"}],"curies":[{"name":"wp","href":"https:\/\/api.w.org\/{rel}","templated":true}]}}