{"id":577,"date":"2026-01-23T16:18:53","date_gmt":"2026-01-23T16:18:53","guid":{"rendered":"https:\/\/www.transtoyou.com\/es\/product\/spedra\/"},"modified":"2026-03-05T11:31:12","modified_gmt":"2026-03-05T11:31:12","slug":"spedra","status":"publish","type":"product","link":"https:\/\/www.transtoyou.com\/es\/product\/spedra\/","title":{"rendered":"Spedra"},"content":{"rendered":"<p>Spedra es un medicamento de acci\u00f3n r\u00e1pida utilizado para tratar la disfunci\u00f3n er\u00e9ctil (DE). Contiene avanafil, un inhibidor selectivo de la fosfodiesterasa tipo 5 (PDE5). Cuando un hombre es estimulado sexualmente, el flujo sangu\u00edneo aumenta, produciendo una erecci\u00f3n. El avanafil bloquea la enzima PDE5 para prolongar el proceso de erecci\u00f3n.<\/p>\n<p>Spedra est\u00e1 indicado para la DE, incluyendo aquellos con s\u00edntomas leves a severos, siempre que haya estimulaci\u00f3n sexual presente. No es efectivo sin ella. El inicio de acci\u00f3n ocurre en tan solo 15\u201330 minutos, y los efectos pueden durar hasta 2 horas, dependiendo del individuo.<\/p>\n<p>Este medicamento es bien tolerado y tiene un perfil de seguridad favorable cuando se usa seg\u00fan lo prescrito. Puede ser utilizado por todas las edades, incluyendo adultos mayores, y tiene la ventaja de ser r\u00e1pidamente absorbido. A diferencia de algunos inhibidores de PDE5, las interacciones alimentarias de Spedra son m\u00ednimas, aunque una comida alta en grasas puede retrasar ligeramente la absorci\u00f3n.<\/p>\n","protected":false},"excerpt":{"rendered":"<ul>\n<li>Inicio r\u00e1pido en 15\u201330 minutos<\/li>\n<li>Efectivo hasta por 2 horas<\/li>\n<li>Se puede tomar con o sin comida<\/li>\n<\/ul>\n","protected":false},"featured_media":579,"comment_status":"open","ping_status":"closed","template":"","meta":[],"product_brand":[],"product_cat":[95],"product_tag":[],"expert":[17],"class_list":{"0":"post-577","1":"product","2":"type-product","3":"status-publish","4":"has-post-thumbnail","6":"product_cat-tratamientos-para-la-disfuncion-erectil","7":"expert-dr-c-munoz-parada","9":"first","10":"instock","11":"shipping-taxable","12":"product-type-variable"},"yoast_head":"<!-- This site is optimized with the Yoast SEO plugin v27.0 - https:\/\/yoast.com\/product\/yoast-seo-wordpress\/ -->\n<title>Spedra | Soluci\u00f3n R\u00e1pida para la Disfunci\u00f3n Er\u00e9ctil - Transtoyou<\/title>\n<meta name=\"description\" content=\"Spedra, disponible ahora en Transtoyou. Mejora tu bienestar con este producto \u00fanico. \u00a1Descubre sus beneficios y compra hoy mismo!\" \/>\n<meta name=\"robots\" content=\"noindex, follow, max-snippet:-1, max-image-preview:large, max-video-preview:-1\" \/>\n<meta property=\"og:locale\" content=\"es_ES\" \/>\n<meta property=\"og:type\" content=\"article\" \/>\n<meta property=\"og:title\" content=\"Spedra | Soluci\u00f3n R\u00e1pida para la Disfunci\u00f3n Er\u00e9ctil - Transtoyou\" \/>\n<meta property=\"og:description\" content=\"Spedra, disponible ahora en Transtoyou. Mejora tu bienestar con este producto \u00fanico. \u00a1Descubre sus beneficios y compra hoy mismo!\" \/>\n<meta property=\"og:url\" content=\"https:\/\/www.transtoyou.com\/es\/product\/spedra\/\" \/>\n<meta property=\"og:site_name\" content=\"Transtoyou - ES\" \/>\n<meta property=\"article:modified_time\" content=\"2026-03-05T11:31:12+00:00\" \/>\n<meta name=\"twitter:card\" content=\"summary_large_image\" \/>\n<meta name=\"twitter:label1\" content=\"Tiempo de lectura\" \/>\n\t<meta name=\"twitter:data1\" content=\"1 minuto\" \/>\n<script type=\"application\/ld+json\" class=\"yoast-schema-graph\">{\"@context\":\"https:\/\/schema.org\",\"@graph\":[{\"@type\":\"WebPage\",\"@id\":\"https:\/\/www.transtoyou.com\/es\/product\/spedra\/\",\"url\":\"https:\/\/www.transtoyou.com\/es\/product\/spedra\/\",\"name\":\"Spedra | Soluci\u00f3n R\u00e1pida para la Disfunci\u00f3n Er\u00e9ctil - Transtoyou\",\"isPartOf\":{\"@id\":\"https:\/\/www.transtoyou.com\/es\/#website\"},\"primaryImageOfPage\":{\"@id\":\"https:\/\/www.transtoyou.com\/es\/product\/spedra\/#primaryimage\"},\"image\":{\"@id\":\"https:\/\/www.transtoyou.com\/es\/product\/spedra\/#primaryimage\"},\"thumbnailUrl\":\"https:\/\/www.transtoyou.com\/es\/wp-content\/uploads\/sites\/14\/2026\/01\/tty-no-product-image-30.webp\",\"datePublished\":\"2026-01-23T16:18:53+00:00\",\"dateModified\":\"2026-03-05T11:31:12+00:00\",\"description\":\"Spedra, disponible ahora en Transtoyou. Mejora tu bienestar con este producto \u00fanico. \u00a1Descubre sus beneficios y compra hoy mismo!\",\"breadcrumb\":{\"@id\":\"https:\/\/www.transtoyou.com\/es\/product\/spedra\/#breadcrumb\"},\"inLanguage\":\"es\",\"potentialAction\":[{\"@type\":\"ReadAction\",\"target\":[\"https:\/\/www.transtoyou.com\/es\/product\/spedra\/\"]}]},{\"@type\":\"ImageObject\",\"inLanguage\":\"es\",\"@id\":\"https:\/\/www.transtoyou.com\/es\/product\/spedra\/#primaryimage\",\"url\":\"https:\/\/www.transtoyou.com\/es\/wp-content\/uploads\/sites\/14\/2026\/01\/tty-no-product-image-30.webp\",\"contentUrl\":\"https:\/\/www.transtoyou.com\/es\/wp-content\/uploads\/sites\/14\/2026\/01\/tty-no-product-image-30.webp\",\"width\":1000,\"height\":1000,\"caption\":\"Imagen de producto predeterminada\"},{\"@type\":\"WebSite\",\"@id\":\"https:\/\/www.transtoyou.com\/es\/#website\",\"url\":\"https:\/\/www.transtoyou.com\/es\/\",\"name\":\"Transtoyou - ES\",\"description\":\"\",\"publisher\":{\"@id\":\"https:\/\/www.transtoyou.com\/es\/#organization\"},\"potentialAction\":[{\"@type\":\"SearchAction\",\"target\":{\"@type\":\"EntryPoint\",\"urlTemplate\":\"https:\/\/www.transtoyou.com\/es\/?s={search_term_string}\"},\"query-input\":{\"@type\":\"PropertyValueSpecification\",\"valueRequired\":true,\"valueName\":\"search_term_string\"}}],\"inLanguage\":\"es\"},{\"@type\":\"Organization\",\"@id\":\"https:\/\/www.transtoyou.com\/es\/#organization\",\"name\":\"Transtoyou - ES\",\"url\":\"https:\/\/www.transtoyou.com\/es\/\",\"logo\":{\"@type\":\"ImageObject\",\"inLanguage\":\"es\",\"@id\":\"https:\/\/www.transtoyou.com\/es\/#\/schema\/logo\/image\/\",\"url\":\"https:\/\/www.transtoyou.com\/es\/wp-content\/uploads\/sites\/14\/2026\/01\/logo-tty-menu-bar-300x87-1.webp\",\"contentUrl\":\"https:\/\/www.transtoyou.com\/es\/wp-content\/uploads\/sites\/14\/2026\/01\/logo-tty-menu-bar-300x87-1.webp\",\"width\":300,\"height\":87,\"caption\":\"Transtoyou - ES\"},\"image\":{\"@id\":\"https:\/\/www.transtoyou.com\/es\/#\/schema\/logo\/image\/\"}}]}<\/script>\n<!-- \/ Yoast SEO plugin. -->","yoast_head_json":{"title":"Spedra | Soluci\u00f3n R\u00e1pida para la Disfunci\u00f3n Er\u00e9ctil - Transtoyou","description":"Spedra, disponible ahora en Transtoyou. Mejora tu bienestar con este producto \u00fanico. \u00a1Descubre sus beneficios y compra hoy mismo!","robots":{"index":"noindex","follow":"follow","max-snippet":"max-snippet:-1","max-image-preview":"max-image-preview:large","max-video-preview":"max-video-preview:-1"},"og_locale":"es_ES","og_type":"article","og_title":"Spedra | Soluci\u00f3n R\u00e1pida para la Disfunci\u00f3n Er\u00e9ctil - Transtoyou","og_description":"Spedra, disponible ahora en Transtoyou. Mejora tu bienestar con este producto \u00fanico. \u00a1Descubre sus beneficios y compra hoy mismo!","og_url":"https:\/\/www.transtoyou.com\/es\/product\/spedra\/","og_site_name":"Transtoyou - ES","article_modified_time":"2026-03-05T11:31:12+00:00","twitter_card":"summary_large_image","twitter_misc":{"Tiempo de lectura":"1 minuto"},"schema":{"@context":"https:\/\/schema.org","@graph":[{"@type":"WebPage","@id":"https:\/\/www.transtoyou.com\/es\/product\/spedra\/","url":"https:\/\/www.transtoyou.com\/es\/product\/spedra\/","name":"Spedra | Soluci\u00f3n R\u00e1pida para la Disfunci\u00f3n Er\u00e9ctil - Transtoyou","isPartOf":{"@id":"https:\/\/www.transtoyou.com\/es\/#website"},"primaryImageOfPage":{"@id":"https:\/\/www.transtoyou.com\/es\/product\/spedra\/#primaryimage"},"image":{"@id":"https:\/\/www.transtoyou.com\/es\/product\/spedra\/#primaryimage"},"thumbnailUrl":"https:\/\/www.transtoyou.com\/es\/wp-content\/uploads\/sites\/14\/2026\/01\/tty-no-product-image-30.webp","datePublished":"2026-01-23T16:18:53+00:00","dateModified":"2026-03-05T11:31:12+00:00","description":"Spedra, disponible ahora en Transtoyou. Mejora tu bienestar con este producto \u00fanico. \u00a1Descubre sus beneficios y compra hoy mismo!","breadcrumb":{"@id":"https:\/\/www.transtoyou.com\/es\/product\/spedra\/#breadcrumb"},"inLanguage":"es","potentialAction":[{"@type":"ReadAction","target":["https:\/\/www.transtoyou.com\/es\/product\/spedra\/"]}]},{"@type":"ImageObject","inLanguage":"es","@id":"https:\/\/www.transtoyou.com\/es\/product\/spedra\/#primaryimage","url":"https:\/\/www.transtoyou.com\/es\/wp-content\/uploads\/sites\/14\/2026\/01\/tty-no-product-image-30.webp","contentUrl":"https:\/\/www.transtoyou.com\/es\/wp-content\/uploads\/sites\/14\/2026\/01\/tty-no-product-image-30.webp","width":1000,"height":1000,"caption":"Imagen de producto predeterminada"},{"@type":"WebSite","@id":"https:\/\/www.transtoyou.com\/es\/#website","url":"https:\/\/www.transtoyou.com\/es\/","name":"Transtoyou - ES","description":"","publisher":{"@id":"https:\/\/www.transtoyou.com\/es\/#organization"},"potentialAction":[{"@type":"SearchAction","target":{"@type":"EntryPoint","urlTemplate":"https:\/\/www.transtoyou.com\/es\/?s={search_term_string}"},"query-input":{"@type":"PropertyValueSpecification","valueRequired":true,"valueName":"search_term_string"}}],"inLanguage":"es"},{"@type":"Organization","@id":"https:\/\/www.transtoyou.com\/es\/#organization","name":"Transtoyou - ES","url":"https:\/\/www.transtoyou.com\/es\/","logo":{"@type":"ImageObject","inLanguage":"es","@id":"https:\/\/www.transtoyou.com\/es\/#\/schema\/logo\/image\/","url":"https:\/\/www.transtoyou.com\/es\/wp-content\/uploads\/sites\/14\/2026\/01\/logo-tty-menu-bar-300x87-1.webp","contentUrl":"https:\/\/www.transtoyou.com\/es\/wp-content\/uploads\/sites\/14\/2026\/01\/logo-tty-menu-bar-300x87-1.webp","width":300,"height":87,"caption":"Transtoyou - ES"},"image":{"@id":"https:\/\/www.transtoyou.com\/es\/#\/schema\/logo\/image\/"}}]}},"_links":{"self":[{"href":"https:\/\/www.transtoyou.com\/es\/wp-json\/wp\/v2\/product\/577","targetHints":{"allow":["GET"]}}],"collection":[{"href":"https:\/\/www.transtoyou.com\/es\/wp-json\/wp\/v2\/product"}],"about":[{"href":"https:\/\/www.transtoyou.com\/es\/wp-json\/wp\/v2\/types\/product"}],"replies":[{"embeddable":true,"href":"https:\/\/www.transtoyou.com\/es\/wp-json\/wp\/v2\/comments?post=577"}],"wp:featuredmedia":[{"embeddable":true,"href":"https:\/\/www.transtoyou.com\/es\/wp-json\/wp\/v2\/media\/579"}],"wp:attachment":[{"href":"https:\/\/www.transtoyou.com\/es\/wp-json\/wp\/v2\/media?parent=577"}],"wp:term":[{"taxonomy":"product_brand","embeddable":true,"href":"https:\/\/www.transtoyou.com\/es\/wp-json\/wp\/v2\/product_brand?post=577"},{"taxonomy":"product_cat","embeddable":true,"href":"https:\/\/www.transtoyou.com\/es\/wp-json\/wp\/v2\/product_cat?post=577"},{"taxonomy":"product_tag","embeddable":true,"href":"https:\/\/www.transtoyou.com\/es\/wp-json\/wp\/v2\/product_tag?post=577"},{"taxonomy":"expert","embeddable":true,"href":"https:\/\/www.transtoyou.com\/es\/wp-json\/wp\/v2\/expert?post=577"}],"curies":[{"name":"wp","href":"https:\/\/api.w.org\/{rel}","templated":true}]}}