{"id":586,"date":"2026-01-23T17:02:11","date_gmt":"2026-01-23T17:02:11","guid":{"rendered":"https:\/\/www.transtoyou.com\/es\/product\/elidel\/"},"modified":"2026-01-23T17:03:17","modified_gmt":"2026-01-23T17:03:17","slug":"elidel","status":"publish","type":"product","link":"https:\/\/www.transtoyou.com\/es\/product\/elidel\/","title":{"rendered":"Elidel"},"content":{"rendered":"<p>Elidel es una crema utilizada para tratar la dermatitis at\u00f3pica (eczema) de leve a moderada. Pertenece a un grupo de medicamentos llamados inhibidores de la calcineurina t\u00f3picos. A diferencia de los corticosteroides, no adelgaza la piel y es especialmente \u00fatil para \u00e1reas sensibles como la cara, el cuello y los pliegues de la piel.<\/p>\n<p>El pimecrolimus, el ingrediente activo de Elidel, act\u00faa dirigi\u00e9ndose al sistema inmunol\u00f3gico en la piel. Bloquea una enzima espec\u00edfica llamada calcineurina, que es responsable de activar las c\u00e9lulas inflamatorias. Al inhibir este proceso, Elidel reduce la liberaci\u00f3n de sustancias proinflamatorias como las interleucinas y la histamina, ayudando a aliviar el enrojecimiento, la picaz\u00f3n y la hinchaz\u00f3n. Tambi\u00e9n previene la activaci\u00f3n de los mastocitos, que est\u00e1n involucrados en las respuestas al\u00e9rgicas.<\/p>\n<p>Elidel est\u00e1 indicado para personas que no pueden usar corticosteroides o para \u00e1reas donde los esteroides no son adecuados, como la cara o el cuello.<\/p>\n<p>Elidel act\u00faa directamente donde se aplica, y solo peque\u00f1as cantidades entran en el torrente sangu\u00edneo. Ayuda a detener el empeoramiento de los brotes y se puede usar a largo plazo para manejar los brotes recurrentes. Los principales beneficios de Elidel incluyen su efectividad en la reducci\u00f3n de la inflamaci\u00f3n y la picaz\u00f3n, y su idoneidad para \u00e1reas delicadas de la piel.<\/p>\n<p>La mayor\u00eda de los usuarios experimentan mejor\u00eda dentro de las primeras semanas. Se puede usar de manera segura a largo plazo de forma intermitente para manejar los s\u00edntomas y mantener el control sobre el eczema.<\/p>\n","protected":false},"excerpt":{"rendered":"<ul>\n<li>Tratamiento para el eccema sin esteroides<\/li>\n<li>Adecuado para \u00e1reas de piel sensible<\/li>\n<li>Para uso intermitente a largo plazo<\/li>\n<\/ul>\n","protected":false},"featured_media":588,"comment_status":"open","ping_status":"closed","template":"","meta":[],"product_brand":[],"product_cat":[89],"product_tag":[],"expert":[17],"class_list":{"0":"post-586","1":"product","2":"type-product","3":"status-publish","4":"has-post-thumbnail","6":"product_cat-eczema","7":"expert-dr-c-munoz-parada","9":"first","10":"instock","11":"shipping-taxable","12":"product-type-variable"},"yoast_head":"<!-- This site is optimized with the Yoast SEO plugin v27.0 - https:\/\/yoast.com\/product\/yoast-seo-wordpress\/ -->\n<title>Elidel | Alivia el eczema, suave con la piel - Transtoyou<\/title>\n<meta name=\"description\" content=\"La crema Elidel trata el eczema de manera efectiva, combatiendo la inflamaci\u00f3n sin adelgazar la piel. Ideal para \u00e1reas sensibles. Disponible aqu\u00ed para comprar f\u00e1cilmente.\" \/>\n<meta name=\"robots\" content=\"noindex, follow, max-snippet:-1, max-image-preview:large, max-video-preview:-1\" \/>\n<meta property=\"og:locale\" content=\"es_ES\" \/>\n<meta property=\"og:type\" content=\"article\" \/>\n<meta property=\"og:title\" content=\"Elidel | Alivia el eczema, suave con la piel - Transtoyou\" \/>\n<meta property=\"og:description\" content=\"La crema Elidel trata el eczema de manera efectiva, combatiendo la inflamaci\u00f3n sin adelgazar la piel. Ideal para \u00e1reas sensibles. Disponible aqu\u00ed para comprar f\u00e1cilmente.\" \/>\n<meta property=\"og:url\" content=\"https:\/\/www.transtoyou.com\/es\/product\/elidel\/\" \/>\n<meta property=\"og:site_name\" content=\"Transtoyou - ES\" \/>\n<meta property=\"article:modified_time\" content=\"2026-01-23T17:03:17+00:00\" \/>\n<meta name=\"twitter:card\" content=\"summary_large_image\" \/>\n<meta name=\"twitter:label1\" content=\"Tiempo de lectura\" \/>\n\t<meta name=\"twitter:data1\" content=\"1 minuto\" \/>\n<script type=\"application\/ld+json\" class=\"yoast-schema-graph\">{\"@context\":\"https:\/\/schema.org\",\"@graph\":[{\"@type\":\"WebPage\",\"@id\":\"https:\/\/www.transtoyou.com\/es\/product\/elidel\/\",\"url\":\"https:\/\/www.transtoyou.com\/es\/product\/elidel\/\",\"name\":\"Elidel | Alivia el eczema, suave con la piel - Transtoyou\",\"isPartOf\":{\"@id\":\"https:\/\/www.transtoyou.com\/es\/#website\"},\"primaryImageOfPage\":{\"@id\":\"https:\/\/www.transtoyou.com\/es\/product\/elidel\/#primaryimage\"},\"image\":{\"@id\":\"https:\/\/www.transtoyou.com\/es\/product\/elidel\/#primaryimage\"},\"thumbnailUrl\":\"https:\/\/www.transtoyou.com\/es\/wp-content\/uploads\/sites\/14\/2026\/01\/tty-no-product-image-33.webp\",\"datePublished\":\"2026-01-23T17:02:11+00:00\",\"dateModified\":\"2026-01-23T17:03:17+00:00\",\"description\":\"La crema Elidel trata el eczema de manera efectiva, combatiendo la inflamaci\u00f3n sin adelgazar la piel. Ideal para \u00e1reas sensibles. Disponible aqu\u00ed para comprar f\u00e1cilmente.\",\"breadcrumb\":{\"@id\":\"https:\/\/www.transtoyou.com\/es\/product\/elidel\/#breadcrumb\"},\"inLanguage\":\"es\",\"potentialAction\":[{\"@type\":\"ReadAction\",\"target\":[\"https:\/\/www.transtoyou.com\/es\/product\/elidel\/\"]}]},{\"@type\":\"ImageObject\",\"inLanguage\":\"es\",\"@id\":\"https:\/\/www.transtoyou.com\/es\/product\/elidel\/#primaryimage\",\"url\":\"https:\/\/www.transtoyou.com\/es\/wp-content\/uploads\/sites\/14\/2026\/01\/tty-no-product-image-33.webp\",\"contentUrl\":\"https:\/\/www.transtoyou.com\/es\/wp-content\/uploads\/sites\/14\/2026\/01\/tty-no-product-image-33.webp\",\"width\":1000,\"height\":1000,\"caption\":\"Imagen de producto predeterminada\"},{\"@type\":\"WebSite\",\"@id\":\"https:\/\/www.transtoyou.com\/es\/#website\",\"url\":\"https:\/\/www.transtoyou.com\/es\/\",\"name\":\"Transtoyou - ES\",\"description\":\"\",\"publisher\":{\"@id\":\"https:\/\/www.transtoyou.com\/es\/#organization\"},\"potentialAction\":[{\"@type\":\"SearchAction\",\"target\":{\"@type\":\"EntryPoint\",\"urlTemplate\":\"https:\/\/www.transtoyou.com\/es\/?s={search_term_string}\"},\"query-input\":{\"@type\":\"PropertyValueSpecification\",\"valueRequired\":true,\"valueName\":\"search_term_string\"}}],\"inLanguage\":\"es\"},{\"@type\":\"Organization\",\"@id\":\"https:\/\/www.transtoyou.com\/es\/#organization\",\"name\":\"Transtoyou - ES\",\"url\":\"https:\/\/www.transtoyou.com\/es\/\",\"logo\":{\"@type\":\"ImageObject\",\"inLanguage\":\"es\",\"@id\":\"https:\/\/www.transtoyou.com\/es\/#\/schema\/logo\/image\/\",\"url\":\"https:\/\/www.transtoyou.com\/es\/wp-content\/uploads\/sites\/14\/2026\/01\/logo-tty-menu-bar-300x87-1.webp\",\"contentUrl\":\"https:\/\/www.transtoyou.com\/es\/wp-content\/uploads\/sites\/14\/2026\/01\/logo-tty-menu-bar-300x87-1.webp\",\"width\":300,\"height\":87,\"caption\":\"Transtoyou - ES\"},\"image\":{\"@id\":\"https:\/\/www.transtoyou.com\/es\/#\/schema\/logo\/image\/\"}}]}<\/script>\n<!-- \/ Yoast SEO plugin. -->","yoast_head_json":{"title":"Elidel | Alivia el eczema, suave con la piel - Transtoyou","description":"La crema Elidel trata el eczema de manera efectiva, combatiendo la inflamaci\u00f3n sin adelgazar la piel. Ideal para \u00e1reas sensibles. Disponible aqu\u00ed para comprar f\u00e1cilmente.","robots":{"index":"noindex","follow":"follow","max-snippet":"max-snippet:-1","max-image-preview":"max-image-preview:large","max-video-preview":"max-video-preview:-1"},"og_locale":"es_ES","og_type":"article","og_title":"Elidel | Alivia el eczema, suave con la piel - Transtoyou","og_description":"La crema Elidel trata el eczema de manera efectiva, combatiendo la inflamaci\u00f3n sin adelgazar la piel. Ideal para \u00e1reas sensibles. Disponible aqu\u00ed para comprar f\u00e1cilmente.","og_url":"https:\/\/www.transtoyou.com\/es\/product\/elidel\/","og_site_name":"Transtoyou - ES","article_modified_time":"2026-01-23T17:03:17+00:00","twitter_card":"summary_large_image","twitter_misc":{"Tiempo de lectura":"1 minuto"},"schema":{"@context":"https:\/\/schema.org","@graph":[{"@type":"WebPage","@id":"https:\/\/www.transtoyou.com\/es\/product\/elidel\/","url":"https:\/\/www.transtoyou.com\/es\/product\/elidel\/","name":"Elidel | Alivia el eczema, suave con la piel - Transtoyou","isPartOf":{"@id":"https:\/\/www.transtoyou.com\/es\/#website"},"primaryImageOfPage":{"@id":"https:\/\/www.transtoyou.com\/es\/product\/elidel\/#primaryimage"},"image":{"@id":"https:\/\/www.transtoyou.com\/es\/product\/elidel\/#primaryimage"},"thumbnailUrl":"https:\/\/www.transtoyou.com\/es\/wp-content\/uploads\/sites\/14\/2026\/01\/tty-no-product-image-33.webp","datePublished":"2026-01-23T17:02:11+00:00","dateModified":"2026-01-23T17:03:17+00:00","description":"La crema Elidel trata el eczema de manera efectiva, combatiendo la inflamaci\u00f3n sin adelgazar la piel. Ideal para \u00e1reas sensibles. Disponible aqu\u00ed para comprar f\u00e1cilmente.","breadcrumb":{"@id":"https:\/\/www.transtoyou.com\/es\/product\/elidel\/#breadcrumb"},"inLanguage":"es","potentialAction":[{"@type":"ReadAction","target":["https:\/\/www.transtoyou.com\/es\/product\/elidel\/"]}]},{"@type":"ImageObject","inLanguage":"es","@id":"https:\/\/www.transtoyou.com\/es\/product\/elidel\/#primaryimage","url":"https:\/\/www.transtoyou.com\/es\/wp-content\/uploads\/sites\/14\/2026\/01\/tty-no-product-image-33.webp","contentUrl":"https:\/\/www.transtoyou.com\/es\/wp-content\/uploads\/sites\/14\/2026\/01\/tty-no-product-image-33.webp","width":1000,"height":1000,"caption":"Imagen de producto predeterminada"},{"@type":"WebSite","@id":"https:\/\/www.transtoyou.com\/es\/#website","url":"https:\/\/www.transtoyou.com\/es\/","name":"Transtoyou - ES","description":"","publisher":{"@id":"https:\/\/www.transtoyou.com\/es\/#organization"},"potentialAction":[{"@type":"SearchAction","target":{"@type":"EntryPoint","urlTemplate":"https:\/\/www.transtoyou.com\/es\/?s={search_term_string}"},"query-input":{"@type":"PropertyValueSpecification","valueRequired":true,"valueName":"search_term_string"}}],"inLanguage":"es"},{"@type":"Organization","@id":"https:\/\/www.transtoyou.com\/es\/#organization","name":"Transtoyou - ES","url":"https:\/\/www.transtoyou.com\/es\/","logo":{"@type":"ImageObject","inLanguage":"es","@id":"https:\/\/www.transtoyou.com\/es\/#\/schema\/logo\/image\/","url":"https:\/\/www.transtoyou.com\/es\/wp-content\/uploads\/sites\/14\/2026\/01\/logo-tty-menu-bar-300x87-1.webp","contentUrl":"https:\/\/www.transtoyou.com\/es\/wp-content\/uploads\/sites\/14\/2026\/01\/logo-tty-menu-bar-300x87-1.webp","width":300,"height":87,"caption":"Transtoyou - ES"},"image":{"@id":"https:\/\/www.transtoyou.com\/es\/#\/schema\/logo\/image\/"}}]}},"_links":{"self":[{"href":"https:\/\/www.transtoyou.com\/es\/wp-json\/wp\/v2\/product\/586","targetHints":{"allow":["GET"]}}],"collection":[{"href":"https:\/\/www.transtoyou.com\/es\/wp-json\/wp\/v2\/product"}],"about":[{"href":"https:\/\/www.transtoyou.com\/es\/wp-json\/wp\/v2\/types\/product"}],"replies":[{"embeddable":true,"href":"https:\/\/www.transtoyou.com\/es\/wp-json\/wp\/v2\/comments?post=586"}],"wp:featuredmedia":[{"embeddable":true,"href":"https:\/\/www.transtoyou.com\/es\/wp-json\/wp\/v2\/media\/588"}],"wp:attachment":[{"href":"https:\/\/www.transtoyou.com\/es\/wp-json\/wp\/v2\/media?parent=586"}],"wp:term":[{"taxonomy":"product_brand","embeddable":true,"href":"https:\/\/www.transtoyou.com\/es\/wp-json\/wp\/v2\/product_brand?post=586"},{"taxonomy":"product_cat","embeddable":true,"href":"https:\/\/www.transtoyou.com\/es\/wp-json\/wp\/v2\/product_cat?post=586"},{"taxonomy":"product_tag","embeddable":true,"href":"https:\/\/www.transtoyou.com\/es\/wp-json\/wp\/v2\/product_tag?post=586"},{"taxonomy":"expert","embeddable":true,"href":"https:\/\/www.transtoyou.com\/es\/wp-json\/wp\/v2\/expert?post=586"}],"curies":[{"name":"wp","href":"https:\/\/api.w.org\/{rel}","templated":true}]}}