{"id":607,"date":"2026-01-23T18:48:30","date_gmt":"2026-01-23T18:48:30","guid":{"rendered":"https:\/\/www.transtoyou.com\/es\/product\/famenita\/"},"modified":"2026-01-23T18:49:24","modified_gmt":"2026-01-23T18:49:24","slug":"famenita","status":"publish","type":"product","link":"https:\/\/www.transtoyou.com\/es\/product\/famenita\/","title":{"rendered":"Famenita"},"content":{"rendered":"<p>Famenita es una c\u00e1psula blanda que contiene progesterona micronizada, una forma natural de la hormona producida por el cuerpo. Se utiliza para apoyar el equilibrio hormonal en una variedad de situaciones, incluyendo la terapia de reemplazo hormonal (TRH), el manejo del malestar menstrual, el tratamiento de la fertilidad, el alivio de los s\u00edntomas de la menopausia y el tratamiento de la endometriosis.<\/p>\n<p>En la TRH, Famenita se utiliza junto con estr\u00f3geno para proteger el revestimiento del \u00fatero en personas que no han sido sometidas a una histerectom\u00eda. El estr\u00f3geno solo puede hacer que el endometrio se engrose, lo que puede aumentar los riesgos para la salud. Famenita ayuda a contrarrestar esto estabilizando el revestimiento uterino.<\/p>\n<p>En los tratamientos de fertilidad, Famenita apoya la fase l\u00fatea del ciclo menstrual y ayuda a preparar el \u00fatero para el embarazo. Tambi\u00e9n puede ser prescrita para reducir el dolor y regular los ciclos en personas que sufren de endometriosis o per\u00edodos irregulares. Para aquellos que experimentan menopausia o s\u00edntomas premenstruales, Famenita puede aliviar los cambios de humor, la hinchaz\u00f3n y otros malestares relacionados con las hormonas.<\/p>\n<p>Famenita es progesterona bioid\u00e9ntica de origen vegetal que se puede tomar por v\u00eda oral o utilizarse vaginalmente, dependiendo del prop\u00f3sito previsto.<\/p>\n","protected":false},"excerpt":{"rendered":"<ul>\n<li>C\u00e1psula de progesterona natural<\/li>\n<li>Apoya la terapia hormonal, la fertilidad y la regulaci\u00f3n del ciclo<\/li>\n<li>Se puede usar por v\u00eda oral o vaginal<\/li>\n<\/ul>\n","protected":false},"featured_media":609,"comment_status":"open","ping_status":"closed","template":"","meta":[],"product_brand":[],"product_cat":[125,92,100,127,119],"product_tag":[],"expert":[21],"class_list":{"0":"post-607","1":"product","2":"type-product","3":"status-publish","4":"has-post-thumbnail","6":"product_cat-alivio-de-menopausia-y-spm","7":"product_cat-endometriosis","8":"product_cat-fertilidad-y-ovulacion","9":"product_cat-incomodidad-menstrual","10":"product_cat-terapia-de-reemplazo-hormonal-trh","11":"expert-dr-m-sharoyko","13":"first","14":"instock","15":"shipping-taxable","16":"product-type-variable"},"yoast_head":"<!-- This site is optimized with the Yoast SEO plugin v27.0 - https:\/\/yoast.com\/product\/yoast-seo-wordpress\/ -->\n<title>Famenita | Soporte Natural de Hormonas - Transtoyou<\/title>\n<meta name=\"description\" content=\"Famenita, disponible aqu\u00ed, apoya el equilibrio hormonal para la TRT, el alivio menstrual y la endometriosis. Compra ahora una soluci\u00f3n natural de progesterona.\" \/>\n<meta name=\"robots\" content=\"noindex, follow, max-snippet:-1, max-image-preview:large, max-video-preview:-1\" \/>\n<meta property=\"og:locale\" content=\"es_ES\" \/>\n<meta property=\"og:type\" content=\"article\" \/>\n<meta property=\"og:title\" content=\"Famenita | Soporte Natural de Hormonas - Transtoyou\" \/>\n<meta property=\"og:description\" content=\"Famenita, disponible aqu\u00ed, apoya el equilibrio hormonal para la TRT, el alivio menstrual y la endometriosis. Compra ahora una soluci\u00f3n natural de progesterona.\" \/>\n<meta property=\"og:url\" content=\"https:\/\/www.transtoyou.com\/es\/product\/famenita\/\" \/>\n<meta property=\"og:site_name\" content=\"Transtoyou - ES\" \/>\n<meta property=\"article:modified_time\" content=\"2026-01-23T18:49:24+00:00\" \/>\n<meta name=\"twitter:card\" content=\"summary_large_image\" \/>\n<meta name=\"twitter:label1\" content=\"Tiempo de lectura\" \/>\n\t<meta name=\"twitter:data1\" content=\"1 minuto\" \/>\n<script type=\"application\/ld+json\" class=\"yoast-schema-graph\">{\"@context\":\"https:\/\/schema.org\",\"@graph\":[{\"@type\":\"WebPage\",\"@id\":\"https:\/\/www.transtoyou.com\/es\/product\/famenita\/\",\"url\":\"https:\/\/www.transtoyou.com\/es\/product\/famenita\/\",\"name\":\"Famenita | Soporte Natural de Hormonas - Transtoyou\",\"isPartOf\":{\"@id\":\"https:\/\/www.transtoyou.com\/es\/#website\"},\"primaryImageOfPage\":{\"@id\":\"https:\/\/www.transtoyou.com\/es\/product\/famenita\/#primaryimage\"},\"image\":{\"@id\":\"https:\/\/www.transtoyou.com\/es\/product\/famenita\/#primaryimage\"},\"thumbnailUrl\":\"https:\/\/www.transtoyou.com\/es\/wp-content\/uploads\/sites\/14\/2026\/01\/tty-no-product-image-40.webp\",\"datePublished\":\"2026-01-23T18:48:30+00:00\",\"dateModified\":\"2026-01-23T18:49:24+00:00\",\"description\":\"Famenita, disponible aqu\u00ed, apoya el equilibrio hormonal para la TRT, el alivio menstrual y la endometriosis. Compra ahora una soluci\u00f3n natural de progesterona.\",\"breadcrumb\":{\"@id\":\"https:\/\/www.transtoyou.com\/es\/product\/famenita\/#breadcrumb\"},\"inLanguage\":\"es\",\"potentialAction\":[{\"@type\":\"ReadAction\",\"target\":[\"https:\/\/www.transtoyou.com\/es\/product\/famenita\/\"]}]},{\"@type\":\"ImageObject\",\"inLanguage\":\"es\",\"@id\":\"https:\/\/www.transtoyou.com\/es\/product\/famenita\/#primaryimage\",\"url\":\"https:\/\/www.transtoyou.com\/es\/wp-content\/uploads\/sites\/14\/2026\/01\/tty-no-product-image-40.webp\",\"contentUrl\":\"https:\/\/www.transtoyou.com\/es\/wp-content\/uploads\/sites\/14\/2026\/01\/tty-no-product-image-40.webp\",\"width\":1000,\"height\":1000,\"caption\":\"Imagen de producto predeterminada\"},{\"@type\":\"WebSite\",\"@id\":\"https:\/\/www.transtoyou.com\/es\/#website\",\"url\":\"https:\/\/www.transtoyou.com\/es\/\",\"name\":\"Transtoyou - ES\",\"description\":\"\",\"publisher\":{\"@id\":\"https:\/\/www.transtoyou.com\/es\/#organization\"},\"potentialAction\":[{\"@type\":\"SearchAction\",\"target\":{\"@type\":\"EntryPoint\",\"urlTemplate\":\"https:\/\/www.transtoyou.com\/es\/?s={search_term_string}\"},\"query-input\":{\"@type\":\"PropertyValueSpecification\",\"valueRequired\":true,\"valueName\":\"search_term_string\"}}],\"inLanguage\":\"es\"},{\"@type\":\"Organization\",\"@id\":\"https:\/\/www.transtoyou.com\/es\/#organization\",\"name\":\"Transtoyou - ES\",\"url\":\"https:\/\/www.transtoyou.com\/es\/\",\"logo\":{\"@type\":\"ImageObject\",\"inLanguage\":\"es\",\"@id\":\"https:\/\/www.transtoyou.com\/es\/#\/schema\/logo\/image\/\",\"url\":\"https:\/\/www.transtoyou.com\/es\/wp-content\/uploads\/sites\/14\/2026\/01\/logo-tty-menu-bar-300x87-1.webp\",\"contentUrl\":\"https:\/\/www.transtoyou.com\/es\/wp-content\/uploads\/sites\/14\/2026\/01\/logo-tty-menu-bar-300x87-1.webp\",\"width\":300,\"height\":87,\"caption\":\"Transtoyou - ES\"},\"image\":{\"@id\":\"https:\/\/www.transtoyou.com\/es\/#\/schema\/logo\/image\/\"}}]}<\/script>\n<!-- \/ Yoast SEO plugin. -->","yoast_head_json":{"title":"Famenita | Soporte Natural de Hormonas - Transtoyou","description":"Famenita, disponible aqu\u00ed, apoya el equilibrio hormonal para la TRT, el alivio menstrual y la endometriosis. Compra ahora una soluci\u00f3n natural de progesterona.","robots":{"index":"noindex","follow":"follow","max-snippet":"max-snippet:-1","max-image-preview":"max-image-preview:large","max-video-preview":"max-video-preview:-1"},"og_locale":"es_ES","og_type":"article","og_title":"Famenita | Soporte Natural de Hormonas - Transtoyou","og_description":"Famenita, disponible aqu\u00ed, apoya el equilibrio hormonal para la TRT, el alivio menstrual y la endometriosis. Compra ahora una soluci\u00f3n natural de progesterona.","og_url":"https:\/\/www.transtoyou.com\/es\/product\/famenita\/","og_site_name":"Transtoyou - ES","article_modified_time":"2026-01-23T18:49:24+00:00","twitter_card":"summary_large_image","twitter_misc":{"Tiempo de lectura":"1 minuto"},"schema":{"@context":"https:\/\/schema.org","@graph":[{"@type":"WebPage","@id":"https:\/\/www.transtoyou.com\/es\/product\/famenita\/","url":"https:\/\/www.transtoyou.com\/es\/product\/famenita\/","name":"Famenita | Soporte Natural de Hormonas - Transtoyou","isPartOf":{"@id":"https:\/\/www.transtoyou.com\/es\/#website"},"primaryImageOfPage":{"@id":"https:\/\/www.transtoyou.com\/es\/product\/famenita\/#primaryimage"},"image":{"@id":"https:\/\/www.transtoyou.com\/es\/product\/famenita\/#primaryimage"},"thumbnailUrl":"https:\/\/www.transtoyou.com\/es\/wp-content\/uploads\/sites\/14\/2026\/01\/tty-no-product-image-40.webp","datePublished":"2026-01-23T18:48:30+00:00","dateModified":"2026-01-23T18:49:24+00:00","description":"Famenita, disponible aqu\u00ed, apoya el equilibrio hormonal para la TRT, el alivio menstrual y la endometriosis. Compra ahora una soluci\u00f3n natural de progesterona.","breadcrumb":{"@id":"https:\/\/www.transtoyou.com\/es\/product\/famenita\/#breadcrumb"},"inLanguage":"es","potentialAction":[{"@type":"ReadAction","target":["https:\/\/www.transtoyou.com\/es\/product\/famenita\/"]}]},{"@type":"ImageObject","inLanguage":"es","@id":"https:\/\/www.transtoyou.com\/es\/product\/famenita\/#primaryimage","url":"https:\/\/www.transtoyou.com\/es\/wp-content\/uploads\/sites\/14\/2026\/01\/tty-no-product-image-40.webp","contentUrl":"https:\/\/www.transtoyou.com\/es\/wp-content\/uploads\/sites\/14\/2026\/01\/tty-no-product-image-40.webp","width":1000,"height":1000,"caption":"Imagen de producto predeterminada"},{"@type":"WebSite","@id":"https:\/\/www.transtoyou.com\/es\/#website","url":"https:\/\/www.transtoyou.com\/es\/","name":"Transtoyou - ES","description":"","publisher":{"@id":"https:\/\/www.transtoyou.com\/es\/#organization"},"potentialAction":[{"@type":"SearchAction","target":{"@type":"EntryPoint","urlTemplate":"https:\/\/www.transtoyou.com\/es\/?s={search_term_string}"},"query-input":{"@type":"PropertyValueSpecification","valueRequired":true,"valueName":"search_term_string"}}],"inLanguage":"es"},{"@type":"Organization","@id":"https:\/\/www.transtoyou.com\/es\/#organization","name":"Transtoyou - ES","url":"https:\/\/www.transtoyou.com\/es\/","logo":{"@type":"ImageObject","inLanguage":"es","@id":"https:\/\/www.transtoyou.com\/es\/#\/schema\/logo\/image\/","url":"https:\/\/www.transtoyou.com\/es\/wp-content\/uploads\/sites\/14\/2026\/01\/logo-tty-menu-bar-300x87-1.webp","contentUrl":"https:\/\/www.transtoyou.com\/es\/wp-content\/uploads\/sites\/14\/2026\/01\/logo-tty-menu-bar-300x87-1.webp","width":300,"height":87,"caption":"Transtoyou - ES"},"image":{"@id":"https:\/\/www.transtoyou.com\/es\/#\/schema\/logo\/image\/"}}]}},"_links":{"self":[{"href":"https:\/\/www.transtoyou.com\/es\/wp-json\/wp\/v2\/product\/607","targetHints":{"allow":["GET"]}}],"collection":[{"href":"https:\/\/www.transtoyou.com\/es\/wp-json\/wp\/v2\/product"}],"about":[{"href":"https:\/\/www.transtoyou.com\/es\/wp-json\/wp\/v2\/types\/product"}],"replies":[{"embeddable":true,"href":"https:\/\/www.transtoyou.com\/es\/wp-json\/wp\/v2\/comments?post=607"}],"wp:featuredmedia":[{"embeddable":true,"href":"https:\/\/www.transtoyou.com\/es\/wp-json\/wp\/v2\/media\/609"}],"wp:attachment":[{"href":"https:\/\/www.transtoyou.com\/es\/wp-json\/wp\/v2\/media?parent=607"}],"wp:term":[{"taxonomy":"product_brand","embeddable":true,"href":"https:\/\/www.transtoyou.com\/es\/wp-json\/wp\/v2\/product_brand?post=607"},{"taxonomy":"product_cat","embeddable":true,"href":"https:\/\/www.transtoyou.com\/es\/wp-json\/wp\/v2\/product_cat?post=607"},{"taxonomy":"product_tag","embeddable":true,"href":"https:\/\/www.transtoyou.com\/es\/wp-json\/wp\/v2\/product_tag?post=607"},{"taxonomy":"expert","embeddable":true,"href":"https:\/\/www.transtoyou.com\/es\/wp-json\/wp\/v2\/expert?post=607"}],"curies":[{"name":"wp","href":"https:\/\/api.w.org\/{rel}","templated":true}]}}