{"id":616,"date":"2026-01-23T19:31:25","date_gmt":"2026-01-23T19:31:25","guid":{"rendered":"https:\/\/www.transtoyou.com\/es\/product\/mirena\/"},"modified":"2026-01-23T19:32:27","modified_gmt":"2026-01-23T19:32:27","slug":"mirena","status":"publish","type":"product","link":"https:\/\/www.transtoyou.com\/es\/product\/mirena\/","title":{"rendered":"Mirena"},"content":{"rendered":"<p>Mirena es un dispositivo intrauterino que libera hormonas y ofrece anticoncepci\u00f3n de larga duraci\u00f3n, adem\u00e1s de ser utilizado para reducir el sangrado menstrual abundante. Contiene levonorgestrel, un progest\u00e1geno que se libera lentamente en el \u00fatero durante varios a\u00f1os. Una vez colocado, Mirena proporciona una protecci\u00f3n confiable contra el embarazo por hasta cinco a\u00f1os, mientras ayuda a suprimir o reducir el sangrado menstrual.<\/p>\n<p>El dispositivo se coloca en el \u00fatero durante un breve procedimiento en la consulta. Funciona espesando el moco cervical para bloquear los espermatozoides, alterando el revestimiento del \u00fatero para prevenir la implantaci\u00f3n y, en algunas personas, puede suprimir la ovulaci\u00f3n. La hormona se entrega directamente al \u00fatero, por lo que la exposici\u00f3n hormonal sist\u00e9mica se mantiene baja.<\/p>\n<p>Mirena se elige a menudo no solo por sus beneficios anticonceptivos, sino tambi\u00e9n por su capacidad para reducir significativamente el flujo menstrual. Muchos usuarios experimentan per\u00edodos m\u00e1s ligeros y, en algunos casos, los per\u00edodos se detienen por completo. Se utiliza frecuentemente por personas que experimentan per\u00edodos abundantes o dolorosos o que prefieren una soluci\u00f3n a largo plazo y de bajo mantenimiento que evite las p\u00edldoras diarias.<\/p>\n<p>Como un DIU basado en hormonas que no contiene estr\u00f3geno, Mirena es una buena opci\u00f3n para aquellos que no pueden o prefieren no usar anticonceptivos que contengan estr\u00f3geno. Se puede retirar en cualquier momento, y la fertilidad generalmente regresa r\u00e1pidamente despu\u00e9s de la extracci\u00f3n.<\/p>\n","protected":false},"excerpt":{"rendered":"<ul>\n<li>DIU hormonal por hasta 5 a\u00f1os<\/li>\n<li>Reduce o detiene la menstruaci\u00f3n<\/li>\n<li>Opci\u00f3n anticonceptiva sin estr\u00f3genos<\/li>\n<\/ul>\n","protected":false},"featured_media":617,"comment_status":"open","ping_status":"closed","template":"","meta":[],"product_brand":[],"product_cat":[121,128],"product_tag":[],"expert":[19],"class_list":{"0":"post-616","1":"product","2":"type-product","3":"status-publish","4":"has-post-thumbnail","6":"product_cat-dispositivo-intrauterino-diu","7":"product_cat-supresion-menstrual","8":"expert-dr-j-vazquez","10":"first","11":"instock","12":"shipping-taxable","13":"product-type-simple"},"yoast_head":"<!-- This site is optimized with the Yoast SEO plugin v27.0 - https:\/\/yoast.com\/product\/yoast-seo-wordpress\/ -->\n<title>Mirena | Soluci\u00f3n Efectiva de Anticoncepci\u00f3n - Transtoyou<\/title>\n<meta name=\"description\" content=\"Mirena: Soluci\u00f3n anticonceptiva confiable disponible aqu\u00ed. Descubre sus beneficios y compra hoy en Transtoyou para un acceso a la salud conveniente y de confianza.\" \/>\n<meta name=\"robots\" content=\"noindex, follow, max-snippet:-1, max-image-preview:large, max-video-preview:-1\" \/>\n<meta property=\"og:locale\" content=\"es_ES\" \/>\n<meta property=\"og:type\" content=\"article\" \/>\n<meta property=\"og:title\" content=\"Mirena | Soluci\u00f3n Efectiva de Anticoncepci\u00f3n - Transtoyou\" \/>\n<meta property=\"og:description\" content=\"Mirena: Soluci\u00f3n anticonceptiva confiable disponible aqu\u00ed. Descubre sus beneficios y compra hoy en Transtoyou para un acceso a la salud conveniente y de confianza.\" \/>\n<meta property=\"og:url\" content=\"https:\/\/www.transtoyou.com\/es\/product\/mirena\/\" \/>\n<meta property=\"og:site_name\" content=\"Transtoyou - ES\" \/>\n<meta property=\"article:modified_time\" content=\"2026-01-23T19:32:27+00:00\" \/>\n<meta name=\"twitter:card\" content=\"summary_large_image\" \/>\n<meta name=\"twitter:label1\" content=\"Tiempo de lectura\" \/>\n\t<meta name=\"twitter:data1\" content=\"1 minuto\" \/>\n<script type=\"application\/ld+json\" class=\"yoast-schema-graph\">{\"@context\":\"https:\/\/schema.org\",\"@graph\":[{\"@type\":\"WebPage\",\"@id\":\"https:\/\/www.transtoyou.com\/es\/product\/mirena\/\",\"url\":\"https:\/\/www.transtoyou.com\/es\/product\/mirena\/\",\"name\":\"Mirena | Soluci\u00f3n Efectiva de Anticoncepci\u00f3n - Transtoyou\",\"isPartOf\":{\"@id\":\"https:\/\/www.transtoyou.com\/es\/#website\"},\"primaryImageOfPage\":{\"@id\":\"https:\/\/www.transtoyou.com\/es\/product\/mirena\/#primaryimage\"},\"image\":{\"@id\":\"https:\/\/www.transtoyou.com\/es\/product\/mirena\/#primaryimage\"},\"thumbnailUrl\":\"https:\/\/www.transtoyou.com\/es\/wp-content\/uploads\/sites\/14\/2026\/01\/tty-no-product-image-43.webp\",\"datePublished\":\"2026-01-23T19:31:25+00:00\",\"dateModified\":\"2026-01-23T19:32:27+00:00\",\"description\":\"Mirena: Soluci\u00f3n anticonceptiva confiable disponible aqu\u00ed. Descubre sus beneficios y compra hoy en Transtoyou para un acceso a la salud conveniente y de confianza.\",\"breadcrumb\":{\"@id\":\"https:\/\/www.transtoyou.com\/es\/product\/mirena\/#breadcrumb\"},\"inLanguage\":\"es\",\"potentialAction\":[{\"@type\":\"ReadAction\",\"target\":[\"https:\/\/www.transtoyou.com\/es\/product\/mirena\/\"]}]},{\"@type\":\"ImageObject\",\"inLanguage\":\"es\",\"@id\":\"https:\/\/www.transtoyou.com\/es\/product\/mirena\/#primaryimage\",\"url\":\"https:\/\/www.transtoyou.com\/es\/wp-content\/uploads\/sites\/14\/2026\/01\/tty-no-product-image-43.webp\",\"contentUrl\":\"https:\/\/www.transtoyou.com\/es\/wp-content\/uploads\/sites\/14\/2026\/01\/tty-no-product-image-43.webp\",\"width\":1000,\"height\":1000,\"caption\":\"Imagen de producto predeterminada\"},{\"@type\":\"WebSite\",\"@id\":\"https:\/\/www.transtoyou.com\/es\/#website\",\"url\":\"https:\/\/www.transtoyou.com\/es\/\",\"name\":\"Transtoyou - ES\",\"description\":\"\",\"publisher\":{\"@id\":\"https:\/\/www.transtoyou.com\/es\/#organization\"},\"potentialAction\":[{\"@type\":\"SearchAction\",\"target\":{\"@type\":\"EntryPoint\",\"urlTemplate\":\"https:\/\/www.transtoyou.com\/es\/?s={search_term_string}\"},\"query-input\":{\"@type\":\"PropertyValueSpecification\",\"valueRequired\":true,\"valueName\":\"search_term_string\"}}],\"inLanguage\":\"es\"},{\"@type\":\"Organization\",\"@id\":\"https:\/\/www.transtoyou.com\/es\/#organization\",\"name\":\"Transtoyou - ES\",\"url\":\"https:\/\/www.transtoyou.com\/es\/\",\"logo\":{\"@type\":\"ImageObject\",\"inLanguage\":\"es\",\"@id\":\"https:\/\/www.transtoyou.com\/es\/#\/schema\/logo\/image\/\",\"url\":\"https:\/\/www.transtoyou.com\/es\/wp-content\/uploads\/sites\/14\/2026\/01\/logo-tty-menu-bar-300x87-1.webp\",\"contentUrl\":\"https:\/\/www.transtoyou.com\/es\/wp-content\/uploads\/sites\/14\/2026\/01\/logo-tty-menu-bar-300x87-1.webp\",\"width\":300,\"height\":87,\"caption\":\"Transtoyou - ES\"},\"image\":{\"@id\":\"https:\/\/www.transtoyou.com\/es\/#\/schema\/logo\/image\/\"}}]}<\/script>\n<!-- \/ Yoast SEO plugin. -->","yoast_head_json":{"title":"Mirena | Soluci\u00f3n Efectiva de Anticoncepci\u00f3n - Transtoyou","description":"Mirena: Soluci\u00f3n anticonceptiva confiable disponible aqu\u00ed. Descubre sus beneficios y compra hoy en Transtoyou para un acceso a la salud conveniente y de confianza.","robots":{"index":"noindex","follow":"follow","max-snippet":"max-snippet:-1","max-image-preview":"max-image-preview:large","max-video-preview":"max-video-preview:-1"},"og_locale":"es_ES","og_type":"article","og_title":"Mirena | Soluci\u00f3n Efectiva de Anticoncepci\u00f3n - Transtoyou","og_description":"Mirena: Soluci\u00f3n anticonceptiva confiable disponible aqu\u00ed. Descubre sus beneficios y compra hoy en Transtoyou para un acceso a la salud conveniente y de confianza.","og_url":"https:\/\/www.transtoyou.com\/es\/product\/mirena\/","og_site_name":"Transtoyou - ES","article_modified_time":"2026-01-23T19:32:27+00:00","twitter_card":"summary_large_image","twitter_misc":{"Tiempo de lectura":"1 minuto"},"schema":{"@context":"https:\/\/schema.org","@graph":[{"@type":"WebPage","@id":"https:\/\/www.transtoyou.com\/es\/product\/mirena\/","url":"https:\/\/www.transtoyou.com\/es\/product\/mirena\/","name":"Mirena | Soluci\u00f3n Efectiva de Anticoncepci\u00f3n - Transtoyou","isPartOf":{"@id":"https:\/\/www.transtoyou.com\/es\/#website"},"primaryImageOfPage":{"@id":"https:\/\/www.transtoyou.com\/es\/product\/mirena\/#primaryimage"},"image":{"@id":"https:\/\/www.transtoyou.com\/es\/product\/mirena\/#primaryimage"},"thumbnailUrl":"https:\/\/www.transtoyou.com\/es\/wp-content\/uploads\/sites\/14\/2026\/01\/tty-no-product-image-43.webp","datePublished":"2026-01-23T19:31:25+00:00","dateModified":"2026-01-23T19:32:27+00:00","description":"Mirena: Soluci\u00f3n anticonceptiva confiable disponible aqu\u00ed. Descubre sus beneficios y compra hoy en Transtoyou para un acceso a la salud conveniente y de confianza.","breadcrumb":{"@id":"https:\/\/www.transtoyou.com\/es\/product\/mirena\/#breadcrumb"},"inLanguage":"es","potentialAction":[{"@type":"ReadAction","target":["https:\/\/www.transtoyou.com\/es\/product\/mirena\/"]}]},{"@type":"ImageObject","inLanguage":"es","@id":"https:\/\/www.transtoyou.com\/es\/product\/mirena\/#primaryimage","url":"https:\/\/www.transtoyou.com\/es\/wp-content\/uploads\/sites\/14\/2026\/01\/tty-no-product-image-43.webp","contentUrl":"https:\/\/www.transtoyou.com\/es\/wp-content\/uploads\/sites\/14\/2026\/01\/tty-no-product-image-43.webp","width":1000,"height":1000,"caption":"Imagen de producto predeterminada"},{"@type":"WebSite","@id":"https:\/\/www.transtoyou.com\/es\/#website","url":"https:\/\/www.transtoyou.com\/es\/","name":"Transtoyou - ES","description":"","publisher":{"@id":"https:\/\/www.transtoyou.com\/es\/#organization"},"potentialAction":[{"@type":"SearchAction","target":{"@type":"EntryPoint","urlTemplate":"https:\/\/www.transtoyou.com\/es\/?s={search_term_string}"},"query-input":{"@type":"PropertyValueSpecification","valueRequired":true,"valueName":"search_term_string"}}],"inLanguage":"es"},{"@type":"Organization","@id":"https:\/\/www.transtoyou.com\/es\/#organization","name":"Transtoyou - ES","url":"https:\/\/www.transtoyou.com\/es\/","logo":{"@type":"ImageObject","inLanguage":"es","@id":"https:\/\/www.transtoyou.com\/es\/#\/schema\/logo\/image\/","url":"https:\/\/www.transtoyou.com\/es\/wp-content\/uploads\/sites\/14\/2026\/01\/logo-tty-menu-bar-300x87-1.webp","contentUrl":"https:\/\/www.transtoyou.com\/es\/wp-content\/uploads\/sites\/14\/2026\/01\/logo-tty-menu-bar-300x87-1.webp","width":300,"height":87,"caption":"Transtoyou - ES"},"image":{"@id":"https:\/\/www.transtoyou.com\/es\/#\/schema\/logo\/image\/"}}]}},"_links":{"self":[{"href":"https:\/\/www.transtoyou.com\/es\/wp-json\/wp\/v2\/product\/616","targetHints":{"allow":["GET"]}}],"collection":[{"href":"https:\/\/www.transtoyou.com\/es\/wp-json\/wp\/v2\/product"}],"about":[{"href":"https:\/\/www.transtoyou.com\/es\/wp-json\/wp\/v2\/types\/product"}],"replies":[{"embeddable":true,"href":"https:\/\/www.transtoyou.com\/es\/wp-json\/wp\/v2\/comments?post=616"}],"wp:featuredmedia":[{"embeddable":true,"href":"https:\/\/www.transtoyou.com\/es\/wp-json\/wp\/v2\/media\/617"}],"wp:attachment":[{"href":"https:\/\/www.transtoyou.com\/es\/wp-json\/wp\/v2\/media?parent=616"}],"wp:term":[{"taxonomy":"product_brand","embeddable":true,"href":"https:\/\/www.transtoyou.com\/es\/wp-json\/wp\/v2\/product_brand?post=616"},{"taxonomy":"product_cat","embeddable":true,"href":"https:\/\/www.transtoyou.com\/es\/wp-json\/wp\/v2\/product_cat?post=616"},{"taxonomy":"product_tag","embeddable":true,"href":"https:\/\/www.transtoyou.com\/es\/wp-json\/wp\/v2\/product_tag?post=616"},{"taxonomy":"expert","embeddable":true,"href":"https:\/\/www.transtoyou.com\/es\/wp-json\/wp\/v2\/expert?post=616"}],"curies":[{"name":"wp","href":"https:\/\/api.w.org\/{rel}","templated":true}]}}