{"id":618,"date":"2026-01-23T19:45:37","date_gmt":"2026-01-23T19:45:37","guid":{"rendered":"https:\/\/www.transtoyou.com\/es\/product\/kyleena\/"},"modified":"2026-01-23T19:46:31","modified_gmt":"2026-01-23T19:46:31","slug":"kyleena","status":"publish","type":"product","link":"https:\/\/www.transtoyou.com\/es\/product\/kyleena\/","title":{"rendered":"Kyleena"},"content":{"rendered":"<p>Kyleena es un peque\u00f1o y flexible dispositivo intrauterino que libera una baja dosis de la hormona levonorgestrel directamente en el \u00fatero. Proporciona anticoncepci\u00f3n reversible de larga duraci\u00f3n por hasta cinco a\u00f1os y est\u00e1 entre los m\u00e9todos anticonceptivos m\u00e1s efectivos disponibles. Una vez colocado, Kyleena funciona de manera continua sin requerir atenci\u00f3n diaria.<\/p>\n<p>El dispositivo se coloca dentro del \u00fatero durante un procedimiento simple. Libera lentamente levonorgestrel, que espesa el moco cervical para evitar que los espermatozoides lleguen al \u00f3vulo y tambi\u00e9n puede suprimir la ovulaci\u00f3n en algunas personas. La hormona se libera localmente en peque\u00f1as cantidades, lo que reduce la probabilidad de efectos secundarios sist\u00e9micos.<\/p>\n<p>Kyleena es m\u00e1s peque\u00f1o que algunos otros DIU y a menudo es elegido por personas que prefieren una opci\u00f3n hormonal de baja dosis o que no han tenido hijos. Es efectivo dentro de las 24 horas posteriores a la colocaci\u00f3n y se puede retirar en cualquier momento, permitiendo que la fertilidad regrese r\u00e1pidamente. A diferencia de las p\u00edldoras diarias o las inyecciones, Kyleena ofrece protecci\u00f3n continua sin requerir acci\u00f3n regular por parte del usuario.<\/p>\n<p>Este DIU es un m\u00e9todo discreto y altamente confiable de anticoncepci\u00f3n que permite a los usuarios evitar el estr\u00f3geno y optar por una soluci\u00f3n a largo plazo y de bajo mantenimiento. Kyleena no contiene cobre y no est\u00e1 destinado para la anticoncepci\u00f3n de emergencia. Puedes solicitar Kyleena en Transtoyou, pero debes hacer una cita con un profesional que pueda colocarte el DIU.<\/p>\n","protected":false},"excerpt":{"rendered":"<ul>\n<li>DIU hormonal de acci\u00f3n prolongada<\/li>\n<li>Efectivo hasta cinco a\u00f1os<\/li>\n<li>Baja dosis y libre de estr\u00f3genos<\/li>\n<\/ul>\n","protected":false},"featured_media":620,"comment_status":"open","ping_status":"closed","template":"","meta":[],"product_brand":[],"product_cat":[121,128],"product_tag":[],"expert":[19],"class_list":{"0":"post-618","1":"product","2":"type-product","3":"status-publish","4":"has-post-thumbnail","6":"product_cat-dispositivo-intrauterino-diu","7":"product_cat-supresion-menstrual","8":"expert-dr-j-vazquez","10":"first","11":"instock","12":"shipping-taxable","13":"product-type-variable"},"yoast_head":"<!-- This site is optimized with the Yoast SEO plugin v27.0 - https:\/\/yoast.com\/product\/yoast-seo-wordpress\/ -->\n<title>Kyleena | Anticoncepci\u00f3n Efectiva a Largo Plazo - Transtoyou<\/title>\n<meta name=\"description\" content=\"Kyleena, disponible en Transtoyou, ofrece anticoncepci\u00f3n confiable a largo plazo. Descubre sus beneficios hoy para una soluci\u00f3n de planificaci\u00f3n familiar de confianza.\" \/>\n<meta name=\"robots\" content=\"noindex, follow, max-snippet:-1, max-image-preview:large, max-video-preview:-1\" \/>\n<meta property=\"og:locale\" content=\"es_ES\" \/>\n<meta property=\"og:type\" content=\"article\" \/>\n<meta property=\"og:title\" content=\"Kyleena | Anticoncepci\u00f3n Efectiva a Largo Plazo - Transtoyou\" \/>\n<meta property=\"og:description\" content=\"Kyleena, disponible en Transtoyou, ofrece anticoncepci\u00f3n confiable a largo plazo. Descubre sus beneficios hoy para una soluci\u00f3n de planificaci\u00f3n familiar de confianza.\" \/>\n<meta property=\"og:url\" content=\"https:\/\/www.transtoyou.com\/es\/product\/kyleena\/\" \/>\n<meta property=\"og:site_name\" content=\"Transtoyou - ES\" \/>\n<meta property=\"article:modified_time\" content=\"2026-01-23T19:46:31+00:00\" \/>\n<meta name=\"twitter:card\" content=\"summary_large_image\" \/>\n<meta name=\"twitter:label1\" content=\"Tiempo de lectura\" \/>\n\t<meta name=\"twitter:data1\" content=\"1 minuto\" \/>\n<script type=\"application\/ld+json\" class=\"yoast-schema-graph\">{\"@context\":\"https:\/\/schema.org\",\"@graph\":[{\"@type\":\"WebPage\",\"@id\":\"https:\/\/www.transtoyou.com\/es\/product\/kyleena\/\",\"url\":\"https:\/\/www.transtoyou.com\/es\/product\/kyleena\/\",\"name\":\"Kyleena | Anticoncepci\u00f3n Efectiva a Largo Plazo - Transtoyou\",\"isPartOf\":{\"@id\":\"https:\/\/www.transtoyou.com\/es\/#website\"},\"primaryImageOfPage\":{\"@id\":\"https:\/\/www.transtoyou.com\/es\/product\/kyleena\/#primaryimage\"},\"image\":{\"@id\":\"https:\/\/www.transtoyou.com\/es\/product\/kyleena\/#primaryimage\"},\"thumbnailUrl\":\"https:\/\/www.transtoyou.com\/es\/wp-content\/uploads\/sites\/14\/2026\/01\/tty-no-product-image-44.webp\",\"datePublished\":\"2026-01-23T19:45:37+00:00\",\"dateModified\":\"2026-01-23T19:46:31+00:00\",\"description\":\"Kyleena, disponible en Transtoyou, ofrece anticoncepci\u00f3n confiable a largo plazo. Descubre sus beneficios hoy para una soluci\u00f3n de planificaci\u00f3n familiar de confianza.\",\"breadcrumb\":{\"@id\":\"https:\/\/www.transtoyou.com\/es\/product\/kyleena\/#breadcrumb\"},\"inLanguage\":\"es\",\"potentialAction\":[{\"@type\":\"ReadAction\",\"target\":[\"https:\/\/www.transtoyou.com\/es\/product\/kyleena\/\"]}]},{\"@type\":\"ImageObject\",\"inLanguage\":\"es\",\"@id\":\"https:\/\/www.transtoyou.com\/es\/product\/kyleena\/#primaryimage\",\"url\":\"https:\/\/www.transtoyou.com\/es\/wp-content\/uploads\/sites\/14\/2026\/01\/tty-no-product-image-44.webp\",\"contentUrl\":\"https:\/\/www.transtoyou.com\/es\/wp-content\/uploads\/sites\/14\/2026\/01\/tty-no-product-image-44.webp\",\"width\":1000,\"height\":1000,\"caption\":\"Imagen de producto predeterminada\"},{\"@type\":\"WebSite\",\"@id\":\"https:\/\/www.transtoyou.com\/es\/#website\",\"url\":\"https:\/\/www.transtoyou.com\/es\/\",\"name\":\"Transtoyou - ES\",\"description\":\"\",\"publisher\":{\"@id\":\"https:\/\/www.transtoyou.com\/es\/#organization\"},\"potentialAction\":[{\"@type\":\"SearchAction\",\"target\":{\"@type\":\"EntryPoint\",\"urlTemplate\":\"https:\/\/www.transtoyou.com\/es\/?s={search_term_string}\"},\"query-input\":{\"@type\":\"PropertyValueSpecification\",\"valueRequired\":true,\"valueName\":\"search_term_string\"}}],\"inLanguage\":\"es\"},{\"@type\":\"Organization\",\"@id\":\"https:\/\/www.transtoyou.com\/es\/#organization\",\"name\":\"Transtoyou - ES\",\"url\":\"https:\/\/www.transtoyou.com\/es\/\",\"logo\":{\"@type\":\"ImageObject\",\"inLanguage\":\"es\",\"@id\":\"https:\/\/www.transtoyou.com\/es\/#\/schema\/logo\/image\/\",\"url\":\"https:\/\/www.transtoyou.com\/es\/wp-content\/uploads\/sites\/14\/2026\/01\/logo-tty-menu-bar-300x87-1.webp\",\"contentUrl\":\"https:\/\/www.transtoyou.com\/es\/wp-content\/uploads\/sites\/14\/2026\/01\/logo-tty-menu-bar-300x87-1.webp\",\"width\":300,\"height\":87,\"caption\":\"Transtoyou - ES\"},\"image\":{\"@id\":\"https:\/\/www.transtoyou.com\/es\/#\/schema\/logo\/image\/\"}}]}<\/script>\n<!-- \/ Yoast SEO plugin. -->","yoast_head_json":{"title":"Kyleena | Anticoncepci\u00f3n Efectiva a Largo Plazo - Transtoyou","description":"Kyleena, disponible en Transtoyou, ofrece anticoncepci\u00f3n confiable a largo plazo. Descubre sus beneficios hoy para una soluci\u00f3n de planificaci\u00f3n familiar de confianza.","robots":{"index":"noindex","follow":"follow","max-snippet":"max-snippet:-1","max-image-preview":"max-image-preview:large","max-video-preview":"max-video-preview:-1"},"og_locale":"es_ES","og_type":"article","og_title":"Kyleena | Anticoncepci\u00f3n Efectiva a Largo Plazo - Transtoyou","og_description":"Kyleena, disponible en Transtoyou, ofrece anticoncepci\u00f3n confiable a largo plazo. Descubre sus beneficios hoy para una soluci\u00f3n de planificaci\u00f3n familiar de confianza.","og_url":"https:\/\/www.transtoyou.com\/es\/product\/kyleena\/","og_site_name":"Transtoyou - ES","article_modified_time":"2026-01-23T19:46:31+00:00","twitter_card":"summary_large_image","twitter_misc":{"Tiempo de lectura":"1 minuto"},"schema":{"@context":"https:\/\/schema.org","@graph":[{"@type":"WebPage","@id":"https:\/\/www.transtoyou.com\/es\/product\/kyleena\/","url":"https:\/\/www.transtoyou.com\/es\/product\/kyleena\/","name":"Kyleena | Anticoncepci\u00f3n Efectiva a Largo Plazo - Transtoyou","isPartOf":{"@id":"https:\/\/www.transtoyou.com\/es\/#website"},"primaryImageOfPage":{"@id":"https:\/\/www.transtoyou.com\/es\/product\/kyleena\/#primaryimage"},"image":{"@id":"https:\/\/www.transtoyou.com\/es\/product\/kyleena\/#primaryimage"},"thumbnailUrl":"https:\/\/www.transtoyou.com\/es\/wp-content\/uploads\/sites\/14\/2026\/01\/tty-no-product-image-44.webp","datePublished":"2026-01-23T19:45:37+00:00","dateModified":"2026-01-23T19:46:31+00:00","description":"Kyleena, disponible en Transtoyou, ofrece anticoncepci\u00f3n confiable a largo plazo. Descubre sus beneficios hoy para una soluci\u00f3n de planificaci\u00f3n familiar de confianza.","breadcrumb":{"@id":"https:\/\/www.transtoyou.com\/es\/product\/kyleena\/#breadcrumb"},"inLanguage":"es","potentialAction":[{"@type":"ReadAction","target":["https:\/\/www.transtoyou.com\/es\/product\/kyleena\/"]}]},{"@type":"ImageObject","inLanguage":"es","@id":"https:\/\/www.transtoyou.com\/es\/product\/kyleena\/#primaryimage","url":"https:\/\/www.transtoyou.com\/es\/wp-content\/uploads\/sites\/14\/2026\/01\/tty-no-product-image-44.webp","contentUrl":"https:\/\/www.transtoyou.com\/es\/wp-content\/uploads\/sites\/14\/2026\/01\/tty-no-product-image-44.webp","width":1000,"height":1000,"caption":"Imagen de producto predeterminada"},{"@type":"WebSite","@id":"https:\/\/www.transtoyou.com\/es\/#website","url":"https:\/\/www.transtoyou.com\/es\/","name":"Transtoyou - ES","description":"","publisher":{"@id":"https:\/\/www.transtoyou.com\/es\/#organization"},"potentialAction":[{"@type":"SearchAction","target":{"@type":"EntryPoint","urlTemplate":"https:\/\/www.transtoyou.com\/es\/?s={search_term_string}"},"query-input":{"@type":"PropertyValueSpecification","valueRequired":true,"valueName":"search_term_string"}}],"inLanguage":"es"},{"@type":"Organization","@id":"https:\/\/www.transtoyou.com\/es\/#organization","name":"Transtoyou - ES","url":"https:\/\/www.transtoyou.com\/es\/","logo":{"@type":"ImageObject","inLanguage":"es","@id":"https:\/\/www.transtoyou.com\/es\/#\/schema\/logo\/image\/","url":"https:\/\/www.transtoyou.com\/es\/wp-content\/uploads\/sites\/14\/2026\/01\/logo-tty-menu-bar-300x87-1.webp","contentUrl":"https:\/\/www.transtoyou.com\/es\/wp-content\/uploads\/sites\/14\/2026\/01\/logo-tty-menu-bar-300x87-1.webp","width":300,"height":87,"caption":"Transtoyou - ES"},"image":{"@id":"https:\/\/www.transtoyou.com\/es\/#\/schema\/logo\/image\/"}}]}},"_links":{"self":[{"href":"https:\/\/www.transtoyou.com\/es\/wp-json\/wp\/v2\/product\/618","targetHints":{"allow":["GET"]}}],"collection":[{"href":"https:\/\/www.transtoyou.com\/es\/wp-json\/wp\/v2\/product"}],"about":[{"href":"https:\/\/www.transtoyou.com\/es\/wp-json\/wp\/v2\/types\/product"}],"replies":[{"embeddable":true,"href":"https:\/\/www.transtoyou.com\/es\/wp-json\/wp\/v2\/comments?post=618"}],"wp:featuredmedia":[{"embeddable":true,"href":"https:\/\/www.transtoyou.com\/es\/wp-json\/wp\/v2\/media\/620"}],"wp:attachment":[{"href":"https:\/\/www.transtoyou.com\/es\/wp-json\/wp\/v2\/media?parent=618"}],"wp:term":[{"taxonomy":"product_brand","embeddable":true,"href":"https:\/\/www.transtoyou.com\/es\/wp-json\/wp\/v2\/product_brand?post=618"},{"taxonomy":"product_cat","embeddable":true,"href":"https:\/\/www.transtoyou.com\/es\/wp-json\/wp\/v2\/product_cat?post=618"},{"taxonomy":"product_tag","embeddable":true,"href":"https:\/\/www.transtoyou.com\/es\/wp-json\/wp\/v2\/product_tag?post=618"},{"taxonomy":"expert","embeddable":true,"href":"https:\/\/www.transtoyou.com\/es\/wp-json\/wp\/v2\/expert?post=618"}],"curies":[{"name":"wp","href":"https:\/\/api.w.org\/{rel}","templated":true}]}}