{"id":621,"date":"2026-01-23T20:00:18","date_gmt":"2026-01-23T20:00:18","guid":{"rendered":"https:\/\/www.transtoyou.com\/es\/product\/zumenon\/"},"modified":"2026-01-23T20:01:18","modified_gmt":"2026-01-23T20:01:18","slug":"zumenon","status":"publish","type":"product","link":"https:\/\/www.transtoyou.com\/es\/product\/zumenon\/","title":{"rendered":"Zumenon"},"content":{"rendered":"<p>Zumenon es un medicamento de prescripci\u00f3n para la terapia de reemplazo hormonal. Cada tableta contiene estradiol, una forma de estr\u00f3geno id\u00e9ntica a la que se produce de forma natural en el cuerpo. Se utiliza para tratar los s\u00edntomas de deficiencia de estr\u00f3geno en personas que han pasado por la menopausia y tambi\u00e9n puede usarse en terapia hormonal de estr\u00f3geno y feminizaci\u00f3n.<\/p>\n<p>Para las personas que experimentan la menopausia, Zumenon ayuda a reducir s\u00edntomas como los sofocos, sudores nocturnos, cambios de humor y sequedad vaginal. Estos s\u00edntomas son a menudo el resultado de la disminuci\u00f3n de los niveles de estr\u00f3geno. Al restaurar los niveles de estradiol, Zumenon apoya el equilibrio hormonal y mejora la comodidad durante el per\u00edodo posmenop\u00e1usico.<\/p>\n<p>Zumenon tambi\u00e9n se utiliza en el contexto de la terapia hormonal afirmativa de g\u00e9nero. En mujeres trans, el estradiol en Zumenon puede apoyar los cambios f\u00edsicos feminizantes, incluyendo la redistribuci\u00f3n de grasa, el suavizado de la piel y el desarrollo de senos. El formato oral puede ser preferido por las personas que desean un m\u00e9todo de administraci\u00f3n simple y familiar.<\/p>\n<p>Zumenon se toma t\u00edpicamente una vez al d\u00eda, y la dosis puede ajustarse seg\u00fan los objetivos de tratamiento individuales. Puede usarse solo o junto con un progest\u00e1geno para las personas que tienen un \u00fatero. Ya sea para la menopausia o la transici\u00f3n de g\u00e9nero, Zumenon ofrece una forma sencilla de complementar los niveles de estr\u00f3geno y apoyar el equilibrio hormonal a largo plazo.<\/p>\n","protected":false},"excerpt":{"rendered":"<ul>\n<li>Tableta de estr\u00f3geno oral diaria<\/li>\n<li>Utilizada para la menopausia y la transici\u00f3n<\/li>\n<li>Apoya el equilibrio hormonal<\/li>\n<\/ul>\n","protected":false},"featured_media":623,"comment_status":"open","ping_status":"closed","template":"","meta":[],"product_brand":[],"product_cat":[96,119],"product_tag":[],"expert":[19],"class_list":{"0":"post-621","1":"product","2":"type-product","3":"status-publish","4":"has-post-thumbnail","6":"product_cat-terapia-de-estrogenos-y-feminizacion","7":"product_cat-terapia-de-reemplazo-hormonal-trh","8":"expert-dr-j-vazquez","10":"first","11":"instock","12":"shipping-taxable","13":"product-type-variable"},"yoast_head":"<!-- This site is optimized with the Yoast SEO plugin v27.0 - https:\/\/yoast.com\/product\/yoast-seo-wordpress\/ -->\n<title>Zumenon | Soporte para el Equilibrio Hormonal - Transtoyou<\/title>\n<meta name=\"description\" content=\"Zumenon, disponible aqu\u00ed, ofrece beneficios de terapia hormonal. Compra ahora para un alivio efectivo y un bienestar mejorado con el servicio de confianza de Transtoyou.\" \/>\n<meta name=\"robots\" content=\"noindex, follow, max-snippet:-1, max-image-preview:large, max-video-preview:-1\" \/>\n<meta property=\"og:locale\" content=\"es_ES\" \/>\n<meta property=\"og:type\" content=\"article\" \/>\n<meta property=\"og:title\" content=\"Zumenon | Soporte para el Equilibrio Hormonal - Transtoyou\" \/>\n<meta property=\"og:description\" content=\"Zumenon, disponible aqu\u00ed, ofrece beneficios de terapia hormonal. Compra ahora para un alivio efectivo y un bienestar mejorado con el servicio de confianza de Transtoyou.\" \/>\n<meta property=\"og:url\" content=\"https:\/\/www.transtoyou.com\/es\/product\/zumenon\/\" \/>\n<meta property=\"og:site_name\" content=\"Transtoyou - ES\" \/>\n<meta property=\"article:modified_time\" content=\"2026-01-23T20:01:18+00:00\" \/>\n<meta name=\"twitter:card\" content=\"summary_large_image\" \/>\n<meta name=\"twitter:label1\" content=\"Tiempo de lectura\" \/>\n\t<meta name=\"twitter:data1\" content=\"1 minuto\" \/>\n<script type=\"application\/ld+json\" class=\"yoast-schema-graph\">{\"@context\":\"https:\/\/schema.org\",\"@graph\":[{\"@type\":\"WebPage\",\"@id\":\"https:\/\/www.transtoyou.com\/es\/product\/zumenon\/\",\"url\":\"https:\/\/www.transtoyou.com\/es\/product\/zumenon\/\",\"name\":\"Zumenon | Soporte para el Equilibrio Hormonal - Transtoyou\",\"isPartOf\":{\"@id\":\"https:\/\/www.transtoyou.com\/es\/#website\"},\"primaryImageOfPage\":{\"@id\":\"https:\/\/www.transtoyou.com\/es\/product\/zumenon\/#primaryimage\"},\"image\":{\"@id\":\"https:\/\/www.transtoyou.com\/es\/product\/zumenon\/#primaryimage\"},\"thumbnailUrl\":\"https:\/\/www.transtoyou.com\/es\/wp-content\/uploads\/sites\/14\/2026\/01\/tty-no-product-image-45.webp\",\"datePublished\":\"2026-01-23T20:00:18+00:00\",\"dateModified\":\"2026-01-23T20:01:18+00:00\",\"description\":\"Zumenon, disponible aqu\u00ed, ofrece beneficios de terapia hormonal. Compra ahora para un alivio efectivo y un bienestar mejorado con el servicio de confianza de Transtoyou.\",\"breadcrumb\":{\"@id\":\"https:\/\/www.transtoyou.com\/es\/product\/zumenon\/#breadcrumb\"},\"inLanguage\":\"es\",\"potentialAction\":[{\"@type\":\"ReadAction\",\"target\":[\"https:\/\/www.transtoyou.com\/es\/product\/zumenon\/\"]}]},{\"@type\":\"ImageObject\",\"inLanguage\":\"es\",\"@id\":\"https:\/\/www.transtoyou.com\/es\/product\/zumenon\/#primaryimage\",\"url\":\"https:\/\/www.transtoyou.com\/es\/wp-content\/uploads\/sites\/14\/2026\/01\/tty-no-product-image-45.webp\",\"contentUrl\":\"https:\/\/www.transtoyou.com\/es\/wp-content\/uploads\/sites\/14\/2026\/01\/tty-no-product-image-45.webp\",\"width\":1000,\"height\":1000,\"caption\":\"Imagen de producto predeterminada\"},{\"@type\":\"WebSite\",\"@id\":\"https:\/\/www.transtoyou.com\/es\/#website\",\"url\":\"https:\/\/www.transtoyou.com\/es\/\",\"name\":\"Transtoyou - ES\",\"description\":\"\",\"publisher\":{\"@id\":\"https:\/\/www.transtoyou.com\/es\/#organization\"},\"potentialAction\":[{\"@type\":\"SearchAction\",\"target\":{\"@type\":\"EntryPoint\",\"urlTemplate\":\"https:\/\/www.transtoyou.com\/es\/?s={search_term_string}\"},\"query-input\":{\"@type\":\"PropertyValueSpecification\",\"valueRequired\":true,\"valueName\":\"search_term_string\"}}],\"inLanguage\":\"es\"},{\"@type\":\"Organization\",\"@id\":\"https:\/\/www.transtoyou.com\/es\/#organization\",\"name\":\"Transtoyou - ES\",\"url\":\"https:\/\/www.transtoyou.com\/es\/\",\"logo\":{\"@type\":\"ImageObject\",\"inLanguage\":\"es\",\"@id\":\"https:\/\/www.transtoyou.com\/es\/#\/schema\/logo\/image\/\",\"url\":\"https:\/\/www.transtoyou.com\/es\/wp-content\/uploads\/sites\/14\/2026\/01\/logo-tty-menu-bar-300x87-1.webp\",\"contentUrl\":\"https:\/\/www.transtoyou.com\/es\/wp-content\/uploads\/sites\/14\/2026\/01\/logo-tty-menu-bar-300x87-1.webp\",\"width\":300,\"height\":87,\"caption\":\"Transtoyou - ES\"},\"image\":{\"@id\":\"https:\/\/www.transtoyou.com\/es\/#\/schema\/logo\/image\/\"}}]}<\/script>\n<!-- \/ Yoast SEO plugin. -->","yoast_head_json":{"title":"Zumenon | Soporte para el Equilibrio Hormonal - Transtoyou","description":"Zumenon, disponible aqu\u00ed, ofrece beneficios de terapia hormonal. Compra ahora para un alivio efectivo y un bienestar mejorado con el servicio de confianza de Transtoyou.","robots":{"index":"noindex","follow":"follow","max-snippet":"max-snippet:-1","max-image-preview":"max-image-preview:large","max-video-preview":"max-video-preview:-1"},"og_locale":"es_ES","og_type":"article","og_title":"Zumenon | Soporte para el Equilibrio Hormonal - Transtoyou","og_description":"Zumenon, disponible aqu\u00ed, ofrece beneficios de terapia hormonal. Compra ahora para un alivio efectivo y un bienestar mejorado con el servicio de confianza de Transtoyou.","og_url":"https:\/\/www.transtoyou.com\/es\/product\/zumenon\/","og_site_name":"Transtoyou - ES","article_modified_time":"2026-01-23T20:01:18+00:00","twitter_card":"summary_large_image","twitter_misc":{"Tiempo de lectura":"1 minuto"},"schema":{"@context":"https:\/\/schema.org","@graph":[{"@type":"WebPage","@id":"https:\/\/www.transtoyou.com\/es\/product\/zumenon\/","url":"https:\/\/www.transtoyou.com\/es\/product\/zumenon\/","name":"Zumenon | Soporte para el Equilibrio Hormonal - Transtoyou","isPartOf":{"@id":"https:\/\/www.transtoyou.com\/es\/#website"},"primaryImageOfPage":{"@id":"https:\/\/www.transtoyou.com\/es\/product\/zumenon\/#primaryimage"},"image":{"@id":"https:\/\/www.transtoyou.com\/es\/product\/zumenon\/#primaryimage"},"thumbnailUrl":"https:\/\/www.transtoyou.com\/es\/wp-content\/uploads\/sites\/14\/2026\/01\/tty-no-product-image-45.webp","datePublished":"2026-01-23T20:00:18+00:00","dateModified":"2026-01-23T20:01:18+00:00","description":"Zumenon, disponible aqu\u00ed, ofrece beneficios de terapia hormonal. Compra ahora para un alivio efectivo y un bienestar mejorado con el servicio de confianza de Transtoyou.","breadcrumb":{"@id":"https:\/\/www.transtoyou.com\/es\/product\/zumenon\/#breadcrumb"},"inLanguage":"es","potentialAction":[{"@type":"ReadAction","target":["https:\/\/www.transtoyou.com\/es\/product\/zumenon\/"]}]},{"@type":"ImageObject","inLanguage":"es","@id":"https:\/\/www.transtoyou.com\/es\/product\/zumenon\/#primaryimage","url":"https:\/\/www.transtoyou.com\/es\/wp-content\/uploads\/sites\/14\/2026\/01\/tty-no-product-image-45.webp","contentUrl":"https:\/\/www.transtoyou.com\/es\/wp-content\/uploads\/sites\/14\/2026\/01\/tty-no-product-image-45.webp","width":1000,"height":1000,"caption":"Imagen de producto predeterminada"},{"@type":"WebSite","@id":"https:\/\/www.transtoyou.com\/es\/#website","url":"https:\/\/www.transtoyou.com\/es\/","name":"Transtoyou - ES","description":"","publisher":{"@id":"https:\/\/www.transtoyou.com\/es\/#organization"},"potentialAction":[{"@type":"SearchAction","target":{"@type":"EntryPoint","urlTemplate":"https:\/\/www.transtoyou.com\/es\/?s={search_term_string}"},"query-input":{"@type":"PropertyValueSpecification","valueRequired":true,"valueName":"search_term_string"}}],"inLanguage":"es"},{"@type":"Organization","@id":"https:\/\/www.transtoyou.com\/es\/#organization","name":"Transtoyou - ES","url":"https:\/\/www.transtoyou.com\/es\/","logo":{"@type":"ImageObject","inLanguage":"es","@id":"https:\/\/www.transtoyou.com\/es\/#\/schema\/logo\/image\/","url":"https:\/\/www.transtoyou.com\/es\/wp-content\/uploads\/sites\/14\/2026\/01\/logo-tty-menu-bar-300x87-1.webp","contentUrl":"https:\/\/www.transtoyou.com\/es\/wp-content\/uploads\/sites\/14\/2026\/01\/logo-tty-menu-bar-300x87-1.webp","width":300,"height":87,"caption":"Transtoyou - ES"},"image":{"@id":"https:\/\/www.transtoyou.com\/es\/#\/schema\/logo\/image\/"}}]}},"_links":{"self":[{"href":"https:\/\/www.transtoyou.com\/es\/wp-json\/wp\/v2\/product\/621","targetHints":{"allow":["GET"]}}],"collection":[{"href":"https:\/\/www.transtoyou.com\/es\/wp-json\/wp\/v2\/product"}],"about":[{"href":"https:\/\/www.transtoyou.com\/es\/wp-json\/wp\/v2\/types\/product"}],"replies":[{"embeddable":true,"href":"https:\/\/www.transtoyou.com\/es\/wp-json\/wp\/v2\/comments?post=621"}],"wp:featuredmedia":[{"embeddable":true,"href":"https:\/\/www.transtoyou.com\/es\/wp-json\/wp\/v2\/media\/623"}],"wp:attachment":[{"href":"https:\/\/www.transtoyou.com\/es\/wp-json\/wp\/v2\/media?parent=621"}],"wp:term":[{"taxonomy":"product_brand","embeddable":true,"href":"https:\/\/www.transtoyou.com\/es\/wp-json\/wp\/v2\/product_brand?post=621"},{"taxonomy":"product_cat","embeddable":true,"href":"https:\/\/www.transtoyou.com\/es\/wp-json\/wp\/v2\/product_cat?post=621"},{"taxonomy":"product_tag","embeddable":true,"href":"https:\/\/www.transtoyou.com\/es\/wp-json\/wp\/v2\/product_tag?post=621"},{"taxonomy":"expert","embeddable":true,"href":"https:\/\/www.transtoyou.com\/es\/wp-json\/wp\/v2\/expert?post=621"}],"curies":[{"name":"wp","href":"https:\/\/api.w.org\/{rel}","templated":true}]}}