{"id":639,"date":"2026-01-23T21:37:20","date_gmt":"2026-01-23T21:37:20","guid":{"rendered":"https:\/\/www.transtoyou.com\/es\/product\/lenzetto\/"},"modified":"2026-01-23T21:38:12","modified_gmt":"2026-01-23T21:38:12","slug":"lenzetto","status":"publish","type":"product","link":"https:\/\/www.transtoyou.com\/es\/product\/lenzetto\/","title":{"rendered":"Lenzetto"},"content":{"rendered":"<p>Lenzetto es un spray utilizado para administrar estr\u00f3geno a trav\u00e9s de la piel y en el torrente sangu\u00edneo. Contiene estradiol, una forma de estr\u00f3geno id\u00e9ntica a la hormona producida naturalmente en el cuerpo. Este medicamento se utiliza en la terapia de reemplazo hormonal para tratar los s\u00edntomas causados por niveles bajos de estr\u00f3geno y tambi\u00e9n es adecuado para su uso en la terapia hormonal feminizante.<\/p>\n<p>Durante la menopausia, o en situaciones donde se necesita estr\u00f3geno por otras razones, las personas pueden experimentar s\u00edntomas como sofocos, sudores nocturnos, cambios de humor y sequedad vaginal. Lenzetto restaura los niveles de estr\u00f3geno para ayudar a reducir la gravedad de estos s\u00edntomas. Debido a que el spray se aplica sobre la piel, evita el sistema digestivo y ofrece una alternativa flexible y no oral a las tabletas o parches.<\/p>\n<p>El spray se aplica una vez al d\u00eda sobre la piel limpia y seca, t\u00edpicamente en el antebrazo interno. Se seca r\u00e1pidamente y no deja residuos. Lenzetto permite una dosificaci\u00f3n personalizada y un m\u00e9todo discreto y de bajo mantenimiento para la administraci\u00f3n de estr\u00f3geno tanto para el alivio de la menopausia como para el cuidado feminizante.<\/p>\n","protected":false},"excerpt":{"rendered":"<ul>\n<li>Spray de estr\u00f3geno para absorci\u00f3n cut\u00e1nea<\/li>\n<li>Utilizado para la menopausia<\/li>\n<li>Dosis diaria ajustable<\/li>\n<\/ul>\n","protected":false},"featured_media":641,"comment_status":"open","ping_status":"closed","template":"","meta":[],"product_brand":[],"product_cat":[119],"product_tag":[],"expert":[16],"class_list":{"0":"post-639","1":"product","2":"type-product","3":"status-publish","4":"has-post-thumbnail","6":"product_cat-terapia-de-reemplazo-hormonal-trh","7":"expert-dr-c-alexandru","9":"first","10":"instock","11":"shipping-taxable","12":"product-type-variable"},"yoast_head":"<!-- This site is optimized with the Yoast SEO plugin v27.0 - https:\/\/yoast.com\/product\/yoast-seo-wordpress\/ -->\n<title>Lenzetto | Spray Hormonal de Aplicaci\u00f3n F\u00e1cil - Transtoyou<\/title>\n<meta name=\"description\" content=\"Lenzetto, disponible en Transtoyou, ofrece un alivio efectivo para los s\u00edntomas de la menopausia. Descubre sus beneficios y compra ahora una soluci\u00f3n conveniente.\" \/>\n<meta name=\"robots\" content=\"noindex, follow, max-snippet:-1, max-image-preview:large, max-video-preview:-1\" \/>\n<meta property=\"og:locale\" content=\"es_ES\" \/>\n<meta property=\"og:type\" content=\"article\" \/>\n<meta property=\"og:title\" content=\"Lenzetto | Spray Hormonal de Aplicaci\u00f3n F\u00e1cil - Transtoyou\" \/>\n<meta property=\"og:description\" content=\"Lenzetto, disponible en Transtoyou, ofrece un alivio efectivo para los s\u00edntomas de la menopausia. Descubre sus beneficios y compra ahora una soluci\u00f3n conveniente.\" \/>\n<meta property=\"og:url\" content=\"https:\/\/www.transtoyou.com\/es\/product\/lenzetto\/\" \/>\n<meta property=\"og:site_name\" content=\"Transtoyou - ES\" \/>\n<meta property=\"article:modified_time\" content=\"2026-01-23T21:38:12+00:00\" \/>\n<meta name=\"twitter:card\" content=\"summary_large_image\" \/>\n<meta name=\"twitter:label1\" content=\"Tiempo de lectura\" \/>\n\t<meta name=\"twitter:data1\" content=\"1 minuto\" \/>\n<script type=\"application\/ld+json\" class=\"yoast-schema-graph\">{\"@context\":\"https:\/\/schema.org\",\"@graph\":[{\"@type\":\"WebPage\",\"@id\":\"https:\/\/www.transtoyou.com\/es\/product\/lenzetto\/\",\"url\":\"https:\/\/www.transtoyou.com\/es\/product\/lenzetto\/\",\"name\":\"Lenzetto | Spray Hormonal de Aplicaci\u00f3n F\u00e1cil - Transtoyou\",\"isPartOf\":{\"@id\":\"https:\/\/www.transtoyou.com\/es\/#website\"},\"primaryImageOfPage\":{\"@id\":\"https:\/\/www.transtoyou.com\/es\/product\/lenzetto\/#primaryimage\"},\"image\":{\"@id\":\"https:\/\/www.transtoyou.com\/es\/product\/lenzetto\/#primaryimage\"},\"thumbnailUrl\":\"https:\/\/www.transtoyou.com\/es\/wp-content\/uploads\/sites\/14\/2026\/01\/tty-no-product-image-51.webp\",\"datePublished\":\"2026-01-23T21:37:20+00:00\",\"dateModified\":\"2026-01-23T21:38:12+00:00\",\"description\":\"Lenzetto, disponible en Transtoyou, ofrece un alivio efectivo para los s\u00edntomas de la menopausia. Descubre sus beneficios y compra ahora una soluci\u00f3n conveniente.\",\"breadcrumb\":{\"@id\":\"https:\/\/www.transtoyou.com\/es\/product\/lenzetto\/#breadcrumb\"},\"inLanguage\":\"es\",\"potentialAction\":[{\"@type\":\"ReadAction\",\"target\":[\"https:\/\/www.transtoyou.com\/es\/product\/lenzetto\/\"]}]},{\"@type\":\"ImageObject\",\"inLanguage\":\"es\",\"@id\":\"https:\/\/www.transtoyou.com\/es\/product\/lenzetto\/#primaryimage\",\"url\":\"https:\/\/www.transtoyou.com\/es\/wp-content\/uploads\/sites\/14\/2026\/01\/tty-no-product-image-51.webp\",\"contentUrl\":\"https:\/\/www.transtoyou.com\/es\/wp-content\/uploads\/sites\/14\/2026\/01\/tty-no-product-image-51.webp\",\"width\":1000,\"height\":1000,\"caption\":\"Imagen de producto predeterminada\"},{\"@type\":\"WebSite\",\"@id\":\"https:\/\/www.transtoyou.com\/es\/#website\",\"url\":\"https:\/\/www.transtoyou.com\/es\/\",\"name\":\"Transtoyou - ES\",\"description\":\"\",\"publisher\":{\"@id\":\"https:\/\/www.transtoyou.com\/es\/#organization\"},\"potentialAction\":[{\"@type\":\"SearchAction\",\"target\":{\"@type\":\"EntryPoint\",\"urlTemplate\":\"https:\/\/www.transtoyou.com\/es\/?s={search_term_string}\"},\"query-input\":{\"@type\":\"PropertyValueSpecification\",\"valueRequired\":true,\"valueName\":\"search_term_string\"}}],\"inLanguage\":\"es\"},{\"@type\":\"Organization\",\"@id\":\"https:\/\/www.transtoyou.com\/es\/#organization\",\"name\":\"Transtoyou - ES\",\"url\":\"https:\/\/www.transtoyou.com\/es\/\",\"logo\":{\"@type\":\"ImageObject\",\"inLanguage\":\"es\",\"@id\":\"https:\/\/www.transtoyou.com\/es\/#\/schema\/logo\/image\/\",\"url\":\"https:\/\/www.transtoyou.com\/es\/wp-content\/uploads\/sites\/14\/2026\/01\/logo-tty-menu-bar-300x87-1.webp\",\"contentUrl\":\"https:\/\/www.transtoyou.com\/es\/wp-content\/uploads\/sites\/14\/2026\/01\/logo-tty-menu-bar-300x87-1.webp\",\"width\":300,\"height\":87,\"caption\":\"Transtoyou - ES\"},\"image\":{\"@id\":\"https:\/\/www.transtoyou.com\/es\/#\/schema\/logo\/image\/\"}}]}<\/script>\n<!-- \/ Yoast SEO plugin. -->","yoast_head_json":{"title":"Lenzetto | Spray Hormonal de Aplicaci\u00f3n F\u00e1cil - Transtoyou","description":"Lenzetto, disponible en Transtoyou, ofrece un alivio efectivo para los s\u00edntomas de la menopausia. Descubre sus beneficios y compra ahora una soluci\u00f3n conveniente.","robots":{"index":"noindex","follow":"follow","max-snippet":"max-snippet:-1","max-image-preview":"max-image-preview:large","max-video-preview":"max-video-preview:-1"},"og_locale":"es_ES","og_type":"article","og_title":"Lenzetto | Spray Hormonal de Aplicaci\u00f3n F\u00e1cil - Transtoyou","og_description":"Lenzetto, disponible en Transtoyou, ofrece un alivio efectivo para los s\u00edntomas de la menopausia. Descubre sus beneficios y compra ahora una soluci\u00f3n conveniente.","og_url":"https:\/\/www.transtoyou.com\/es\/product\/lenzetto\/","og_site_name":"Transtoyou - ES","article_modified_time":"2026-01-23T21:38:12+00:00","twitter_card":"summary_large_image","twitter_misc":{"Tiempo de lectura":"1 minuto"},"schema":{"@context":"https:\/\/schema.org","@graph":[{"@type":"WebPage","@id":"https:\/\/www.transtoyou.com\/es\/product\/lenzetto\/","url":"https:\/\/www.transtoyou.com\/es\/product\/lenzetto\/","name":"Lenzetto | Spray Hormonal de Aplicaci\u00f3n F\u00e1cil - Transtoyou","isPartOf":{"@id":"https:\/\/www.transtoyou.com\/es\/#website"},"primaryImageOfPage":{"@id":"https:\/\/www.transtoyou.com\/es\/product\/lenzetto\/#primaryimage"},"image":{"@id":"https:\/\/www.transtoyou.com\/es\/product\/lenzetto\/#primaryimage"},"thumbnailUrl":"https:\/\/www.transtoyou.com\/es\/wp-content\/uploads\/sites\/14\/2026\/01\/tty-no-product-image-51.webp","datePublished":"2026-01-23T21:37:20+00:00","dateModified":"2026-01-23T21:38:12+00:00","description":"Lenzetto, disponible en Transtoyou, ofrece un alivio efectivo para los s\u00edntomas de la menopausia. Descubre sus beneficios y compra ahora una soluci\u00f3n conveniente.","breadcrumb":{"@id":"https:\/\/www.transtoyou.com\/es\/product\/lenzetto\/#breadcrumb"},"inLanguage":"es","potentialAction":[{"@type":"ReadAction","target":["https:\/\/www.transtoyou.com\/es\/product\/lenzetto\/"]}]},{"@type":"ImageObject","inLanguage":"es","@id":"https:\/\/www.transtoyou.com\/es\/product\/lenzetto\/#primaryimage","url":"https:\/\/www.transtoyou.com\/es\/wp-content\/uploads\/sites\/14\/2026\/01\/tty-no-product-image-51.webp","contentUrl":"https:\/\/www.transtoyou.com\/es\/wp-content\/uploads\/sites\/14\/2026\/01\/tty-no-product-image-51.webp","width":1000,"height":1000,"caption":"Imagen de producto predeterminada"},{"@type":"WebSite","@id":"https:\/\/www.transtoyou.com\/es\/#website","url":"https:\/\/www.transtoyou.com\/es\/","name":"Transtoyou - ES","description":"","publisher":{"@id":"https:\/\/www.transtoyou.com\/es\/#organization"},"potentialAction":[{"@type":"SearchAction","target":{"@type":"EntryPoint","urlTemplate":"https:\/\/www.transtoyou.com\/es\/?s={search_term_string}"},"query-input":{"@type":"PropertyValueSpecification","valueRequired":true,"valueName":"search_term_string"}}],"inLanguage":"es"},{"@type":"Organization","@id":"https:\/\/www.transtoyou.com\/es\/#organization","name":"Transtoyou - ES","url":"https:\/\/www.transtoyou.com\/es\/","logo":{"@type":"ImageObject","inLanguage":"es","@id":"https:\/\/www.transtoyou.com\/es\/#\/schema\/logo\/image\/","url":"https:\/\/www.transtoyou.com\/es\/wp-content\/uploads\/sites\/14\/2026\/01\/logo-tty-menu-bar-300x87-1.webp","contentUrl":"https:\/\/www.transtoyou.com\/es\/wp-content\/uploads\/sites\/14\/2026\/01\/logo-tty-menu-bar-300x87-1.webp","width":300,"height":87,"caption":"Transtoyou - ES"},"image":{"@id":"https:\/\/www.transtoyou.com\/es\/#\/schema\/logo\/image\/"}}]}},"_links":{"self":[{"href":"https:\/\/www.transtoyou.com\/es\/wp-json\/wp\/v2\/product\/639","targetHints":{"allow":["GET"]}}],"collection":[{"href":"https:\/\/www.transtoyou.com\/es\/wp-json\/wp\/v2\/product"}],"about":[{"href":"https:\/\/www.transtoyou.com\/es\/wp-json\/wp\/v2\/types\/product"}],"replies":[{"embeddable":true,"href":"https:\/\/www.transtoyou.com\/es\/wp-json\/wp\/v2\/comments?post=639"}],"wp:featuredmedia":[{"embeddable":true,"href":"https:\/\/www.transtoyou.com\/es\/wp-json\/wp\/v2\/media\/641"}],"wp:attachment":[{"href":"https:\/\/www.transtoyou.com\/es\/wp-json\/wp\/v2\/media?parent=639"}],"wp:term":[{"taxonomy":"product_brand","embeddable":true,"href":"https:\/\/www.transtoyou.com\/es\/wp-json\/wp\/v2\/product_brand?post=639"},{"taxonomy":"product_cat","embeddable":true,"href":"https:\/\/www.transtoyou.com\/es\/wp-json\/wp\/v2\/product_cat?post=639"},{"taxonomy":"product_tag","embeddable":true,"href":"https:\/\/www.transtoyou.com\/es\/wp-json\/wp\/v2\/product_tag?post=639"},{"taxonomy":"expert","embeddable":true,"href":"https:\/\/www.transtoyou.com\/es\/wp-json\/wp\/v2\/expert?post=639"}],"curies":[{"name":"wp","href":"https:\/\/api.w.org\/{rel}","templated":true}]}}