{"id":671,"date":"2026-01-24T00:33:25","date_gmt":"2026-01-24T00:33:25","guid":{"rendered":"https:\/\/www.transtoyou.com\/es\/product\/noriday\/"},"modified":"2026-01-24T00:34:16","modified_gmt":"2026-01-24T00:34:16","slug":"noriday","status":"publish","type":"product","link":"https:\/\/www.transtoyou.com\/es\/product\/noriday\/","title":{"rendered":"Noriday"},"content":{"rendered":"<p>Noriday es una p\u00edldora anticonceptiva solo de progest\u00e1geno, com\u00fanmente conocida como mini p\u00edldora. Contiene noretisterona, una versi\u00f3n sint\u00e9tica de la hormona progesterona, y se utiliza para prevenir el embarazo. Noriday es una opci\u00f3n libre de estr\u00f3genos, lo que la hace adecuada para personas que no pueden o no desean tomar anticonceptivos basados en estr\u00f3genos.<\/p>\n<p>Esta p\u00edldora funciona principalmente espesando el moco cervical, lo que ayuda a reducir la probabilidad de que los espermatozoides lleguen al \u00f3vulo. Tambi\u00e9n afecta el revestimiento del \u00fatero para reducir la probabilidad de implantaci\u00f3n. En algunas personas, tambi\u00e9n puede suprimir la ovulaci\u00f3n, pero este no es su principal modo de acci\u00f3n. Noriday debe tomarse a la misma hora todos los d\u00edas, sin pausas entre los paquetes.<\/p>\n<p>Noriday puede considerarse apropiada para mujeres que est\u00e1n amamantando, mayores de 35 a\u00f1os o que tienen riesgos para la salud que hacen que las p\u00edldoras combinadas sean inapropiadas. Tambi\u00e9n puede ser elegida por personas que buscan un anticonceptivo solo de hormonas y de baja dosis. Al igual que con muchas mini p\u00edldoras, algunos usuarios experimentan cambios en su patr\u00f3n de sangrado menstrual, como manchas, ciclos irregulares o la ausencia total de per\u00edodos.<\/p>\n<p>Para mantener su efectividad, Noriday debe tomarse dentro de una ventana de tres horas cada d\u00eda. Si se toma m\u00e1s tarde, la protecci\u00f3n anticonceptiva puede verse reducida, y se recomienda utilizar anticonceptivos adicionales durante los siguientes dos d\u00edas. Noriday ofrece una opci\u00f3n discreta y confiable para quienes buscan anticoncepci\u00f3n basada en hormonas sin estr\u00f3genos cuando se usa correctamente.<\/p>\n","protected":false},"excerpt":{"rendered":"<ul>\n<li>P\u00edldora diaria sin estr\u00f3geno<\/li>\n<li>Engrosa el moco cervical y altera el revestimiento uterino<\/li>\n<li>Preferida por personas con intolerancia al estr\u00f3geno<\/li>\n<\/ul>\n","protected":false},"featured_media":673,"comment_status":"open","ping_status":"closed","template":"","meta":[],"product_brand":[],"product_cat":[132],"product_tag":[],"expert":[19],"class_list":{"0":"post-671","1":"product","2":"type-product","3":"status-publish","4":"has-post-thumbnail","6":"product_cat-mini-pildora","7":"expert-dr-j-vazquez","9":"first","10":"instock","11":"shipping-taxable","12":"product-type-variable"},"yoast_head":"<!-- This site is optimized with the Yoast SEO plugin v27.0 - https:\/\/yoast.com\/product\/yoast-seo-wordpress\/ -->\n<title>Noriday | Pastilla Anticonceptiva Sin Estr\u00f3geno - Transtoyou<\/title>\n<meta name=\"description\" content=\"Noriday mini p\u00edldora, anticonceptivo sin estr\u00f3genos, espesa el moco cervical para prevenir el embarazo. Compra Noriday hoy para una opci\u00f3n equilibrada.\" \/>\n<meta name=\"robots\" content=\"noindex, follow, max-snippet:-1, max-image-preview:large, max-video-preview:-1\" \/>\n<meta property=\"og:locale\" content=\"es_ES\" \/>\n<meta property=\"og:type\" content=\"article\" \/>\n<meta property=\"og:title\" content=\"Noriday | Pastilla Anticonceptiva Sin Estr\u00f3geno - Transtoyou\" \/>\n<meta property=\"og:description\" content=\"Noriday mini p\u00edldora, anticonceptivo sin estr\u00f3genos, espesa el moco cervical para prevenir el embarazo. Compra Noriday hoy para una opci\u00f3n equilibrada.\" \/>\n<meta property=\"og:url\" content=\"https:\/\/www.transtoyou.com\/es\/product\/noriday\/\" \/>\n<meta property=\"og:site_name\" content=\"Transtoyou - ES\" \/>\n<meta property=\"article:modified_time\" content=\"2026-01-24T00:34:16+00:00\" \/>\n<meta name=\"twitter:card\" content=\"summary_large_image\" \/>\n<meta name=\"twitter:label1\" content=\"Tiempo de lectura\" \/>\n\t<meta name=\"twitter:data1\" content=\"1 minuto\" \/>\n<script type=\"application\/ld+json\" class=\"yoast-schema-graph\">{\"@context\":\"https:\/\/schema.org\",\"@graph\":[{\"@type\":\"WebPage\",\"@id\":\"https:\/\/www.transtoyou.com\/es\/product\/noriday\/\",\"url\":\"https:\/\/www.transtoyou.com\/es\/product\/noriday\/\",\"name\":\"Noriday | Pastilla Anticonceptiva Sin Estr\u00f3geno - Transtoyou\",\"isPartOf\":{\"@id\":\"https:\/\/www.transtoyou.com\/es\/#website\"},\"primaryImageOfPage\":{\"@id\":\"https:\/\/www.transtoyou.com\/es\/product\/noriday\/#primaryimage\"},\"image\":{\"@id\":\"https:\/\/www.transtoyou.com\/es\/product\/noriday\/#primaryimage\"},\"thumbnailUrl\":\"https:\/\/www.transtoyou.com\/es\/wp-content\/uploads\/sites\/14\/2026\/01\/tty-no-product-image-62.webp\",\"datePublished\":\"2026-01-24T00:33:25+00:00\",\"dateModified\":\"2026-01-24T00:34:16+00:00\",\"description\":\"Noriday mini p\u00edldora, anticonceptivo sin estr\u00f3genos, espesa el moco cervical para prevenir el embarazo. Compra Noriday hoy para una opci\u00f3n equilibrada.\",\"breadcrumb\":{\"@id\":\"https:\/\/www.transtoyou.com\/es\/product\/noriday\/#breadcrumb\"},\"inLanguage\":\"es\",\"potentialAction\":[{\"@type\":\"ReadAction\",\"target\":[\"https:\/\/www.transtoyou.com\/es\/product\/noriday\/\"]}]},{\"@type\":\"ImageObject\",\"inLanguage\":\"es\",\"@id\":\"https:\/\/www.transtoyou.com\/es\/product\/noriday\/#primaryimage\",\"url\":\"https:\/\/www.transtoyou.com\/es\/wp-content\/uploads\/sites\/14\/2026\/01\/tty-no-product-image-62.webp\",\"contentUrl\":\"https:\/\/www.transtoyou.com\/es\/wp-content\/uploads\/sites\/14\/2026\/01\/tty-no-product-image-62.webp\",\"width\":1000,\"height\":1000,\"caption\":\"Imagen de producto predeterminada\"},{\"@type\":\"WebSite\",\"@id\":\"https:\/\/www.transtoyou.com\/es\/#website\",\"url\":\"https:\/\/www.transtoyou.com\/es\/\",\"name\":\"Transtoyou - ES\",\"description\":\"\",\"publisher\":{\"@id\":\"https:\/\/www.transtoyou.com\/es\/#organization\"},\"potentialAction\":[{\"@type\":\"SearchAction\",\"target\":{\"@type\":\"EntryPoint\",\"urlTemplate\":\"https:\/\/www.transtoyou.com\/es\/?s={search_term_string}\"},\"query-input\":{\"@type\":\"PropertyValueSpecification\",\"valueRequired\":true,\"valueName\":\"search_term_string\"}}],\"inLanguage\":\"es\"},{\"@type\":\"Organization\",\"@id\":\"https:\/\/www.transtoyou.com\/es\/#organization\",\"name\":\"Transtoyou - ES\",\"url\":\"https:\/\/www.transtoyou.com\/es\/\",\"logo\":{\"@type\":\"ImageObject\",\"inLanguage\":\"es\",\"@id\":\"https:\/\/www.transtoyou.com\/es\/#\/schema\/logo\/image\/\",\"url\":\"https:\/\/www.transtoyou.com\/es\/wp-content\/uploads\/sites\/14\/2026\/01\/logo-tty-menu-bar-300x87-1.webp\",\"contentUrl\":\"https:\/\/www.transtoyou.com\/es\/wp-content\/uploads\/sites\/14\/2026\/01\/logo-tty-menu-bar-300x87-1.webp\",\"width\":300,\"height\":87,\"caption\":\"Transtoyou - ES\"},\"image\":{\"@id\":\"https:\/\/www.transtoyou.com\/es\/#\/schema\/logo\/image\/\"}}]}<\/script>\n<!-- \/ Yoast SEO plugin. -->","yoast_head_json":{"title":"Noriday | Pastilla Anticonceptiva Sin Estr\u00f3geno - Transtoyou","description":"Noriday mini p\u00edldora, anticonceptivo sin estr\u00f3genos, espesa el moco cervical para prevenir el embarazo. Compra Noriday hoy para una opci\u00f3n equilibrada.","robots":{"index":"noindex","follow":"follow","max-snippet":"max-snippet:-1","max-image-preview":"max-image-preview:large","max-video-preview":"max-video-preview:-1"},"og_locale":"es_ES","og_type":"article","og_title":"Noriday | Pastilla Anticonceptiva Sin Estr\u00f3geno - Transtoyou","og_description":"Noriday mini p\u00edldora, anticonceptivo sin estr\u00f3genos, espesa el moco cervical para prevenir el embarazo. Compra Noriday hoy para una opci\u00f3n equilibrada.","og_url":"https:\/\/www.transtoyou.com\/es\/product\/noriday\/","og_site_name":"Transtoyou - ES","article_modified_time":"2026-01-24T00:34:16+00:00","twitter_card":"summary_large_image","twitter_misc":{"Tiempo de lectura":"1 minuto"},"schema":{"@context":"https:\/\/schema.org","@graph":[{"@type":"WebPage","@id":"https:\/\/www.transtoyou.com\/es\/product\/noriday\/","url":"https:\/\/www.transtoyou.com\/es\/product\/noriday\/","name":"Noriday | Pastilla Anticonceptiva Sin Estr\u00f3geno - Transtoyou","isPartOf":{"@id":"https:\/\/www.transtoyou.com\/es\/#website"},"primaryImageOfPage":{"@id":"https:\/\/www.transtoyou.com\/es\/product\/noriday\/#primaryimage"},"image":{"@id":"https:\/\/www.transtoyou.com\/es\/product\/noriday\/#primaryimage"},"thumbnailUrl":"https:\/\/www.transtoyou.com\/es\/wp-content\/uploads\/sites\/14\/2026\/01\/tty-no-product-image-62.webp","datePublished":"2026-01-24T00:33:25+00:00","dateModified":"2026-01-24T00:34:16+00:00","description":"Noriday mini p\u00edldora, anticonceptivo sin estr\u00f3genos, espesa el moco cervical para prevenir el embarazo. Compra Noriday hoy para una opci\u00f3n equilibrada.","breadcrumb":{"@id":"https:\/\/www.transtoyou.com\/es\/product\/noriday\/#breadcrumb"},"inLanguage":"es","potentialAction":[{"@type":"ReadAction","target":["https:\/\/www.transtoyou.com\/es\/product\/noriday\/"]}]},{"@type":"ImageObject","inLanguage":"es","@id":"https:\/\/www.transtoyou.com\/es\/product\/noriday\/#primaryimage","url":"https:\/\/www.transtoyou.com\/es\/wp-content\/uploads\/sites\/14\/2026\/01\/tty-no-product-image-62.webp","contentUrl":"https:\/\/www.transtoyou.com\/es\/wp-content\/uploads\/sites\/14\/2026\/01\/tty-no-product-image-62.webp","width":1000,"height":1000,"caption":"Imagen de producto predeterminada"},{"@type":"WebSite","@id":"https:\/\/www.transtoyou.com\/es\/#website","url":"https:\/\/www.transtoyou.com\/es\/","name":"Transtoyou - ES","description":"","publisher":{"@id":"https:\/\/www.transtoyou.com\/es\/#organization"},"potentialAction":[{"@type":"SearchAction","target":{"@type":"EntryPoint","urlTemplate":"https:\/\/www.transtoyou.com\/es\/?s={search_term_string}"},"query-input":{"@type":"PropertyValueSpecification","valueRequired":true,"valueName":"search_term_string"}}],"inLanguage":"es"},{"@type":"Organization","@id":"https:\/\/www.transtoyou.com\/es\/#organization","name":"Transtoyou - ES","url":"https:\/\/www.transtoyou.com\/es\/","logo":{"@type":"ImageObject","inLanguage":"es","@id":"https:\/\/www.transtoyou.com\/es\/#\/schema\/logo\/image\/","url":"https:\/\/www.transtoyou.com\/es\/wp-content\/uploads\/sites\/14\/2026\/01\/logo-tty-menu-bar-300x87-1.webp","contentUrl":"https:\/\/www.transtoyou.com\/es\/wp-content\/uploads\/sites\/14\/2026\/01\/logo-tty-menu-bar-300x87-1.webp","width":300,"height":87,"caption":"Transtoyou - ES"},"image":{"@id":"https:\/\/www.transtoyou.com\/es\/#\/schema\/logo\/image\/"}}]}},"_links":{"self":[{"href":"https:\/\/www.transtoyou.com\/es\/wp-json\/wp\/v2\/product\/671","targetHints":{"allow":["GET"]}}],"collection":[{"href":"https:\/\/www.transtoyou.com\/es\/wp-json\/wp\/v2\/product"}],"about":[{"href":"https:\/\/www.transtoyou.com\/es\/wp-json\/wp\/v2\/types\/product"}],"replies":[{"embeddable":true,"href":"https:\/\/www.transtoyou.com\/es\/wp-json\/wp\/v2\/comments?post=671"}],"wp:featuredmedia":[{"embeddable":true,"href":"https:\/\/www.transtoyou.com\/es\/wp-json\/wp\/v2\/media\/673"}],"wp:attachment":[{"href":"https:\/\/www.transtoyou.com\/es\/wp-json\/wp\/v2\/media?parent=671"}],"wp:term":[{"taxonomy":"product_brand","embeddable":true,"href":"https:\/\/www.transtoyou.com\/es\/wp-json\/wp\/v2\/product_brand?post=671"},{"taxonomy":"product_cat","embeddable":true,"href":"https:\/\/www.transtoyou.com\/es\/wp-json\/wp\/v2\/product_cat?post=671"},{"taxonomy":"product_tag","embeddable":true,"href":"https:\/\/www.transtoyou.com\/es\/wp-json\/wp\/v2\/product_tag?post=671"},{"taxonomy":"expert","embeddable":true,"href":"https:\/\/www.transtoyou.com\/es\/wp-json\/wp\/v2\/expert?post=671"}],"curies":[{"name":"wp","href":"https:\/\/api.w.org\/{rel}","templated":true}]}}