{"id":677,"date":"2026-01-24T01:01:10","date_gmt":"2026-01-24T01:01:10","guid":{"rendered":"https:\/\/www.transtoyou.com\/es\/product\/lyrica\/"},"modified":"2026-02-25T07:18:35","modified_gmt":"2026-02-25T07:18:35","slug":"lyrica","status":"publish","type":"product","link":"https:\/\/www.transtoyou.com\/es\/product\/lyrica\/","title":{"rendered":"Lyrica"},"content":{"rendered":"<p>Lyrica, tambi\u00e9n conocido por su nombre gen\u00e9rico pregabalina, es un medicamento de prescripci\u00f3n utilizado para tratar el dolor neurop\u00e1tico y la fibromialgia. Tambi\u00e9n est\u00e1 aprobado para su uso en el trastorno de ansiedad generalizada y como terapia complementaria para las convulsiones parciales. Lyrica act\u00faa calmando las se\u00f1ales nerviosas hiperactivas en el cerebro y la m\u00e9dula espinal que causan dolor cr\u00f3nico, sensibilidad o sensaciones anormales.<\/p>\n<p>Se prescribe com\u00fanmente para el dolor neurop\u00e1tico asociado con la diabetes, el herpes z\u00f3ster (neuralgia postherp\u00e9tica) o lesiones de la m\u00e9dula espinal. En la fibromialgia, puede ayudar a aliviar el dolor generalizado, la sensibilidad muscular y la fatiga. A diferencia de los opioides, Lyrica no act\u00faa directamente sobre los receptores del dolor, sino que modula los canales de calcio en el sistema nervioso para reducir la actividad nerviosa excesiva.<\/p>\n<p>Lyrica se toma por v\u00eda oral, generalmente dos veces al d\u00eda, y las dosis se ajustan gradualmente para equilibrar la efectividad y la tolerabilidad. La mayor\u00eda de los usuarios comienzan a sentir algo de alivio dentro de la primera semana, aunque puede tardar varias semanas en obtener el beneficio completo. Algunos efectos secundarios comunes incluyen mareos, somnolencia, hinchaz\u00f3n o boca seca. Estos efectos suelen mejorar a medida que el cuerpo se adapta al medicamento.<\/p>\n","protected":false},"excerpt":{"rendered":"<ul>\n<li>Alivio espec\u00edfico para el dolor nervioso y la fibromialgia<\/li>\n<li>Modula las se\u00f1ales nerviosas para reducir la incomodidad<\/li>\n<li>Tratamiento oral no opioide que se toma regularmente<\/li>\n<\/ul>\n","protected":false},"featured_media":679,"comment_status":"open","ping_status":"closed","template":"","meta":[],"product_brand":[],"product_cat":[133,102],"product_tag":[],"expert":[19],"class_list":{"0":"post-677","1":"product","2":"type-product","3":"status-publish","4":"has-post-thumbnail","6":"product_cat-dolor-nervioso","7":"product_cat-fibromialgia","8":"expert-dr-j-vazquez","10":"first","11":"instock","12":"shipping-taxable","13":"product-type-variable"},"yoast_head":"<!-- This site is optimized with the Yoast SEO plugin v27.0 - https:\/\/yoast.com\/product\/yoast-seo-wordpress\/ -->\n<title>Lyrica | Alivio del Dolor Nervioso y Fibromialgia - Transtoyou<\/title>\n<meta name=\"description\" content=\"Lyrica alivia el dolor nervioso, la fibromialgia y la ansiedad. Descubre sus beneficios hoy en Transtoyou, donde la atenci\u00f3n experta se encuentra con la comodidad.\" \/>\n<meta name=\"robots\" content=\"noindex, follow, max-snippet:-1, max-image-preview:large, max-video-preview:-1\" \/>\n<meta property=\"og:locale\" content=\"es_ES\" \/>\n<meta property=\"og:type\" content=\"article\" \/>\n<meta property=\"og:title\" content=\"Lyrica | Alivio del Dolor Nervioso y Fibromialgia - Transtoyou\" \/>\n<meta property=\"og:description\" content=\"Lyrica alivia el dolor nervioso, la fibromialgia y la ansiedad. Descubre sus beneficios hoy en Transtoyou, donde la atenci\u00f3n experta se encuentra con la comodidad.\" \/>\n<meta property=\"og:url\" content=\"https:\/\/www.transtoyou.com\/es\/product\/lyrica\/\" \/>\n<meta property=\"og:site_name\" content=\"Transtoyou - ES\" \/>\n<meta property=\"article:modified_time\" content=\"2026-02-25T07:18:35+00:00\" \/>\n<meta name=\"twitter:card\" content=\"summary_large_image\" \/>\n<meta name=\"twitter:label1\" content=\"Tiempo de lectura\" \/>\n\t<meta name=\"twitter:data1\" content=\"1 minuto\" \/>\n<script type=\"application\/ld+json\" class=\"yoast-schema-graph\">{\"@context\":\"https:\/\/schema.org\",\"@graph\":[{\"@type\":\"WebPage\",\"@id\":\"https:\/\/www.transtoyou.com\/es\/product\/lyrica\/\",\"url\":\"https:\/\/www.transtoyou.com\/es\/product\/lyrica\/\",\"name\":\"Lyrica | Alivio del Dolor Nervioso y Fibromialgia - Transtoyou\",\"isPartOf\":{\"@id\":\"https:\/\/www.transtoyou.com\/es\/#website\"},\"primaryImageOfPage\":{\"@id\":\"https:\/\/www.transtoyou.com\/es\/product\/lyrica\/#primaryimage\"},\"image\":{\"@id\":\"https:\/\/www.transtoyou.com\/es\/product\/lyrica\/#primaryimage\"},\"thumbnailUrl\":\"https:\/\/www.transtoyou.com\/es\/wp-content\/uploads\/sites\/14\/2026\/01\/tty-no-product-image-64.webp\",\"datePublished\":\"2026-01-24T01:01:10+00:00\",\"dateModified\":\"2026-02-25T07:18:35+00:00\",\"description\":\"Lyrica alivia el dolor nervioso, la fibromialgia y la ansiedad. Descubre sus beneficios hoy en Transtoyou, donde la atenci\u00f3n experta se encuentra con la comodidad.\",\"breadcrumb\":{\"@id\":\"https:\/\/www.transtoyou.com\/es\/product\/lyrica\/#breadcrumb\"},\"inLanguage\":\"es\",\"potentialAction\":[{\"@type\":\"ReadAction\",\"target\":[\"https:\/\/www.transtoyou.com\/es\/product\/lyrica\/\"]}]},{\"@type\":\"ImageObject\",\"inLanguage\":\"es\",\"@id\":\"https:\/\/www.transtoyou.com\/es\/product\/lyrica\/#primaryimage\",\"url\":\"https:\/\/www.transtoyou.com\/es\/wp-content\/uploads\/sites\/14\/2026\/01\/tty-no-product-image-64.webp\",\"contentUrl\":\"https:\/\/www.transtoyou.com\/es\/wp-content\/uploads\/sites\/14\/2026\/01\/tty-no-product-image-64.webp\",\"width\":1000,\"height\":1000,\"caption\":\"Imagen de producto predeterminada\"},{\"@type\":\"WebSite\",\"@id\":\"https:\/\/www.transtoyou.com\/es\/#website\",\"url\":\"https:\/\/www.transtoyou.com\/es\/\",\"name\":\"Transtoyou - ES\",\"description\":\"\",\"publisher\":{\"@id\":\"https:\/\/www.transtoyou.com\/es\/#organization\"},\"potentialAction\":[{\"@type\":\"SearchAction\",\"target\":{\"@type\":\"EntryPoint\",\"urlTemplate\":\"https:\/\/www.transtoyou.com\/es\/?s={search_term_string}\"},\"query-input\":{\"@type\":\"PropertyValueSpecification\",\"valueRequired\":true,\"valueName\":\"search_term_string\"}}],\"inLanguage\":\"es\"},{\"@type\":\"Organization\",\"@id\":\"https:\/\/www.transtoyou.com\/es\/#organization\",\"name\":\"Transtoyou - ES\",\"url\":\"https:\/\/www.transtoyou.com\/es\/\",\"logo\":{\"@type\":\"ImageObject\",\"inLanguage\":\"es\",\"@id\":\"https:\/\/www.transtoyou.com\/es\/#\/schema\/logo\/image\/\",\"url\":\"https:\/\/www.transtoyou.com\/es\/wp-content\/uploads\/sites\/14\/2026\/01\/logo-tty-menu-bar-300x87-1.webp\",\"contentUrl\":\"https:\/\/www.transtoyou.com\/es\/wp-content\/uploads\/sites\/14\/2026\/01\/logo-tty-menu-bar-300x87-1.webp\",\"width\":300,\"height\":87,\"caption\":\"Transtoyou - ES\"},\"image\":{\"@id\":\"https:\/\/www.transtoyou.com\/es\/#\/schema\/logo\/image\/\"}}]}<\/script>\n<!-- \/ Yoast SEO plugin. -->","yoast_head_json":{"title":"Lyrica | Alivio del Dolor Nervioso y Fibromialgia - Transtoyou","description":"Lyrica alivia el dolor nervioso, la fibromialgia y la ansiedad. Descubre sus beneficios hoy en Transtoyou, donde la atenci\u00f3n experta se encuentra con la comodidad.","robots":{"index":"noindex","follow":"follow","max-snippet":"max-snippet:-1","max-image-preview":"max-image-preview:large","max-video-preview":"max-video-preview:-1"},"og_locale":"es_ES","og_type":"article","og_title":"Lyrica | Alivio del Dolor Nervioso y Fibromialgia - Transtoyou","og_description":"Lyrica alivia el dolor nervioso, la fibromialgia y la ansiedad. Descubre sus beneficios hoy en Transtoyou, donde la atenci\u00f3n experta se encuentra con la comodidad.","og_url":"https:\/\/www.transtoyou.com\/es\/product\/lyrica\/","og_site_name":"Transtoyou - ES","article_modified_time":"2026-02-25T07:18:35+00:00","twitter_card":"summary_large_image","twitter_misc":{"Tiempo de lectura":"1 minuto"},"schema":{"@context":"https:\/\/schema.org","@graph":[{"@type":"WebPage","@id":"https:\/\/www.transtoyou.com\/es\/product\/lyrica\/","url":"https:\/\/www.transtoyou.com\/es\/product\/lyrica\/","name":"Lyrica | Alivio del Dolor Nervioso y Fibromialgia - Transtoyou","isPartOf":{"@id":"https:\/\/www.transtoyou.com\/es\/#website"},"primaryImageOfPage":{"@id":"https:\/\/www.transtoyou.com\/es\/product\/lyrica\/#primaryimage"},"image":{"@id":"https:\/\/www.transtoyou.com\/es\/product\/lyrica\/#primaryimage"},"thumbnailUrl":"https:\/\/www.transtoyou.com\/es\/wp-content\/uploads\/sites\/14\/2026\/01\/tty-no-product-image-64.webp","datePublished":"2026-01-24T01:01:10+00:00","dateModified":"2026-02-25T07:18:35+00:00","description":"Lyrica alivia el dolor nervioso, la fibromialgia y la ansiedad. Descubre sus beneficios hoy en Transtoyou, donde la atenci\u00f3n experta se encuentra con la comodidad.","breadcrumb":{"@id":"https:\/\/www.transtoyou.com\/es\/product\/lyrica\/#breadcrumb"},"inLanguage":"es","potentialAction":[{"@type":"ReadAction","target":["https:\/\/www.transtoyou.com\/es\/product\/lyrica\/"]}]},{"@type":"ImageObject","inLanguage":"es","@id":"https:\/\/www.transtoyou.com\/es\/product\/lyrica\/#primaryimage","url":"https:\/\/www.transtoyou.com\/es\/wp-content\/uploads\/sites\/14\/2026\/01\/tty-no-product-image-64.webp","contentUrl":"https:\/\/www.transtoyou.com\/es\/wp-content\/uploads\/sites\/14\/2026\/01\/tty-no-product-image-64.webp","width":1000,"height":1000,"caption":"Imagen de producto predeterminada"},{"@type":"WebSite","@id":"https:\/\/www.transtoyou.com\/es\/#website","url":"https:\/\/www.transtoyou.com\/es\/","name":"Transtoyou - ES","description":"","publisher":{"@id":"https:\/\/www.transtoyou.com\/es\/#organization"},"potentialAction":[{"@type":"SearchAction","target":{"@type":"EntryPoint","urlTemplate":"https:\/\/www.transtoyou.com\/es\/?s={search_term_string}"},"query-input":{"@type":"PropertyValueSpecification","valueRequired":true,"valueName":"search_term_string"}}],"inLanguage":"es"},{"@type":"Organization","@id":"https:\/\/www.transtoyou.com\/es\/#organization","name":"Transtoyou - ES","url":"https:\/\/www.transtoyou.com\/es\/","logo":{"@type":"ImageObject","inLanguage":"es","@id":"https:\/\/www.transtoyou.com\/es\/#\/schema\/logo\/image\/","url":"https:\/\/www.transtoyou.com\/es\/wp-content\/uploads\/sites\/14\/2026\/01\/logo-tty-menu-bar-300x87-1.webp","contentUrl":"https:\/\/www.transtoyou.com\/es\/wp-content\/uploads\/sites\/14\/2026\/01\/logo-tty-menu-bar-300x87-1.webp","width":300,"height":87,"caption":"Transtoyou - ES"},"image":{"@id":"https:\/\/www.transtoyou.com\/es\/#\/schema\/logo\/image\/"}}]}},"_links":{"self":[{"href":"https:\/\/www.transtoyou.com\/es\/wp-json\/wp\/v2\/product\/677","targetHints":{"allow":["GET"]}}],"collection":[{"href":"https:\/\/www.transtoyou.com\/es\/wp-json\/wp\/v2\/product"}],"about":[{"href":"https:\/\/www.transtoyou.com\/es\/wp-json\/wp\/v2\/types\/product"}],"replies":[{"embeddable":true,"href":"https:\/\/www.transtoyou.com\/es\/wp-json\/wp\/v2\/comments?post=677"}],"wp:featuredmedia":[{"embeddable":true,"href":"https:\/\/www.transtoyou.com\/es\/wp-json\/wp\/v2\/media\/679"}],"wp:attachment":[{"href":"https:\/\/www.transtoyou.com\/es\/wp-json\/wp\/v2\/media?parent=677"}],"wp:term":[{"taxonomy":"product_brand","embeddable":true,"href":"https:\/\/www.transtoyou.com\/es\/wp-json\/wp\/v2\/product_brand?post=677"},{"taxonomy":"product_cat","embeddable":true,"href":"https:\/\/www.transtoyou.com\/es\/wp-json\/wp\/v2\/product_cat?post=677"},{"taxonomy":"product_tag","embeddable":true,"href":"https:\/\/www.transtoyou.com\/es\/wp-json\/wp\/v2\/product_tag?post=677"},{"taxonomy":"expert","embeddable":true,"href":"https:\/\/www.transtoyou.com\/es\/wp-json\/wp\/v2\/expert?post=677"}],"curies":[{"name":"wp","href":"https:\/\/api.w.org\/{rel}","templated":true}]}}