{"id":698,"date":"2026-01-24T02:40:06","date_gmt":"2026-01-24T02:40:06","guid":{"rendered":"https:\/\/www.transtoyou.com\/es\/product\/loceryl\/"},"modified":"2026-01-24T02:40:59","modified_gmt":"2026-01-24T02:40:59","slug":"loceryl","status":"publish","type":"product","link":"https:\/\/www.transtoyou.com\/es\/product\/loceryl\/","title":{"rendered":"Loceryl"},"content":{"rendered":"<p>Loceryl es un tratamiento antif\u00fangico t\u00f3pico dise\u00f1ado espec\u00edficamente para combatir infecciones f\u00fangicas de las u\u00f1as de los pies y de las manos. Contiene el ingrediente activo amorolfina, que act\u00faa interrumpiendo la estructura de las membranas celulares f\u00fangicas. Esto impide que los hongos crezcan y, eventualmente, conduce a su muerte.<\/p>\n<p>Loceryl se utiliza com\u00fanmente para tratar la onicomicosis, una infecci\u00f3n persistente de las u\u00f1as por hongos que causa u\u00f1as engrosadas, descoloridas o quebradizas. Tambi\u00e9n se utiliza a veces para infecciones f\u00fangicas de la piel, como el pie de atleta, cuando afectan el \u00e1rea alrededor de la u\u00f1a. A diferencia de los medicamentos antif\u00fangicos orales, Loceryl se aplica directamente en la u\u00f1a afectada y la piel circundante, permitiendo un tratamiento localizado sin efectos secundarios sist\u00e9micos.<\/p>\n<p>El esmalte se aplica t\u00edpicamente una o dos veces por semana, dependiendo de la gravedad de la infecci\u00f3n y del plan de tratamiento. Despu\u00e9s de la aplicaci\u00f3n, se seca para formar una pel\u00edcula protectora, permitiendo que el ingrediente activo penetre en la u\u00f1a con el tiempo. Este efecto de liberaci\u00f3n lenta permite que la medicaci\u00f3n permanezca activa durante varios d\u00edas con cada uso.<\/p>\n<p>La mejora visible puede tardar varias semanas, y el tratamiento completo puede durar de 6 a 12 meses, ya que toma tiempo para que la u\u00f1a infectada crezca y sea reemplazada por tejido sano.<\/p>\n<p>Los efectos secundarios son raros, pero pueden incluir irritaci\u00f3n leve, ardor o enrojecimiento alrededor de la u\u00f1a. Loceryl generalmente se tolera bien y se considera seguro para su uso a largo plazo.<\/p>\n","protected":false},"excerpt":{"rendered":"<ul>\n<li>Tratamiento antif\u00fangico t\u00f3pico para las u\u00f1as<\/li>\n<li>Dirigido a infecciones f\u00fangicas en las u\u00f1as<\/li>\n<li>F\u00f3rmula de laca de acci\u00f3n prolongada<\/li>\n<\/ul>\n","protected":false},"featured_media":699,"comment_status":"open","ping_status":"closed","template":"","meta":[],"product_brand":[],"product_cat":[151],"product_tag":[],"expert":[18],"class_list":{"0":"post-698","1":"product","2":"type-product","3":"status-publish","4":"has-post-thumbnail","6":"product_cat-hongos-en-unas-de-los-pies-y-pie-de-atleta","7":"expert-dr-g-varbanov","9":"first","10":"instock","11":"shipping-taxable","12":"product-type-simple"},"yoast_head":"<!-- This site is optimized with the Yoast SEO plugin v27.0 - https:\/\/yoast.com\/product\/yoast-seo-wordpress\/ -->\n<title>Loceryl | Soluci\u00f3n Antif\u00fangica Efectiva - Transtoyou<\/title>\n<meta name=\"description\" content=\"El esmalte antif\u00fangico Loceryl combate infecciones en las u\u00f1as con amorolfina. Disponible aqu\u00ed, ofrece tratamiento localizado sin efectos sist\u00e9micos.\" \/>\n<meta name=\"robots\" content=\"noindex, follow, max-snippet:-1, max-image-preview:large, max-video-preview:-1\" \/>\n<meta property=\"og:locale\" content=\"es_ES\" \/>\n<meta property=\"og:type\" content=\"article\" \/>\n<meta property=\"og:title\" content=\"Loceryl | Soluci\u00f3n Antif\u00fangica Efectiva - Transtoyou\" \/>\n<meta property=\"og:description\" content=\"El esmalte antif\u00fangico Loceryl combate infecciones en las u\u00f1as con amorolfina. Disponible aqu\u00ed, ofrece tratamiento localizado sin efectos sist\u00e9micos.\" \/>\n<meta property=\"og:url\" content=\"https:\/\/www.transtoyou.com\/es\/product\/loceryl\/\" \/>\n<meta property=\"og:site_name\" content=\"Transtoyou - ES\" \/>\n<meta property=\"article:modified_time\" content=\"2026-01-24T02:40:59+00:00\" \/>\n<meta name=\"twitter:card\" content=\"summary_large_image\" \/>\n<meta name=\"twitter:label1\" content=\"Tiempo de lectura\" \/>\n\t<meta name=\"twitter:data1\" content=\"1 minuto\" \/>\n<script type=\"application\/ld+json\" class=\"yoast-schema-graph\">{\"@context\":\"https:\/\/schema.org\",\"@graph\":[{\"@type\":\"WebPage\",\"@id\":\"https:\/\/www.transtoyou.com\/es\/product\/loceryl\/\",\"url\":\"https:\/\/www.transtoyou.com\/es\/product\/loceryl\/\",\"name\":\"Loceryl | Soluci\u00f3n Antif\u00fangica Efectiva - Transtoyou\",\"isPartOf\":{\"@id\":\"https:\/\/www.transtoyou.com\/es\/#website\"},\"primaryImageOfPage\":{\"@id\":\"https:\/\/www.transtoyou.com\/es\/product\/loceryl\/#primaryimage\"},\"image\":{\"@id\":\"https:\/\/www.transtoyou.com\/es\/product\/loceryl\/#primaryimage\"},\"thumbnailUrl\":\"https:\/\/www.transtoyou.com\/es\/wp-content\/uploads\/sites\/14\/2026\/01\/tty-no-product-image-71.webp\",\"datePublished\":\"2026-01-24T02:40:06+00:00\",\"dateModified\":\"2026-01-24T02:40:59+00:00\",\"description\":\"El esmalte antif\u00fangico Loceryl combate infecciones en las u\u00f1as con amorolfina. Disponible aqu\u00ed, ofrece tratamiento localizado sin efectos sist\u00e9micos.\",\"breadcrumb\":{\"@id\":\"https:\/\/www.transtoyou.com\/es\/product\/loceryl\/#breadcrumb\"},\"inLanguage\":\"es\",\"potentialAction\":[{\"@type\":\"ReadAction\",\"target\":[\"https:\/\/www.transtoyou.com\/es\/product\/loceryl\/\"]}]},{\"@type\":\"ImageObject\",\"inLanguage\":\"es\",\"@id\":\"https:\/\/www.transtoyou.com\/es\/product\/loceryl\/#primaryimage\",\"url\":\"https:\/\/www.transtoyou.com\/es\/wp-content\/uploads\/sites\/14\/2026\/01\/tty-no-product-image-71.webp\",\"contentUrl\":\"https:\/\/www.transtoyou.com\/es\/wp-content\/uploads\/sites\/14\/2026\/01\/tty-no-product-image-71.webp\",\"width\":1000,\"height\":1000,\"caption\":\"Imagen de producto predeterminada\"},{\"@type\":\"WebSite\",\"@id\":\"https:\/\/www.transtoyou.com\/es\/#website\",\"url\":\"https:\/\/www.transtoyou.com\/es\/\",\"name\":\"Transtoyou - ES\",\"description\":\"\",\"publisher\":{\"@id\":\"https:\/\/www.transtoyou.com\/es\/#organization\"},\"potentialAction\":[{\"@type\":\"SearchAction\",\"target\":{\"@type\":\"EntryPoint\",\"urlTemplate\":\"https:\/\/www.transtoyou.com\/es\/?s={search_term_string}\"},\"query-input\":{\"@type\":\"PropertyValueSpecification\",\"valueRequired\":true,\"valueName\":\"search_term_string\"}}],\"inLanguage\":\"es\"},{\"@type\":\"Organization\",\"@id\":\"https:\/\/www.transtoyou.com\/es\/#organization\",\"name\":\"Transtoyou - ES\",\"url\":\"https:\/\/www.transtoyou.com\/es\/\",\"logo\":{\"@type\":\"ImageObject\",\"inLanguage\":\"es\",\"@id\":\"https:\/\/www.transtoyou.com\/es\/#\/schema\/logo\/image\/\",\"url\":\"https:\/\/www.transtoyou.com\/es\/wp-content\/uploads\/sites\/14\/2026\/01\/logo-tty-menu-bar-300x87-1.webp\",\"contentUrl\":\"https:\/\/www.transtoyou.com\/es\/wp-content\/uploads\/sites\/14\/2026\/01\/logo-tty-menu-bar-300x87-1.webp\",\"width\":300,\"height\":87,\"caption\":\"Transtoyou - ES\"},\"image\":{\"@id\":\"https:\/\/www.transtoyou.com\/es\/#\/schema\/logo\/image\/\"}}]}<\/script>\n<!-- \/ Yoast SEO plugin. -->","yoast_head_json":{"title":"Loceryl | Soluci\u00f3n Antif\u00fangica Efectiva - Transtoyou","description":"El esmalte antif\u00fangico Loceryl combate infecciones en las u\u00f1as con amorolfina. Disponible aqu\u00ed, ofrece tratamiento localizado sin efectos sist\u00e9micos.","robots":{"index":"noindex","follow":"follow","max-snippet":"max-snippet:-1","max-image-preview":"max-image-preview:large","max-video-preview":"max-video-preview:-1"},"og_locale":"es_ES","og_type":"article","og_title":"Loceryl | Soluci\u00f3n Antif\u00fangica Efectiva - Transtoyou","og_description":"El esmalte antif\u00fangico Loceryl combate infecciones en las u\u00f1as con amorolfina. Disponible aqu\u00ed, ofrece tratamiento localizado sin efectos sist\u00e9micos.","og_url":"https:\/\/www.transtoyou.com\/es\/product\/loceryl\/","og_site_name":"Transtoyou - ES","article_modified_time":"2026-01-24T02:40:59+00:00","twitter_card":"summary_large_image","twitter_misc":{"Tiempo de lectura":"1 minuto"},"schema":{"@context":"https:\/\/schema.org","@graph":[{"@type":"WebPage","@id":"https:\/\/www.transtoyou.com\/es\/product\/loceryl\/","url":"https:\/\/www.transtoyou.com\/es\/product\/loceryl\/","name":"Loceryl | Soluci\u00f3n Antif\u00fangica Efectiva - Transtoyou","isPartOf":{"@id":"https:\/\/www.transtoyou.com\/es\/#website"},"primaryImageOfPage":{"@id":"https:\/\/www.transtoyou.com\/es\/product\/loceryl\/#primaryimage"},"image":{"@id":"https:\/\/www.transtoyou.com\/es\/product\/loceryl\/#primaryimage"},"thumbnailUrl":"https:\/\/www.transtoyou.com\/es\/wp-content\/uploads\/sites\/14\/2026\/01\/tty-no-product-image-71.webp","datePublished":"2026-01-24T02:40:06+00:00","dateModified":"2026-01-24T02:40:59+00:00","description":"El esmalte antif\u00fangico Loceryl combate infecciones en las u\u00f1as con amorolfina. Disponible aqu\u00ed, ofrece tratamiento localizado sin efectos sist\u00e9micos.","breadcrumb":{"@id":"https:\/\/www.transtoyou.com\/es\/product\/loceryl\/#breadcrumb"},"inLanguage":"es","potentialAction":[{"@type":"ReadAction","target":["https:\/\/www.transtoyou.com\/es\/product\/loceryl\/"]}]},{"@type":"ImageObject","inLanguage":"es","@id":"https:\/\/www.transtoyou.com\/es\/product\/loceryl\/#primaryimage","url":"https:\/\/www.transtoyou.com\/es\/wp-content\/uploads\/sites\/14\/2026\/01\/tty-no-product-image-71.webp","contentUrl":"https:\/\/www.transtoyou.com\/es\/wp-content\/uploads\/sites\/14\/2026\/01\/tty-no-product-image-71.webp","width":1000,"height":1000,"caption":"Imagen de producto predeterminada"},{"@type":"WebSite","@id":"https:\/\/www.transtoyou.com\/es\/#website","url":"https:\/\/www.transtoyou.com\/es\/","name":"Transtoyou - ES","description":"","publisher":{"@id":"https:\/\/www.transtoyou.com\/es\/#organization"},"potentialAction":[{"@type":"SearchAction","target":{"@type":"EntryPoint","urlTemplate":"https:\/\/www.transtoyou.com\/es\/?s={search_term_string}"},"query-input":{"@type":"PropertyValueSpecification","valueRequired":true,"valueName":"search_term_string"}}],"inLanguage":"es"},{"@type":"Organization","@id":"https:\/\/www.transtoyou.com\/es\/#organization","name":"Transtoyou - ES","url":"https:\/\/www.transtoyou.com\/es\/","logo":{"@type":"ImageObject","inLanguage":"es","@id":"https:\/\/www.transtoyou.com\/es\/#\/schema\/logo\/image\/","url":"https:\/\/www.transtoyou.com\/es\/wp-content\/uploads\/sites\/14\/2026\/01\/logo-tty-menu-bar-300x87-1.webp","contentUrl":"https:\/\/www.transtoyou.com\/es\/wp-content\/uploads\/sites\/14\/2026\/01\/logo-tty-menu-bar-300x87-1.webp","width":300,"height":87,"caption":"Transtoyou - ES"},"image":{"@id":"https:\/\/www.transtoyou.com\/es\/#\/schema\/logo\/image\/"}}]}},"_links":{"self":[{"href":"https:\/\/www.transtoyou.com\/es\/wp-json\/wp\/v2\/product\/698","targetHints":{"allow":["GET"]}}],"collection":[{"href":"https:\/\/www.transtoyou.com\/es\/wp-json\/wp\/v2\/product"}],"about":[{"href":"https:\/\/www.transtoyou.com\/es\/wp-json\/wp\/v2\/types\/product"}],"replies":[{"embeddable":true,"href":"https:\/\/www.transtoyou.com\/es\/wp-json\/wp\/v2\/comments?post=698"}],"wp:featuredmedia":[{"embeddable":true,"href":"https:\/\/www.transtoyou.com\/es\/wp-json\/wp\/v2\/media\/699"}],"wp:attachment":[{"href":"https:\/\/www.transtoyou.com\/es\/wp-json\/wp\/v2\/media?parent=698"}],"wp:term":[{"taxonomy":"product_brand","embeddable":true,"href":"https:\/\/www.transtoyou.com\/es\/wp-json\/wp\/v2\/product_brand?post=698"},{"taxonomy":"product_cat","embeddable":true,"href":"https:\/\/www.transtoyou.com\/es\/wp-json\/wp\/v2\/product_cat?post=698"},{"taxonomy":"product_tag","embeddable":true,"href":"https:\/\/www.transtoyou.com\/es\/wp-json\/wp\/v2\/product_tag?post=698"},{"taxonomy":"expert","embeddable":true,"href":"https:\/\/www.transtoyou.com\/es\/wp-json\/wp\/v2\/expert?post=698"}],"curies":[{"name":"wp","href":"https:\/\/api.w.org\/{rel}","templated":true}]}}