{"id":711,"date":"2026-01-24T04:00:43","date_gmt":"2026-01-24T04:00:43","guid":{"rendered":"https:\/\/www.transtoyou.com\/es\/product\/rizatriptan\/"},"modified":"2026-03-02T15:55:39","modified_gmt":"2026-03-02T15:55:39","slug":"rizatriptano","status":"publish","type":"product","link":"https:\/\/www.transtoyou.com\/es\/product\/rizatriptano\/","title":{"rendered":"Rizatript\u00e1n"},"content":{"rendered":"<p>Rizatript\u00e1n es un medicamento de prescripci\u00f3n clasificado como un agonista selectivo de los receptores de serotonina, tambi\u00e9n conocido como un Tript\u00e1n. Se utiliza principalmente para el tratamiento agudo de las migra\u00f1as, con o sin aura. Rizatript\u00e1n act\u00faa estimulando los receptores de serotonina (5-HT1B y 5-HT1D) en el cerebro, lo que lleva a la constricci\u00f3n de los vasos sangu\u00edneos dilatados. Esta vasoconstricci\u00f3n ayuda a aliviar el dolor, las n\u00e1useas y la sensibilidad a la luz y al sonido com\u00fanmente asociadas con las migra\u00f1as.<\/p>\n<p>Este medicamento no previene las migra\u00f1as, pero trata eficazmente los ataques de migra\u00f1a una vez que comienzan. Rizatript\u00e1n es m\u00e1s efectivo cuando se toma al primer signo de los s\u00edntomas de migra\u00f1a. No trata otros tipos de dolores de cabeza, como los dolores de cabeza por tensi\u00f3n o las cefaleas en racimo.<\/p>\n<p>La acci\u00f3n del Rizatript\u00e1n ayuda a reducir la inflamaci\u00f3n alrededor de los vasos sangu\u00edneos del cerebro, proporcionando un alivio espec\u00edfico sin afectar otros sistemas del cuerpo. Por lo general, comienza a funcionar dentro de los 30 a 60 minutos despu\u00e9s de la ingesti\u00f3n y puede proporcionar alivio durante varias horas. Uno de los beneficios del Rizatript\u00e1n es su r\u00e1pido inicio de acci\u00f3n y efectividad incluso cuando los s\u00edntomas de migra\u00f1a incluyen n\u00e1useas o v\u00f3mitos.<\/p>\n<p>Los pacientes a menudo experimentan menos efectos secundarios en comparaci\u00f3n con otros tratamientos para la migra\u00f1a, y la opci\u00f3n de tabletas orales que se disuelven ofrece comodidad y r\u00e1pida absorci\u00f3n, especialmente cuando se toman sin agua.<\/p>\n","protected":false},"excerpt":{"rendered":"<ul>\n<li>Alivio r\u00e1pido de migra\u00f1as<\/li>\n<li>Act\u00faa en 30 minutos<\/li>\n<li>Tableta oral conveniente<\/li>\n<\/ul>\n","protected":false},"featured_media":713,"comment_status":"open","ping_status":"closed","template":"","meta":[],"product_brand":[],"product_cat":[109],"product_tag":[],"expert":[16],"class_list":{"0":"post-711","1":"product","2":"type-product","3":"status-publish","4":"has-post-thumbnail","6":"product_cat-dolores-de-cabeza-y-migranas","7":"expert-dr-c-alexandru","9":"first","10":"instock","11":"shipping-taxable","12":"product-type-variable"},"yoast_head":"<!-- This site is optimized with the Yoast SEO plugin v27.0 - https:\/\/yoast.com\/product\/yoast-seo-wordpress\/ -->\n<title>Rizatript\u00e1n | Alivio R\u00e1pido de la Migra\u00f1a - Transtoyou<\/title>\n<meta name=\"description\" content=\"Rizatript\u00e1n: Alivio efectivo para la migra\u00f1a en Transtoyou. Obt\u00e9n atenci\u00f3n profesional y recetas seguras para un alivio espec\u00edfico.\" \/>\n<meta name=\"robots\" content=\"noindex, follow, max-snippet:-1, max-image-preview:large, max-video-preview:-1\" \/>\n<meta property=\"og:locale\" content=\"es_ES\" \/>\n<meta property=\"og:type\" content=\"article\" \/>\n<meta property=\"og:title\" content=\"Rizatript\u00e1n | Alivio R\u00e1pido de la Migra\u00f1a - Transtoyou\" \/>\n<meta property=\"og:description\" content=\"Rizatript\u00e1n: Alivio efectivo para la migra\u00f1a en Transtoyou. Obt\u00e9n atenci\u00f3n profesional y recetas seguras para un alivio espec\u00edfico.\" \/>\n<meta property=\"og:url\" content=\"https:\/\/www.transtoyou.com\/es\/product\/rizatriptan\/\" \/>\n<meta property=\"og:site_name\" content=\"Transtoyou - ES\" \/>\n<meta property=\"article:modified_time\" content=\"2026-03-02T15:55:39+00:00\" \/>\n<meta name=\"twitter:card\" content=\"summary_large_image\" \/>\n<meta name=\"twitter:label1\" content=\"Tiempo de lectura\" \/>\n\t<meta name=\"twitter:data1\" content=\"1 minuto\" \/>\n<script type=\"application\/ld+json\" class=\"yoast-schema-graph\">{\"@context\":\"https:\/\/schema.org\",\"@graph\":[{\"@type\":\"WebPage\",\"@id\":\"https:\/\/www.transtoyou.com\/es\/product\/rizatriptan\/\",\"url\":\"https:\/\/www.transtoyou.com\/es\/product\/rizatriptan\/\",\"name\":\"Rizatript\u00e1n | Alivio R\u00e1pido de la Migra\u00f1a - Transtoyou\",\"isPartOf\":{\"@id\":\"https:\/\/www.transtoyou.com\/es\/#website\"},\"primaryImageOfPage\":{\"@id\":\"https:\/\/www.transtoyou.com\/es\/product\/rizatriptan\/#primaryimage\"},\"image\":{\"@id\":\"https:\/\/www.transtoyou.com\/es\/product\/rizatriptan\/#primaryimage\"},\"thumbnailUrl\":\"https:\/\/www.transtoyou.com\/es\/wp-content\/uploads\/sites\/14\/2026\/01\/tty-no-product-image-76.webp\",\"datePublished\":\"2026-01-24T04:00:43+00:00\",\"dateModified\":\"2026-03-02T15:55:39+00:00\",\"description\":\"Rizatript\u00e1n: Alivio efectivo para la migra\u00f1a en Transtoyou. Obt\u00e9n atenci\u00f3n profesional y recetas seguras para un alivio espec\u00edfico.\",\"breadcrumb\":{\"@id\":\"https:\/\/www.transtoyou.com\/es\/product\/rizatriptan\/#breadcrumb\"},\"inLanguage\":\"es\",\"potentialAction\":[{\"@type\":\"ReadAction\",\"target\":[\"https:\/\/www.transtoyou.com\/es\/product\/rizatriptan\/\"]}]},{\"@type\":\"ImageObject\",\"inLanguage\":\"es\",\"@id\":\"https:\/\/www.transtoyou.com\/es\/product\/rizatriptan\/#primaryimage\",\"url\":\"https:\/\/www.transtoyou.com\/es\/wp-content\/uploads\/sites\/14\/2026\/01\/tty-no-product-image-76.webp\",\"contentUrl\":\"https:\/\/www.transtoyou.com\/es\/wp-content\/uploads\/sites\/14\/2026\/01\/tty-no-product-image-76.webp\",\"width\":1000,\"height\":1000,\"caption\":\"Imagen de producto predeterminada\"},{\"@type\":\"WebSite\",\"@id\":\"https:\/\/www.transtoyou.com\/es\/#website\",\"url\":\"https:\/\/www.transtoyou.com\/es\/\",\"name\":\"Transtoyou - ES\",\"description\":\"\",\"publisher\":{\"@id\":\"https:\/\/www.transtoyou.com\/es\/#organization\"},\"potentialAction\":[{\"@type\":\"SearchAction\",\"target\":{\"@type\":\"EntryPoint\",\"urlTemplate\":\"https:\/\/www.transtoyou.com\/es\/?s={search_term_string}\"},\"query-input\":{\"@type\":\"PropertyValueSpecification\",\"valueRequired\":true,\"valueName\":\"search_term_string\"}}],\"inLanguage\":\"es\"},{\"@type\":\"Organization\",\"@id\":\"https:\/\/www.transtoyou.com\/es\/#organization\",\"name\":\"Transtoyou - ES\",\"url\":\"https:\/\/www.transtoyou.com\/es\/\",\"logo\":{\"@type\":\"ImageObject\",\"inLanguage\":\"es\",\"@id\":\"https:\/\/www.transtoyou.com\/es\/#\/schema\/logo\/image\/\",\"url\":\"https:\/\/www.transtoyou.com\/es\/wp-content\/uploads\/sites\/14\/2026\/01\/logo-tty-menu-bar-300x87-1.webp\",\"contentUrl\":\"https:\/\/www.transtoyou.com\/es\/wp-content\/uploads\/sites\/14\/2026\/01\/logo-tty-menu-bar-300x87-1.webp\",\"width\":300,\"height\":87,\"caption\":\"Transtoyou - ES\"},\"image\":{\"@id\":\"https:\/\/www.transtoyou.com\/es\/#\/schema\/logo\/image\/\"}}]}<\/script>\n<!-- \/ Yoast SEO plugin. -->","yoast_head_json":{"title":"Rizatript\u00e1n | Alivio R\u00e1pido de la Migra\u00f1a - Transtoyou","description":"Rizatript\u00e1n: Alivio efectivo para la migra\u00f1a en Transtoyou. Obt\u00e9n atenci\u00f3n profesional y recetas seguras para un alivio espec\u00edfico.","robots":{"index":"noindex","follow":"follow","max-snippet":"max-snippet:-1","max-image-preview":"max-image-preview:large","max-video-preview":"max-video-preview:-1"},"og_locale":"es_ES","og_type":"article","og_title":"Rizatript\u00e1n | Alivio R\u00e1pido de la Migra\u00f1a - Transtoyou","og_description":"Rizatript\u00e1n: Alivio efectivo para la migra\u00f1a en Transtoyou. Obt\u00e9n atenci\u00f3n profesional y recetas seguras para un alivio espec\u00edfico.","og_url":"https:\/\/www.transtoyou.com\/es\/product\/rizatriptan\/","og_site_name":"Transtoyou - ES","article_modified_time":"2026-03-02T15:55:39+00:00","twitter_card":"summary_large_image","twitter_misc":{"Tiempo de lectura":"1 minuto"},"schema":{"@context":"https:\/\/schema.org","@graph":[{"@type":"WebPage","@id":"https:\/\/www.transtoyou.com\/es\/product\/rizatriptan\/","url":"https:\/\/www.transtoyou.com\/es\/product\/rizatriptan\/","name":"Rizatript\u00e1n | Alivio R\u00e1pido de la Migra\u00f1a - Transtoyou","isPartOf":{"@id":"https:\/\/www.transtoyou.com\/es\/#website"},"primaryImageOfPage":{"@id":"https:\/\/www.transtoyou.com\/es\/product\/rizatriptan\/#primaryimage"},"image":{"@id":"https:\/\/www.transtoyou.com\/es\/product\/rizatriptan\/#primaryimage"},"thumbnailUrl":"https:\/\/www.transtoyou.com\/es\/wp-content\/uploads\/sites\/14\/2026\/01\/tty-no-product-image-76.webp","datePublished":"2026-01-24T04:00:43+00:00","dateModified":"2026-03-02T15:55:39+00:00","description":"Rizatript\u00e1n: Alivio efectivo para la migra\u00f1a en Transtoyou. Obt\u00e9n atenci\u00f3n profesional y recetas seguras para un alivio espec\u00edfico.","breadcrumb":{"@id":"https:\/\/www.transtoyou.com\/es\/product\/rizatriptan\/#breadcrumb"},"inLanguage":"es","potentialAction":[{"@type":"ReadAction","target":["https:\/\/www.transtoyou.com\/es\/product\/rizatriptan\/"]}]},{"@type":"ImageObject","inLanguage":"es","@id":"https:\/\/www.transtoyou.com\/es\/product\/rizatriptan\/#primaryimage","url":"https:\/\/www.transtoyou.com\/es\/wp-content\/uploads\/sites\/14\/2026\/01\/tty-no-product-image-76.webp","contentUrl":"https:\/\/www.transtoyou.com\/es\/wp-content\/uploads\/sites\/14\/2026\/01\/tty-no-product-image-76.webp","width":1000,"height":1000,"caption":"Imagen de producto predeterminada"},{"@type":"WebSite","@id":"https:\/\/www.transtoyou.com\/es\/#website","url":"https:\/\/www.transtoyou.com\/es\/","name":"Transtoyou - ES","description":"","publisher":{"@id":"https:\/\/www.transtoyou.com\/es\/#organization"},"potentialAction":[{"@type":"SearchAction","target":{"@type":"EntryPoint","urlTemplate":"https:\/\/www.transtoyou.com\/es\/?s={search_term_string}"},"query-input":{"@type":"PropertyValueSpecification","valueRequired":true,"valueName":"search_term_string"}}],"inLanguage":"es"},{"@type":"Organization","@id":"https:\/\/www.transtoyou.com\/es\/#organization","name":"Transtoyou - ES","url":"https:\/\/www.transtoyou.com\/es\/","logo":{"@type":"ImageObject","inLanguage":"es","@id":"https:\/\/www.transtoyou.com\/es\/#\/schema\/logo\/image\/","url":"https:\/\/www.transtoyou.com\/es\/wp-content\/uploads\/sites\/14\/2026\/01\/logo-tty-menu-bar-300x87-1.webp","contentUrl":"https:\/\/www.transtoyou.com\/es\/wp-content\/uploads\/sites\/14\/2026\/01\/logo-tty-menu-bar-300x87-1.webp","width":300,"height":87,"caption":"Transtoyou - ES"},"image":{"@id":"https:\/\/www.transtoyou.com\/es\/#\/schema\/logo\/image\/"}}]}},"_links":{"self":[{"href":"https:\/\/www.transtoyou.com\/es\/wp-json\/wp\/v2\/product\/711","targetHints":{"allow":["GET"]}}],"collection":[{"href":"https:\/\/www.transtoyou.com\/es\/wp-json\/wp\/v2\/product"}],"about":[{"href":"https:\/\/www.transtoyou.com\/es\/wp-json\/wp\/v2\/types\/product"}],"replies":[{"embeddable":true,"href":"https:\/\/www.transtoyou.com\/es\/wp-json\/wp\/v2\/comments?post=711"}],"wp:featuredmedia":[{"embeddable":true,"href":"https:\/\/www.transtoyou.com\/es\/wp-json\/wp\/v2\/media\/713"}],"wp:attachment":[{"href":"https:\/\/www.transtoyou.com\/es\/wp-json\/wp\/v2\/media?parent=711"}],"wp:term":[{"taxonomy":"product_brand","embeddable":true,"href":"https:\/\/www.transtoyou.com\/es\/wp-json\/wp\/v2\/product_brand?post=711"},{"taxonomy":"product_cat","embeddable":true,"href":"https:\/\/www.transtoyou.com\/es\/wp-json\/wp\/v2\/product_cat?post=711"},{"taxonomy":"product_tag","embeddable":true,"href":"https:\/\/www.transtoyou.com\/es\/wp-json\/wp\/v2\/product_tag?post=711"},{"taxonomy":"expert","embeddable":true,"href":"https:\/\/www.transtoyou.com\/es\/wp-json\/wp\/v2\/expert?post=711"}],"curies":[{"name":"wp","href":"https:\/\/api.w.org\/{rel}","templated":true}]}}