{"id":738,"date":"2026-01-24T06:41:58","date_gmt":"2026-01-24T06:41:58","guid":{"rendered":"https:\/\/www.transtoyou.com\/es\/product\/viridal\/"},"modified":"2026-03-07T14:55:57","modified_gmt":"2026-03-07T14:55:57","slug":"viridal","status":"publish","type":"product","link":"https:\/\/www.transtoyou.com\/es\/product\/viridal\/","title":{"rendered":"Viridal"},"content":{"rendered":"<p>Viridal es un tratamiento utilizado para la disfunci\u00f3n er\u00e9ctil, particularmente en casos donde los medicamentos orales pueden no ser efectivos o adecuados. Contiene alprostadil, una versi\u00f3n sint\u00e9tica de una sustancia que ocurre naturalmente y que ayuda a aumentar el flujo sangu\u00edneo al pene. Al causar que los vasos sangu\u00edneos locales se ensanchen, apoya el proceso f\u00edsico que conduce a una erecci\u00f3n.<\/p>\n<p>Viridal se administra mediante inyecci\u00f3n en el cuerpo cavernoso. Este m\u00e9todo permite que la medicaci\u00f3n act\u00fae directamente en el sitio donde se necesita. En la mayor\u00eda de los casos, el efecto comienza dentro de 5 a 15 minutos, y la erecci\u00f3n resultante generalmente dura alrededor de 30 a 60 minutos, aunque esto puede variar entre individuos.<\/p>\n<p>La medicaci\u00f3n viene en forma de polvo que se mezcla con una soluci\u00f3n est\u00e9ril antes de su uso. Se utiliza una aguja fina para la inyecci\u00f3n, y es importante alternar el sitio con cada uso para reducir el riesgo de da\u00f1o en los tejidos. La dosis generalmente se ajusta de acuerdo con la respuesta y tolerancia del individuo.<\/p>\n<p>Viridal puede ser utilizado por personas con diversas causas subyacentes de disfunci\u00f3n er\u00e9ctil, incluyendo condiciones vasculares, neurol\u00f3gicas o postquir\u00fargicas. Los efectos secundarios comunes pueden incluir una ligera incomodidad en el sitio de inyecci\u00f3n o una sensaci\u00f3n de presi\u00f3n en el pene. En algunos casos, los usuarios pueden experimentar erecciones prolongadas o fibrosis localizada o n\u00f3dulos en el pene, los cuales deben ser evaluados si persisten.<\/p>\n","protected":false},"excerpt":{"rendered":"<ul>\n<li>Erecci\u00f3n r\u00e1pida y confiable en 5-15 minutos<\/li>\n<li>Evita el sistema digestivo &#8211; funciona incluso cuando las tabletas fallan<\/li>\n<li>Dosis ajustable con jeringa de doble c\u00e1mara de mezcla autom\u00e1tica<\/li>\n<\/ul>\n","protected":false},"featured_media":740,"comment_status":"open","ping_status":"closed","template":"","meta":[],"product_brand":[],"product_cat":[95],"product_tag":[],"expert":[21],"class_list":{"0":"post-738","1":"product","2":"type-product","3":"status-publish","4":"has-post-thumbnail","6":"product_cat-tratamientos-para-la-disfuncion-erectil","7":"expert-dr-m-sharoyko","9":"first","10":"instock","11":"shipping-taxable","12":"product-type-variable"},"yoast_head":"<!-- This site is optimized with the Yoast SEO plugin v27.0 - https:\/\/yoast.com\/product\/yoast-seo-wordpress\/ -->\n<title>Viridal | Soluci\u00f3n R\u00e1pida para la Disfunci\u00f3n Er\u00e9ctil - Transtoyou<\/title>\n<meta name=\"description\" content=\"Descubre Viridal, una soluci\u00f3n \u00fanica para la disfunci\u00f3n er\u00e9ctil. Contiene alprostadil para resultados efectivos. Disponible aqu\u00ed en Transtoyou.\" \/>\n<meta name=\"robots\" content=\"noindex, follow, max-snippet:-1, max-image-preview:large, max-video-preview:-1\" \/>\n<meta property=\"og:locale\" content=\"es_ES\" \/>\n<meta property=\"og:type\" content=\"article\" \/>\n<meta property=\"og:title\" content=\"Viridal | Soluci\u00f3n R\u00e1pida para la Disfunci\u00f3n Er\u00e9ctil - Transtoyou\" \/>\n<meta property=\"og:description\" content=\"Descubre Viridal, una soluci\u00f3n \u00fanica para la disfunci\u00f3n er\u00e9ctil. Contiene alprostadil para resultados efectivos. Disponible aqu\u00ed en Transtoyou.\" \/>\n<meta property=\"og:url\" content=\"https:\/\/www.transtoyou.com\/es\/product\/viridal\/\" \/>\n<meta property=\"og:site_name\" content=\"Transtoyou - ES\" \/>\n<meta property=\"article:modified_time\" content=\"2026-03-07T14:55:57+00:00\" \/>\n<meta name=\"twitter:card\" content=\"summary_large_image\" \/>\n<meta name=\"twitter:label1\" content=\"Tiempo de lectura\" \/>\n\t<meta name=\"twitter:data1\" content=\"1 minuto\" \/>\n<script type=\"application\/ld+json\" class=\"yoast-schema-graph\">{\"@context\":\"https:\/\/schema.org\",\"@graph\":[{\"@type\":\"WebPage\",\"@id\":\"https:\/\/www.transtoyou.com\/es\/product\/viridal\/\",\"url\":\"https:\/\/www.transtoyou.com\/es\/product\/viridal\/\",\"name\":\"Viridal | Soluci\u00f3n R\u00e1pida para la Disfunci\u00f3n Er\u00e9ctil - Transtoyou\",\"isPartOf\":{\"@id\":\"https:\/\/www.transtoyou.com\/es\/#website\"},\"primaryImageOfPage\":{\"@id\":\"https:\/\/www.transtoyou.com\/es\/product\/viridal\/#primaryimage\"},\"image\":{\"@id\":\"https:\/\/www.transtoyou.com\/es\/product\/viridal\/#primaryimage\"},\"thumbnailUrl\":\"https:\/\/www.transtoyou.com\/es\/wp-content\/uploads\/sites\/14\/2026\/01\/tty-no-product-image-86.webp\",\"datePublished\":\"2026-01-24T06:41:58+00:00\",\"dateModified\":\"2026-03-07T14:55:57+00:00\",\"description\":\"Descubre Viridal, una soluci\u00f3n \u00fanica para la disfunci\u00f3n er\u00e9ctil. Contiene alprostadil para resultados efectivos. Disponible aqu\u00ed en Transtoyou.\",\"breadcrumb\":{\"@id\":\"https:\/\/www.transtoyou.com\/es\/product\/viridal\/#breadcrumb\"},\"inLanguage\":\"es\",\"potentialAction\":[{\"@type\":\"ReadAction\",\"target\":[\"https:\/\/www.transtoyou.com\/es\/product\/viridal\/\"]}]},{\"@type\":\"ImageObject\",\"inLanguage\":\"es\",\"@id\":\"https:\/\/www.transtoyou.com\/es\/product\/viridal\/#primaryimage\",\"url\":\"https:\/\/www.transtoyou.com\/es\/wp-content\/uploads\/sites\/14\/2026\/01\/tty-no-product-image-86.webp\",\"contentUrl\":\"https:\/\/www.transtoyou.com\/es\/wp-content\/uploads\/sites\/14\/2026\/01\/tty-no-product-image-86.webp\",\"width\":1000,\"height\":1000,\"caption\":\"Imagen de producto predeterminada\"},{\"@type\":\"WebSite\",\"@id\":\"https:\/\/www.transtoyou.com\/es\/#website\",\"url\":\"https:\/\/www.transtoyou.com\/es\/\",\"name\":\"Transtoyou - ES\",\"description\":\"\",\"publisher\":{\"@id\":\"https:\/\/www.transtoyou.com\/es\/#organization\"},\"potentialAction\":[{\"@type\":\"SearchAction\",\"target\":{\"@type\":\"EntryPoint\",\"urlTemplate\":\"https:\/\/www.transtoyou.com\/es\/?s={search_term_string}\"},\"query-input\":{\"@type\":\"PropertyValueSpecification\",\"valueRequired\":true,\"valueName\":\"search_term_string\"}}],\"inLanguage\":\"es\"},{\"@type\":\"Organization\",\"@id\":\"https:\/\/www.transtoyou.com\/es\/#organization\",\"name\":\"Transtoyou - ES\",\"url\":\"https:\/\/www.transtoyou.com\/es\/\",\"logo\":{\"@type\":\"ImageObject\",\"inLanguage\":\"es\",\"@id\":\"https:\/\/www.transtoyou.com\/es\/#\/schema\/logo\/image\/\",\"url\":\"https:\/\/www.transtoyou.com\/es\/wp-content\/uploads\/sites\/14\/2026\/01\/logo-tty-menu-bar-300x87-1.webp\",\"contentUrl\":\"https:\/\/www.transtoyou.com\/es\/wp-content\/uploads\/sites\/14\/2026\/01\/logo-tty-menu-bar-300x87-1.webp\",\"width\":300,\"height\":87,\"caption\":\"Transtoyou - ES\"},\"image\":{\"@id\":\"https:\/\/www.transtoyou.com\/es\/#\/schema\/logo\/image\/\"}}]}<\/script>\n<!-- \/ Yoast SEO plugin. -->","yoast_head_json":{"title":"Viridal | Soluci\u00f3n R\u00e1pida para la Disfunci\u00f3n Er\u00e9ctil - Transtoyou","description":"Descubre Viridal, una soluci\u00f3n \u00fanica para la disfunci\u00f3n er\u00e9ctil. Contiene alprostadil para resultados efectivos. Disponible aqu\u00ed en Transtoyou.","robots":{"index":"noindex","follow":"follow","max-snippet":"max-snippet:-1","max-image-preview":"max-image-preview:large","max-video-preview":"max-video-preview:-1"},"og_locale":"es_ES","og_type":"article","og_title":"Viridal | Soluci\u00f3n R\u00e1pida para la Disfunci\u00f3n Er\u00e9ctil - Transtoyou","og_description":"Descubre Viridal, una soluci\u00f3n \u00fanica para la disfunci\u00f3n er\u00e9ctil. Contiene alprostadil para resultados efectivos. Disponible aqu\u00ed en Transtoyou.","og_url":"https:\/\/www.transtoyou.com\/es\/product\/viridal\/","og_site_name":"Transtoyou - ES","article_modified_time":"2026-03-07T14:55:57+00:00","twitter_card":"summary_large_image","twitter_misc":{"Tiempo de lectura":"1 minuto"},"schema":{"@context":"https:\/\/schema.org","@graph":[{"@type":"WebPage","@id":"https:\/\/www.transtoyou.com\/es\/product\/viridal\/","url":"https:\/\/www.transtoyou.com\/es\/product\/viridal\/","name":"Viridal | Soluci\u00f3n R\u00e1pida para la Disfunci\u00f3n Er\u00e9ctil - Transtoyou","isPartOf":{"@id":"https:\/\/www.transtoyou.com\/es\/#website"},"primaryImageOfPage":{"@id":"https:\/\/www.transtoyou.com\/es\/product\/viridal\/#primaryimage"},"image":{"@id":"https:\/\/www.transtoyou.com\/es\/product\/viridal\/#primaryimage"},"thumbnailUrl":"https:\/\/www.transtoyou.com\/es\/wp-content\/uploads\/sites\/14\/2026\/01\/tty-no-product-image-86.webp","datePublished":"2026-01-24T06:41:58+00:00","dateModified":"2026-03-07T14:55:57+00:00","description":"Descubre Viridal, una soluci\u00f3n \u00fanica para la disfunci\u00f3n er\u00e9ctil. Contiene alprostadil para resultados efectivos. Disponible aqu\u00ed en Transtoyou.","breadcrumb":{"@id":"https:\/\/www.transtoyou.com\/es\/product\/viridal\/#breadcrumb"},"inLanguage":"es","potentialAction":[{"@type":"ReadAction","target":["https:\/\/www.transtoyou.com\/es\/product\/viridal\/"]}]},{"@type":"ImageObject","inLanguage":"es","@id":"https:\/\/www.transtoyou.com\/es\/product\/viridal\/#primaryimage","url":"https:\/\/www.transtoyou.com\/es\/wp-content\/uploads\/sites\/14\/2026\/01\/tty-no-product-image-86.webp","contentUrl":"https:\/\/www.transtoyou.com\/es\/wp-content\/uploads\/sites\/14\/2026\/01\/tty-no-product-image-86.webp","width":1000,"height":1000,"caption":"Imagen de producto predeterminada"},{"@type":"WebSite","@id":"https:\/\/www.transtoyou.com\/es\/#website","url":"https:\/\/www.transtoyou.com\/es\/","name":"Transtoyou - ES","description":"","publisher":{"@id":"https:\/\/www.transtoyou.com\/es\/#organization"},"potentialAction":[{"@type":"SearchAction","target":{"@type":"EntryPoint","urlTemplate":"https:\/\/www.transtoyou.com\/es\/?s={search_term_string}"},"query-input":{"@type":"PropertyValueSpecification","valueRequired":true,"valueName":"search_term_string"}}],"inLanguage":"es"},{"@type":"Organization","@id":"https:\/\/www.transtoyou.com\/es\/#organization","name":"Transtoyou - ES","url":"https:\/\/www.transtoyou.com\/es\/","logo":{"@type":"ImageObject","inLanguage":"es","@id":"https:\/\/www.transtoyou.com\/es\/#\/schema\/logo\/image\/","url":"https:\/\/www.transtoyou.com\/es\/wp-content\/uploads\/sites\/14\/2026\/01\/logo-tty-menu-bar-300x87-1.webp","contentUrl":"https:\/\/www.transtoyou.com\/es\/wp-content\/uploads\/sites\/14\/2026\/01\/logo-tty-menu-bar-300x87-1.webp","width":300,"height":87,"caption":"Transtoyou - ES"},"image":{"@id":"https:\/\/www.transtoyou.com\/es\/#\/schema\/logo\/image\/"}}]}},"_links":{"self":[{"href":"https:\/\/www.transtoyou.com\/es\/wp-json\/wp\/v2\/product\/738","targetHints":{"allow":["GET"]}}],"collection":[{"href":"https:\/\/www.transtoyou.com\/es\/wp-json\/wp\/v2\/product"}],"about":[{"href":"https:\/\/www.transtoyou.com\/es\/wp-json\/wp\/v2\/types\/product"}],"replies":[{"embeddable":true,"href":"https:\/\/www.transtoyou.com\/es\/wp-json\/wp\/v2\/comments?post=738"}],"wp:featuredmedia":[{"embeddable":true,"href":"https:\/\/www.transtoyou.com\/es\/wp-json\/wp\/v2\/media\/740"}],"wp:attachment":[{"href":"https:\/\/www.transtoyou.com\/es\/wp-json\/wp\/v2\/media?parent=738"}],"wp:term":[{"taxonomy":"product_brand","embeddable":true,"href":"https:\/\/www.transtoyou.com\/es\/wp-json\/wp\/v2\/product_brand?post=738"},{"taxonomy":"product_cat","embeddable":true,"href":"https:\/\/www.transtoyou.com\/es\/wp-json\/wp\/v2\/product_cat?post=738"},{"taxonomy":"product_tag","embeddable":true,"href":"https:\/\/www.transtoyou.com\/es\/wp-json\/wp\/v2\/product_tag?post=738"},{"taxonomy":"expert","embeddable":true,"href":"https:\/\/www.transtoyou.com\/es\/wp-json\/wp\/v2\/expert?post=738"}],"curies":[{"name":"wp","href":"https:\/\/api.w.org\/{rel}","templated":true}]}}