{"id":741,"date":"2026-01-24T06:58:47","date_gmt":"2026-01-24T06:58:47","guid":{"rendered":"https:\/\/www.transtoyou.com\/es\/product\/viagra\/"},"modified":"2026-03-18T11:48:22","modified_gmt":"2026-03-18T11:48:22","slug":"viagra","status":"publish","type":"product","link":"https:\/\/www.transtoyou.com\/es\/product\/viagra\/","title":{"rendered":"Viagra"},"content":{"rendered":"<p>Viagra es un tratamiento para la disfunci\u00f3n er\u00e9ctil, ayudando a los hombres a lograr y mantener una erecci\u00f3n adecuada para la actividad sexual. Su ingrediente activo, citrato de sildenafil, act\u00faa aumentando el flujo sangu\u00edneo al pene cuando un hombre est\u00e1 sexualmente excitado. Esto mejora la capacidad natural del cuerpo para responder a la intimidad, apoyando erecciones m\u00e1s fuertes y confiables.<\/p>\n<p>Viagra pertenece a una clase de medicamentos llamados inhibidores de PDE5, que relajan los vasos sangu\u00edneos en el pene, permitiendo que m\u00e1s sangre entre durante la estimulaci\u00f3n. No provoca una erecci\u00f3n por s\u00ed solo, la excitaci\u00f3n sexual sigue siendo necesaria para que el medicamento sea efectivo. Una vez activo en el cuerpo, Viagra generalmente comienza a funcionar dentro de 30 a 60 minutos, y sus efectos pueden durar alrededor de cuatro a cinco horas.<\/p>\n<p>La dosis inicial est\u00e1ndar es de 50 mg, tomada aproximadamente una hora antes de la actividad sexual, aunque esto puede ajustarse dependiendo de la respuesta individual y la tolerancia. Algunos hombres pueden beneficiarse de una dosis m\u00e1s baja (25 mg), mientras que otros pueden necesitar hasta 100 mg. Se toma por v\u00eda oral y se puede usar con o sin alimentos, aunque las comidas ricas en grasas pueden retrasar ligeramente el inicio de la acci\u00f3n.<\/p>\n<p>Viagra es generalmente bien tolerado. Algunos usuarios pueden experimentar efectos secundarios como dolores de cabeza, enrojecimiento facial, congesti\u00f3n nasal, malestar estomacal o cambios temporales en la visi\u00f3n (como un tinte azul). Estos efectos suelen ser leves y de corta duraci\u00f3n. No debe usarse junto con nitratos o medicamentos que reduzcan significativamente la presi\u00f3n arterial.<\/p>\n","protected":false},"excerpt":{"rendered":"<ul>\n<li>Supports natural sexual response<\/li>\n<li>Improves erectile function<\/li>\n<li>Trusted worldwide for ED management<\/li>\n<\/ul>\n","protected":false},"featured_media":743,"comment_status":"open","ping_status":"closed","template":"","meta":[],"product_brand":[],"product_cat":[95],"product_tag":[],"expert":[16],"class_list":{"0":"post-741","1":"product","2":"type-product","3":"status-publish","4":"has-post-thumbnail","6":"product_cat-tratamientos-para-la-disfuncion-erectil","7":"expert-dr-c-alexandru","9":"first","10":"instock","11":"shipping-taxable","12":"purchasable","13":"product-type-variable"},"yoast_head":"<!-- This site is optimized with the Yoast SEO plugin v27.0 - https:\/\/yoast.com\/product\/yoast-seo-wordpress\/ -->\n<title>Viagra | Mejora el rendimiento y la confianza - Transtoyou<\/title>\n<meta name=\"description\" content=\"Descubre Viagra en Transtoyou, mejora tu funci\u00f3n er\u00e9ctil de forma segura. Cl\u00ednicamente probado con citrato de sildenafil. \u00a1Solicita el tuyo ahora!\" \/>\n<meta name=\"robots\" content=\"noindex, follow, max-snippet:-1, max-image-preview:large, max-video-preview:-1\" \/>\n<meta property=\"og:locale\" content=\"es_ES\" \/>\n<meta property=\"og:type\" content=\"article\" \/>\n<meta property=\"og:title\" content=\"Viagra | Mejora el rendimiento y la confianza - Transtoyou\" \/>\n<meta property=\"og:description\" content=\"Descubre Viagra en Transtoyou, mejora tu funci\u00f3n er\u00e9ctil de forma segura. Cl\u00ednicamente probado con citrato de sildenafil. \u00a1Solicita el tuyo ahora!\" \/>\n<meta property=\"og:url\" content=\"https:\/\/www.transtoyou.com\/es\/product\/viagra\/\" \/>\n<meta property=\"og:site_name\" content=\"Transtoyou - ES\" \/>\n<meta property=\"article:modified_time\" content=\"2026-03-18T11:48:22+00:00\" \/>\n<meta name=\"twitter:card\" content=\"summary_large_image\" \/>\n<meta name=\"twitter:label1\" content=\"Tiempo de lectura\" \/>\n\t<meta name=\"twitter:data1\" content=\"1 minuto\" \/>\n<script type=\"application\/ld+json\" class=\"yoast-schema-graph\">{\"@context\":\"https:\/\/schema.org\",\"@graph\":[{\"@type\":\"WebPage\",\"@id\":\"https:\/\/www.transtoyou.com\/es\/product\/viagra\/\",\"url\":\"https:\/\/www.transtoyou.com\/es\/product\/viagra\/\",\"name\":\"Viagra | Mejora el rendimiento y la confianza - Transtoyou\",\"isPartOf\":{\"@id\":\"https:\/\/www.transtoyou.com\/es\/#website\"},\"primaryImageOfPage\":{\"@id\":\"https:\/\/www.transtoyou.com\/es\/product\/viagra\/#primaryimage\"},\"image\":{\"@id\":\"https:\/\/www.transtoyou.com\/es\/product\/viagra\/#primaryimage\"},\"thumbnailUrl\":\"https:\/\/www.transtoyou.com\/es\/wp-content\/uploads\/sites\/14\/2026\/01\/tty-no-product-image-87.webp\",\"datePublished\":\"2026-01-24T06:58:47+00:00\",\"dateModified\":\"2026-03-18T11:48:22+00:00\",\"description\":\"Descubre Viagra en Transtoyou, mejora tu funci\u00f3n er\u00e9ctil de forma segura. Cl\u00ednicamente probado con citrato de sildenafil. \u00a1Solicita el tuyo ahora!\",\"breadcrumb\":{\"@id\":\"https:\/\/www.transtoyou.com\/es\/product\/viagra\/#breadcrumb\"},\"inLanguage\":\"es\",\"potentialAction\":[{\"@type\":\"ReadAction\",\"target\":[\"https:\/\/www.transtoyou.com\/es\/product\/viagra\/\"]}]},{\"@type\":\"ImageObject\",\"inLanguage\":\"es\",\"@id\":\"https:\/\/www.transtoyou.com\/es\/product\/viagra\/#primaryimage\",\"url\":\"https:\/\/www.transtoyou.com\/es\/wp-content\/uploads\/sites\/14\/2026\/01\/tty-no-product-image-87.webp\",\"contentUrl\":\"https:\/\/www.transtoyou.com\/es\/wp-content\/uploads\/sites\/14\/2026\/01\/tty-no-product-image-87.webp\",\"width\":1000,\"height\":1000,\"caption\":\"Imagen de producto predeterminada\"},{\"@type\":\"WebSite\",\"@id\":\"https:\/\/www.transtoyou.com\/es\/#website\",\"url\":\"https:\/\/www.transtoyou.com\/es\/\",\"name\":\"Transtoyou - ES\",\"description\":\"\",\"publisher\":{\"@id\":\"https:\/\/www.transtoyou.com\/es\/#organization\"},\"potentialAction\":[{\"@type\":\"SearchAction\",\"target\":{\"@type\":\"EntryPoint\",\"urlTemplate\":\"https:\/\/www.transtoyou.com\/es\/?s={search_term_string}\"},\"query-input\":{\"@type\":\"PropertyValueSpecification\",\"valueRequired\":true,\"valueName\":\"search_term_string\"}}],\"inLanguage\":\"es\"},{\"@type\":\"Organization\",\"@id\":\"https:\/\/www.transtoyou.com\/es\/#organization\",\"name\":\"Transtoyou - ES\",\"url\":\"https:\/\/www.transtoyou.com\/es\/\",\"logo\":{\"@type\":\"ImageObject\",\"inLanguage\":\"es\",\"@id\":\"https:\/\/www.transtoyou.com\/es\/#\/schema\/logo\/image\/\",\"url\":\"https:\/\/www.transtoyou.com\/es\/wp-content\/uploads\/sites\/14\/2026\/01\/logo-tty-menu-bar-300x87-1.webp\",\"contentUrl\":\"https:\/\/www.transtoyou.com\/es\/wp-content\/uploads\/sites\/14\/2026\/01\/logo-tty-menu-bar-300x87-1.webp\",\"width\":300,\"height\":87,\"caption\":\"Transtoyou - ES\"},\"image\":{\"@id\":\"https:\/\/www.transtoyou.com\/es\/#\/schema\/logo\/image\/\"}}]}<\/script>\n<!-- \/ Yoast SEO plugin. -->","yoast_head_json":{"title":"Viagra | Mejora el rendimiento y la confianza - Transtoyou","description":"Descubre Viagra en Transtoyou, mejora tu funci\u00f3n er\u00e9ctil de forma segura. Cl\u00ednicamente probado con citrato de sildenafil. \u00a1Solicita el tuyo ahora!","robots":{"index":"noindex","follow":"follow","max-snippet":"max-snippet:-1","max-image-preview":"max-image-preview:large","max-video-preview":"max-video-preview:-1"},"og_locale":"es_ES","og_type":"article","og_title":"Viagra | Mejora el rendimiento y la confianza - Transtoyou","og_description":"Descubre Viagra en Transtoyou, mejora tu funci\u00f3n er\u00e9ctil de forma segura. Cl\u00ednicamente probado con citrato de sildenafil. \u00a1Solicita el tuyo ahora!","og_url":"https:\/\/www.transtoyou.com\/es\/product\/viagra\/","og_site_name":"Transtoyou - ES","article_modified_time":"2026-03-18T11:48:22+00:00","twitter_card":"summary_large_image","twitter_misc":{"Tiempo de lectura":"1 minuto"},"schema":{"@context":"https:\/\/schema.org","@graph":[{"@type":"WebPage","@id":"https:\/\/www.transtoyou.com\/es\/product\/viagra\/","url":"https:\/\/www.transtoyou.com\/es\/product\/viagra\/","name":"Viagra | Mejora el rendimiento y la confianza - Transtoyou","isPartOf":{"@id":"https:\/\/www.transtoyou.com\/es\/#website"},"primaryImageOfPage":{"@id":"https:\/\/www.transtoyou.com\/es\/product\/viagra\/#primaryimage"},"image":{"@id":"https:\/\/www.transtoyou.com\/es\/product\/viagra\/#primaryimage"},"thumbnailUrl":"https:\/\/www.transtoyou.com\/es\/wp-content\/uploads\/sites\/14\/2026\/01\/tty-no-product-image-87.webp","datePublished":"2026-01-24T06:58:47+00:00","dateModified":"2026-03-18T11:48:22+00:00","description":"Descubre Viagra en Transtoyou, mejora tu funci\u00f3n er\u00e9ctil de forma segura. Cl\u00ednicamente probado con citrato de sildenafil. \u00a1Solicita el tuyo ahora!","breadcrumb":{"@id":"https:\/\/www.transtoyou.com\/es\/product\/viagra\/#breadcrumb"},"inLanguage":"es","potentialAction":[{"@type":"ReadAction","target":["https:\/\/www.transtoyou.com\/es\/product\/viagra\/"]}]},{"@type":"ImageObject","inLanguage":"es","@id":"https:\/\/www.transtoyou.com\/es\/product\/viagra\/#primaryimage","url":"https:\/\/www.transtoyou.com\/es\/wp-content\/uploads\/sites\/14\/2026\/01\/tty-no-product-image-87.webp","contentUrl":"https:\/\/www.transtoyou.com\/es\/wp-content\/uploads\/sites\/14\/2026\/01\/tty-no-product-image-87.webp","width":1000,"height":1000,"caption":"Imagen de producto predeterminada"},{"@type":"WebSite","@id":"https:\/\/www.transtoyou.com\/es\/#website","url":"https:\/\/www.transtoyou.com\/es\/","name":"Transtoyou - ES","description":"","publisher":{"@id":"https:\/\/www.transtoyou.com\/es\/#organization"},"potentialAction":[{"@type":"SearchAction","target":{"@type":"EntryPoint","urlTemplate":"https:\/\/www.transtoyou.com\/es\/?s={search_term_string}"},"query-input":{"@type":"PropertyValueSpecification","valueRequired":true,"valueName":"search_term_string"}}],"inLanguage":"es"},{"@type":"Organization","@id":"https:\/\/www.transtoyou.com\/es\/#organization","name":"Transtoyou - ES","url":"https:\/\/www.transtoyou.com\/es\/","logo":{"@type":"ImageObject","inLanguage":"es","@id":"https:\/\/www.transtoyou.com\/es\/#\/schema\/logo\/image\/","url":"https:\/\/www.transtoyou.com\/es\/wp-content\/uploads\/sites\/14\/2026\/01\/logo-tty-menu-bar-300x87-1.webp","contentUrl":"https:\/\/www.transtoyou.com\/es\/wp-content\/uploads\/sites\/14\/2026\/01\/logo-tty-menu-bar-300x87-1.webp","width":300,"height":87,"caption":"Transtoyou - ES"},"image":{"@id":"https:\/\/www.transtoyou.com\/es\/#\/schema\/logo\/image\/"}}]}},"_links":{"self":[{"href":"https:\/\/www.transtoyou.com\/es\/wp-json\/wp\/v2\/product\/741","targetHints":{"allow":["GET"]}}],"collection":[{"href":"https:\/\/www.transtoyou.com\/es\/wp-json\/wp\/v2\/product"}],"about":[{"href":"https:\/\/www.transtoyou.com\/es\/wp-json\/wp\/v2\/types\/product"}],"replies":[{"embeddable":true,"href":"https:\/\/www.transtoyou.com\/es\/wp-json\/wp\/v2\/comments?post=741"}],"wp:featuredmedia":[{"embeddable":true,"href":"https:\/\/www.transtoyou.com\/es\/wp-json\/wp\/v2\/media\/743"}],"wp:attachment":[{"href":"https:\/\/www.transtoyou.com\/es\/wp-json\/wp\/v2\/media?parent=741"}],"wp:term":[{"taxonomy":"product_brand","embeddable":true,"href":"https:\/\/www.transtoyou.com\/es\/wp-json\/wp\/v2\/product_brand?post=741"},{"taxonomy":"product_cat","embeddable":true,"href":"https:\/\/www.transtoyou.com\/es\/wp-json\/wp\/v2\/product_cat?post=741"},{"taxonomy":"product_tag","embeddable":true,"href":"https:\/\/www.transtoyou.com\/es\/wp-json\/wp\/v2\/product_tag?post=741"},{"taxonomy":"expert","embeddable":true,"href":"https:\/\/www.transtoyou.com\/es\/wp-json\/wp\/v2\/expert?post=741"}],"curies":[{"name":"wp","href":"https:\/\/api.w.org\/{rel}","templated":true}]}}