{"id":744,"date":"2026-01-24T07:14:19","date_gmt":"2026-01-24T07:14:19","guid":{"rendered":"https:\/\/www.transtoyou.com\/es\/product\/tadalafil\/"},"modified":"2026-03-05T15:35:21","modified_gmt":"2026-03-05T15:35:21","slug":"tadalafil","status":"publish","type":"product","link":"https:\/\/www.transtoyou.com\/es\/product\/tadalafil\/","title":{"rendered":"Tadalafil"},"content":{"rendered":"<p>El Tadalafil es un medicamento para el tratamiento de la disfunci\u00f3n er\u00e9ctil, que apoya a los hombres en lograr y mantener una erecci\u00f3n suficiente para la actividad sexual. Pertenece a la clase de medicamentos llamados inhibidores de la PDE5, que mejoran el flujo sangu\u00edneo al pene al relajar los m\u00fasculos lisos en las paredes de los vasos sangu\u00edneos.<\/p>\n<p>Lo que distingue al Tadalafil de otros tratamientos para la disfunci\u00f3n er\u00e9ctil es su larga duraci\u00f3n de acci\u00f3n. Despu\u00e9s de tomar una dosis \u00fanica, los efectos pueden durar hasta 36 horas, ofreciendo una experiencia m\u00e1s flexible y natural en torno a la intimidad. Esta ventana extendida ha ganado al Tadalafil la reputaci\u00f3n de ser una \u00abpastilla de fin de semana\u00bb, permitiendo a los hombres y sus parejas participar en la actividad sexual sin la presi\u00f3n de un tiempo preciso.<\/p>\n<p>El Tadalafil se puede tomar de dos maneras.<\/p>\n<ol>\n<li>La primera es bajo demanda, t\u00edpicamente en una dosis de 10 mg o 20 mg, tomada aproximadamente 30 minutos antes de la actividad sexual planificada.<\/li>\n<li>La segunda es una vez al d\u00eda, en una dosis mucho m\u00e1s baja (2.5 mg o 5 mg), que mantiene un nivel constante del medicamento en el cuerpo. Este enfoque diario es ideal para hombres que prefieren estar listos en cualquier momento, sin necesidad de planificar con antelaci\u00f3n.<\/li>\n<\/ol>\n<p>El medicamento se toma por v\u00eda oral y puede usarse con o sin comida. Su tiempo de inicio es generalmente de 30 a 60 minutos. La mayor\u00eda de los usuarios lo toleran bien, aunque algunos pueden experimentar efectos secundarios leves como dolor de cabeza, dolores musculares, indigesti\u00f3n o congesti\u00f3n nasal. El Tadalafil no debe tomarse con nitratos o ciertos medicamentos para la presi\u00f3n arterial debido al riesgo de ca\u00eddas graves en la presi\u00f3n arterial.<\/p>\n","protected":false},"excerpt":{"rendered":"<ul>\n<li>Tratamiento para la disfunci\u00f3n er\u00e9ctil de larga duraci\u00f3n: hasta 36 horas de efectividad<\/li>\n<li>Tambi\u00e9n apoya los s\u00edntomas urinarios relacionados con la HBP<\/li>\n<li>Opci\u00f3n de dosificaci\u00f3n diaria o seg\u00fan demanda<\/li>\n<\/ul>\n","protected":false},"featured_media":746,"comment_status":"open","ping_status":"closed","template":"","meta":[],"product_brand":[],"product_cat":[95],"product_tag":[],"expert":[16],"class_list":{"0":"post-744","1":"product","2":"type-product","3":"status-publish","4":"has-post-thumbnail","6":"product_cat-tratamientos-para-la-disfuncion-erectil","7":"expert-dr-c-alexandru","9":"first","10":"instock","11":"shipping-taxable","12":"product-type-variable"},"yoast_head":"<!-- This site is optimized with the Yoast SEO plugin v27.0 - https:\/\/yoast.com\/product\/yoast-seo-wordpress\/ -->\n<title>Tadalafil | Soluci\u00f3n Duradera para la Disfunci\u00f3n Er\u00e9ctil - Transtoyou<\/title>\n<meta name=\"description\" content=\"Tadalafil, un tratamiento efectivo para la disfunci\u00f3n er\u00e9ctil, mejora el flujo sangu\u00edneo hasta por 36 horas. Disfruta de mayor intimidad y flexibilidad.\" \/>\n<meta name=\"robots\" content=\"noindex, follow, max-snippet:-1, max-image-preview:large, max-video-preview:-1\" \/>\n<meta property=\"og:locale\" content=\"es_ES\" \/>\n<meta property=\"og:type\" content=\"article\" \/>\n<meta property=\"og:title\" content=\"Tadalafil | Soluci\u00f3n Duradera para la Disfunci\u00f3n Er\u00e9ctil - Transtoyou\" \/>\n<meta property=\"og:description\" content=\"Tadalafil, un tratamiento efectivo para la disfunci\u00f3n er\u00e9ctil, mejora el flujo sangu\u00edneo hasta por 36 horas. Disfruta de mayor intimidad y flexibilidad.\" \/>\n<meta property=\"og:url\" content=\"https:\/\/www.transtoyou.com\/es\/product\/tadalafil\/\" \/>\n<meta property=\"og:site_name\" content=\"Transtoyou - ES\" \/>\n<meta property=\"article:modified_time\" content=\"2026-03-05T15:35:21+00:00\" \/>\n<meta name=\"twitter:card\" content=\"summary_large_image\" \/>\n<meta name=\"twitter:label1\" content=\"Tiempo de lectura\" \/>\n\t<meta name=\"twitter:data1\" content=\"2 minutos\" \/>\n<script type=\"application\/ld+json\" class=\"yoast-schema-graph\">{\"@context\":\"https:\/\/schema.org\",\"@graph\":[{\"@type\":\"WebPage\",\"@id\":\"https:\/\/www.transtoyou.com\/es\/product\/tadalafil\/\",\"url\":\"https:\/\/www.transtoyou.com\/es\/product\/tadalafil\/\",\"name\":\"Tadalafil | Soluci\u00f3n Duradera para la Disfunci\u00f3n Er\u00e9ctil - Transtoyou\",\"isPartOf\":{\"@id\":\"https:\/\/www.transtoyou.com\/es\/#website\"},\"primaryImageOfPage\":{\"@id\":\"https:\/\/www.transtoyou.com\/es\/product\/tadalafil\/#primaryimage\"},\"image\":{\"@id\":\"https:\/\/www.transtoyou.com\/es\/product\/tadalafil\/#primaryimage\"},\"thumbnailUrl\":\"https:\/\/www.transtoyou.com\/es\/wp-content\/uploads\/sites\/14\/2026\/01\/tty-no-product-image-88.webp\",\"datePublished\":\"2026-01-24T07:14:19+00:00\",\"dateModified\":\"2026-03-05T15:35:21+00:00\",\"description\":\"Tadalafil, un tratamiento efectivo para la disfunci\u00f3n er\u00e9ctil, mejora el flujo sangu\u00edneo hasta por 36 horas. Disfruta de mayor intimidad y flexibilidad.\",\"breadcrumb\":{\"@id\":\"https:\/\/www.transtoyou.com\/es\/product\/tadalafil\/#breadcrumb\"},\"inLanguage\":\"es\",\"potentialAction\":[{\"@type\":\"ReadAction\",\"target\":[\"https:\/\/www.transtoyou.com\/es\/product\/tadalafil\/\"]}]},{\"@type\":\"ImageObject\",\"inLanguage\":\"es\",\"@id\":\"https:\/\/www.transtoyou.com\/es\/product\/tadalafil\/#primaryimage\",\"url\":\"https:\/\/www.transtoyou.com\/es\/wp-content\/uploads\/sites\/14\/2026\/01\/tty-no-product-image-88.webp\",\"contentUrl\":\"https:\/\/www.transtoyou.com\/es\/wp-content\/uploads\/sites\/14\/2026\/01\/tty-no-product-image-88.webp\",\"width\":1000,\"height\":1000,\"caption\":\"Imagen de producto predeterminada\"},{\"@type\":\"WebSite\",\"@id\":\"https:\/\/www.transtoyou.com\/es\/#website\",\"url\":\"https:\/\/www.transtoyou.com\/es\/\",\"name\":\"Transtoyou - ES\",\"description\":\"\",\"publisher\":{\"@id\":\"https:\/\/www.transtoyou.com\/es\/#organization\"},\"potentialAction\":[{\"@type\":\"SearchAction\",\"target\":{\"@type\":\"EntryPoint\",\"urlTemplate\":\"https:\/\/www.transtoyou.com\/es\/?s={search_term_string}\"},\"query-input\":{\"@type\":\"PropertyValueSpecification\",\"valueRequired\":true,\"valueName\":\"search_term_string\"}}],\"inLanguage\":\"es\"},{\"@type\":\"Organization\",\"@id\":\"https:\/\/www.transtoyou.com\/es\/#organization\",\"name\":\"Transtoyou - ES\",\"url\":\"https:\/\/www.transtoyou.com\/es\/\",\"logo\":{\"@type\":\"ImageObject\",\"inLanguage\":\"es\",\"@id\":\"https:\/\/www.transtoyou.com\/es\/#\/schema\/logo\/image\/\",\"url\":\"https:\/\/www.transtoyou.com\/es\/wp-content\/uploads\/sites\/14\/2026\/01\/logo-tty-menu-bar-300x87-1.webp\",\"contentUrl\":\"https:\/\/www.transtoyou.com\/es\/wp-content\/uploads\/sites\/14\/2026\/01\/logo-tty-menu-bar-300x87-1.webp\",\"width\":300,\"height\":87,\"caption\":\"Transtoyou - ES\"},\"image\":{\"@id\":\"https:\/\/www.transtoyou.com\/es\/#\/schema\/logo\/image\/\"}}]}<\/script>\n<!-- \/ Yoast SEO plugin. -->","yoast_head_json":{"title":"Tadalafil | Soluci\u00f3n Duradera para la Disfunci\u00f3n Er\u00e9ctil - Transtoyou","description":"Tadalafil, un tratamiento efectivo para la disfunci\u00f3n er\u00e9ctil, mejora el flujo sangu\u00edneo hasta por 36 horas. Disfruta de mayor intimidad y flexibilidad.","robots":{"index":"noindex","follow":"follow","max-snippet":"max-snippet:-1","max-image-preview":"max-image-preview:large","max-video-preview":"max-video-preview:-1"},"og_locale":"es_ES","og_type":"article","og_title":"Tadalafil | Soluci\u00f3n Duradera para la Disfunci\u00f3n Er\u00e9ctil - Transtoyou","og_description":"Tadalafil, un tratamiento efectivo para la disfunci\u00f3n er\u00e9ctil, mejora el flujo sangu\u00edneo hasta por 36 horas. Disfruta de mayor intimidad y flexibilidad.","og_url":"https:\/\/www.transtoyou.com\/es\/product\/tadalafil\/","og_site_name":"Transtoyou - ES","article_modified_time":"2026-03-05T15:35:21+00:00","twitter_card":"summary_large_image","twitter_misc":{"Tiempo de lectura":"2 minutos"},"schema":{"@context":"https:\/\/schema.org","@graph":[{"@type":"WebPage","@id":"https:\/\/www.transtoyou.com\/es\/product\/tadalafil\/","url":"https:\/\/www.transtoyou.com\/es\/product\/tadalafil\/","name":"Tadalafil | Soluci\u00f3n Duradera para la Disfunci\u00f3n Er\u00e9ctil - Transtoyou","isPartOf":{"@id":"https:\/\/www.transtoyou.com\/es\/#website"},"primaryImageOfPage":{"@id":"https:\/\/www.transtoyou.com\/es\/product\/tadalafil\/#primaryimage"},"image":{"@id":"https:\/\/www.transtoyou.com\/es\/product\/tadalafil\/#primaryimage"},"thumbnailUrl":"https:\/\/www.transtoyou.com\/es\/wp-content\/uploads\/sites\/14\/2026\/01\/tty-no-product-image-88.webp","datePublished":"2026-01-24T07:14:19+00:00","dateModified":"2026-03-05T15:35:21+00:00","description":"Tadalafil, un tratamiento efectivo para la disfunci\u00f3n er\u00e9ctil, mejora el flujo sangu\u00edneo hasta por 36 horas. Disfruta de mayor intimidad y flexibilidad.","breadcrumb":{"@id":"https:\/\/www.transtoyou.com\/es\/product\/tadalafil\/#breadcrumb"},"inLanguage":"es","potentialAction":[{"@type":"ReadAction","target":["https:\/\/www.transtoyou.com\/es\/product\/tadalafil\/"]}]},{"@type":"ImageObject","inLanguage":"es","@id":"https:\/\/www.transtoyou.com\/es\/product\/tadalafil\/#primaryimage","url":"https:\/\/www.transtoyou.com\/es\/wp-content\/uploads\/sites\/14\/2026\/01\/tty-no-product-image-88.webp","contentUrl":"https:\/\/www.transtoyou.com\/es\/wp-content\/uploads\/sites\/14\/2026\/01\/tty-no-product-image-88.webp","width":1000,"height":1000,"caption":"Imagen de producto predeterminada"},{"@type":"WebSite","@id":"https:\/\/www.transtoyou.com\/es\/#website","url":"https:\/\/www.transtoyou.com\/es\/","name":"Transtoyou - ES","description":"","publisher":{"@id":"https:\/\/www.transtoyou.com\/es\/#organization"},"potentialAction":[{"@type":"SearchAction","target":{"@type":"EntryPoint","urlTemplate":"https:\/\/www.transtoyou.com\/es\/?s={search_term_string}"},"query-input":{"@type":"PropertyValueSpecification","valueRequired":true,"valueName":"search_term_string"}}],"inLanguage":"es"},{"@type":"Organization","@id":"https:\/\/www.transtoyou.com\/es\/#organization","name":"Transtoyou - ES","url":"https:\/\/www.transtoyou.com\/es\/","logo":{"@type":"ImageObject","inLanguage":"es","@id":"https:\/\/www.transtoyou.com\/es\/#\/schema\/logo\/image\/","url":"https:\/\/www.transtoyou.com\/es\/wp-content\/uploads\/sites\/14\/2026\/01\/logo-tty-menu-bar-300x87-1.webp","contentUrl":"https:\/\/www.transtoyou.com\/es\/wp-content\/uploads\/sites\/14\/2026\/01\/logo-tty-menu-bar-300x87-1.webp","width":300,"height":87,"caption":"Transtoyou - ES"},"image":{"@id":"https:\/\/www.transtoyou.com\/es\/#\/schema\/logo\/image\/"}}]}},"_links":{"self":[{"href":"https:\/\/www.transtoyou.com\/es\/wp-json\/wp\/v2\/product\/744","targetHints":{"allow":["GET"]}}],"collection":[{"href":"https:\/\/www.transtoyou.com\/es\/wp-json\/wp\/v2\/product"}],"about":[{"href":"https:\/\/www.transtoyou.com\/es\/wp-json\/wp\/v2\/types\/product"}],"replies":[{"embeddable":true,"href":"https:\/\/www.transtoyou.com\/es\/wp-json\/wp\/v2\/comments?post=744"}],"wp:featuredmedia":[{"embeddable":true,"href":"https:\/\/www.transtoyou.com\/es\/wp-json\/wp\/v2\/media\/746"}],"wp:attachment":[{"href":"https:\/\/www.transtoyou.com\/es\/wp-json\/wp\/v2\/media?parent=744"}],"wp:term":[{"taxonomy":"product_brand","embeddable":true,"href":"https:\/\/www.transtoyou.com\/es\/wp-json\/wp\/v2\/product_brand?post=744"},{"taxonomy":"product_cat","embeddable":true,"href":"https:\/\/www.transtoyou.com\/es\/wp-json\/wp\/v2\/product_cat?post=744"},{"taxonomy":"product_tag","embeddable":true,"href":"https:\/\/www.transtoyou.com\/es\/wp-json\/wp\/v2\/product_tag?post=744"},{"taxonomy":"expert","embeddable":true,"href":"https:\/\/www.transtoyou.com\/es\/wp-json\/wp\/v2\/expert?post=744"}],"curies":[{"name":"wp","href":"https:\/\/api.w.org\/{rel}","templated":true}]}}