{"id":766,"date":"2026-01-24T09:14:37","date_gmt":"2026-01-24T09:14:37","guid":{"rendered":"https:\/\/www.transtoyou.com\/es\/product\/cialis\/"},"modified":"2026-01-24T09:15:40","modified_gmt":"2026-01-24T09:15:40","slug":"cialis","status":"publish","type":"product","link":"https:\/\/www.transtoyou.com\/es\/product\/cialis\/","title":{"rendered":"Cialis"},"content":{"rendered":"<p>Cialis es un medicamento para el tratamiento de la disfunci\u00f3n er\u00e9ctil (DE). Su ingrediente activo, tadalafil, act\u00faa mejorando el flujo sangu\u00edneo al pene, ayudando a los hombres a lograr y mantener una erecci\u00f3n cuando son estimulados sexualmente. Lo que distingue a Cialis de otros tratamientos para la DE es su flexibilidad; se puede tomar seg\u00fan sea necesario antes de la actividad sexual o como una tableta diaria de baja dosis, dependiendo del estilo de vida y las preferencias del usuario.<\/p>\n<p>Para los hombres que prefieren la espontaneidad, Cialis est\u00e1 disponible en una dosis est\u00e1ndar de 10 &#8211; 20 mg, que se puede tomar a demanda, aproximadamente 30 minutos antes de la intimidad. Sus efectos pueden durar hasta 36 horas, lo que brinda un generoso margen de tiempo para una actividad sexual natural y sin presiones.<\/p>\n<p>Esta duraci\u00f3n m\u00e1s prolongada es a menudo apreciada por las parejas que valoran la intimidad sin horarios estrictos. Alternativamente, Cialis tambi\u00e9n se prescribe como una tableta diaria, tomada en una dosis m\u00e1s baja (2,5 &#8211; 5 mg) todos los d\u00edas, independientemente de cu\u00e1ndo se planee la actividad sexual. Esta opci\u00f3n proporciona apoyo continuo y elimina la necesidad de cronometrar la medicaci\u00f3n.<\/p>\n<p>Es particularmente \u00fatil para los hombres que tienen actividad sexual regular o que prefieren estar listos en cualquier momento sin necesidad de planificar con anticipaci\u00f3n. Cialis se toma por v\u00eda oral y se puede usar con o sin alimentos. Comienza a hacer efecto en 30 a 60 minutos para la mayor\u00eda de los usuarios.<\/p>\n<p>Los efectos secundarios posibles incluyen dolor de cabeza, indigesti\u00f3n, dolores musculares o enrojecimiento facial, aunque la mayor\u00eda son leves y temporales. Cialis no debe combinarse con nitratos o ciertos medicamentos para la presi\u00f3n arterial.<\/p>\n","protected":false},"excerpt":{"rendered":"<ul>\n<li>Efectos duraderos de hasta 36 horas<\/li>\n<li>Trata la disfunci\u00f3n er\u00e9ctil y la HBP<\/li>\n<li>De acci\u00f3n r\u00e1pida, funciona en 30 minutos<\/li>\n<\/ul>\n","protected":false},"featured_media":768,"comment_status":"open","ping_status":"closed","template":"","meta":[],"product_brand":[],"product_cat":[95],"product_tag":[],"expert":[18],"class_list":{"0":"post-766","1":"product","2":"type-product","3":"status-publish","4":"has-post-thumbnail","6":"product_cat-tratamientos-para-la-disfuncion-erectil","7":"expert-dr-g-varbanov","9":"first","10":"instock","11":"shipping-taxable","12":"product-type-variable"},"yoast_head":"<!-- This site is optimized with the Yoast SEO plugin v27.0 - https:\/\/yoast.com\/product\/yoast-seo-wordpress\/ -->\n<title>Cialis - Transtoyou - ES<\/title>\n<meta name=\"robots\" content=\"noindex, follow, max-snippet:-1, max-image-preview:large, max-video-preview:-1\" \/>\n<meta property=\"og:locale\" content=\"es_ES\" \/>\n<meta property=\"og:type\" content=\"article\" \/>\n<meta property=\"og:title\" content=\"Cialis - Transtoyou - ES\" \/>\n<meta property=\"og:description\" content=\"Efectos duraderos de hasta 36 horas  Trata la disfunci\u00f3n er\u00e9ctil y la HBP  De acci\u00f3n r\u00e1pida, funciona en 30 minutos\" \/>\n<meta property=\"og:url\" content=\"https:\/\/www.transtoyou.com\/es\/product\/cialis\/\" \/>\n<meta property=\"og:site_name\" content=\"Transtoyou - ES\" \/>\n<meta property=\"article:modified_time\" content=\"2026-01-24T09:15:40+00:00\" \/>\n<meta property=\"og:image\" content=\"https:\/\/www.transtoyou.com\/es\/wp-content\/uploads\/sites\/14\/2026\/01\/tty-no-product-image-96.webp\" \/>\n\t<meta property=\"og:image:width\" content=\"1000\" \/>\n\t<meta property=\"og:image:height\" content=\"1000\" \/>\n\t<meta property=\"og:image:type\" content=\"image\/webp\" \/>\n<meta name=\"twitter:card\" content=\"summary_large_image\" \/>\n<meta name=\"twitter:label1\" content=\"Tiempo de lectura\" \/>\n\t<meta name=\"twitter:data1\" content=\"1 minuto\" \/>\n<script type=\"application\/ld+json\" class=\"yoast-schema-graph\">{\"@context\":\"https:\/\/schema.org\",\"@graph\":[{\"@type\":\"WebPage\",\"@id\":\"https:\/\/www.transtoyou.com\/es\/product\/cialis\/\",\"url\":\"https:\/\/www.transtoyou.com\/es\/product\/cialis\/\",\"name\":\"Cialis - Transtoyou - ES\",\"isPartOf\":{\"@id\":\"https:\/\/www.transtoyou.com\/es\/#website\"},\"primaryImageOfPage\":{\"@id\":\"https:\/\/www.transtoyou.com\/es\/product\/cialis\/#primaryimage\"},\"image\":{\"@id\":\"https:\/\/www.transtoyou.com\/es\/product\/cialis\/#primaryimage\"},\"thumbnailUrl\":\"https:\/\/www.transtoyou.com\/es\/wp-content\/uploads\/sites\/14\/2026\/01\/tty-no-product-image-96.webp\",\"datePublished\":\"2026-01-24T09:14:37+00:00\",\"dateModified\":\"2026-01-24T09:15:40+00:00\",\"breadcrumb\":{\"@id\":\"https:\/\/www.transtoyou.com\/es\/product\/cialis\/#breadcrumb\"},\"inLanguage\":\"es\",\"potentialAction\":[{\"@type\":\"ReadAction\",\"target\":[\"https:\/\/www.transtoyou.com\/es\/product\/cialis\/\"]}]},{\"@type\":\"ImageObject\",\"inLanguage\":\"es\",\"@id\":\"https:\/\/www.transtoyou.com\/es\/product\/cialis\/#primaryimage\",\"url\":\"https:\/\/www.transtoyou.com\/es\/wp-content\/uploads\/sites\/14\/2026\/01\/tty-no-product-image-96.webp\",\"contentUrl\":\"https:\/\/www.transtoyou.com\/es\/wp-content\/uploads\/sites\/14\/2026\/01\/tty-no-product-image-96.webp\",\"width\":1000,\"height\":1000,\"caption\":\"Imagen de producto predeterminada\"},{\"@type\":\"WebSite\",\"@id\":\"https:\/\/www.transtoyou.com\/es\/#website\",\"url\":\"https:\/\/www.transtoyou.com\/es\/\",\"name\":\"Transtoyou - ES\",\"description\":\"\",\"publisher\":{\"@id\":\"https:\/\/www.transtoyou.com\/es\/#organization\"},\"potentialAction\":[{\"@type\":\"SearchAction\",\"target\":{\"@type\":\"EntryPoint\",\"urlTemplate\":\"https:\/\/www.transtoyou.com\/es\/?s={search_term_string}\"},\"query-input\":{\"@type\":\"PropertyValueSpecification\",\"valueRequired\":true,\"valueName\":\"search_term_string\"}}],\"inLanguage\":\"es\"},{\"@type\":\"Organization\",\"@id\":\"https:\/\/www.transtoyou.com\/es\/#organization\",\"name\":\"Transtoyou - ES\",\"url\":\"https:\/\/www.transtoyou.com\/es\/\",\"logo\":{\"@type\":\"ImageObject\",\"inLanguage\":\"es\",\"@id\":\"https:\/\/www.transtoyou.com\/es\/#\/schema\/logo\/image\/\",\"url\":\"https:\/\/www.transtoyou.com\/es\/wp-content\/uploads\/sites\/14\/2026\/01\/logo-tty-menu-bar-300x87-1.webp\",\"contentUrl\":\"https:\/\/www.transtoyou.com\/es\/wp-content\/uploads\/sites\/14\/2026\/01\/logo-tty-menu-bar-300x87-1.webp\",\"width\":300,\"height\":87,\"caption\":\"Transtoyou - ES\"},\"image\":{\"@id\":\"https:\/\/www.transtoyou.com\/es\/#\/schema\/logo\/image\/\"}}]}<\/script>\n<!-- \/ Yoast SEO plugin. -->","yoast_head_json":{"title":"Cialis - Transtoyou - ES","robots":{"index":"noindex","follow":"follow","max-snippet":"max-snippet:-1","max-image-preview":"max-image-preview:large","max-video-preview":"max-video-preview:-1"},"og_locale":"es_ES","og_type":"article","og_title":"Cialis - Transtoyou - ES","og_description":"Efectos duraderos de hasta 36 horas  Trata la disfunci\u00f3n er\u00e9ctil y la HBP  De acci\u00f3n r\u00e1pida, funciona en 30 minutos","og_url":"https:\/\/www.transtoyou.com\/es\/product\/cialis\/","og_site_name":"Transtoyou - ES","article_modified_time":"2026-01-24T09:15:40+00:00","og_image":[{"width":1000,"height":1000,"url":"https:\/\/www.transtoyou.com\/es\/wp-content\/uploads\/sites\/14\/2026\/01\/tty-no-product-image-96.webp","type":"image\/webp"}],"twitter_card":"summary_large_image","twitter_misc":{"Tiempo de lectura":"1 minuto"},"schema":{"@context":"https:\/\/schema.org","@graph":[{"@type":"WebPage","@id":"https:\/\/www.transtoyou.com\/es\/product\/cialis\/","url":"https:\/\/www.transtoyou.com\/es\/product\/cialis\/","name":"Cialis - Transtoyou - ES","isPartOf":{"@id":"https:\/\/www.transtoyou.com\/es\/#website"},"primaryImageOfPage":{"@id":"https:\/\/www.transtoyou.com\/es\/product\/cialis\/#primaryimage"},"image":{"@id":"https:\/\/www.transtoyou.com\/es\/product\/cialis\/#primaryimage"},"thumbnailUrl":"https:\/\/www.transtoyou.com\/es\/wp-content\/uploads\/sites\/14\/2026\/01\/tty-no-product-image-96.webp","datePublished":"2026-01-24T09:14:37+00:00","dateModified":"2026-01-24T09:15:40+00:00","breadcrumb":{"@id":"https:\/\/www.transtoyou.com\/es\/product\/cialis\/#breadcrumb"},"inLanguage":"es","potentialAction":[{"@type":"ReadAction","target":["https:\/\/www.transtoyou.com\/es\/product\/cialis\/"]}]},{"@type":"ImageObject","inLanguage":"es","@id":"https:\/\/www.transtoyou.com\/es\/product\/cialis\/#primaryimage","url":"https:\/\/www.transtoyou.com\/es\/wp-content\/uploads\/sites\/14\/2026\/01\/tty-no-product-image-96.webp","contentUrl":"https:\/\/www.transtoyou.com\/es\/wp-content\/uploads\/sites\/14\/2026\/01\/tty-no-product-image-96.webp","width":1000,"height":1000,"caption":"Imagen de producto predeterminada"},{"@type":"WebSite","@id":"https:\/\/www.transtoyou.com\/es\/#website","url":"https:\/\/www.transtoyou.com\/es\/","name":"Transtoyou - ES","description":"","publisher":{"@id":"https:\/\/www.transtoyou.com\/es\/#organization"},"potentialAction":[{"@type":"SearchAction","target":{"@type":"EntryPoint","urlTemplate":"https:\/\/www.transtoyou.com\/es\/?s={search_term_string}"},"query-input":{"@type":"PropertyValueSpecification","valueRequired":true,"valueName":"search_term_string"}}],"inLanguage":"es"},{"@type":"Organization","@id":"https:\/\/www.transtoyou.com\/es\/#organization","name":"Transtoyou - ES","url":"https:\/\/www.transtoyou.com\/es\/","logo":{"@type":"ImageObject","inLanguage":"es","@id":"https:\/\/www.transtoyou.com\/es\/#\/schema\/logo\/image\/","url":"https:\/\/www.transtoyou.com\/es\/wp-content\/uploads\/sites\/14\/2026\/01\/logo-tty-menu-bar-300x87-1.webp","contentUrl":"https:\/\/www.transtoyou.com\/es\/wp-content\/uploads\/sites\/14\/2026\/01\/logo-tty-menu-bar-300x87-1.webp","width":300,"height":87,"caption":"Transtoyou - ES"},"image":{"@id":"https:\/\/www.transtoyou.com\/es\/#\/schema\/logo\/image\/"}}]}},"_links":{"self":[{"href":"https:\/\/www.transtoyou.com\/es\/wp-json\/wp\/v2\/product\/766","targetHints":{"allow":["GET"]}}],"collection":[{"href":"https:\/\/www.transtoyou.com\/es\/wp-json\/wp\/v2\/product"}],"about":[{"href":"https:\/\/www.transtoyou.com\/es\/wp-json\/wp\/v2\/types\/product"}],"replies":[{"embeddable":true,"href":"https:\/\/www.transtoyou.com\/es\/wp-json\/wp\/v2\/comments?post=766"}],"wp:featuredmedia":[{"embeddable":true,"href":"https:\/\/www.transtoyou.com\/es\/wp-json\/wp\/v2\/media\/768"}],"wp:attachment":[{"href":"https:\/\/www.transtoyou.com\/es\/wp-json\/wp\/v2\/media?parent=766"}],"wp:term":[{"taxonomy":"product_brand","embeddable":true,"href":"https:\/\/www.transtoyou.com\/es\/wp-json\/wp\/v2\/product_brand?post=766"},{"taxonomy":"product_cat","embeddable":true,"href":"https:\/\/www.transtoyou.com\/es\/wp-json\/wp\/v2\/product_cat?post=766"},{"taxonomy":"product_tag","embeddable":true,"href":"https:\/\/www.transtoyou.com\/es\/wp-json\/wp\/v2\/product_tag?post=766"},{"taxonomy":"expert","embeddable":true,"href":"https:\/\/www.transtoyou.com\/es\/wp-json\/wp\/v2\/expert?post=766"}],"curies":[{"name":"wp","href":"https:\/\/api.w.org\/{rel}","templated":true}]}}