{"id":780,"date":"2026-01-24T10:33:42","date_gmt":"2026-01-24T10:33:42","guid":{"rendered":"https:\/\/www.transtoyou.com\/es\/product\/cerazette\/"},"modified":"2026-01-24T10:34:35","modified_gmt":"2026-01-24T10:34:35","slug":"cerazette","status":"publish","type":"product","link":"https:\/\/www.transtoyou.com\/es\/product\/cerazette\/","title":{"rendered":"Cerazette"},"content":{"rendered":"<p>Cerazette es un anticonceptivo oral solo de progest\u00e1geno, tambi\u00e9n conocido como mini p\u00edldora. Contiene desogestrel, que previene el embarazo al inhibir la ovulaci\u00f3n, espesar el moco cervical y alterar el revestimiento uterino para reducir la probabilidad de implantaci\u00f3n. A diferencia de las p\u00edldoras combinadas, Cerazette no contiene estr\u00f3geno, lo que la hace adecuada para personas que son sensibles o tienen contraindicaciones a los anticonceptivos que contienen estr\u00f3geno.<\/p>\n<p>Adem\u00e1s de sus efectos anticonceptivos, Cerazette se utiliza a menudo para la supresi\u00f3n menstrual. Muchos usuarios experimentan per\u00edodos m\u00e1s ligeros, sangrado irregular o amenorrea (ausencia de menstruaci\u00f3n) mientras toman Cerazette. Esto puede ser beneficioso para personas con ciclos abundantes o dolorosos o aquellas que buscan un control a largo plazo del ciclo.<\/p>\n<p>Cerazette se toma una vez al d\u00eda a la misma hora cada d\u00eda sin pausas entre los paquetes. Es importante mantener un horario consistente, ya que perder una dosis por m\u00e1s de 12 horas puede reducir la eficacia anticonceptiva. La protecci\u00f3n anticonceptiva comienza 48 horas despu\u00e9s de comenzar la primera tableta (si no se toma el primer d\u00eda del ciclo menstrual), y Cerazette se considera segura para su uso durante la lactancia.<\/p>\n<p>Cerazette ofrece una opci\u00f3n simple, libre de estr\u00f3genos, para una anticoncepci\u00f3n confiable y supresi\u00f3n menstrual con la conveniencia de una tableta diaria.<\/p>\n","protected":false},"excerpt":{"rendered":"<ul>\n<li>Anticonceptivo diario solo de progest\u00e1geno<\/li>\n<li>Adecuado para usuarios sensibles al estr\u00f3geno<\/li>\n<li>Ayuda a suprimir la menstruaci\u00f3n<\/li>\n<\/ul>\n","protected":false},"featured_media":782,"comment_status":"open","ping_status":"closed","template":"","meta":[],"product_brand":[],"product_cat":[132,128],"product_tag":[],"expert":[21],"class_list":{"0":"post-780","1":"product","2":"type-product","3":"status-publish","4":"has-post-thumbnail","6":"product_cat-mini-pildora","7":"product_cat-supresion-menstrual","8":"expert-dr-m-sharoyko","10":"first","11":"instock","12":"shipping-taxable","13":"product-type-variable"},"yoast_head":"<!-- This site is optimized with the Yoast SEO plugin v27.0 - https:\/\/yoast.com\/product\/yoast-seo-wordpress\/ -->\n<title>Cerazette | Soluci\u00f3n Anticonceptiva Efectiva - Transtoyou<\/title>\n<meta name=\"description\" content=\"Descubre Cerazette, disponible en Transtoyou. Aprovecha una protecci\u00f3n anticonceptiva confiable. Compra ahora y accede a soluciones de salud de confianza.\" \/>\n<meta name=\"robots\" content=\"noindex, follow, max-snippet:-1, max-image-preview:large, max-video-preview:-1\" \/>\n<meta property=\"og:locale\" content=\"es_ES\" \/>\n<meta property=\"og:type\" content=\"article\" \/>\n<meta property=\"og:title\" content=\"Cerazette | Soluci\u00f3n Anticonceptiva Efectiva - Transtoyou\" \/>\n<meta property=\"og:description\" content=\"Descubre Cerazette, disponible en Transtoyou. Aprovecha una protecci\u00f3n anticonceptiva confiable. Compra ahora y accede a soluciones de salud de confianza.\" \/>\n<meta property=\"og:url\" content=\"https:\/\/www.transtoyou.com\/es\/product\/cerazette\/\" \/>\n<meta property=\"og:site_name\" content=\"Transtoyou - ES\" \/>\n<meta property=\"article:modified_time\" content=\"2026-01-24T10:34:35+00:00\" \/>\n<meta name=\"twitter:card\" content=\"summary_large_image\" \/>\n<meta name=\"twitter:label1\" content=\"Tiempo de lectura\" \/>\n\t<meta name=\"twitter:data1\" content=\"1 minuto\" \/>\n<script type=\"application\/ld+json\" class=\"yoast-schema-graph\">{\"@context\":\"https:\/\/schema.org\",\"@graph\":[{\"@type\":\"WebPage\",\"@id\":\"https:\/\/www.transtoyou.com\/es\/product\/cerazette\/\",\"url\":\"https:\/\/www.transtoyou.com\/es\/product\/cerazette\/\",\"name\":\"Cerazette | Soluci\u00f3n Anticonceptiva Efectiva - Transtoyou\",\"isPartOf\":{\"@id\":\"https:\/\/www.transtoyou.com\/es\/#website\"},\"primaryImageOfPage\":{\"@id\":\"https:\/\/www.transtoyou.com\/es\/product\/cerazette\/#primaryimage\"},\"image\":{\"@id\":\"https:\/\/www.transtoyou.com\/es\/product\/cerazette\/#primaryimage\"},\"thumbnailUrl\":\"https:\/\/www.transtoyou.com\/es\/wp-content\/uploads\/sites\/14\/2026\/01\/tty-no-product-image-101.webp\",\"datePublished\":\"2026-01-24T10:33:42+00:00\",\"dateModified\":\"2026-01-24T10:34:35+00:00\",\"description\":\"Descubre Cerazette, disponible en Transtoyou. Aprovecha una protecci\u00f3n anticonceptiva confiable. Compra ahora y accede a soluciones de salud de confianza.\",\"breadcrumb\":{\"@id\":\"https:\/\/www.transtoyou.com\/es\/product\/cerazette\/#breadcrumb\"},\"inLanguage\":\"es\",\"potentialAction\":[{\"@type\":\"ReadAction\",\"target\":[\"https:\/\/www.transtoyou.com\/es\/product\/cerazette\/\"]}]},{\"@type\":\"ImageObject\",\"inLanguage\":\"es\",\"@id\":\"https:\/\/www.transtoyou.com\/es\/product\/cerazette\/#primaryimage\",\"url\":\"https:\/\/www.transtoyou.com\/es\/wp-content\/uploads\/sites\/14\/2026\/01\/tty-no-product-image-101.webp\",\"contentUrl\":\"https:\/\/www.transtoyou.com\/es\/wp-content\/uploads\/sites\/14\/2026\/01\/tty-no-product-image-101.webp\",\"width\":1000,\"height\":1000,\"caption\":\"Imagen de producto predeterminada\"},{\"@type\":\"WebSite\",\"@id\":\"https:\/\/www.transtoyou.com\/es\/#website\",\"url\":\"https:\/\/www.transtoyou.com\/es\/\",\"name\":\"Transtoyou - ES\",\"description\":\"\",\"publisher\":{\"@id\":\"https:\/\/www.transtoyou.com\/es\/#organization\"},\"potentialAction\":[{\"@type\":\"SearchAction\",\"target\":{\"@type\":\"EntryPoint\",\"urlTemplate\":\"https:\/\/www.transtoyou.com\/es\/?s={search_term_string}\"},\"query-input\":{\"@type\":\"PropertyValueSpecification\",\"valueRequired\":true,\"valueName\":\"search_term_string\"}}],\"inLanguage\":\"es\"},{\"@type\":\"Organization\",\"@id\":\"https:\/\/www.transtoyou.com\/es\/#organization\",\"name\":\"Transtoyou - ES\",\"url\":\"https:\/\/www.transtoyou.com\/es\/\",\"logo\":{\"@type\":\"ImageObject\",\"inLanguage\":\"es\",\"@id\":\"https:\/\/www.transtoyou.com\/es\/#\/schema\/logo\/image\/\",\"url\":\"https:\/\/www.transtoyou.com\/es\/wp-content\/uploads\/sites\/14\/2026\/01\/logo-tty-menu-bar-300x87-1.webp\",\"contentUrl\":\"https:\/\/www.transtoyou.com\/es\/wp-content\/uploads\/sites\/14\/2026\/01\/logo-tty-menu-bar-300x87-1.webp\",\"width\":300,\"height\":87,\"caption\":\"Transtoyou - ES\"},\"image\":{\"@id\":\"https:\/\/www.transtoyou.com\/es\/#\/schema\/logo\/image\/\"}}]}<\/script>\n<!-- \/ Yoast SEO plugin. -->","yoast_head_json":{"title":"Cerazette | Soluci\u00f3n Anticonceptiva Efectiva - Transtoyou","description":"Descubre Cerazette, disponible en Transtoyou. Aprovecha una protecci\u00f3n anticonceptiva confiable. Compra ahora y accede a soluciones de salud de confianza.","robots":{"index":"noindex","follow":"follow","max-snippet":"max-snippet:-1","max-image-preview":"max-image-preview:large","max-video-preview":"max-video-preview:-1"},"og_locale":"es_ES","og_type":"article","og_title":"Cerazette | Soluci\u00f3n Anticonceptiva Efectiva - Transtoyou","og_description":"Descubre Cerazette, disponible en Transtoyou. Aprovecha una protecci\u00f3n anticonceptiva confiable. Compra ahora y accede a soluciones de salud de confianza.","og_url":"https:\/\/www.transtoyou.com\/es\/product\/cerazette\/","og_site_name":"Transtoyou - ES","article_modified_time":"2026-01-24T10:34:35+00:00","twitter_card":"summary_large_image","twitter_misc":{"Tiempo de lectura":"1 minuto"},"schema":{"@context":"https:\/\/schema.org","@graph":[{"@type":"WebPage","@id":"https:\/\/www.transtoyou.com\/es\/product\/cerazette\/","url":"https:\/\/www.transtoyou.com\/es\/product\/cerazette\/","name":"Cerazette | Soluci\u00f3n Anticonceptiva Efectiva - Transtoyou","isPartOf":{"@id":"https:\/\/www.transtoyou.com\/es\/#website"},"primaryImageOfPage":{"@id":"https:\/\/www.transtoyou.com\/es\/product\/cerazette\/#primaryimage"},"image":{"@id":"https:\/\/www.transtoyou.com\/es\/product\/cerazette\/#primaryimage"},"thumbnailUrl":"https:\/\/www.transtoyou.com\/es\/wp-content\/uploads\/sites\/14\/2026\/01\/tty-no-product-image-101.webp","datePublished":"2026-01-24T10:33:42+00:00","dateModified":"2026-01-24T10:34:35+00:00","description":"Descubre Cerazette, disponible en Transtoyou. Aprovecha una protecci\u00f3n anticonceptiva confiable. Compra ahora y accede a soluciones de salud de confianza.","breadcrumb":{"@id":"https:\/\/www.transtoyou.com\/es\/product\/cerazette\/#breadcrumb"},"inLanguage":"es","potentialAction":[{"@type":"ReadAction","target":["https:\/\/www.transtoyou.com\/es\/product\/cerazette\/"]}]},{"@type":"ImageObject","inLanguage":"es","@id":"https:\/\/www.transtoyou.com\/es\/product\/cerazette\/#primaryimage","url":"https:\/\/www.transtoyou.com\/es\/wp-content\/uploads\/sites\/14\/2026\/01\/tty-no-product-image-101.webp","contentUrl":"https:\/\/www.transtoyou.com\/es\/wp-content\/uploads\/sites\/14\/2026\/01\/tty-no-product-image-101.webp","width":1000,"height":1000,"caption":"Imagen de producto predeterminada"},{"@type":"WebSite","@id":"https:\/\/www.transtoyou.com\/es\/#website","url":"https:\/\/www.transtoyou.com\/es\/","name":"Transtoyou - ES","description":"","publisher":{"@id":"https:\/\/www.transtoyou.com\/es\/#organization"},"potentialAction":[{"@type":"SearchAction","target":{"@type":"EntryPoint","urlTemplate":"https:\/\/www.transtoyou.com\/es\/?s={search_term_string}"},"query-input":{"@type":"PropertyValueSpecification","valueRequired":true,"valueName":"search_term_string"}}],"inLanguage":"es"},{"@type":"Organization","@id":"https:\/\/www.transtoyou.com\/es\/#organization","name":"Transtoyou - ES","url":"https:\/\/www.transtoyou.com\/es\/","logo":{"@type":"ImageObject","inLanguage":"es","@id":"https:\/\/www.transtoyou.com\/es\/#\/schema\/logo\/image\/","url":"https:\/\/www.transtoyou.com\/es\/wp-content\/uploads\/sites\/14\/2026\/01\/logo-tty-menu-bar-300x87-1.webp","contentUrl":"https:\/\/www.transtoyou.com\/es\/wp-content\/uploads\/sites\/14\/2026\/01\/logo-tty-menu-bar-300x87-1.webp","width":300,"height":87,"caption":"Transtoyou - ES"},"image":{"@id":"https:\/\/www.transtoyou.com\/es\/#\/schema\/logo\/image\/"}}]}},"_links":{"self":[{"href":"https:\/\/www.transtoyou.com\/es\/wp-json\/wp\/v2\/product\/780","targetHints":{"allow":["GET"]}}],"collection":[{"href":"https:\/\/www.transtoyou.com\/es\/wp-json\/wp\/v2\/product"}],"about":[{"href":"https:\/\/www.transtoyou.com\/es\/wp-json\/wp\/v2\/types\/product"}],"replies":[{"embeddable":true,"href":"https:\/\/www.transtoyou.com\/es\/wp-json\/wp\/v2\/comments?post=780"}],"wp:featuredmedia":[{"embeddable":true,"href":"https:\/\/www.transtoyou.com\/es\/wp-json\/wp\/v2\/media\/782"}],"wp:attachment":[{"href":"https:\/\/www.transtoyou.com\/es\/wp-json\/wp\/v2\/media?parent=780"}],"wp:term":[{"taxonomy":"product_brand","embeddable":true,"href":"https:\/\/www.transtoyou.com\/es\/wp-json\/wp\/v2\/product_brand?post=780"},{"taxonomy":"product_cat","embeddable":true,"href":"https:\/\/www.transtoyou.com\/es\/wp-json\/wp\/v2\/product_cat?post=780"},{"taxonomy":"product_tag","embeddable":true,"href":"https:\/\/www.transtoyou.com\/es\/wp-json\/wp\/v2\/product_tag?post=780"},{"taxonomy":"expert","embeddable":true,"href":"https:\/\/www.transtoyou.com\/es\/wp-json\/wp\/v2\/expert?post=780"}],"curies":[{"name":"wp","href":"https:\/\/api.w.org\/{rel}","templated":true}]}}