{"id":783,"date":"2026-01-24T10:47:54","date_gmt":"2026-01-24T10:47:54","guid":{"rendered":"https:\/\/www.transtoyou.com\/es\/product\/desogestrel\/"},"modified":"2026-01-24T10:48:50","modified_gmt":"2026-01-24T10:48:50","slug":"desogestrel","status":"publish","type":"product","link":"https:\/\/www.transtoyou.com\/es\/product\/desogestrel\/","title":{"rendered":"Desogestrel"},"content":{"rendered":"<p>Desogestrel es una tableta anticonceptiva solo de progest\u00e1geno, com\u00fanmente conocida como mini p\u00edldora. Contiene una dosis baja de la hormona sint\u00e9tica desogestrel, que se utiliza para prevenir el embarazo. A diferencia de los anticonceptivos orales combinados, Desogestrel no contiene estr\u00f3geno. Esto lo convierte en una opci\u00f3n preferida para las personas que no pueden tolerar el estr\u00f3geno o que est\u00e1n amamantando.<\/p>\n<p>La acci\u00f3n principal de Desogestrel es inhibir la ovulaci\u00f3n, lo que significa que previene la liberaci\u00f3n de un \u00f3vulo del ovario. Tambi\u00e9n espesa el moco cervical, lo que dificulta que los espermatozoides lleguen al \u00f3vulo, y altera el revestimiento del \u00fatero para reducir la posibilidad de implantaci\u00f3n. Estos efectos combinados lo convierten en una forma confiable y discreta de anticoncepci\u00f3n hormonal.<\/p>\n<p>Desogestrel debe tomarse a la misma hora cada d\u00eda, sin intervalos sin p\u00edldoras. No hay d\u00edas sin p\u00edldoras, y cada paquete se toma de forma continua. Si se toma una tableta m\u00e1s de doce horas tarde, su efectividad puede verse reducida, y pueden ser necesarios m\u00e9todos anticonceptivos adicionales por un corto tiempo.<\/p>\n<p>Muchos usuarios experimentan cambios en su ciclo menstrual mientras usan Desogestrel. Esto puede incluir sangrado irregular, manchado o ausencia de per\u00edodos (amenorrea). Estos cambios son comunes y generalmente no son motivo de preocupaci\u00f3n. Desogestrel es una opci\u00f3n simple y efectiva para quienes prefieren un m\u00e9todo solo de progest\u00e1geno que se ajuste a una rutina diaria.<\/p>\n","protected":false},"excerpt":{"rendered":"<ul>\n<li>Anticonceptivo diario sin estr\u00f3genos<\/li>\n<li>Previene la ovulaci\u00f3n y espesa el moco cervical<\/li>\n<li>Adecuado durante la lactancia<\/li>\n<\/ul>\n","protected":false},"featured_media":785,"comment_status":"open","ping_status":"closed","template":"","meta":[],"product_brand":[],"product_cat":[132],"product_tag":[],"expert":[21],"class_list":{"0":"post-783","1":"product","2":"type-product","3":"status-publish","4":"has-post-thumbnail","6":"product_cat-mini-pildora","7":"expert-dr-m-sharoyko","9":"first","10":"instock","11":"shipping-taxable","12":"product-type-variable"},"yoast_head":"<!-- This site is optimized with the Yoast SEO plugin v27.0 - https:\/\/yoast.com\/product\/yoast-seo-wordpress\/ -->\n<title>Desogestrel | Mini P\u00edldora Sin Estr\u00f3genos - Transtoyou<\/title>\n<meta name=\"description\" content=\"P\u00edldora mini de desogestrel, compra ahora anticonceptivos confiables y sin estr\u00f3genos. Ideal para lactancia o usuarios intolerantes al estr\u00f3geno. \u00a1Consigue la tuya hoy!\" \/>\n<meta name=\"robots\" content=\"noindex, follow, max-snippet:-1, max-image-preview:large, max-video-preview:-1\" \/>\n<meta property=\"og:locale\" content=\"es_ES\" \/>\n<meta property=\"og:type\" content=\"article\" \/>\n<meta property=\"og:title\" content=\"Desogestrel | Mini P\u00edldora Sin Estr\u00f3genos - Transtoyou\" \/>\n<meta property=\"og:description\" content=\"P\u00edldora mini de desogestrel, compra ahora anticonceptivos confiables y sin estr\u00f3genos. Ideal para lactancia o usuarios intolerantes al estr\u00f3geno. \u00a1Consigue la tuya hoy!\" \/>\n<meta property=\"og:url\" content=\"https:\/\/www.transtoyou.com\/es\/product\/desogestrel\/\" \/>\n<meta property=\"og:site_name\" content=\"Transtoyou - ES\" \/>\n<meta property=\"article:modified_time\" content=\"2026-01-24T10:48:50+00:00\" \/>\n<meta name=\"twitter:card\" content=\"summary_large_image\" \/>\n<meta name=\"twitter:label1\" content=\"Tiempo de lectura\" \/>\n\t<meta name=\"twitter:data1\" content=\"1 minuto\" \/>\n<script type=\"application\/ld+json\" class=\"yoast-schema-graph\">{\"@context\":\"https:\/\/schema.org\",\"@graph\":[{\"@type\":\"WebPage\",\"@id\":\"https:\/\/www.transtoyou.com\/es\/product\/desogestrel\/\",\"url\":\"https:\/\/www.transtoyou.com\/es\/product\/desogestrel\/\",\"name\":\"Desogestrel | Mini P\u00edldora Sin Estr\u00f3genos - Transtoyou\",\"isPartOf\":{\"@id\":\"https:\/\/www.transtoyou.com\/es\/#website\"},\"primaryImageOfPage\":{\"@id\":\"https:\/\/www.transtoyou.com\/es\/product\/desogestrel\/#primaryimage\"},\"image\":{\"@id\":\"https:\/\/www.transtoyou.com\/es\/product\/desogestrel\/#primaryimage\"},\"thumbnailUrl\":\"https:\/\/www.transtoyou.com\/es\/wp-content\/uploads\/sites\/14\/2026\/01\/tty-no-product-image-102.webp\",\"datePublished\":\"2026-01-24T10:47:54+00:00\",\"dateModified\":\"2026-01-24T10:48:50+00:00\",\"description\":\"P\u00edldora mini de desogestrel, compra ahora anticonceptivos confiables y sin estr\u00f3genos. Ideal para lactancia o usuarios intolerantes al estr\u00f3geno. \u00a1Consigue la tuya hoy!\",\"breadcrumb\":{\"@id\":\"https:\/\/www.transtoyou.com\/es\/product\/desogestrel\/#breadcrumb\"},\"inLanguage\":\"es\",\"potentialAction\":[{\"@type\":\"ReadAction\",\"target\":[\"https:\/\/www.transtoyou.com\/es\/product\/desogestrel\/\"]}]},{\"@type\":\"ImageObject\",\"inLanguage\":\"es\",\"@id\":\"https:\/\/www.transtoyou.com\/es\/product\/desogestrel\/#primaryimage\",\"url\":\"https:\/\/www.transtoyou.com\/es\/wp-content\/uploads\/sites\/14\/2026\/01\/tty-no-product-image-102.webp\",\"contentUrl\":\"https:\/\/www.transtoyou.com\/es\/wp-content\/uploads\/sites\/14\/2026\/01\/tty-no-product-image-102.webp\",\"width\":1000,\"height\":1000,\"caption\":\"Imagen de producto predeterminada\"},{\"@type\":\"WebSite\",\"@id\":\"https:\/\/www.transtoyou.com\/es\/#website\",\"url\":\"https:\/\/www.transtoyou.com\/es\/\",\"name\":\"Transtoyou - ES\",\"description\":\"\",\"publisher\":{\"@id\":\"https:\/\/www.transtoyou.com\/es\/#organization\"},\"potentialAction\":[{\"@type\":\"SearchAction\",\"target\":{\"@type\":\"EntryPoint\",\"urlTemplate\":\"https:\/\/www.transtoyou.com\/es\/?s={search_term_string}\"},\"query-input\":{\"@type\":\"PropertyValueSpecification\",\"valueRequired\":true,\"valueName\":\"search_term_string\"}}],\"inLanguage\":\"es\"},{\"@type\":\"Organization\",\"@id\":\"https:\/\/www.transtoyou.com\/es\/#organization\",\"name\":\"Transtoyou - ES\",\"url\":\"https:\/\/www.transtoyou.com\/es\/\",\"logo\":{\"@type\":\"ImageObject\",\"inLanguage\":\"es\",\"@id\":\"https:\/\/www.transtoyou.com\/es\/#\/schema\/logo\/image\/\",\"url\":\"https:\/\/www.transtoyou.com\/es\/wp-content\/uploads\/sites\/14\/2026\/01\/logo-tty-menu-bar-300x87-1.webp\",\"contentUrl\":\"https:\/\/www.transtoyou.com\/es\/wp-content\/uploads\/sites\/14\/2026\/01\/logo-tty-menu-bar-300x87-1.webp\",\"width\":300,\"height\":87,\"caption\":\"Transtoyou - ES\"},\"image\":{\"@id\":\"https:\/\/www.transtoyou.com\/es\/#\/schema\/logo\/image\/\"}}]}<\/script>\n<!-- \/ Yoast SEO plugin. -->","yoast_head_json":{"title":"Desogestrel | Mini P\u00edldora Sin Estr\u00f3genos - Transtoyou","description":"P\u00edldora mini de desogestrel, compra ahora anticonceptivos confiables y sin estr\u00f3genos. Ideal para lactancia o usuarios intolerantes al estr\u00f3geno. \u00a1Consigue la tuya hoy!","robots":{"index":"noindex","follow":"follow","max-snippet":"max-snippet:-1","max-image-preview":"max-image-preview:large","max-video-preview":"max-video-preview:-1"},"og_locale":"es_ES","og_type":"article","og_title":"Desogestrel | Mini P\u00edldora Sin Estr\u00f3genos - Transtoyou","og_description":"P\u00edldora mini de desogestrel, compra ahora anticonceptivos confiables y sin estr\u00f3genos. Ideal para lactancia o usuarios intolerantes al estr\u00f3geno. \u00a1Consigue la tuya hoy!","og_url":"https:\/\/www.transtoyou.com\/es\/product\/desogestrel\/","og_site_name":"Transtoyou - ES","article_modified_time":"2026-01-24T10:48:50+00:00","twitter_card":"summary_large_image","twitter_misc":{"Tiempo de lectura":"1 minuto"},"schema":{"@context":"https:\/\/schema.org","@graph":[{"@type":"WebPage","@id":"https:\/\/www.transtoyou.com\/es\/product\/desogestrel\/","url":"https:\/\/www.transtoyou.com\/es\/product\/desogestrel\/","name":"Desogestrel | Mini P\u00edldora Sin Estr\u00f3genos - Transtoyou","isPartOf":{"@id":"https:\/\/www.transtoyou.com\/es\/#website"},"primaryImageOfPage":{"@id":"https:\/\/www.transtoyou.com\/es\/product\/desogestrel\/#primaryimage"},"image":{"@id":"https:\/\/www.transtoyou.com\/es\/product\/desogestrel\/#primaryimage"},"thumbnailUrl":"https:\/\/www.transtoyou.com\/es\/wp-content\/uploads\/sites\/14\/2026\/01\/tty-no-product-image-102.webp","datePublished":"2026-01-24T10:47:54+00:00","dateModified":"2026-01-24T10:48:50+00:00","description":"P\u00edldora mini de desogestrel, compra ahora anticonceptivos confiables y sin estr\u00f3genos. Ideal para lactancia o usuarios intolerantes al estr\u00f3geno. \u00a1Consigue la tuya hoy!","breadcrumb":{"@id":"https:\/\/www.transtoyou.com\/es\/product\/desogestrel\/#breadcrumb"},"inLanguage":"es","potentialAction":[{"@type":"ReadAction","target":["https:\/\/www.transtoyou.com\/es\/product\/desogestrel\/"]}]},{"@type":"ImageObject","inLanguage":"es","@id":"https:\/\/www.transtoyou.com\/es\/product\/desogestrel\/#primaryimage","url":"https:\/\/www.transtoyou.com\/es\/wp-content\/uploads\/sites\/14\/2026\/01\/tty-no-product-image-102.webp","contentUrl":"https:\/\/www.transtoyou.com\/es\/wp-content\/uploads\/sites\/14\/2026\/01\/tty-no-product-image-102.webp","width":1000,"height":1000,"caption":"Imagen de producto predeterminada"},{"@type":"WebSite","@id":"https:\/\/www.transtoyou.com\/es\/#website","url":"https:\/\/www.transtoyou.com\/es\/","name":"Transtoyou - ES","description":"","publisher":{"@id":"https:\/\/www.transtoyou.com\/es\/#organization"},"potentialAction":[{"@type":"SearchAction","target":{"@type":"EntryPoint","urlTemplate":"https:\/\/www.transtoyou.com\/es\/?s={search_term_string}"},"query-input":{"@type":"PropertyValueSpecification","valueRequired":true,"valueName":"search_term_string"}}],"inLanguage":"es"},{"@type":"Organization","@id":"https:\/\/www.transtoyou.com\/es\/#organization","name":"Transtoyou - ES","url":"https:\/\/www.transtoyou.com\/es\/","logo":{"@type":"ImageObject","inLanguage":"es","@id":"https:\/\/www.transtoyou.com\/es\/#\/schema\/logo\/image\/","url":"https:\/\/www.transtoyou.com\/es\/wp-content\/uploads\/sites\/14\/2026\/01\/logo-tty-menu-bar-300x87-1.webp","contentUrl":"https:\/\/www.transtoyou.com\/es\/wp-content\/uploads\/sites\/14\/2026\/01\/logo-tty-menu-bar-300x87-1.webp","width":300,"height":87,"caption":"Transtoyou - ES"},"image":{"@id":"https:\/\/www.transtoyou.com\/es\/#\/schema\/logo\/image\/"}}]}},"_links":{"self":[{"href":"https:\/\/www.transtoyou.com\/es\/wp-json\/wp\/v2\/product\/783","targetHints":{"allow":["GET"]}}],"collection":[{"href":"https:\/\/www.transtoyou.com\/es\/wp-json\/wp\/v2\/product"}],"about":[{"href":"https:\/\/www.transtoyou.com\/es\/wp-json\/wp\/v2\/types\/product"}],"replies":[{"embeddable":true,"href":"https:\/\/www.transtoyou.com\/es\/wp-json\/wp\/v2\/comments?post=783"}],"wp:featuredmedia":[{"embeddable":true,"href":"https:\/\/www.transtoyou.com\/es\/wp-json\/wp\/v2\/media\/785"}],"wp:attachment":[{"href":"https:\/\/www.transtoyou.com\/es\/wp-json\/wp\/v2\/media?parent=783"}],"wp:term":[{"taxonomy":"product_brand","embeddable":true,"href":"https:\/\/www.transtoyou.com\/es\/wp-json\/wp\/v2\/product_brand?post=783"},{"taxonomy":"product_cat","embeddable":true,"href":"https:\/\/www.transtoyou.com\/es\/wp-json\/wp\/v2\/product_cat?post=783"},{"taxonomy":"product_tag","embeddable":true,"href":"https:\/\/www.transtoyou.com\/es\/wp-json\/wp\/v2\/product_tag?post=783"},{"taxonomy":"expert","embeddable":true,"href":"https:\/\/www.transtoyou.com\/es\/wp-json\/wp\/v2\/expert?post=783"}],"curies":[{"name":"wp","href":"https:\/\/api.w.org\/{rel}","templated":true}]}}