{"id":789,"date":"2026-01-24T17:56:00","date_gmt":"2026-01-24T17:56:00","guid":{"rendered":"https:\/\/www.transtoyou.com\/es\/product\/proscar\/"},"modified":"2026-03-02T11:31:11","modified_gmt":"2026-03-02T11:31:11","slug":"proscar","status":"publish","type":"product","link":"https:\/\/www.transtoyou.com\/es\/product\/proscar\/","title":{"rendered":"Proscar"},"content":{"rendered":"<p>Proscar es un medicamento de prescripci\u00f3n utilizado para tratar la hiperplasia prost\u00e1tica benigna, com\u00fanmente conocida como pr\u00f3stata agrandada. Contiene finasterida, un inhibidor de la 5-alfa-reductasa que act\u00faa reduciendo los niveles de dihidrotestosterona, una hormona que provoca el crecimiento de la pr\u00f3stata. Al reducir los niveles hormonales, Proscar ayuda a disminuir el tama\u00f1o de la pr\u00f3stata, mejorar el flujo urinario y aliviar los s\u00edntomas asociados.<\/p>\n<p>Una pr\u00f3stata agrandada puede llevar a la necesidad de orinar con frecuencia, un chorro d\u00e9bil, dificultad para iniciar o detener la micci\u00f3n y sue\u00f1o interrumpido debido a la necesidad de orinar por la noche. Proscar aborda estos problemas reduciendo gradualmente el tama\u00f1o de la pr\u00f3stata y aliviando la presi\u00f3n sobre la uretra. Este proceso suele tardar varios meses, pero puede mejorar significativamente la comodidad y la calidad de vida con el tiempo.<\/p>\n<p>Proscar se toma en forma de tableta una vez al d\u00eda y generalmente se prescribe para uso a largo plazo. Puede usarse solo o en combinaci\u00f3n con otros medicamentos, como bloqueadores alfa para hombres con s\u00edntomas m\u00e1s severos. Si bien algunos usuarios experimentan efectos secundarios leves como disminuci\u00f3n de la libido o cambios en la eyaculaci\u00f3n, estos efectos suelen ser temporales y disminuyen con el uso continuo.<\/p>\n<p>Es importante tener en cuenta que Proscar reduce los niveles de ant\u00edgeno prost\u00e1tico espec\u00edfico (PSA), que se miden durante el cribado del c\u00e1ncer de pr\u00f3stata. Los proveedores de atenci\u00f3n m\u00e9dica tendr\u00e1n esto en cuenta al interpretar los resultados.<\/p>\n","protected":false},"excerpt":{"rendered":"<ul>\n<li>Trata la pr\u00f3stata agrandada<\/li>\n<li>Mejora el flujo urinario<\/li>\n<li>Tableta oral diaria<\/li>\n<\/ul>\n","protected":false},"featured_media":791,"comment_status":"open","ping_status":"closed","template":"","meta":[],"product_brand":[],"product_cat":[138],"product_tag":[],"expert":[18],"class_list":{"0":"post-789","1":"product","2":"type-product","3":"status-publish","4":"has-post-thumbnail","6":"product_cat-salud-prostatica","7":"expert-dr-g-varbanov","9":"first","10":"instock","11":"shipping-taxable","12":"product-type-variable"},"yoast_head":"<!-- This site is optimized with the Yoast SEO plugin v27.0 - https:\/\/yoast.com\/product\/yoast-seo-wordpress\/ -->\n<title>Proscar | Alivio Efectivo para la Pr\u00f3stata - Transtoyou<\/title>\n<meta name=\"description\" content=\"Proscar reduce la pr\u00f3stata agrandada y alivia s\u00edntomas. Mejora tu calidad de vida, disponible ahora en Transtoyou.\" \/>\n<meta name=\"robots\" content=\"noindex, follow, max-snippet:-1, max-image-preview:large, max-video-preview:-1\" \/>\n<meta property=\"og:locale\" content=\"es_ES\" \/>\n<meta property=\"og:type\" content=\"article\" \/>\n<meta property=\"og:title\" content=\"Proscar | Alivio Efectivo para la Pr\u00f3stata - Transtoyou\" \/>\n<meta property=\"og:description\" content=\"Proscar reduce la pr\u00f3stata agrandada y alivia s\u00edntomas. Mejora tu calidad de vida, disponible ahora en Transtoyou.\" \/>\n<meta property=\"og:url\" content=\"https:\/\/www.transtoyou.com\/es\/product\/proscar\/\" \/>\n<meta property=\"og:site_name\" content=\"Transtoyou - ES\" \/>\n<meta property=\"article:modified_time\" content=\"2026-03-02T11:31:11+00:00\" \/>\n<meta name=\"twitter:card\" content=\"summary_large_image\" \/>\n<meta name=\"twitter:label1\" content=\"Tiempo de lectura\" \/>\n\t<meta name=\"twitter:data1\" content=\"1 minuto\" \/>\n<script type=\"application\/ld+json\" class=\"yoast-schema-graph\">{\"@context\":\"https:\/\/schema.org\",\"@graph\":[{\"@type\":\"WebPage\",\"@id\":\"https:\/\/www.transtoyou.com\/es\/product\/proscar\/\",\"url\":\"https:\/\/www.transtoyou.com\/es\/product\/proscar\/\",\"name\":\"Proscar | Alivio Efectivo para la Pr\u00f3stata - Transtoyou\",\"isPartOf\":{\"@id\":\"https:\/\/www.transtoyou.com\/es\/#website\"},\"primaryImageOfPage\":{\"@id\":\"https:\/\/www.transtoyou.com\/es\/product\/proscar\/#primaryimage\"},\"image\":{\"@id\":\"https:\/\/www.transtoyou.com\/es\/product\/proscar\/#primaryimage\"},\"thumbnailUrl\":\"https:\/\/www.transtoyou.com\/es\/wp-content\/uploads\/sites\/14\/2026\/01\/tty-no-product-image-104.webp\",\"datePublished\":\"2026-01-24T17:56:00+00:00\",\"dateModified\":\"2026-03-02T11:31:11+00:00\",\"description\":\"Proscar reduce la pr\u00f3stata agrandada y alivia s\u00edntomas. Mejora tu calidad de vida, disponible ahora en Transtoyou.\",\"breadcrumb\":{\"@id\":\"https:\/\/www.transtoyou.com\/es\/product\/proscar\/#breadcrumb\"},\"inLanguage\":\"es\",\"potentialAction\":[{\"@type\":\"ReadAction\",\"target\":[\"https:\/\/www.transtoyou.com\/es\/product\/proscar\/\"]}]},{\"@type\":\"ImageObject\",\"inLanguage\":\"es\",\"@id\":\"https:\/\/www.transtoyou.com\/es\/product\/proscar\/#primaryimage\",\"url\":\"https:\/\/www.transtoyou.com\/es\/wp-content\/uploads\/sites\/14\/2026\/01\/tty-no-product-image-104.webp\",\"contentUrl\":\"https:\/\/www.transtoyou.com\/es\/wp-content\/uploads\/sites\/14\/2026\/01\/tty-no-product-image-104.webp\",\"width\":1000,\"height\":1000,\"caption\":\"Imagen de producto predeterminada\"},{\"@type\":\"WebSite\",\"@id\":\"https:\/\/www.transtoyou.com\/es\/#website\",\"url\":\"https:\/\/www.transtoyou.com\/es\/\",\"name\":\"Transtoyou - ES\",\"description\":\"\",\"publisher\":{\"@id\":\"https:\/\/www.transtoyou.com\/es\/#organization\"},\"potentialAction\":[{\"@type\":\"SearchAction\",\"target\":{\"@type\":\"EntryPoint\",\"urlTemplate\":\"https:\/\/www.transtoyou.com\/es\/?s={search_term_string}\"},\"query-input\":{\"@type\":\"PropertyValueSpecification\",\"valueRequired\":true,\"valueName\":\"search_term_string\"}}],\"inLanguage\":\"es\"},{\"@type\":\"Organization\",\"@id\":\"https:\/\/www.transtoyou.com\/es\/#organization\",\"name\":\"Transtoyou - ES\",\"url\":\"https:\/\/www.transtoyou.com\/es\/\",\"logo\":{\"@type\":\"ImageObject\",\"inLanguage\":\"es\",\"@id\":\"https:\/\/www.transtoyou.com\/es\/#\/schema\/logo\/image\/\",\"url\":\"https:\/\/www.transtoyou.com\/es\/wp-content\/uploads\/sites\/14\/2026\/01\/logo-tty-menu-bar-300x87-1.webp\",\"contentUrl\":\"https:\/\/www.transtoyou.com\/es\/wp-content\/uploads\/sites\/14\/2026\/01\/logo-tty-menu-bar-300x87-1.webp\",\"width\":300,\"height\":87,\"caption\":\"Transtoyou - ES\"},\"image\":{\"@id\":\"https:\/\/www.transtoyou.com\/es\/#\/schema\/logo\/image\/\"}}]}<\/script>\n<!-- \/ Yoast SEO plugin. -->","yoast_head_json":{"title":"Proscar | Alivio Efectivo para la Pr\u00f3stata - Transtoyou","description":"Proscar reduce la pr\u00f3stata agrandada y alivia s\u00edntomas. Mejora tu calidad de vida, disponible ahora en Transtoyou.","robots":{"index":"noindex","follow":"follow","max-snippet":"max-snippet:-1","max-image-preview":"max-image-preview:large","max-video-preview":"max-video-preview:-1"},"og_locale":"es_ES","og_type":"article","og_title":"Proscar | Alivio Efectivo para la Pr\u00f3stata - Transtoyou","og_description":"Proscar reduce la pr\u00f3stata agrandada y alivia s\u00edntomas. Mejora tu calidad de vida, disponible ahora en Transtoyou.","og_url":"https:\/\/www.transtoyou.com\/es\/product\/proscar\/","og_site_name":"Transtoyou - ES","article_modified_time":"2026-03-02T11:31:11+00:00","twitter_card":"summary_large_image","twitter_misc":{"Tiempo de lectura":"1 minuto"},"schema":{"@context":"https:\/\/schema.org","@graph":[{"@type":"WebPage","@id":"https:\/\/www.transtoyou.com\/es\/product\/proscar\/","url":"https:\/\/www.transtoyou.com\/es\/product\/proscar\/","name":"Proscar | Alivio Efectivo para la Pr\u00f3stata - Transtoyou","isPartOf":{"@id":"https:\/\/www.transtoyou.com\/es\/#website"},"primaryImageOfPage":{"@id":"https:\/\/www.transtoyou.com\/es\/product\/proscar\/#primaryimage"},"image":{"@id":"https:\/\/www.transtoyou.com\/es\/product\/proscar\/#primaryimage"},"thumbnailUrl":"https:\/\/www.transtoyou.com\/es\/wp-content\/uploads\/sites\/14\/2026\/01\/tty-no-product-image-104.webp","datePublished":"2026-01-24T17:56:00+00:00","dateModified":"2026-03-02T11:31:11+00:00","description":"Proscar reduce la pr\u00f3stata agrandada y alivia s\u00edntomas. Mejora tu calidad de vida, disponible ahora en Transtoyou.","breadcrumb":{"@id":"https:\/\/www.transtoyou.com\/es\/product\/proscar\/#breadcrumb"},"inLanguage":"es","potentialAction":[{"@type":"ReadAction","target":["https:\/\/www.transtoyou.com\/es\/product\/proscar\/"]}]},{"@type":"ImageObject","inLanguage":"es","@id":"https:\/\/www.transtoyou.com\/es\/product\/proscar\/#primaryimage","url":"https:\/\/www.transtoyou.com\/es\/wp-content\/uploads\/sites\/14\/2026\/01\/tty-no-product-image-104.webp","contentUrl":"https:\/\/www.transtoyou.com\/es\/wp-content\/uploads\/sites\/14\/2026\/01\/tty-no-product-image-104.webp","width":1000,"height":1000,"caption":"Imagen de producto predeterminada"},{"@type":"WebSite","@id":"https:\/\/www.transtoyou.com\/es\/#website","url":"https:\/\/www.transtoyou.com\/es\/","name":"Transtoyou - ES","description":"","publisher":{"@id":"https:\/\/www.transtoyou.com\/es\/#organization"},"potentialAction":[{"@type":"SearchAction","target":{"@type":"EntryPoint","urlTemplate":"https:\/\/www.transtoyou.com\/es\/?s={search_term_string}"},"query-input":{"@type":"PropertyValueSpecification","valueRequired":true,"valueName":"search_term_string"}}],"inLanguage":"es"},{"@type":"Organization","@id":"https:\/\/www.transtoyou.com\/es\/#organization","name":"Transtoyou - ES","url":"https:\/\/www.transtoyou.com\/es\/","logo":{"@type":"ImageObject","inLanguage":"es","@id":"https:\/\/www.transtoyou.com\/es\/#\/schema\/logo\/image\/","url":"https:\/\/www.transtoyou.com\/es\/wp-content\/uploads\/sites\/14\/2026\/01\/logo-tty-menu-bar-300x87-1.webp","contentUrl":"https:\/\/www.transtoyou.com\/es\/wp-content\/uploads\/sites\/14\/2026\/01\/logo-tty-menu-bar-300x87-1.webp","width":300,"height":87,"caption":"Transtoyou - ES"},"image":{"@id":"https:\/\/www.transtoyou.com\/es\/#\/schema\/logo\/image\/"}}]}},"_links":{"self":[{"href":"https:\/\/www.transtoyou.com\/es\/wp-json\/wp\/v2\/product\/789","targetHints":{"allow":["GET"]}}],"collection":[{"href":"https:\/\/www.transtoyou.com\/es\/wp-json\/wp\/v2\/product"}],"about":[{"href":"https:\/\/www.transtoyou.com\/es\/wp-json\/wp\/v2\/types\/product"}],"replies":[{"embeddable":true,"href":"https:\/\/www.transtoyou.com\/es\/wp-json\/wp\/v2\/comments?post=789"}],"wp:featuredmedia":[{"embeddable":true,"href":"https:\/\/www.transtoyou.com\/es\/wp-json\/wp\/v2\/media\/791"}],"wp:attachment":[{"href":"https:\/\/www.transtoyou.com\/es\/wp-json\/wp\/v2\/media?parent=789"}],"wp:term":[{"taxonomy":"product_brand","embeddable":true,"href":"https:\/\/www.transtoyou.com\/es\/wp-json\/wp\/v2\/product_brand?post=789"},{"taxonomy":"product_cat","embeddable":true,"href":"https:\/\/www.transtoyou.com\/es\/wp-json\/wp\/v2\/product_cat?post=789"},{"taxonomy":"product_tag","embeddable":true,"href":"https:\/\/www.transtoyou.com\/es\/wp-json\/wp\/v2\/product_tag?post=789"},{"taxonomy":"expert","embeddable":true,"href":"https:\/\/www.transtoyou.com\/es\/wp-json\/wp\/v2\/expert?post=789"}],"curies":[{"name":"wp","href":"https:\/\/api.w.org\/{rel}","templated":true}]}}