{"id":792,"date":"2026-01-24T18:13:50","date_gmt":"2026-01-24T18:13:50","guid":{"rendered":"https:\/\/www.transtoyou.com\/es\/product\/efracea-oracea\/"},"modified":"2026-01-24T18:15:01","modified_gmt":"2026-01-24T18:15:01","slug":"efracea-oracea","status":"publish","type":"product","link":"https:\/\/www.transtoyou.com\/es\/product\/efracea-oracea\/","title":{"rendered":"Efracea (Oracea)"},"content":{"rendered":"<p>Efracea, tambi\u00e9n conocido por su nombre internacional Oracea, es un tratamiento oral de una vez al d\u00eda utilizado para manejar las lesiones inflamatorias y los brotes asociados con la ros\u00e1cea. Contiene doxiciclina en una dosis baja de liberaci\u00f3n controlada. A diferencia de los antibi\u00f3ticos utilizados para combatir infecciones, Efracea se clasifica como un tratamiento antiinflamatorio no antimicrobiano, lo que significa que se dirige a la inflamaci\u00f3n de la piel sin promover la resistencia bacteriana.<\/p>\n<p>La ros\u00e1cea es una afecci\u00f3n cr\u00f3nica de la piel que causa enrojecimiento, vasos sangu\u00edneos visibles y, a veces, protuberancias similares al acn\u00e9, particularmente en la parte central de la cara. Efracea ayuda a reducir estas protuberancias y p\u00e1pulas al suprimir la respuesta inflamatoria en la piel. Con el tiempo, el uso constante puede llevar a una piel m\u00e1s clara, menos brotes y una reducci\u00f3n en la incomodidad.<\/p>\n<p>Esta formulaci\u00f3n de baja dosis est\u00e1 dise\u00f1ada espec\u00edficamente para su uso a largo plazo y no act\u00faa como un antibi\u00f3tico t\u00edpico. Funciona gradualmente, con una mejora visible que a menudo aparece dentro de cuatro a seis semanas. Debido a que no depende de su efecto antibacteriano, Efracea tiene menos probabilidades de interrumpir la flora natural del cuerpo y no est\u00e1 destinado a tratar infecciones bacterianas.<\/p>\n<p>Efracea generalmente es bien tolerado, pero algunos usuarios pueden experimentar malestar gastrointestinal, sensibilidad al sol o boca seca. No debe tomarse con leche o anti\u00e1cidos, ya que estos pueden interferir con la absorci\u00f3n. Este medicamento no es adecuado durante el embarazo ni mientras se est\u00e1 amamantando.<\/p>\n","protected":false},"excerpt":{"rendered":"<ul>\n<li>Tratamiento oral una vez al d\u00eda<\/li>\n<li>Reduce la inflamaci\u00f3n de la ros\u00e1cea<\/li>\n<li>Efecto no antibi\u00f3tico a baja dosis<\/li>\n<\/ul>\n","protected":false},"featured_media":794,"comment_status":"open","ping_status":"closed","template":"","meta":[],"product_brand":[],"product_cat":[140],"product_tag":[],"expert":[18],"class_list":{"0":"post-792","1":"product","2":"type-product","3":"status-publish","4":"has-post-thumbnail","6":"product_cat-rosacea","7":"expert-dr-g-varbanov","9":"first","10":"instock","11":"shipping-taxable","12":"product-type-variable"},"yoast_head":"<!-- This site is optimized with the Yoast SEO plugin v27.0 - https:\/\/yoast.com\/product\/yoast-seo-wordpress\/ -->\n<title>Efracea (Oracea) | Piel m\u00e1s clara, Antiinflamatorio - Transtoyou<\/title>\n<meta name=\"description\" content=\"Descubre Efracea, un tratamiento oral para brotes de ros\u00e1cea. Disfruta de una piel m\u00e1s clara con sus beneficios antiinflamatorios. Disponible ahora en Transtoyou.\" \/>\n<meta name=\"robots\" content=\"noindex, follow, max-snippet:-1, max-image-preview:large, max-video-preview:-1\" \/>\n<meta property=\"og:locale\" content=\"es_ES\" \/>\n<meta property=\"og:type\" content=\"article\" \/>\n<meta property=\"og:title\" content=\"Efracea (Oracea) | Piel m\u00e1s clara, Antiinflamatorio - Transtoyou\" \/>\n<meta property=\"og:description\" content=\"Descubre Efracea, un tratamiento oral para brotes de ros\u00e1cea. Disfruta de una piel m\u00e1s clara con sus beneficios antiinflamatorios. Disponible ahora en Transtoyou.\" \/>\n<meta property=\"og:url\" content=\"https:\/\/www.transtoyou.com\/es\/product\/efracea-oracea\/\" \/>\n<meta property=\"og:site_name\" content=\"Transtoyou - ES\" \/>\n<meta property=\"article:modified_time\" content=\"2026-01-24T18:15:01+00:00\" \/>\n<meta name=\"twitter:card\" content=\"summary_large_image\" \/>\n<meta name=\"twitter:label1\" content=\"Tiempo de lectura\" \/>\n\t<meta name=\"twitter:data1\" content=\"1 minuto\" \/>\n<script type=\"application\/ld+json\" class=\"yoast-schema-graph\">{\"@context\":\"https:\/\/schema.org\",\"@graph\":[{\"@type\":\"WebPage\",\"@id\":\"https:\/\/www.transtoyou.com\/es\/product\/efracea-oracea\/\",\"url\":\"https:\/\/www.transtoyou.com\/es\/product\/efracea-oracea\/\",\"name\":\"Efracea (Oracea) | Piel m\u00e1s clara, Antiinflamatorio - Transtoyou\",\"isPartOf\":{\"@id\":\"https:\/\/www.transtoyou.com\/es\/#website\"},\"primaryImageOfPage\":{\"@id\":\"https:\/\/www.transtoyou.com\/es\/product\/efracea-oracea\/#primaryimage\"},\"image\":{\"@id\":\"https:\/\/www.transtoyou.com\/es\/product\/efracea-oracea\/#primaryimage\"},\"thumbnailUrl\":\"https:\/\/www.transtoyou.com\/es\/wp-content\/uploads\/sites\/14\/2026\/01\/tty-no-product-image-105.webp\",\"datePublished\":\"2026-01-24T18:13:50+00:00\",\"dateModified\":\"2026-01-24T18:15:01+00:00\",\"description\":\"Descubre Efracea, un tratamiento oral para brotes de ros\u00e1cea. Disfruta de una piel m\u00e1s clara con sus beneficios antiinflamatorios. Disponible ahora en Transtoyou.\",\"breadcrumb\":{\"@id\":\"https:\/\/www.transtoyou.com\/es\/product\/efracea-oracea\/#breadcrumb\"},\"inLanguage\":\"es\",\"potentialAction\":[{\"@type\":\"ReadAction\",\"target\":[\"https:\/\/www.transtoyou.com\/es\/product\/efracea-oracea\/\"]}]},{\"@type\":\"ImageObject\",\"inLanguage\":\"es\",\"@id\":\"https:\/\/www.transtoyou.com\/es\/product\/efracea-oracea\/#primaryimage\",\"url\":\"https:\/\/www.transtoyou.com\/es\/wp-content\/uploads\/sites\/14\/2026\/01\/tty-no-product-image-105.webp\",\"contentUrl\":\"https:\/\/www.transtoyou.com\/es\/wp-content\/uploads\/sites\/14\/2026\/01\/tty-no-product-image-105.webp\",\"width\":1000,\"height\":1000,\"caption\":\"Imagen de producto predeterminada\"},{\"@type\":\"WebSite\",\"@id\":\"https:\/\/www.transtoyou.com\/es\/#website\",\"url\":\"https:\/\/www.transtoyou.com\/es\/\",\"name\":\"Transtoyou - ES\",\"description\":\"\",\"publisher\":{\"@id\":\"https:\/\/www.transtoyou.com\/es\/#organization\"},\"potentialAction\":[{\"@type\":\"SearchAction\",\"target\":{\"@type\":\"EntryPoint\",\"urlTemplate\":\"https:\/\/www.transtoyou.com\/es\/?s={search_term_string}\"},\"query-input\":{\"@type\":\"PropertyValueSpecification\",\"valueRequired\":true,\"valueName\":\"search_term_string\"}}],\"inLanguage\":\"es\"},{\"@type\":\"Organization\",\"@id\":\"https:\/\/www.transtoyou.com\/es\/#organization\",\"name\":\"Transtoyou - ES\",\"url\":\"https:\/\/www.transtoyou.com\/es\/\",\"logo\":{\"@type\":\"ImageObject\",\"inLanguage\":\"es\",\"@id\":\"https:\/\/www.transtoyou.com\/es\/#\/schema\/logo\/image\/\",\"url\":\"https:\/\/www.transtoyou.com\/es\/wp-content\/uploads\/sites\/14\/2026\/01\/logo-tty-menu-bar-300x87-1.webp\",\"contentUrl\":\"https:\/\/www.transtoyou.com\/es\/wp-content\/uploads\/sites\/14\/2026\/01\/logo-tty-menu-bar-300x87-1.webp\",\"width\":300,\"height\":87,\"caption\":\"Transtoyou - ES\"},\"image\":{\"@id\":\"https:\/\/www.transtoyou.com\/es\/#\/schema\/logo\/image\/\"}}]}<\/script>\n<!-- \/ Yoast SEO plugin. -->","yoast_head_json":{"title":"Efracea (Oracea) | Piel m\u00e1s clara, Antiinflamatorio - Transtoyou","description":"Descubre Efracea, un tratamiento oral para brotes de ros\u00e1cea. Disfruta de una piel m\u00e1s clara con sus beneficios antiinflamatorios. Disponible ahora en Transtoyou.","robots":{"index":"noindex","follow":"follow","max-snippet":"max-snippet:-1","max-image-preview":"max-image-preview:large","max-video-preview":"max-video-preview:-1"},"og_locale":"es_ES","og_type":"article","og_title":"Efracea (Oracea) | Piel m\u00e1s clara, Antiinflamatorio - Transtoyou","og_description":"Descubre Efracea, un tratamiento oral para brotes de ros\u00e1cea. Disfruta de una piel m\u00e1s clara con sus beneficios antiinflamatorios. Disponible ahora en Transtoyou.","og_url":"https:\/\/www.transtoyou.com\/es\/product\/efracea-oracea\/","og_site_name":"Transtoyou - ES","article_modified_time":"2026-01-24T18:15:01+00:00","twitter_card":"summary_large_image","twitter_misc":{"Tiempo de lectura":"1 minuto"},"schema":{"@context":"https:\/\/schema.org","@graph":[{"@type":"WebPage","@id":"https:\/\/www.transtoyou.com\/es\/product\/efracea-oracea\/","url":"https:\/\/www.transtoyou.com\/es\/product\/efracea-oracea\/","name":"Efracea (Oracea) | Piel m\u00e1s clara, Antiinflamatorio - Transtoyou","isPartOf":{"@id":"https:\/\/www.transtoyou.com\/es\/#website"},"primaryImageOfPage":{"@id":"https:\/\/www.transtoyou.com\/es\/product\/efracea-oracea\/#primaryimage"},"image":{"@id":"https:\/\/www.transtoyou.com\/es\/product\/efracea-oracea\/#primaryimage"},"thumbnailUrl":"https:\/\/www.transtoyou.com\/es\/wp-content\/uploads\/sites\/14\/2026\/01\/tty-no-product-image-105.webp","datePublished":"2026-01-24T18:13:50+00:00","dateModified":"2026-01-24T18:15:01+00:00","description":"Descubre Efracea, un tratamiento oral para brotes de ros\u00e1cea. Disfruta de una piel m\u00e1s clara con sus beneficios antiinflamatorios. Disponible ahora en Transtoyou.","breadcrumb":{"@id":"https:\/\/www.transtoyou.com\/es\/product\/efracea-oracea\/#breadcrumb"},"inLanguage":"es","potentialAction":[{"@type":"ReadAction","target":["https:\/\/www.transtoyou.com\/es\/product\/efracea-oracea\/"]}]},{"@type":"ImageObject","inLanguage":"es","@id":"https:\/\/www.transtoyou.com\/es\/product\/efracea-oracea\/#primaryimage","url":"https:\/\/www.transtoyou.com\/es\/wp-content\/uploads\/sites\/14\/2026\/01\/tty-no-product-image-105.webp","contentUrl":"https:\/\/www.transtoyou.com\/es\/wp-content\/uploads\/sites\/14\/2026\/01\/tty-no-product-image-105.webp","width":1000,"height":1000,"caption":"Imagen de producto predeterminada"},{"@type":"WebSite","@id":"https:\/\/www.transtoyou.com\/es\/#website","url":"https:\/\/www.transtoyou.com\/es\/","name":"Transtoyou - ES","description":"","publisher":{"@id":"https:\/\/www.transtoyou.com\/es\/#organization"},"potentialAction":[{"@type":"SearchAction","target":{"@type":"EntryPoint","urlTemplate":"https:\/\/www.transtoyou.com\/es\/?s={search_term_string}"},"query-input":{"@type":"PropertyValueSpecification","valueRequired":true,"valueName":"search_term_string"}}],"inLanguage":"es"},{"@type":"Organization","@id":"https:\/\/www.transtoyou.com\/es\/#organization","name":"Transtoyou - ES","url":"https:\/\/www.transtoyou.com\/es\/","logo":{"@type":"ImageObject","inLanguage":"es","@id":"https:\/\/www.transtoyou.com\/es\/#\/schema\/logo\/image\/","url":"https:\/\/www.transtoyou.com\/es\/wp-content\/uploads\/sites\/14\/2026\/01\/logo-tty-menu-bar-300x87-1.webp","contentUrl":"https:\/\/www.transtoyou.com\/es\/wp-content\/uploads\/sites\/14\/2026\/01\/logo-tty-menu-bar-300x87-1.webp","width":300,"height":87,"caption":"Transtoyou - ES"},"image":{"@id":"https:\/\/www.transtoyou.com\/es\/#\/schema\/logo\/image\/"}}]}},"_links":{"self":[{"href":"https:\/\/www.transtoyou.com\/es\/wp-json\/wp\/v2\/product\/792","targetHints":{"allow":["GET"]}}],"collection":[{"href":"https:\/\/www.transtoyou.com\/es\/wp-json\/wp\/v2\/product"}],"about":[{"href":"https:\/\/www.transtoyou.com\/es\/wp-json\/wp\/v2\/types\/product"}],"replies":[{"embeddable":true,"href":"https:\/\/www.transtoyou.com\/es\/wp-json\/wp\/v2\/comments?post=792"}],"wp:featuredmedia":[{"embeddable":true,"href":"https:\/\/www.transtoyou.com\/es\/wp-json\/wp\/v2\/media\/794"}],"wp:attachment":[{"href":"https:\/\/www.transtoyou.com\/es\/wp-json\/wp\/v2\/media?parent=792"}],"wp:term":[{"taxonomy":"product_brand","embeddable":true,"href":"https:\/\/www.transtoyou.com\/es\/wp-json\/wp\/v2\/product_brand?post=792"},{"taxonomy":"product_cat","embeddable":true,"href":"https:\/\/www.transtoyou.com\/es\/wp-json\/wp\/v2\/product_cat?post=792"},{"taxonomy":"product_tag","embeddable":true,"href":"https:\/\/www.transtoyou.com\/es\/wp-json\/wp\/v2\/product_tag?post=792"},{"taxonomy":"expert","embeddable":true,"href":"https:\/\/www.transtoyou.com\/es\/wp-json\/wp\/v2\/expert?post=792"}],"curies":[{"name":"wp","href":"https:\/\/api.w.org\/{rel}","templated":true}]}}