{"id":801,"date":"2026-01-24T19:03:59","date_gmt":"2026-01-24T19:03:59","guid":{"rendered":"https:\/\/www.transtoyou.com\/es\/product\/circadin\/"},"modified":"2026-01-24T19:04:52","modified_gmt":"2026-01-24T19:04:52","slug":"circadin","status":"publish","type":"product","link":"https:\/\/www.transtoyou.com\/es\/product\/circadin\/","title":{"rendered":"Circadin"},"content":{"rendered":"<p>Circadin es un medicamento de prescripci\u00f3n que contiene 2 mg de melatonina de liberaci\u00f3n prolongada, desarrollado espec\u00edficamente para apoyar el ciclo natural de sue\u00f1o-vigilia. Se prescribe principalmente a adultos de 55 a\u00f1os o m\u00e1s que experimentan mala calidad del sue\u00f1o debido a insomnio o cambios relacionados con la edad en la producci\u00f3n de melatonina. A diferencia de los suplementos de melatonina est\u00e1ndar, Circadin est\u00e1 dise\u00f1ado para imitar la liberaci\u00f3n natural de melatonina del cuerpo durante la noche, ayudando a promover un sue\u00f1o m\u00e1s largo y reparador.<\/p>\n<p>La melatonina es una hormona que el cuerpo produce naturalmente en respuesta a la oscuridad. Circadin complementa esta hormona en una forma de liberaci\u00f3n controlada, ayudando a las personas a quedarse dormidas m\u00e1s r\u00e1pido, dormir m\u00e1s profundamente y reducir los despertares nocturnos. Ofrece una alternativa suave a las pastillas para dormir tradicionales sin causar dependencia o somnolencia significativa durante el d\u00eda.<\/p>\n<p>Circadin se toma por v\u00eda oral, de una a dos horas antes de acostarse, y es m\u00e1s efectivo cuando se combina con buenas pr\u00e1cticas de higiene del sue\u00f1o, como evitar pantallas antes de dormir y mantener una rutina de sue\u00f1o regular. Comienza a hacer efecto dentro de los primeros d\u00edas, y los beneficios completos a menudo se ven despu\u00e9s de una a dos semanas de uso constante.<\/p>\n<p>Generalmente es bien tolerado, aunque algunas personas pueden experimentar efectos secundarios leves como dolor de cabeza, n\u00e1useas o somnolencia. No debe usarse junto con alcohol o sedantes fuertes, ya que estos pueden afectar su efectividad.<\/p>\n","protected":false},"excerpt":{"rendered":"<ul>\n<li>Apoyo para el sue\u00f1o con receta<\/li>\n<li>Melatonina de liberaci\u00f3n prolongada<\/li>\n<li>Mejora la calidad del sue\u00f1o<\/li>\n<\/ul>\n","protected":false},"featured_media":803,"comment_status":"open","ping_status":"closed","template":"","meta":[],"product_brand":[],"product_cat":[144],"product_tag":[],"expert":[16],"class_list":{"0":"post-801","1":"product","2":"type-product","3":"status-publish","4":"has-post-thumbnail","6":"product_cat-trastornos-del-sueno","7":"expert-dr-c-alexandru","9":"first","10":"instock","11":"shipping-taxable","12":"product-type-variable"},"yoast_head":"<!-- This site is optimized with the Yoast SEO plugin v27.0 - https:\/\/yoast.com\/product\/yoast-seo-wordpress\/ -->\n<title>Circadin | Apoyo para el Sue\u00f1o - Transtoyou<\/title>\n<meta name=\"description\" content=\"Circadin disponible aqu\u00ed, apoya un sue\u00f1o reparador de forma natural. Compra ahora una soluci\u00f3n cl\u00ednicamente revisada para mejorar la calidad del sue\u00f1o con facilidad.\" \/>\n<meta name=\"robots\" content=\"noindex, follow, max-snippet:-1, max-image-preview:large, max-video-preview:-1\" \/>\n<meta property=\"og:locale\" content=\"es_ES\" \/>\n<meta property=\"og:type\" content=\"article\" \/>\n<meta property=\"og:title\" content=\"Circadin | Apoyo para el Sue\u00f1o - Transtoyou\" \/>\n<meta property=\"og:description\" content=\"Circadin disponible aqu\u00ed, apoya un sue\u00f1o reparador de forma natural. Compra ahora una soluci\u00f3n cl\u00ednicamente revisada para mejorar la calidad del sue\u00f1o con facilidad.\" \/>\n<meta property=\"og:url\" content=\"https:\/\/www.transtoyou.com\/es\/product\/circadin\/\" \/>\n<meta property=\"og:site_name\" content=\"Transtoyou - ES\" \/>\n<meta property=\"article:modified_time\" content=\"2026-01-24T19:04:52+00:00\" \/>\n<meta name=\"twitter:card\" content=\"summary_large_image\" \/>\n<meta name=\"twitter:label1\" content=\"Tiempo de lectura\" \/>\n\t<meta name=\"twitter:data1\" content=\"1 minuto\" \/>\n<script type=\"application\/ld+json\" class=\"yoast-schema-graph\">{\"@context\":\"https:\/\/schema.org\",\"@graph\":[{\"@type\":\"WebPage\",\"@id\":\"https:\/\/www.transtoyou.com\/es\/product\/circadin\/\",\"url\":\"https:\/\/www.transtoyou.com\/es\/product\/circadin\/\",\"name\":\"Circadin | Apoyo para el Sue\u00f1o - Transtoyou\",\"isPartOf\":{\"@id\":\"https:\/\/www.transtoyou.com\/es\/#website\"},\"primaryImageOfPage\":{\"@id\":\"https:\/\/www.transtoyou.com\/es\/product\/circadin\/#primaryimage\"},\"image\":{\"@id\":\"https:\/\/www.transtoyou.com\/es\/product\/circadin\/#primaryimage\"},\"thumbnailUrl\":\"https:\/\/www.transtoyou.com\/es\/wp-content\/uploads\/sites\/14\/2026\/01\/tty-no-product-image-108.webp\",\"datePublished\":\"2026-01-24T19:03:59+00:00\",\"dateModified\":\"2026-01-24T19:04:52+00:00\",\"description\":\"Circadin disponible aqu\u00ed, apoya un sue\u00f1o reparador de forma natural. Compra ahora una soluci\u00f3n cl\u00ednicamente revisada para mejorar la calidad del sue\u00f1o con facilidad.\",\"breadcrumb\":{\"@id\":\"https:\/\/www.transtoyou.com\/es\/product\/circadin\/#breadcrumb\"},\"inLanguage\":\"es\",\"potentialAction\":[{\"@type\":\"ReadAction\",\"target\":[\"https:\/\/www.transtoyou.com\/es\/product\/circadin\/\"]}]},{\"@type\":\"ImageObject\",\"inLanguage\":\"es\",\"@id\":\"https:\/\/www.transtoyou.com\/es\/product\/circadin\/#primaryimage\",\"url\":\"https:\/\/www.transtoyou.com\/es\/wp-content\/uploads\/sites\/14\/2026\/01\/tty-no-product-image-108.webp\",\"contentUrl\":\"https:\/\/www.transtoyou.com\/es\/wp-content\/uploads\/sites\/14\/2026\/01\/tty-no-product-image-108.webp\",\"width\":1000,\"height\":1000,\"caption\":\"Imagen de producto predeterminada\"},{\"@type\":\"WebSite\",\"@id\":\"https:\/\/www.transtoyou.com\/es\/#website\",\"url\":\"https:\/\/www.transtoyou.com\/es\/\",\"name\":\"Transtoyou - ES\",\"description\":\"\",\"publisher\":{\"@id\":\"https:\/\/www.transtoyou.com\/es\/#organization\"},\"potentialAction\":[{\"@type\":\"SearchAction\",\"target\":{\"@type\":\"EntryPoint\",\"urlTemplate\":\"https:\/\/www.transtoyou.com\/es\/?s={search_term_string}\"},\"query-input\":{\"@type\":\"PropertyValueSpecification\",\"valueRequired\":true,\"valueName\":\"search_term_string\"}}],\"inLanguage\":\"es\"},{\"@type\":\"Organization\",\"@id\":\"https:\/\/www.transtoyou.com\/es\/#organization\",\"name\":\"Transtoyou - ES\",\"url\":\"https:\/\/www.transtoyou.com\/es\/\",\"logo\":{\"@type\":\"ImageObject\",\"inLanguage\":\"es\",\"@id\":\"https:\/\/www.transtoyou.com\/es\/#\/schema\/logo\/image\/\",\"url\":\"https:\/\/www.transtoyou.com\/es\/wp-content\/uploads\/sites\/14\/2026\/01\/logo-tty-menu-bar-300x87-1.webp\",\"contentUrl\":\"https:\/\/www.transtoyou.com\/es\/wp-content\/uploads\/sites\/14\/2026\/01\/logo-tty-menu-bar-300x87-1.webp\",\"width\":300,\"height\":87,\"caption\":\"Transtoyou - ES\"},\"image\":{\"@id\":\"https:\/\/www.transtoyou.com\/es\/#\/schema\/logo\/image\/\"}}]}<\/script>\n<!-- \/ Yoast SEO plugin. -->","yoast_head_json":{"title":"Circadin | Apoyo para el Sue\u00f1o - Transtoyou","description":"Circadin disponible aqu\u00ed, apoya un sue\u00f1o reparador de forma natural. Compra ahora una soluci\u00f3n cl\u00ednicamente revisada para mejorar la calidad del sue\u00f1o con facilidad.","robots":{"index":"noindex","follow":"follow","max-snippet":"max-snippet:-1","max-image-preview":"max-image-preview:large","max-video-preview":"max-video-preview:-1"},"og_locale":"es_ES","og_type":"article","og_title":"Circadin | Apoyo para el Sue\u00f1o - Transtoyou","og_description":"Circadin disponible aqu\u00ed, apoya un sue\u00f1o reparador de forma natural. Compra ahora una soluci\u00f3n cl\u00ednicamente revisada para mejorar la calidad del sue\u00f1o con facilidad.","og_url":"https:\/\/www.transtoyou.com\/es\/product\/circadin\/","og_site_name":"Transtoyou - ES","article_modified_time":"2026-01-24T19:04:52+00:00","twitter_card":"summary_large_image","twitter_misc":{"Tiempo de lectura":"1 minuto"},"schema":{"@context":"https:\/\/schema.org","@graph":[{"@type":"WebPage","@id":"https:\/\/www.transtoyou.com\/es\/product\/circadin\/","url":"https:\/\/www.transtoyou.com\/es\/product\/circadin\/","name":"Circadin | Apoyo para el Sue\u00f1o - Transtoyou","isPartOf":{"@id":"https:\/\/www.transtoyou.com\/es\/#website"},"primaryImageOfPage":{"@id":"https:\/\/www.transtoyou.com\/es\/product\/circadin\/#primaryimage"},"image":{"@id":"https:\/\/www.transtoyou.com\/es\/product\/circadin\/#primaryimage"},"thumbnailUrl":"https:\/\/www.transtoyou.com\/es\/wp-content\/uploads\/sites\/14\/2026\/01\/tty-no-product-image-108.webp","datePublished":"2026-01-24T19:03:59+00:00","dateModified":"2026-01-24T19:04:52+00:00","description":"Circadin disponible aqu\u00ed, apoya un sue\u00f1o reparador de forma natural. Compra ahora una soluci\u00f3n cl\u00ednicamente revisada para mejorar la calidad del sue\u00f1o con facilidad.","breadcrumb":{"@id":"https:\/\/www.transtoyou.com\/es\/product\/circadin\/#breadcrumb"},"inLanguage":"es","potentialAction":[{"@type":"ReadAction","target":["https:\/\/www.transtoyou.com\/es\/product\/circadin\/"]}]},{"@type":"ImageObject","inLanguage":"es","@id":"https:\/\/www.transtoyou.com\/es\/product\/circadin\/#primaryimage","url":"https:\/\/www.transtoyou.com\/es\/wp-content\/uploads\/sites\/14\/2026\/01\/tty-no-product-image-108.webp","contentUrl":"https:\/\/www.transtoyou.com\/es\/wp-content\/uploads\/sites\/14\/2026\/01\/tty-no-product-image-108.webp","width":1000,"height":1000,"caption":"Imagen de producto predeterminada"},{"@type":"WebSite","@id":"https:\/\/www.transtoyou.com\/es\/#website","url":"https:\/\/www.transtoyou.com\/es\/","name":"Transtoyou - ES","description":"","publisher":{"@id":"https:\/\/www.transtoyou.com\/es\/#organization"},"potentialAction":[{"@type":"SearchAction","target":{"@type":"EntryPoint","urlTemplate":"https:\/\/www.transtoyou.com\/es\/?s={search_term_string}"},"query-input":{"@type":"PropertyValueSpecification","valueRequired":true,"valueName":"search_term_string"}}],"inLanguage":"es"},{"@type":"Organization","@id":"https:\/\/www.transtoyou.com\/es\/#organization","name":"Transtoyou - ES","url":"https:\/\/www.transtoyou.com\/es\/","logo":{"@type":"ImageObject","inLanguage":"es","@id":"https:\/\/www.transtoyou.com\/es\/#\/schema\/logo\/image\/","url":"https:\/\/www.transtoyou.com\/es\/wp-content\/uploads\/sites\/14\/2026\/01\/logo-tty-menu-bar-300x87-1.webp","contentUrl":"https:\/\/www.transtoyou.com\/es\/wp-content\/uploads\/sites\/14\/2026\/01\/logo-tty-menu-bar-300x87-1.webp","width":300,"height":87,"caption":"Transtoyou - ES"},"image":{"@id":"https:\/\/www.transtoyou.com\/es\/#\/schema\/logo\/image\/"}}]}},"_links":{"self":[{"href":"https:\/\/www.transtoyou.com\/es\/wp-json\/wp\/v2\/product\/801","targetHints":{"allow":["GET"]}}],"collection":[{"href":"https:\/\/www.transtoyou.com\/es\/wp-json\/wp\/v2\/product"}],"about":[{"href":"https:\/\/www.transtoyou.com\/es\/wp-json\/wp\/v2\/types\/product"}],"replies":[{"embeddable":true,"href":"https:\/\/www.transtoyou.com\/es\/wp-json\/wp\/v2\/comments?post=801"}],"wp:featuredmedia":[{"embeddable":true,"href":"https:\/\/www.transtoyou.com\/es\/wp-json\/wp\/v2\/media\/803"}],"wp:attachment":[{"href":"https:\/\/www.transtoyou.com\/es\/wp-json\/wp\/v2\/media?parent=801"}],"wp:term":[{"taxonomy":"product_brand","embeddable":true,"href":"https:\/\/www.transtoyou.com\/es\/wp-json\/wp\/v2\/product_brand?post=801"},{"taxonomy":"product_cat","embeddable":true,"href":"https:\/\/www.transtoyou.com\/es\/wp-json\/wp\/v2\/product_cat?post=801"},{"taxonomy":"product_tag","embeddable":true,"href":"https:\/\/www.transtoyou.com\/es\/wp-json\/wp\/v2\/product_tag?post=801"},{"taxonomy":"expert","embeddable":true,"href":"https:\/\/www.transtoyou.com\/es\/wp-json\/wp\/v2\/expert?post=801"}],"curies":[{"name":"wp","href":"https:\/\/api.w.org\/{rel}","templated":true}]}}