{"id":816,"date":"2026-01-24T20:27:45","date_gmt":"2026-01-24T20:27:45","guid":{"rendered":"https:\/\/www.transtoyou.com\/es\/product\/invicorp\/"},"modified":"2026-01-24T20:28:39","modified_gmt":"2026-01-24T20:28:39","slug":"invicorp","status":"publish","type":"product","link":"https:\/\/www.transtoyou.com\/es\/product\/invicorp\/","title":{"rendered":"Invicorp"},"content":{"rendered":"<p>Invicorp es un medicamento utilizado para tratar la disfunci\u00f3n er\u00e9ctil (DE). Contiene dos sustancias activas: aviptadil y fentolamina, que trabajan juntas para mejorar el flujo sangu\u00edneo hacia el pene y reducir el flujo sangu\u00edneo hacia afuera. Esta acci\u00f3n dual permite una erecci\u00f3n firme adecuada para la actividad sexual.<\/p>\n<p>El aviptadil es una versi\u00f3n sint\u00e9tica del p\u00e9ptido intestinal vasoactivo (VIP), que ayuda a relajar el m\u00fasculo liso y reducir el flujo sangu\u00edneo hacia afuera del pene. La fentolamina es un bloqueador alfa que aumenta el flujo sangu\u00edneo hacia el tejido peneano al dilatar los vasos sangu\u00edneos. Juntos, ayudan a lograr y mantener una erecci\u00f3n restaurando el equilibrio natural del flujo sangu\u00edneo dentro y fuera del pene.<\/p>\n<p>Invicorp se utiliza en hombres con disfunci\u00f3n er\u00e9ctil, especialmente en aquellos para quienes otros tratamientos, como los medicamentos orales, no son efectivos o no se recomiendan. Se inyecta directamente en los cuerpos cavernosos (el tejido blando a cada lado del tronco del pene). Los efectos generalmente comienzan poco despu\u00e9s de la inyecci\u00f3n y normalmente duran no m\u00e1s de una hora.<\/p>\n","protected":false},"excerpt":{"rendered":"<ul>\n<li>Soporte r\u00e1pido y confiable para la erecci\u00f3n<\/li>\n<li>Funciona cuando los medicamentos orales para la disfunci\u00f3n er\u00e9ctil fallan<\/li>\n<li>Inyectado directamente en el pene<\/li>\n<\/ul>\n","protected":false},"featured_media":818,"comment_status":"open","ping_status":"closed","template":"","meta":[],"product_brand":[],"product_cat":[95],"product_tag":[],"expert":[17],"class_list":{"0":"post-816","1":"product","2":"type-product","3":"status-publish","4":"has-post-thumbnail","6":"product_cat-tratamientos-para-la-disfuncion-erectil","7":"expert-dr-c-munoz-parada","9":"first","10":"instock","11":"shipping-taxable","12":"product-type-variable"},"yoast_head":"<!-- This site is optimized with the Yoast SEO plugin v27.0 - https:\/\/yoast.com\/product\/yoast-seo-wordpress\/ -->\n<title>Invicorp | Mejora el Flujo Sangu\u00edneo para el Alivio de la Disfunci\u00f3n Er\u00e9ctil - Transtoyou<\/title>\n<meta name=\"description\" content=\"Descubre Invicorp en Transtoyou, mejorando tu rendimiento y confianza. Compra ahora una soluci\u00f3n efectiva dise\u00f1ada para apoyar tus objetivos de salud.\" \/>\n<meta name=\"robots\" content=\"noindex, follow, max-snippet:-1, max-image-preview:large, max-video-preview:-1\" \/>\n<meta property=\"og:locale\" content=\"es_ES\" \/>\n<meta property=\"og:type\" content=\"article\" \/>\n<meta property=\"og:title\" content=\"Invicorp | Mejora el Flujo Sangu\u00edneo para el Alivio de la Disfunci\u00f3n Er\u00e9ctil - Transtoyou\" \/>\n<meta property=\"og:description\" content=\"Descubre Invicorp en Transtoyou, mejorando tu rendimiento y confianza. Compra ahora una soluci\u00f3n efectiva dise\u00f1ada para apoyar tus objetivos de salud.\" \/>\n<meta property=\"og:url\" content=\"https:\/\/www.transtoyou.com\/es\/product\/invicorp\/\" \/>\n<meta property=\"og:site_name\" content=\"Transtoyou - ES\" \/>\n<meta property=\"article:modified_time\" content=\"2026-01-24T20:28:39+00:00\" \/>\n<meta name=\"twitter:card\" content=\"summary_large_image\" \/>\n<meta name=\"twitter:label1\" content=\"Tiempo de lectura\" \/>\n\t<meta name=\"twitter:data1\" content=\"1 minuto\" \/>\n<script type=\"application\/ld+json\" class=\"yoast-schema-graph\">{\"@context\":\"https:\/\/schema.org\",\"@graph\":[{\"@type\":\"WebPage\",\"@id\":\"https:\/\/www.transtoyou.com\/es\/product\/invicorp\/\",\"url\":\"https:\/\/www.transtoyou.com\/es\/product\/invicorp\/\",\"name\":\"Invicorp | Mejora el Flujo Sangu\u00edneo para el Alivio de la Disfunci\u00f3n Er\u00e9ctil - Transtoyou\",\"isPartOf\":{\"@id\":\"https:\/\/www.transtoyou.com\/es\/#website\"},\"primaryImageOfPage\":{\"@id\":\"https:\/\/www.transtoyou.com\/es\/product\/invicorp\/#primaryimage\"},\"image\":{\"@id\":\"https:\/\/www.transtoyou.com\/es\/product\/invicorp\/#primaryimage\"},\"thumbnailUrl\":\"https:\/\/www.transtoyou.com\/es\/wp-content\/uploads\/sites\/14\/2026\/01\/tty-no-product-image-113.webp\",\"datePublished\":\"2026-01-24T20:27:45+00:00\",\"dateModified\":\"2026-01-24T20:28:39+00:00\",\"description\":\"Descubre Invicorp en Transtoyou, mejorando tu rendimiento y confianza. Compra ahora una soluci\u00f3n efectiva dise\u00f1ada para apoyar tus objetivos de salud.\",\"breadcrumb\":{\"@id\":\"https:\/\/www.transtoyou.com\/es\/product\/invicorp\/#breadcrumb\"},\"inLanguage\":\"es\",\"potentialAction\":[{\"@type\":\"ReadAction\",\"target\":[\"https:\/\/www.transtoyou.com\/es\/product\/invicorp\/\"]}]},{\"@type\":\"ImageObject\",\"inLanguage\":\"es\",\"@id\":\"https:\/\/www.transtoyou.com\/es\/product\/invicorp\/#primaryimage\",\"url\":\"https:\/\/www.transtoyou.com\/es\/wp-content\/uploads\/sites\/14\/2026\/01\/tty-no-product-image-113.webp\",\"contentUrl\":\"https:\/\/www.transtoyou.com\/es\/wp-content\/uploads\/sites\/14\/2026\/01\/tty-no-product-image-113.webp\",\"width\":1000,\"height\":1000,\"caption\":\"Imagen de producto predeterminada\"},{\"@type\":\"WebSite\",\"@id\":\"https:\/\/www.transtoyou.com\/es\/#website\",\"url\":\"https:\/\/www.transtoyou.com\/es\/\",\"name\":\"Transtoyou - ES\",\"description\":\"\",\"publisher\":{\"@id\":\"https:\/\/www.transtoyou.com\/es\/#organization\"},\"potentialAction\":[{\"@type\":\"SearchAction\",\"target\":{\"@type\":\"EntryPoint\",\"urlTemplate\":\"https:\/\/www.transtoyou.com\/es\/?s={search_term_string}\"},\"query-input\":{\"@type\":\"PropertyValueSpecification\",\"valueRequired\":true,\"valueName\":\"search_term_string\"}}],\"inLanguage\":\"es\"},{\"@type\":\"Organization\",\"@id\":\"https:\/\/www.transtoyou.com\/es\/#organization\",\"name\":\"Transtoyou - ES\",\"url\":\"https:\/\/www.transtoyou.com\/es\/\",\"logo\":{\"@type\":\"ImageObject\",\"inLanguage\":\"es\",\"@id\":\"https:\/\/www.transtoyou.com\/es\/#\/schema\/logo\/image\/\",\"url\":\"https:\/\/www.transtoyou.com\/es\/wp-content\/uploads\/sites\/14\/2026\/01\/logo-tty-menu-bar-300x87-1.webp\",\"contentUrl\":\"https:\/\/www.transtoyou.com\/es\/wp-content\/uploads\/sites\/14\/2026\/01\/logo-tty-menu-bar-300x87-1.webp\",\"width\":300,\"height\":87,\"caption\":\"Transtoyou - ES\"},\"image\":{\"@id\":\"https:\/\/www.transtoyou.com\/es\/#\/schema\/logo\/image\/\"}}]}<\/script>\n<!-- \/ Yoast SEO plugin. -->","yoast_head_json":{"title":"Invicorp | Mejora el Flujo Sangu\u00edneo para el Alivio de la Disfunci\u00f3n Er\u00e9ctil - Transtoyou","description":"Descubre Invicorp en Transtoyou, mejorando tu rendimiento y confianza. Compra ahora una soluci\u00f3n efectiva dise\u00f1ada para apoyar tus objetivos de salud.","robots":{"index":"noindex","follow":"follow","max-snippet":"max-snippet:-1","max-image-preview":"max-image-preview:large","max-video-preview":"max-video-preview:-1"},"og_locale":"es_ES","og_type":"article","og_title":"Invicorp | Mejora el Flujo Sangu\u00edneo para el Alivio de la Disfunci\u00f3n Er\u00e9ctil - Transtoyou","og_description":"Descubre Invicorp en Transtoyou, mejorando tu rendimiento y confianza. Compra ahora una soluci\u00f3n efectiva dise\u00f1ada para apoyar tus objetivos de salud.","og_url":"https:\/\/www.transtoyou.com\/es\/product\/invicorp\/","og_site_name":"Transtoyou - ES","article_modified_time":"2026-01-24T20:28:39+00:00","twitter_card":"summary_large_image","twitter_misc":{"Tiempo de lectura":"1 minuto"},"schema":{"@context":"https:\/\/schema.org","@graph":[{"@type":"WebPage","@id":"https:\/\/www.transtoyou.com\/es\/product\/invicorp\/","url":"https:\/\/www.transtoyou.com\/es\/product\/invicorp\/","name":"Invicorp | Mejora el Flujo Sangu\u00edneo para el Alivio de la Disfunci\u00f3n Er\u00e9ctil - Transtoyou","isPartOf":{"@id":"https:\/\/www.transtoyou.com\/es\/#website"},"primaryImageOfPage":{"@id":"https:\/\/www.transtoyou.com\/es\/product\/invicorp\/#primaryimage"},"image":{"@id":"https:\/\/www.transtoyou.com\/es\/product\/invicorp\/#primaryimage"},"thumbnailUrl":"https:\/\/www.transtoyou.com\/es\/wp-content\/uploads\/sites\/14\/2026\/01\/tty-no-product-image-113.webp","datePublished":"2026-01-24T20:27:45+00:00","dateModified":"2026-01-24T20:28:39+00:00","description":"Descubre Invicorp en Transtoyou, mejorando tu rendimiento y confianza. Compra ahora una soluci\u00f3n efectiva dise\u00f1ada para apoyar tus objetivos de salud.","breadcrumb":{"@id":"https:\/\/www.transtoyou.com\/es\/product\/invicorp\/#breadcrumb"},"inLanguage":"es","potentialAction":[{"@type":"ReadAction","target":["https:\/\/www.transtoyou.com\/es\/product\/invicorp\/"]}]},{"@type":"ImageObject","inLanguage":"es","@id":"https:\/\/www.transtoyou.com\/es\/product\/invicorp\/#primaryimage","url":"https:\/\/www.transtoyou.com\/es\/wp-content\/uploads\/sites\/14\/2026\/01\/tty-no-product-image-113.webp","contentUrl":"https:\/\/www.transtoyou.com\/es\/wp-content\/uploads\/sites\/14\/2026\/01\/tty-no-product-image-113.webp","width":1000,"height":1000,"caption":"Imagen de producto predeterminada"},{"@type":"WebSite","@id":"https:\/\/www.transtoyou.com\/es\/#website","url":"https:\/\/www.transtoyou.com\/es\/","name":"Transtoyou - ES","description":"","publisher":{"@id":"https:\/\/www.transtoyou.com\/es\/#organization"},"potentialAction":[{"@type":"SearchAction","target":{"@type":"EntryPoint","urlTemplate":"https:\/\/www.transtoyou.com\/es\/?s={search_term_string}"},"query-input":{"@type":"PropertyValueSpecification","valueRequired":true,"valueName":"search_term_string"}}],"inLanguage":"es"},{"@type":"Organization","@id":"https:\/\/www.transtoyou.com\/es\/#organization","name":"Transtoyou - ES","url":"https:\/\/www.transtoyou.com\/es\/","logo":{"@type":"ImageObject","inLanguage":"es","@id":"https:\/\/www.transtoyou.com\/es\/#\/schema\/logo\/image\/","url":"https:\/\/www.transtoyou.com\/es\/wp-content\/uploads\/sites\/14\/2026\/01\/logo-tty-menu-bar-300x87-1.webp","contentUrl":"https:\/\/www.transtoyou.com\/es\/wp-content\/uploads\/sites\/14\/2026\/01\/logo-tty-menu-bar-300x87-1.webp","width":300,"height":87,"caption":"Transtoyou - ES"},"image":{"@id":"https:\/\/www.transtoyou.com\/es\/#\/schema\/logo\/image\/"}}]}},"_links":{"self":[{"href":"https:\/\/www.transtoyou.com\/es\/wp-json\/wp\/v2\/product\/816","targetHints":{"allow":["GET"]}}],"collection":[{"href":"https:\/\/www.transtoyou.com\/es\/wp-json\/wp\/v2\/product"}],"about":[{"href":"https:\/\/www.transtoyou.com\/es\/wp-json\/wp\/v2\/types\/product"}],"replies":[{"embeddable":true,"href":"https:\/\/www.transtoyou.com\/es\/wp-json\/wp\/v2\/comments?post=816"}],"wp:featuredmedia":[{"embeddable":true,"href":"https:\/\/www.transtoyou.com\/es\/wp-json\/wp\/v2\/media\/818"}],"wp:attachment":[{"href":"https:\/\/www.transtoyou.com\/es\/wp-json\/wp\/v2\/media?parent=816"}],"wp:term":[{"taxonomy":"product_brand","embeddable":true,"href":"https:\/\/www.transtoyou.com\/es\/wp-json\/wp\/v2\/product_brand?post=816"},{"taxonomy":"product_cat","embeddable":true,"href":"https:\/\/www.transtoyou.com\/es\/wp-json\/wp\/v2\/product_cat?post=816"},{"taxonomy":"product_tag","embeddable":true,"href":"https:\/\/www.transtoyou.com\/es\/wp-json\/wp\/v2\/product_tag?post=816"},{"taxonomy":"expert","embeddable":true,"href":"https:\/\/www.transtoyou.com\/es\/wp-json\/wp\/v2\/expert?post=816"}],"curies":[{"name":"wp","href":"https:\/\/api.w.org\/{rel}","templated":true}]}}