{"id":819,"date":"2026-01-24T20:43:44","date_gmt":"2026-01-24T20:43:44","guid":{"rendered":"https:\/\/www.transtoyou.com\/es\/product\/fortacin\/"},"modified":"2026-01-24T20:44:37","modified_gmt":"2026-01-24T20:44:37","slug":"fortacin","status":"publish","type":"product","link":"https:\/\/www.transtoyou.com\/es\/product\/fortacin\/","title":{"rendered":"Fortacin"},"content":{"rendered":"<p>Fortacin es un spray de prescripci\u00f3n desarrollado para tratar la eyaculaci\u00f3n precoz en hombres adultos. Contiene dos anest\u00e9sicos locales, lidoca\u00edna y priloca\u00edna, que trabajan juntos para reducir temporalmente la sensibilidad en el pene. Al adormecer la superficie, el producto ayuda a retrasar la eyaculaci\u00f3n y mejorar el control durante la actividad sexual.<\/p>\n<p>Este spray se aplica directamente en la cabeza del pene antes del acto sexual. Se absorbe r\u00e1pidamente y comienza a hacer efecto en minutos, ofreciendo una soluci\u00f3n f\u00e1cil y no invasiva para una condici\u00f3n que puede causar estr\u00e9s emocional y dificultades en las relaciones. Fortacin est\u00e1 dise\u00f1ado para preservar la sensaci\u00f3n de placer mientras extiende el tiempo antes de que ocurra la eyaculaci\u00f3n.<\/p>\n<p>A diferencia de los medicamentos orales, Fortacin act\u00faa localmente y no requiere absorci\u00f3n sist\u00e9mica. Esto lo convierte en una opci\u00f3n \u00fatil para hombres que prefieren evitar las pastillas o que pueden no ser candidatos adecuados para tratamientos orales. Debido a su acci\u00f3n espec\u00edfica y su inicio r\u00e1pido, se puede usar seg\u00fan sea necesario, ofreciendo flexibilidad en el manejo de los s\u00edntomas.<\/p>\n<p>La mayor\u00eda de los hombres toleran bien el spray, aunque algunos pueden experimentar irritaci\u00f3n leve en la piel, entumecimiento temporal o disminuci\u00f3n de la sensibilidad. Estos efectos suelen ser de corta duraci\u00f3n y disminuyen con el uso continuo. Fortacin no es un anticonceptivo y no protege contra infecciones de transmisi\u00f3n sexual, por lo que se debe usar protecci\u00f3n adecuada si es necesario.<\/p>\n","protected":false},"excerpt":{"rendered":"<ul>\n<li>Tratamiento en spray para la eyaculaci\u00f3n precoz<\/li>\n<li>Contiene lidoca\u00edna y priloca\u00edna<\/li>\n<li>De acci\u00f3n r\u00e1pida con efecto localizado<\/li>\n<\/ul>\n","protected":false},"featured_media":821,"comment_status":"open","ping_status":"closed","template":"","meta":[],"product_brand":[],"product_cat":[137],"product_tag":[],"expert":[16],"class_list":{"0":"post-819","1":"product","2":"type-product","3":"status-publish","4":"has-post-thumbnail","6":"product_cat-soluciones-para-la-eyaculacion-precoz","7":"expert-dr-c-alexandru","9":"first","10":"instock","11":"shipping-taxable","12":"product-type-variable"},"yoast_head":"<!-- This site is optimized with the Yoast SEO plugin v27.0 - https:\/\/yoast.com\/product\/yoast-seo-wordpress\/ -->\n<title>Fortacin | Alivio R\u00e1pido para la Eyaculaci\u00f3n Precoz - Transtoyou<\/title>\n<meta name=\"description\" content=\"Fortacin ya disponible en Transtoyou, ofreciendo alivio r\u00e1pido para la eyaculaci\u00f3n precoz. Descubre soluciones efectivas y compra con confianza hoy.\" \/>\n<meta name=\"robots\" content=\"noindex, follow, max-snippet:-1, max-image-preview:large, max-video-preview:-1\" \/>\n<meta property=\"og:locale\" content=\"es_ES\" \/>\n<meta property=\"og:type\" content=\"article\" \/>\n<meta property=\"og:title\" content=\"Fortacin | Alivio R\u00e1pido para la Eyaculaci\u00f3n Precoz - Transtoyou\" \/>\n<meta property=\"og:description\" content=\"Fortacin ya disponible en Transtoyou, ofreciendo alivio r\u00e1pido para la eyaculaci\u00f3n precoz. Descubre soluciones efectivas y compra con confianza hoy.\" \/>\n<meta property=\"og:url\" content=\"https:\/\/www.transtoyou.com\/es\/product\/fortacin\/\" \/>\n<meta property=\"og:site_name\" content=\"Transtoyou - ES\" \/>\n<meta property=\"article:modified_time\" content=\"2026-01-24T20:44:37+00:00\" \/>\n<meta name=\"twitter:card\" content=\"summary_large_image\" \/>\n<meta name=\"twitter:label1\" content=\"Tiempo de lectura\" \/>\n\t<meta name=\"twitter:data1\" content=\"1 minuto\" \/>\n<script type=\"application\/ld+json\" class=\"yoast-schema-graph\">{\"@context\":\"https:\/\/schema.org\",\"@graph\":[{\"@type\":\"WebPage\",\"@id\":\"https:\/\/www.transtoyou.com\/es\/product\/fortacin\/\",\"url\":\"https:\/\/www.transtoyou.com\/es\/product\/fortacin\/\",\"name\":\"Fortacin | Alivio R\u00e1pido para la Eyaculaci\u00f3n Precoz - Transtoyou\",\"isPartOf\":{\"@id\":\"https:\/\/www.transtoyou.com\/es\/#website\"},\"primaryImageOfPage\":{\"@id\":\"https:\/\/www.transtoyou.com\/es\/product\/fortacin\/#primaryimage\"},\"image\":{\"@id\":\"https:\/\/www.transtoyou.com\/es\/product\/fortacin\/#primaryimage\"},\"thumbnailUrl\":\"https:\/\/www.transtoyou.com\/es\/wp-content\/uploads\/sites\/14\/2026\/01\/tty-no-product-image-114.webp\",\"datePublished\":\"2026-01-24T20:43:44+00:00\",\"dateModified\":\"2026-01-24T20:44:37+00:00\",\"description\":\"Fortacin ya disponible en Transtoyou, ofreciendo alivio r\u00e1pido para la eyaculaci\u00f3n precoz. Descubre soluciones efectivas y compra con confianza hoy.\",\"breadcrumb\":{\"@id\":\"https:\/\/www.transtoyou.com\/es\/product\/fortacin\/#breadcrumb\"},\"inLanguage\":\"es\",\"potentialAction\":[{\"@type\":\"ReadAction\",\"target\":[\"https:\/\/www.transtoyou.com\/es\/product\/fortacin\/\"]}]},{\"@type\":\"ImageObject\",\"inLanguage\":\"es\",\"@id\":\"https:\/\/www.transtoyou.com\/es\/product\/fortacin\/#primaryimage\",\"url\":\"https:\/\/www.transtoyou.com\/es\/wp-content\/uploads\/sites\/14\/2026\/01\/tty-no-product-image-114.webp\",\"contentUrl\":\"https:\/\/www.transtoyou.com\/es\/wp-content\/uploads\/sites\/14\/2026\/01\/tty-no-product-image-114.webp\",\"width\":1000,\"height\":1000,\"caption\":\"Imagen de producto predeterminada\"},{\"@type\":\"WebSite\",\"@id\":\"https:\/\/www.transtoyou.com\/es\/#website\",\"url\":\"https:\/\/www.transtoyou.com\/es\/\",\"name\":\"Transtoyou - ES\",\"description\":\"\",\"publisher\":{\"@id\":\"https:\/\/www.transtoyou.com\/es\/#organization\"},\"potentialAction\":[{\"@type\":\"SearchAction\",\"target\":{\"@type\":\"EntryPoint\",\"urlTemplate\":\"https:\/\/www.transtoyou.com\/es\/?s={search_term_string}\"},\"query-input\":{\"@type\":\"PropertyValueSpecification\",\"valueRequired\":true,\"valueName\":\"search_term_string\"}}],\"inLanguage\":\"es\"},{\"@type\":\"Organization\",\"@id\":\"https:\/\/www.transtoyou.com\/es\/#organization\",\"name\":\"Transtoyou - ES\",\"url\":\"https:\/\/www.transtoyou.com\/es\/\",\"logo\":{\"@type\":\"ImageObject\",\"inLanguage\":\"es\",\"@id\":\"https:\/\/www.transtoyou.com\/es\/#\/schema\/logo\/image\/\",\"url\":\"https:\/\/www.transtoyou.com\/es\/wp-content\/uploads\/sites\/14\/2026\/01\/logo-tty-menu-bar-300x87-1.webp\",\"contentUrl\":\"https:\/\/www.transtoyou.com\/es\/wp-content\/uploads\/sites\/14\/2026\/01\/logo-tty-menu-bar-300x87-1.webp\",\"width\":300,\"height\":87,\"caption\":\"Transtoyou - ES\"},\"image\":{\"@id\":\"https:\/\/www.transtoyou.com\/es\/#\/schema\/logo\/image\/\"}}]}<\/script>\n<!-- \/ Yoast SEO plugin. -->","yoast_head_json":{"title":"Fortacin | Alivio R\u00e1pido para la Eyaculaci\u00f3n Precoz - Transtoyou","description":"Fortacin ya disponible en Transtoyou, ofreciendo alivio r\u00e1pido para la eyaculaci\u00f3n precoz. Descubre soluciones efectivas y compra con confianza hoy.","robots":{"index":"noindex","follow":"follow","max-snippet":"max-snippet:-1","max-image-preview":"max-image-preview:large","max-video-preview":"max-video-preview:-1"},"og_locale":"es_ES","og_type":"article","og_title":"Fortacin | Alivio R\u00e1pido para la Eyaculaci\u00f3n Precoz - Transtoyou","og_description":"Fortacin ya disponible en Transtoyou, ofreciendo alivio r\u00e1pido para la eyaculaci\u00f3n precoz. Descubre soluciones efectivas y compra con confianza hoy.","og_url":"https:\/\/www.transtoyou.com\/es\/product\/fortacin\/","og_site_name":"Transtoyou - ES","article_modified_time":"2026-01-24T20:44:37+00:00","twitter_card":"summary_large_image","twitter_misc":{"Tiempo de lectura":"1 minuto"},"schema":{"@context":"https:\/\/schema.org","@graph":[{"@type":"WebPage","@id":"https:\/\/www.transtoyou.com\/es\/product\/fortacin\/","url":"https:\/\/www.transtoyou.com\/es\/product\/fortacin\/","name":"Fortacin | Alivio R\u00e1pido para la Eyaculaci\u00f3n Precoz - Transtoyou","isPartOf":{"@id":"https:\/\/www.transtoyou.com\/es\/#website"},"primaryImageOfPage":{"@id":"https:\/\/www.transtoyou.com\/es\/product\/fortacin\/#primaryimage"},"image":{"@id":"https:\/\/www.transtoyou.com\/es\/product\/fortacin\/#primaryimage"},"thumbnailUrl":"https:\/\/www.transtoyou.com\/es\/wp-content\/uploads\/sites\/14\/2026\/01\/tty-no-product-image-114.webp","datePublished":"2026-01-24T20:43:44+00:00","dateModified":"2026-01-24T20:44:37+00:00","description":"Fortacin ya disponible en Transtoyou, ofreciendo alivio r\u00e1pido para la eyaculaci\u00f3n precoz. Descubre soluciones efectivas y compra con confianza hoy.","breadcrumb":{"@id":"https:\/\/www.transtoyou.com\/es\/product\/fortacin\/#breadcrumb"},"inLanguage":"es","potentialAction":[{"@type":"ReadAction","target":["https:\/\/www.transtoyou.com\/es\/product\/fortacin\/"]}]},{"@type":"ImageObject","inLanguage":"es","@id":"https:\/\/www.transtoyou.com\/es\/product\/fortacin\/#primaryimage","url":"https:\/\/www.transtoyou.com\/es\/wp-content\/uploads\/sites\/14\/2026\/01\/tty-no-product-image-114.webp","contentUrl":"https:\/\/www.transtoyou.com\/es\/wp-content\/uploads\/sites\/14\/2026\/01\/tty-no-product-image-114.webp","width":1000,"height":1000,"caption":"Imagen de producto predeterminada"},{"@type":"WebSite","@id":"https:\/\/www.transtoyou.com\/es\/#website","url":"https:\/\/www.transtoyou.com\/es\/","name":"Transtoyou - ES","description":"","publisher":{"@id":"https:\/\/www.transtoyou.com\/es\/#organization"},"potentialAction":[{"@type":"SearchAction","target":{"@type":"EntryPoint","urlTemplate":"https:\/\/www.transtoyou.com\/es\/?s={search_term_string}"},"query-input":{"@type":"PropertyValueSpecification","valueRequired":true,"valueName":"search_term_string"}}],"inLanguage":"es"},{"@type":"Organization","@id":"https:\/\/www.transtoyou.com\/es\/#organization","name":"Transtoyou - ES","url":"https:\/\/www.transtoyou.com\/es\/","logo":{"@type":"ImageObject","inLanguage":"es","@id":"https:\/\/www.transtoyou.com\/es\/#\/schema\/logo\/image\/","url":"https:\/\/www.transtoyou.com\/es\/wp-content\/uploads\/sites\/14\/2026\/01\/logo-tty-menu-bar-300x87-1.webp","contentUrl":"https:\/\/www.transtoyou.com\/es\/wp-content\/uploads\/sites\/14\/2026\/01\/logo-tty-menu-bar-300x87-1.webp","width":300,"height":87,"caption":"Transtoyou - ES"},"image":{"@id":"https:\/\/www.transtoyou.com\/es\/#\/schema\/logo\/image\/"}}]}},"_links":{"self":[{"href":"https:\/\/www.transtoyou.com\/es\/wp-json\/wp\/v2\/product\/819","targetHints":{"allow":["GET"]}}],"collection":[{"href":"https:\/\/www.transtoyou.com\/es\/wp-json\/wp\/v2\/product"}],"about":[{"href":"https:\/\/www.transtoyou.com\/es\/wp-json\/wp\/v2\/types\/product"}],"replies":[{"embeddable":true,"href":"https:\/\/www.transtoyou.com\/es\/wp-json\/wp\/v2\/comments?post=819"}],"wp:featuredmedia":[{"embeddable":true,"href":"https:\/\/www.transtoyou.com\/es\/wp-json\/wp\/v2\/media\/821"}],"wp:attachment":[{"href":"https:\/\/www.transtoyou.com\/es\/wp-json\/wp\/v2\/media?parent=819"}],"wp:term":[{"taxonomy":"product_brand","embeddable":true,"href":"https:\/\/www.transtoyou.com\/es\/wp-json\/wp\/v2\/product_brand?post=819"},{"taxonomy":"product_cat","embeddable":true,"href":"https:\/\/www.transtoyou.com\/es\/wp-json\/wp\/v2\/product_cat?post=819"},{"taxonomy":"product_tag","embeddable":true,"href":"https:\/\/www.transtoyou.com\/es\/wp-json\/wp\/v2\/product_tag?post=819"},{"taxonomy":"expert","embeddable":true,"href":"https:\/\/www.transtoyou.com\/es\/wp-json\/wp\/v2\/expert?post=819"}],"curies":[{"name":"wp","href":"https:\/\/api.w.org\/{rel}","templated":true}]}}