{"id":822,"date":"2026-01-24T20:59:41","date_gmt":"2026-01-24T20:59:41","guid":{"rendered":"https:\/\/www.transtoyou.com\/es\/product\/priligy\/"},"modified":"2026-03-01T12:06:44","modified_gmt":"2026-03-01T12:06:44","slug":"priligy","status":"publish","type":"product","link":"https:\/\/www.transtoyou.com\/es\/product\/priligy\/","title":{"rendered":"Priligy"},"content":{"rendered":"<p>Priligy contiene dapoxetina, un medicamento de acci\u00f3n r\u00e1pida utilizado para tratar la eyaculaci\u00f3n precoz en hombres adultos. Pertenece a un grupo de medicamentos llamados inhibidores selectivos de la recaptaci\u00f3n de serotonina (ISRS), pero est\u00e1 dise\u00f1ado espec\u00edficamente para uso bajo demanda, no para uso diario. Al aumentar la actividad de la serotonina en el sistema nervioso, Priligy ayuda a retrasar la eyaculaci\u00f3n, mejorar el control y reducir la angustia asociada con la condici\u00f3n.<\/p>\n<p>La eyaculaci\u00f3n precoz es una de las preocupaciones sexuales masculinas m\u00e1s comunes. Puede afectar la confianza y la intimidad, incluso en relaciones saludables. Priligy ofrece una soluci\u00f3n que se adapta a una rutina flexible, ya que se toma solo cuando es necesario, aproximadamente de una a tres horas antes de la actividad sexual. El medicamento se absorbe r\u00e1pidamente y comienza a hacer efecto en 30 a 60 minutos en la mayor\u00eda de los usuarios.<\/p>\n<p>A diferencia de muchos tratamientos que requieren uso continuo, la acci\u00f3n corta de Priligy y su r\u00e1pida eliminaci\u00f3n del cuerpo lo convierten en una opci\u00f3n conveniente para aquellos que prefieren no usar medicamentos a diario. La mayor\u00eda de los usuarios informan una mayor satisfacci\u00f3n con el rendimiento sexual y un mejor control sobre la eyaculaci\u00f3n despu\u00e9s de comenzar a usar Priligy.<\/p>\n<p>Priligy generalmente es bien tolerado. Algunos hombres experimentan n\u00e1useas, mareos o dolores de cabeza, especialmente al comenzar a tomar el medicamento. Beber alcohol puede aumentar estos efectos, por lo que se aconseja evitar el alcohol cerca del momento de uso. Este medicamento no est\u00e1 destinado a hombres con problemas card\u00edacos o aquellos que toman medicamentos que afectan la presi\u00f3n arterial o los niveles de serotonina.<\/p>\n","protected":false},"excerpt":{"rendered":"<ul>\n<li>Tratamiento oral bajo demanda para la eyaculaci\u00f3n precoz<\/li>\n<li>Contiene dapoxetina, un ISRS de acci\u00f3n corta<\/li>\n<li>Mejora el control y reduce la ansiedad sexual<\/li>\n<\/ul>\n","protected":false},"featured_media":824,"comment_status":"open","ping_status":"closed","template":"","meta":[],"product_brand":[],"product_cat":[137],"product_tag":[],"expert":[16],"class_list":{"0":"post-822","1":"product","2":"type-product","3":"status-publish","4":"has-post-thumbnail","6":"product_cat-soluciones-para-la-eyaculacion-precoz","7":"expert-dr-c-alexandru","9":"first","10":"instock","11":"shipping-taxable","12":"product-type-variable"},"yoast_head":"<!-- This site is optimized with the Yoast SEO plugin v27.0 - https:\/\/yoast.com\/product\/yoast-seo-wordpress\/ -->\n<title>Priligy | Mejora la Vitalidad y Resistencia - Transtoyou<\/title>\n<meta name=\"description\" content=\"Priligy disponible en Transtoyou, con beneficios \u00fanicos para tratar la eyaculaci\u00f3n precoz. Compra ahora y descubre esta soluci\u00f3n efectiva.\" \/>\n<meta name=\"robots\" content=\"noindex, follow, max-snippet:-1, max-image-preview:large, max-video-preview:-1\" \/>\n<meta property=\"og:locale\" content=\"es_ES\" \/>\n<meta property=\"og:type\" content=\"article\" \/>\n<meta property=\"og:title\" content=\"Priligy | Mejora la Vitalidad y Resistencia - Transtoyou\" \/>\n<meta property=\"og:description\" content=\"Priligy disponible en Transtoyou, con beneficios \u00fanicos para tratar la eyaculaci\u00f3n precoz. Compra ahora y descubre esta soluci\u00f3n efectiva.\" \/>\n<meta property=\"og:url\" content=\"https:\/\/www.transtoyou.com\/es\/product\/priligy\/\" \/>\n<meta property=\"og:site_name\" content=\"Transtoyou - ES\" \/>\n<meta property=\"article:modified_time\" content=\"2026-03-01T12:06:44+00:00\" \/>\n<meta name=\"twitter:card\" content=\"summary_large_image\" \/>\n<meta name=\"twitter:label1\" content=\"Tiempo de lectura\" \/>\n\t<meta name=\"twitter:data1\" content=\"1 minuto\" \/>\n<script type=\"application\/ld+json\" class=\"yoast-schema-graph\">{\"@context\":\"https:\/\/schema.org\",\"@graph\":[{\"@type\":\"WebPage\",\"@id\":\"https:\/\/www.transtoyou.com\/es\/product\/priligy\/\",\"url\":\"https:\/\/www.transtoyou.com\/es\/product\/priligy\/\",\"name\":\"Priligy | Mejora la Vitalidad y Resistencia - Transtoyou\",\"isPartOf\":{\"@id\":\"https:\/\/www.transtoyou.com\/es\/#website\"},\"primaryImageOfPage\":{\"@id\":\"https:\/\/www.transtoyou.com\/es\/product\/priligy\/#primaryimage\"},\"image\":{\"@id\":\"https:\/\/www.transtoyou.com\/es\/product\/priligy\/#primaryimage\"},\"thumbnailUrl\":\"https:\/\/www.transtoyou.com\/es\/wp-content\/uploads\/sites\/14\/2026\/01\/tty-no-product-image-115.webp\",\"datePublished\":\"2026-01-24T20:59:41+00:00\",\"dateModified\":\"2026-03-01T12:06:44+00:00\",\"description\":\"Priligy disponible en Transtoyou, con beneficios \u00fanicos para tratar la eyaculaci\u00f3n precoz. Compra ahora y descubre esta soluci\u00f3n efectiva.\",\"breadcrumb\":{\"@id\":\"https:\/\/www.transtoyou.com\/es\/product\/priligy\/#breadcrumb\"},\"inLanguage\":\"es\",\"potentialAction\":[{\"@type\":\"ReadAction\",\"target\":[\"https:\/\/www.transtoyou.com\/es\/product\/priligy\/\"]}]},{\"@type\":\"ImageObject\",\"inLanguage\":\"es\",\"@id\":\"https:\/\/www.transtoyou.com\/es\/product\/priligy\/#primaryimage\",\"url\":\"https:\/\/www.transtoyou.com\/es\/wp-content\/uploads\/sites\/14\/2026\/01\/tty-no-product-image-115.webp\",\"contentUrl\":\"https:\/\/www.transtoyou.com\/es\/wp-content\/uploads\/sites\/14\/2026\/01\/tty-no-product-image-115.webp\",\"width\":1000,\"height\":1000,\"caption\":\"Imagen de producto predeterminada\"},{\"@type\":\"WebSite\",\"@id\":\"https:\/\/www.transtoyou.com\/es\/#website\",\"url\":\"https:\/\/www.transtoyou.com\/es\/\",\"name\":\"Transtoyou - ES\",\"description\":\"\",\"publisher\":{\"@id\":\"https:\/\/www.transtoyou.com\/es\/#organization\"},\"potentialAction\":[{\"@type\":\"SearchAction\",\"target\":{\"@type\":\"EntryPoint\",\"urlTemplate\":\"https:\/\/www.transtoyou.com\/es\/?s={search_term_string}\"},\"query-input\":{\"@type\":\"PropertyValueSpecification\",\"valueRequired\":true,\"valueName\":\"search_term_string\"}}],\"inLanguage\":\"es\"},{\"@type\":\"Organization\",\"@id\":\"https:\/\/www.transtoyou.com\/es\/#organization\",\"name\":\"Transtoyou - ES\",\"url\":\"https:\/\/www.transtoyou.com\/es\/\",\"logo\":{\"@type\":\"ImageObject\",\"inLanguage\":\"es\",\"@id\":\"https:\/\/www.transtoyou.com\/es\/#\/schema\/logo\/image\/\",\"url\":\"https:\/\/www.transtoyou.com\/es\/wp-content\/uploads\/sites\/14\/2026\/01\/logo-tty-menu-bar-300x87-1.webp\",\"contentUrl\":\"https:\/\/www.transtoyou.com\/es\/wp-content\/uploads\/sites\/14\/2026\/01\/logo-tty-menu-bar-300x87-1.webp\",\"width\":300,\"height\":87,\"caption\":\"Transtoyou - ES\"},\"image\":{\"@id\":\"https:\/\/www.transtoyou.com\/es\/#\/schema\/logo\/image\/\"}}]}<\/script>\n<!-- \/ Yoast SEO plugin. -->","yoast_head_json":{"title":"Priligy | Mejora la Vitalidad y Resistencia - Transtoyou","description":"Priligy disponible en Transtoyou, con beneficios \u00fanicos para tratar la eyaculaci\u00f3n precoz. Compra ahora y descubre esta soluci\u00f3n efectiva.","robots":{"index":"noindex","follow":"follow","max-snippet":"max-snippet:-1","max-image-preview":"max-image-preview:large","max-video-preview":"max-video-preview:-1"},"og_locale":"es_ES","og_type":"article","og_title":"Priligy | Mejora la Vitalidad y Resistencia - Transtoyou","og_description":"Priligy disponible en Transtoyou, con beneficios \u00fanicos para tratar la eyaculaci\u00f3n precoz. Compra ahora y descubre esta soluci\u00f3n efectiva.","og_url":"https:\/\/www.transtoyou.com\/es\/product\/priligy\/","og_site_name":"Transtoyou - ES","article_modified_time":"2026-03-01T12:06:44+00:00","twitter_card":"summary_large_image","twitter_misc":{"Tiempo de lectura":"1 minuto"},"schema":{"@context":"https:\/\/schema.org","@graph":[{"@type":"WebPage","@id":"https:\/\/www.transtoyou.com\/es\/product\/priligy\/","url":"https:\/\/www.transtoyou.com\/es\/product\/priligy\/","name":"Priligy | Mejora la Vitalidad y Resistencia - Transtoyou","isPartOf":{"@id":"https:\/\/www.transtoyou.com\/es\/#website"},"primaryImageOfPage":{"@id":"https:\/\/www.transtoyou.com\/es\/product\/priligy\/#primaryimage"},"image":{"@id":"https:\/\/www.transtoyou.com\/es\/product\/priligy\/#primaryimage"},"thumbnailUrl":"https:\/\/www.transtoyou.com\/es\/wp-content\/uploads\/sites\/14\/2026\/01\/tty-no-product-image-115.webp","datePublished":"2026-01-24T20:59:41+00:00","dateModified":"2026-03-01T12:06:44+00:00","description":"Priligy disponible en Transtoyou, con beneficios \u00fanicos para tratar la eyaculaci\u00f3n precoz. Compra ahora y descubre esta soluci\u00f3n efectiva.","breadcrumb":{"@id":"https:\/\/www.transtoyou.com\/es\/product\/priligy\/#breadcrumb"},"inLanguage":"es","potentialAction":[{"@type":"ReadAction","target":["https:\/\/www.transtoyou.com\/es\/product\/priligy\/"]}]},{"@type":"ImageObject","inLanguage":"es","@id":"https:\/\/www.transtoyou.com\/es\/product\/priligy\/#primaryimage","url":"https:\/\/www.transtoyou.com\/es\/wp-content\/uploads\/sites\/14\/2026\/01\/tty-no-product-image-115.webp","contentUrl":"https:\/\/www.transtoyou.com\/es\/wp-content\/uploads\/sites\/14\/2026\/01\/tty-no-product-image-115.webp","width":1000,"height":1000,"caption":"Imagen de producto predeterminada"},{"@type":"WebSite","@id":"https:\/\/www.transtoyou.com\/es\/#website","url":"https:\/\/www.transtoyou.com\/es\/","name":"Transtoyou - ES","description":"","publisher":{"@id":"https:\/\/www.transtoyou.com\/es\/#organization"},"potentialAction":[{"@type":"SearchAction","target":{"@type":"EntryPoint","urlTemplate":"https:\/\/www.transtoyou.com\/es\/?s={search_term_string}"},"query-input":{"@type":"PropertyValueSpecification","valueRequired":true,"valueName":"search_term_string"}}],"inLanguage":"es"},{"@type":"Organization","@id":"https:\/\/www.transtoyou.com\/es\/#organization","name":"Transtoyou - ES","url":"https:\/\/www.transtoyou.com\/es\/","logo":{"@type":"ImageObject","inLanguage":"es","@id":"https:\/\/www.transtoyou.com\/es\/#\/schema\/logo\/image\/","url":"https:\/\/www.transtoyou.com\/es\/wp-content\/uploads\/sites\/14\/2026\/01\/logo-tty-menu-bar-300x87-1.webp","contentUrl":"https:\/\/www.transtoyou.com\/es\/wp-content\/uploads\/sites\/14\/2026\/01\/logo-tty-menu-bar-300x87-1.webp","width":300,"height":87,"caption":"Transtoyou - ES"},"image":{"@id":"https:\/\/www.transtoyou.com\/es\/#\/schema\/logo\/image\/"}}]}},"_links":{"self":[{"href":"https:\/\/www.transtoyou.com\/es\/wp-json\/wp\/v2\/product\/822","targetHints":{"allow":["GET"]}}],"collection":[{"href":"https:\/\/www.transtoyou.com\/es\/wp-json\/wp\/v2\/product"}],"about":[{"href":"https:\/\/www.transtoyou.com\/es\/wp-json\/wp\/v2\/types\/product"}],"replies":[{"embeddable":true,"href":"https:\/\/www.transtoyou.com\/es\/wp-json\/wp\/v2\/comments?post=822"}],"wp:featuredmedia":[{"embeddable":true,"href":"https:\/\/www.transtoyou.com\/es\/wp-json\/wp\/v2\/media\/824"}],"wp:attachment":[{"href":"https:\/\/www.transtoyou.com\/es\/wp-json\/wp\/v2\/media?parent=822"}],"wp:term":[{"taxonomy":"product_brand","embeddable":true,"href":"https:\/\/www.transtoyou.com\/es\/wp-json\/wp\/v2\/product_brand?post=822"},{"taxonomy":"product_cat","embeddable":true,"href":"https:\/\/www.transtoyou.com\/es\/wp-json\/wp\/v2\/product_cat?post=822"},{"taxonomy":"product_tag","embeddable":true,"href":"https:\/\/www.transtoyou.com\/es\/wp-json\/wp\/v2\/product_tag?post=822"},{"taxonomy":"expert","embeddable":true,"href":"https:\/\/www.transtoyou.com\/es\/wp-json\/wp\/v2\/expert?post=822"}],"curies":[{"name":"wp","href":"https:\/\/api.w.org\/{rel}","templated":true}]}}