{"id":828,"date":"2026-01-24T21:34:35","date_gmt":"2026-01-24T21:34:35","guid":{"rendered":"https:\/\/www.transtoyou.com\/es\/product\/diamicron\/"},"modified":"2026-01-24T21:35:43","modified_gmt":"2026-01-24T21:35:43","slug":"diamicron","status":"publish","type":"product","link":"https:\/\/www.transtoyou.com\/es\/product\/diamicron\/","title":{"rendered":"Diamicron"},"content":{"rendered":"<p>Diamicron es un medicamento oral que pertenece a la clase de medicamentos sulfonilureas. Ayuda a controlar los niveles de az\u00facar en sangre en personas con diabetes tipo 2. Diamicron act\u00faa estimulando al p\u00e1ncreas para que libere m\u00e1s insulina, una hormona que ayuda a reducir los niveles de glucosa en la sangre. Esto lo hace especialmente \u00fatil para personas cuyos cuerpos a\u00fan producen insulina pero no responden a ella de manera efectiva.<\/p>\n<p>En la diabetes tipo 2, el cuerpo se vuelve resistente a la insulina o no produce suficiente para mantener el az\u00facar en sangre bajo control. Diamicron aborda esto al fomentar una liberaci\u00f3n m\u00e1s natural de insulina en respuesta a las comidas, ayudando a reducir los picos de az\u00facar en sangre despu\u00e9s de comer. Como resultado, desempe\u00f1a un papel en el mantenimiento de niveles estables de glucosa en sangre a lo largo del d\u00eda.<\/p>\n<p>Diamicron se toma t\u00edpicamente una vez al d\u00eda, a menudo con el desayuno. Aunque es efectivo, Diamicron puede causar a veces niveles bajos de az\u00facar en sangre (hipoglucemia), especialmente si se omiten comidas o si la actividad f\u00edsica aumenta inesperadamente. Por esta raz\u00f3n, es importante monitorear los niveles de glucosa regularmente y estar atento a s\u00edntomas como temblores, sudoraci\u00f3n, mareos o confusi\u00f3n. Otros posibles efectos secundarios incluyen molestias gastrointestinales leves o aumento de peso.<\/p>\n","protected":false},"excerpt":{"rendered":"<ul>\n<li>Gliclazida de liberaci\u00f3n modificada una vez al d\u00eda para un control constante del az\u00facar<\/li>\n<li>Reduce HbA1c y protege los nervios, los ojos y los ri\u00f1ones<\/li>\n<li>Perfil de seguridad comprobado con m\u00e1s de 30 a\u00f1os de uso<\/li>\n<\/ul>\n","protected":false},"featured_media":830,"comment_status":"open","ping_status":"closed","template":"","meta":[],"product_brand":[],"product_cat":[83],"product_tag":[],"expert":[21],"class_list":{"0":"post-828","1":"product","2":"type-product","3":"status-publish","4":"has-post-thumbnail","6":"product_cat-diabetes","7":"expert-dr-m-sharoyko","9":"first","10":"instock","11":"shipping-taxable","12":"product-type-variable"},"yoast_head":"<!-- This site is optimized with the Yoast SEO plugin v27.0 - https:\/\/yoast.com\/product\/yoast-seo-wordpress\/ -->\n<title>Diamicron | Maneja el Az\u00facar en Sangre de Manera Efectiva - Transtoyou<\/title>\n<meta name=\"description\" content=\"Controla la diabetes tipo 2 con Diamicron, disponible en Transtoyou. Ayuda a la liberaci\u00f3n de insulina para un az\u00facar en sangre estable. Compra ahora.\" \/>\n<meta name=\"robots\" content=\"noindex, follow, max-snippet:-1, max-image-preview:large, max-video-preview:-1\" \/>\n<meta property=\"og:locale\" content=\"es_ES\" \/>\n<meta property=\"og:type\" content=\"article\" \/>\n<meta property=\"og:title\" content=\"Diamicron | Maneja el Az\u00facar en Sangre de Manera Efectiva - Transtoyou\" \/>\n<meta property=\"og:description\" content=\"Controla la diabetes tipo 2 con Diamicron, disponible en Transtoyou. Ayuda a la liberaci\u00f3n de insulina para un az\u00facar en sangre estable. Compra ahora.\" \/>\n<meta property=\"og:url\" content=\"https:\/\/www.transtoyou.com\/es\/product\/diamicron\/\" \/>\n<meta property=\"og:site_name\" content=\"Transtoyou - ES\" \/>\n<meta property=\"article:modified_time\" content=\"2026-01-24T21:35:43+00:00\" \/>\n<meta name=\"twitter:card\" content=\"summary_large_image\" \/>\n<meta name=\"twitter:label1\" content=\"Tiempo de lectura\" \/>\n\t<meta name=\"twitter:data1\" content=\"1 minuto\" \/>\n<script type=\"application\/ld+json\" class=\"yoast-schema-graph\">{\"@context\":\"https:\/\/schema.org\",\"@graph\":[{\"@type\":\"WebPage\",\"@id\":\"https:\/\/www.transtoyou.com\/es\/product\/diamicron\/\",\"url\":\"https:\/\/www.transtoyou.com\/es\/product\/diamicron\/\",\"name\":\"Diamicron | Maneja el Az\u00facar en Sangre de Manera Efectiva - Transtoyou\",\"isPartOf\":{\"@id\":\"https:\/\/www.transtoyou.com\/es\/#website\"},\"primaryImageOfPage\":{\"@id\":\"https:\/\/www.transtoyou.com\/es\/product\/diamicron\/#primaryimage\"},\"image\":{\"@id\":\"https:\/\/www.transtoyou.com\/es\/product\/diamicron\/#primaryimage\"},\"thumbnailUrl\":\"https:\/\/www.transtoyou.com\/es\/wp-content\/uploads\/sites\/14\/2026\/01\/tty-no-product-image-117.webp\",\"datePublished\":\"2026-01-24T21:34:35+00:00\",\"dateModified\":\"2026-01-24T21:35:43+00:00\",\"description\":\"Controla la diabetes tipo 2 con Diamicron, disponible en Transtoyou. Ayuda a la liberaci\u00f3n de insulina para un az\u00facar en sangre estable. Compra ahora.\",\"breadcrumb\":{\"@id\":\"https:\/\/www.transtoyou.com\/es\/product\/diamicron\/#breadcrumb\"},\"inLanguage\":\"es\",\"potentialAction\":[{\"@type\":\"ReadAction\",\"target\":[\"https:\/\/www.transtoyou.com\/es\/product\/diamicron\/\"]}]},{\"@type\":\"ImageObject\",\"inLanguage\":\"es\",\"@id\":\"https:\/\/www.transtoyou.com\/es\/product\/diamicron\/#primaryimage\",\"url\":\"https:\/\/www.transtoyou.com\/es\/wp-content\/uploads\/sites\/14\/2026\/01\/tty-no-product-image-117.webp\",\"contentUrl\":\"https:\/\/www.transtoyou.com\/es\/wp-content\/uploads\/sites\/14\/2026\/01\/tty-no-product-image-117.webp\",\"width\":1000,\"height\":1000,\"caption\":\"Imagen de producto predeterminada\"},{\"@type\":\"WebSite\",\"@id\":\"https:\/\/www.transtoyou.com\/es\/#website\",\"url\":\"https:\/\/www.transtoyou.com\/es\/\",\"name\":\"Transtoyou - ES\",\"description\":\"\",\"publisher\":{\"@id\":\"https:\/\/www.transtoyou.com\/es\/#organization\"},\"potentialAction\":[{\"@type\":\"SearchAction\",\"target\":{\"@type\":\"EntryPoint\",\"urlTemplate\":\"https:\/\/www.transtoyou.com\/es\/?s={search_term_string}\"},\"query-input\":{\"@type\":\"PropertyValueSpecification\",\"valueRequired\":true,\"valueName\":\"search_term_string\"}}],\"inLanguage\":\"es\"},{\"@type\":\"Organization\",\"@id\":\"https:\/\/www.transtoyou.com\/es\/#organization\",\"name\":\"Transtoyou - ES\",\"url\":\"https:\/\/www.transtoyou.com\/es\/\",\"logo\":{\"@type\":\"ImageObject\",\"inLanguage\":\"es\",\"@id\":\"https:\/\/www.transtoyou.com\/es\/#\/schema\/logo\/image\/\",\"url\":\"https:\/\/www.transtoyou.com\/es\/wp-content\/uploads\/sites\/14\/2026\/01\/logo-tty-menu-bar-300x87-1.webp\",\"contentUrl\":\"https:\/\/www.transtoyou.com\/es\/wp-content\/uploads\/sites\/14\/2026\/01\/logo-tty-menu-bar-300x87-1.webp\",\"width\":300,\"height\":87,\"caption\":\"Transtoyou - ES\"},\"image\":{\"@id\":\"https:\/\/www.transtoyou.com\/es\/#\/schema\/logo\/image\/\"}}]}<\/script>\n<!-- \/ Yoast SEO plugin. -->","yoast_head_json":{"title":"Diamicron | Maneja el Az\u00facar en Sangre de Manera Efectiva - Transtoyou","description":"Controla la diabetes tipo 2 con Diamicron, disponible en Transtoyou. Ayuda a la liberaci\u00f3n de insulina para un az\u00facar en sangre estable. Compra ahora.","robots":{"index":"noindex","follow":"follow","max-snippet":"max-snippet:-1","max-image-preview":"max-image-preview:large","max-video-preview":"max-video-preview:-1"},"og_locale":"es_ES","og_type":"article","og_title":"Diamicron | Maneja el Az\u00facar en Sangre de Manera Efectiva - Transtoyou","og_description":"Controla la diabetes tipo 2 con Diamicron, disponible en Transtoyou. Ayuda a la liberaci\u00f3n de insulina para un az\u00facar en sangre estable. Compra ahora.","og_url":"https:\/\/www.transtoyou.com\/es\/product\/diamicron\/","og_site_name":"Transtoyou - ES","article_modified_time":"2026-01-24T21:35:43+00:00","twitter_card":"summary_large_image","twitter_misc":{"Tiempo de lectura":"1 minuto"},"schema":{"@context":"https:\/\/schema.org","@graph":[{"@type":"WebPage","@id":"https:\/\/www.transtoyou.com\/es\/product\/diamicron\/","url":"https:\/\/www.transtoyou.com\/es\/product\/diamicron\/","name":"Diamicron | Maneja el Az\u00facar en Sangre de Manera Efectiva - Transtoyou","isPartOf":{"@id":"https:\/\/www.transtoyou.com\/es\/#website"},"primaryImageOfPage":{"@id":"https:\/\/www.transtoyou.com\/es\/product\/diamicron\/#primaryimage"},"image":{"@id":"https:\/\/www.transtoyou.com\/es\/product\/diamicron\/#primaryimage"},"thumbnailUrl":"https:\/\/www.transtoyou.com\/es\/wp-content\/uploads\/sites\/14\/2026\/01\/tty-no-product-image-117.webp","datePublished":"2026-01-24T21:34:35+00:00","dateModified":"2026-01-24T21:35:43+00:00","description":"Controla la diabetes tipo 2 con Diamicron, disponible en Transtoyou. Ayuda a la liberaci\u00f3n de insulina para un az\u00facar en sangre estable. Compra ahora.","breadcrumb":{"@id":"https:\/\/www.transtoyou.com\/es\/product\/diamicron\/#breadcrumb"},"inLanguage":"es","potentialAction":[{"@type":"ReadAction","target":["https:\/\/www.transtoyou.com\/es\/product\/diamicron\/"]}]},{"@type":"ImageObject","inLanguage":"es","@id":"https:\/\/www.transtoyou.com\/es\/product\/diamicron\/#primaryimage","url":"https:\/\/www.transtoyou.com\/es\/wp-content\/uploads\/sites\/14\/2026\/01\/tty-no-product-image-117.webp","contentUrl":"https:\/\/www.transtoyou.com\/es\/wp-content\/uploads\/sites\/14\/2026\/01\/tty-no-product-image-117.webp","width":1000,"height":1000,"caption":"Imagen de producto predeterminada"},{"@type":"WebSite","@id":"https:\/\/www.transtoyou.com\/es\/#website","url":"https:\/\/www.transtoyou.com\/es\/","name":"Transtoyou - ES","description":"","publisher":{"@id":"https:\/\/www.transtoyou.com\/es\/#organization"},"potentialAction":[{"@type":"SearchAction","target":{"@type":"EntryPoint","urlTemplate":"https:\/\/www.transtoyou.com\/es\/?s={search_term_string}"},"query-input":{"@type":"PropertyValueSpecification","valueRequired":true,"valueName":"search_term_string"}}],"inLanguage":"es"},{"@type":"Organization","@id":"https:\/\/www.transtoyou.com\/es\/#organization","name":"Transtoyou - ES","url":"https:\/\/www.transtoyou.com\/es\/","logo":{"@type":"ImageObject","inLanguage":"es","@id":"https:\/\/www.transtoyou.com\/es\/#\/schema\/logo\/image\/","url":"https:\/\/www.transtoyou.com\/es\/wp-content\/uploads\/sites\/14\/2026\/01\/logo-tty-menu-bar-300x87-1.webp","contentUrl":"https:\/\/www.transtoyou.com\/es\/wp-content\/uploads\/sites\/14\/2026\/01\/logo-tty-menu-bar-300x87-1.webp","width":300,"height":87,"caption":"Transtoyou - ES"},"image":{"@id":"https:\/\/www.transtoyou.com\/es\/#\/schema\/logo\/image\/"}}]}},"_links":{"self":[{"href":"https:\/\/www.transtoyou.com\/es\/wp-json\/wp\/v2\/product\/828","targetHints":{"allow":["GET"]}}],"collection":[{"href":"https:\/\/www.transtoyou.com\/es\/wp-json\/wp\/v2\/product"}],"about":[{"href":"https:\/\/www.transtoyou.com\/es\/wp-json\/wp\/v2\/types\/product"}],"replies":[{"embeddable":true,"href":"https:\/\/www.transtoyou.com\/es\/wp-json\/wp\/v2\/comments?post=828"}],"wp:featuredmedia":[{"embeddable":true,"href":"https:\/\/www.transtoyou.com\/es\/wp-json\/wp\/v2\/media\/830"}],"wp:attachment":[{"href":"https:\/\/www.transtoyou.com\/es\/wp-json\/wp\/v2\/media?parent=828"}],"wp:term":[{"taxonomy":"product_brand","embeddable":true,"href":"https:\/\/www.transtoyou.com\/es\/wp-json\/wp\/v2\/product_brand?post=828"},{"taxonomy":"product_cat","embeddable":true,"href":"https:\/\/www.transtoyou.com\/es\/wp-json\/wp\/v2\/product_cat?post=828"},{"taxonomy":"product_tag","embeddable":true,"href":"https:\/\/www.transtoyou.com\/es\/wp-json\/wp\/v2\/product_tag?post=828"},{"taxonomy":"expert","embeddable":true,"href":"https:\/\/www.transtoyou.com\/es\/wp-json\/wp\/v2\/expert?post=828"}],"curies":[{"name":"wp","href":"https:\/\/api.w.org\/{rel}","templated":true}]}}