{"id":834,"date":"2026-01-24T22:11:05","date_gmt":"2026-01-24T22:11:05","guid":{"rendered":"https:\/\/www.transtoyou.com\/es\/product\/ozempic\/"},"modified":"2026-03-01T10:15:25","modified_gmt":"2026-03-01T10:15:25","slug":"ozempic","status":"publish","type":"product","link":"https:\/\/www.transtoyou.com\/es\/product\/ozempic\/","title":{"rendered":"Ozempic"},"content":{"rendered":"<p>Ozempic es un medicamento inyectable que se administra una vez a la semana y se utiliza para manejar la diabetes tipo 2 y apoyar el control a largo plazo del az\u00facar en la sangre. Contiene semaglutida, un compuesto que imita una hormona que ocurre de forma natural llamada GLP-1 (p\u00e9ptido similar al glucag\u00f3n-1). Esta hormona ayuda a regular los niveles de glucosa en sangre al aumentar la secreci\u00f3n de insulina, suprimir la producci\u00f3n de glucosa hep\u00e1tica y retrasar el vaciamiento g\u00e1strico.<\/p>\n<p>Para las personas con diabetes tipo 2, Ozempic ofrece una soluci\u00f3n para mejorar la regulaci\u00f3n de la glucosa en sangre mientras tambi\u00e9n contribuye a la reducci\u00f3n de peso. A diferencia de la insulina, que reduce directamente el az\u00facar en sangre, Ozempic trabaja en armon\u00eda con los propios sistemas del cuerpo para ayudar a responder de manera m\u00e1s efectiva a la ingesta de alimentos y gestionar los niveles de glucosa de manera m\u00e1s consistente a lo largo del d\u00eda.<\/p>\n<p>Ozempic se administra a trav\u00e9s de una peque\u00f1a inyecci\u00f3n bajo la piel, t\u00edpicamente una vez a la semana. La mayor\u00eda de las personas comienzan el tratamiento con una dosis baja, que se aumenta gradualmente para minimizar cualquier efecto secundario digestivo como n\u00e1useas, hinchaz\u00f3n o estre\u00f1imiento.<\/p>\n<p>Ozempic no solo reduce los niveles de HbA1c, sino que tambi\u00e9n ayuda a reducir el apetito y el peso corporal en muchos pacientes. Estos beneficios adicionales lo convierten en una opci\u00f3n valiosa para las personas que manejan tanto la diabetes tipo 2 como la obesidad.<\/p>\n","protected":false},"excerpt":{"rendered":"<ul>\n<li>Inyecci\u00f3n semanal para la diabetes tipo 2<\/li>\n<li>Estimula la secreci\u00f3n de insulina y controla la liberaci\u00f3n de glucosa del h\u00edgado<\/li>\n<li>Puede ayudar en el control del peso en ciertos pacientes<\/li>\n<\/ul>\n","protected":false},"featured_media":836,"comment_status":"open","ping_status":"closed","template":"","meta":[],"product_brand":[],"product_cat":[83],"product_tag":[],"expert":[21],"class_list":{"0":"post-834","1":"product","2":"type-product","3":"status-publish","4":"has-post-thumbnail","6":"product_cat-diabetes","7":"expert-dr-m-sharoyko","9":"first","10":"instock","11":"shipping-taxable","12":"product-type-variable"},"yoast_head":"<!-- This site is optimized with the Yoast SEO plugin v27.0 - https:\/\/yoast.com\/product\/yoast-seo-wordpress\/ -->\n<title>Ozempic | Controla la Diabetes y Mejora tu Salud - Transtoyou<\/title>\n<meta name=\"description\" content=\"Descubre Ozempic en Transtoyou, un inyectable semanal para controlar la diabetes tipo 2, que ayuda a regular el az\u00facar en sangre y a perder peso.\" \/>\n<meta name=\"robots\" content=\"noindex, follow, max-snippet:-1, max-image-preview:large, max-video-preview:-1\" \/>\n<meta property=\"og:locale\" content=\"es_ES\" \/>\n<meta property=\"og:type\" content=\"article\" \/>\n<meta property=\"og:title\" content=\"Ozempic | Controla la Diabetes y Mejora tu Salud - Transtoyou\" \/>\n<meta property=\"og:description\" content=\"Descubre Ozempic en Transtoyou, un inyectable semanal para controlar la diabetes tipo 2, que ayuda a regular el az\u00facar en sangre y a perder peso.\" \/>\n<meta property=\"og:url\" content=\"https:\/\/www.transtoyou.com\/es\/product\/ozempic\/\" \/>\n<meta property=\"og:site_name\" content=\"Transtoyou - ES\" \/>\n<meta property=\"article:modified_time\" content=\"2026-03-01T10:15:25+00:00\" \/>\n<meta name=\"twitter:card\" content=\"summary_large_image\" \/>\n<meta name=\"twitter:label1\" content=\"Tiempo de lectura\" \/>\n\t<meta name=\"twitter:data1\" content=\"1 minuto\" \/>\n<script type=\"application\/ld+json\" class=\"yoast-schema-graph\">{\"@context\":\"https:\/\/schema.org\",\"@graph\":[{\"@type\":\"WebPage\",\"@id\":\"https:\/\/www.transtoyou.com\/es\/product\/ozempic\/\",\"url\":\"https:\/\/www.transtoyou.com\/es\/product\/ozempic\/\",\"name\":\"Ozempic | Controla la Diabetes y Mejora tu Salud - Transtoyou\",\"isPartOf\":{\"@id\":\"https:\/\/www.transtoyou.com\/es\/#website\"},\"primaryImageOfPage\":{\"@id\":\"https:\/\/www.transtoyou.com\/es\/product\/ozempic\/#primaryimage\"},\"image\":{\"@id\":\"https:\/\/www.transtoyou.com\/es\/product\/ozempic\/#primaryimage\"},\"thumbnailUrl\":\"https:\/\/www.transtoyou.com\/es\/wp-content\/uploads\/sites\/14\/2026\/01\/tty-no-product-image-119.webp\",\"datePublished\":\"2026-01-24T22:11:05+00:00\",\"dateModified\":\"2026-03-01T10:15:25+00:00\",\"description\":\"Descubre Ozempic en Transtoyou, un inyectable semanal para controlar la diabetes tipo 2, que ayuda a regular el az\u00facar en sangre y a perder peso.\",\"breadcrumb\":{\"@id\":\"https:\/\/www.transtoyou.com\/es\/product\/ozempic\/#breadcrumb\"},\"inLanguage\":\"es\",\"potentialAction\":[{\"@type\":\"ReadAction\",\"target\":[\"https:\/\/www.transtoyou.com\/es\/product\/ozempic\/\"]}]},{\"@type\":\"ImageObject\",\"inLanguage\":\"es\",\"@id\":\"https:\/\/www.transtoyou.com\/es\/product\/ozempic\/#primaryimage\",\"url\":\"https:\/\/www.transtoyou.com\/es\/wp-content\/uploads\/sites\/14\/2026\/01\/tty-no-product-image-119.webp\",\"contentUrl\":\"https:\/\/www.transtoyou.com\/es\/wp-content\/uploads\/sites\/14\/2026\/01\/tty-no-product-image-119.webp\",\"width\":1000,\"height\":1000,\"caption\":\"Imagen de producto predeterminada\"},{\"@type\":\"WebSite\",\"@id\":\"https:\/\/www.transtoyou.com\/es\/#website\",\"url\":\"https:\/\/www.transtoyou.com\/es\/\",\"name\":\"Transtoyou - ES\",\"description\":\"\",\"publisher\":{\"@id\":\"https:\/\/www.transtoyou.com\/es\/#organization\"},\"potentialAction\":[{\"@type\":\"SearchAction\",\"target\":{\"@type\":\"EntryPoint\",\"urlTemplate\":\"https:\/\/www.transtoyou.com\/es\/?s={search_term_string}\"},\"query-input\":{\"@type\":\"PropertyValueSpecification\",\"valueRequired\":true,\"valueName\":\"search_term_string\"}}],\"inLanguage\":\"es\"},{\"@type\":\"Organization\",\"@id\":\"https:\/\/www.transtoyou.com\/es\/#organization\",\"name\":\"Transtoyou - ES\",\"url\":\"https:\/\/www.transtoyou.com\/es\/\",\"logo\":{\"@type\":\"ImageObject\",\"inLanguage\":\"es\",\"@id\":\"https:\/\/www.transtoyou.com\/es\/#\/schema\/logo\/image\/\",\"url\":\"https:\/\/www.transtoyou.com\/es\/wp-content\/uploads\/sites\/14\/2026\/01\/logo-tty-menu-bar-300x87-1.webp\",\"contentUrl\":\"https:\/\/www.transtoyou.com\/es\/wp-content\/uploads\/sites\/14\/2026\/01\/logo-tty-menu-bar-300x87-1.webp\",\"width\":300,\"height\":87,\"caption\":\"Transtoyou - ES\"},\"image\":{\"@id\":\"https:\/\/www.transtoyou.com\/es\/#\/schema\/logo\/image\/\"}}]}<\/script>\n<!-- \/ Yoast SEO plugin. -->","yoast_head_json":{"title":"Ozempic | Controla la Diabetes y Mejora tu Salud - Transtoyou","description":"Descubre Ozempic en Transtoyou, un inyectable semanal para controlar la diabetes tipo 2, que ayuda a regular el az\u00facar en sangre y a perder peso.","robots":{"index":"noindex","follow":"follow","max-snippet":"max-snippet:-1","max-image-preview":"max-image-preview:large","max-video-preview":"max-video-preview:-1"},"og_locale":"es_ES","og_type":"article","og_title":"Ozempic | Controla la Diabetes y Mejora tu Salud - Transtoyou","og_description":"Descubre Ozempic en Transtoyou, un inyectable semanal para controlar la diabetes tipo 2, que ayuda a regular el az\u00facar en sangre y a perder peso.","og_url":"https:\/\/www.transtoyou.com\/es\/product\/ozempic\/","og_site_name":"Transtoyou - ES","article_modified_time":"2026-03-01T10:15:25+00:00","twitter_card":"summary_large_image","twitter_misc":{"Tiempo de lectura":"1 minuto"},"schema":{"@context":"https:\/\/schema.org","@graph":[{"@type":"WebPage","@id":"https:\/\/www.transtoyou.com\/es\/product\/ozempic\/","url":"https:\/\/www.transtoyou.com\/es\/product\/ozempic\/","name":"Ozempic | Controla la Diabetes y Mejora tu Salud - Transtoyou","isPartOf":{"@id":"https:\/\/www.transtoyou.com\/es\/#website"},"primaryImageOfPage":{"@id":"https:\/\/www.transtoyou.com\/es\/product\/ozempic\/#primaryimage"},"image":{"@id":"https:\/\/www.transtoyou.com\/es\/product\/ozempic\/#primaryimage"},"thumbnailUrl":"https:\/\/www.transtoyou.com\/es\/wp-content\/uploads\/sites\/14\/2026\/01\/tty-no-product-image-119.webp","datePublished":"2026-01-24T22:11:05+00:00","dateModified":"2026-03-01T10:15:25+00:00","description":"Descubre Ozempic en Transtoyou, un inyectable semanal para controlar la diabetes tipo 2, que ayuda a regular el az\u00facar en sangre y a perder peso.","breadcrumb":{"@id":"https:\/\/www.transtoyou.com\/es\/product\/ozempic\/#breadcrumb"},"inLanguage":"es","potentialAction":[{"@type":"ReadAction","target":["https:\/\/www.transtoyou.com\/es\/product\/ozempic\/"]}]},{"@type":"ImageObject","inLanguage":"es","@id":"https:\/\/www.transtoyou.com\/es\/product\/ozempic\/#primaryimage","url":"https:\/\/www.transtoyou.com\/es\/wp-content\/uploads\/sites\/14\/2026\/01\/tty-no-product-image-119.webp","contentUrl":"https:\/\/www.transtoyou.com\/es\/wp-content\/uploads\/sites\/14\/2026\/01\/tty-no-product-image-119.webp","width":1000,"height":1000,"caption":"Imagen de producto predeterminada"},{"@type":"WebSite","@id":"https:\/\/www.transtoyou.com\/es\/#website","url":"https:\/\/www.transtoyou.com\/es\/","name":"Transtoyou - ES","description":"","publisher":{"@id":"https:\/\/www.transtoyou.com\/es\/#organization"},"potentialAction":[{"@type":"SearchAction","target":{"@type":"EntryPoint","urlTemplate":"https:\/\/www.transtoyou.com\/es\/?s={search_term_string}"},"query-input":{"@type":"PropertyValueSpecification","valueRequired":true,"valueName":"search_term_string"}}],"inLanguage":"es"},{"@type":"Organization","@id":"https:\/\/www.transtoyou.com\/es\/#organization","name":"Transtoyou - ES","url":"https:\/\/www.transtoyou.com\/es\/","logo":{"@type":"ImageObject","inLanguage":"es","@id":"https:\/\/www.transtoyou.com\/es\/#\/schema\/logo\/image\/","url":"https:\/\/www.transtoyou.com\/es\/wp-content\/uploads\/sites\/14\/2026\/01\/logo-tty-menu-bar-300x87-1.webp","contentUrl":"https:\/\/www.transtoyou.com\/es\/wp-content\/uploads\/sites\/14\/2026\/01\/logo-tty-menu-bar-300x87-1.webp","width":300,"height":87,"caption":"Transtoyou - ES"},"image":{"@id":"https:\/\/www.transtoyou.com\/es\/#\/schema\/logo\/image\/"}}]}},"_links":{"self":[{"href":"https:\/\/www.transtoyou.com\/es\/wp-json\/wp\/v2\/product\/834","targetHints":{"allow":["GET"]}}],"collection":[{"href":"https:\/\/www.transtoyou.com\/es\/wp-json\/wp\/v2\/product"}],"about":[{"href":"https:\/\/www.transtoyou.com\/es\/wp-json\/wp\/v2\/types\/product"}],"replies":[{"embeddable":true,"href":"https:\/\/www.transtoyou.com\/es\/wp-json\/wp\/v2\/comments?post=834"}],"wp:featuredmedia":[{"embeddable":true,"href":"https:\/\/www.transtoyou.com\/es\/wp-json\/wp\/v2\/media\/836"}],"wp:attachment":[{"href":"https:\/\/www.transtoyou.com\/es\/wp-json\/wp\/v2\/media?parent=834"}],"wp:term":[{"taxonomy":"product_brand","embeddable":true,"href":"https:\/\/www.transtoyou.com\/es\/wp-json\/wp\/v2\/product_brand?post=834"},{"taxonomy":"product_cat","embeddable":true,"href":"https:\/\/www.transtoyou.com\/es\/wp-json\/wp\/v2\/product_cat?post=834"},{"taxonomy":"product_tag","embeddable":true,"href":"https:\/\/www.transtoyou.com\/es\/wp-json\/wp\/v2\/product_tag?post=834"},{"taxonomy":"expert","embeddable":true,"href":"https:\/\/www.transtoyou.com\/es\/wp-json\/wp\/v2\/expert?post=834"}],"curies":[{"name":"wp","href":"https:\/\/api.w.org\/{rel}","templated":true}]}}