{"id":840,"date":"2026-01-24T22:49:19","date_gmt":"2026-01-24T22:49:19","guid":{"rendered":"https:\/\/www.transtoyou.com\/es\/product\/rifaximin-xifaxan\/"},"modified":"2026-03-02T15:43:12","modified_gmt":"2026-03-02T15:43:12","slug":"rifaximina-xifaxan","status":"publish","type":"product","link":"https:\/\/www.transtoyou.com\/es\/product\/rifaximina-xifaxan\/","title":{"rendered":"Rifaximina (Xifaxan)"},"content":{"rendered":"<p>Rifaximina, com\u00fanmente conocida por el nombre de marca Xifaxan, es un antibi\u00f3tico utilizado para tratar diversas infecciones del tracto digestivo, particularmente la diarrea del viajero causada por bacterias espec\u00edficas. Lo que hace que la rifaximina sea \u00fanica es que act\u00faa casi exclusivamente en el tracto gastrointestinal, lo que significa que muy poco del medicamento se absorbe en el torrente sangu\u00edneo. Esta acci\u00f3n localizada ayuda a atacar la infecci\u00f3n en su origen mientras minimiza los efectos en otras partes del cuerpo.<\/p>\n<p>El medicamento es especialmente \u00fatil para el alivio a corto plazo de la diarrea causada por Escherichia Coli, una bacteria com\u00fan responsable de la diarrea del viajero. A diferencia de algunos antibi\u00f3ticos de espectro m\u00e1s amplio, la rifaximina es menos probable que altere el equilibrio de la flora intestinal, lo que puede ayudar a reducir el riesgo de m\u00e1s malestar digestivo. A menudo se toma durante unos d\u00edas, t\u00edpicamente en forma de tabletas, y los usuarios pueden notar mejor\u00eda dentro de 24 a 48 horas despu\u00e9s de comenzar el tratamiento.<\/p>\n<p>Generalmente se tolera bien, aunque pueden ocurrir efectos secundarios leves como dolor de cabeza, n\u00e1useas o calambres abdominales. La rifaximina tambi\u00e9n se utiliza para otras condiciones como el s\u00edndrome del intestino irritable con diarrea (SII-D) y en algunos casos para reducir el riesgo de complicaciones en enfermedades hep\u00e1ticas, aunque estos usos son m\u00e1s especializados.<\/p>\n","protected":false},"excerpt":{"rendered":"<ul>\n<li>Ataca la diarrea bacteriana en su origen<\/li>\n<li>Absorci\u00f3n m\u00ednima en el cuerpo<\/li>\n<li>Alivio de acci\u00f3n r\u00e1pida para la diarrea del viajero<\/li>\n<\/ul>\n","protected":false},"featured_media":842,"comment_status":"open","ping_status":"closed","template":"","meta":[],"product_brand":[],"product_cat":[87],"product_tag":[],"expert":[16],"class_list":{"0":"post-840","1":"product","2":"type-product","3":"status-publish","4":"has-post-thumbnail","6":"product_cat-diarrea","7":"expert-dr-c-alexandru","9":"first","10":"instock","11":"shipping-taxable","12":"product-type-variable"},"yoast_head":"<!-- This site is optimized with the Yoast SEO plugin v27.0 - https:\/\/yoast.com\/product\/yoast-seo-wordpress\/ -->\n<title>Rifaximina (Xifaxan) | Alivio Intestinal Espec\u00edfico - Transtoyou<\/title>\n<meta name=\"description\" content=\"Rifaximina (Xifaxan) act\u00faa sobre las bacterias intestinales para aliviar los s\u00edntomas de la diarrea. Cons\u00edguela aqu\u00ed para una soluci\u00f3n a problemas digestivos.\" \/>\n<meta name=\"robots\" content=\"noindex, follow, max-snippet:-1, max-image-preview:large, max-video-preview:-1\" \/>\n<meta property=\"og:locale\" content=\"es_ES\" \/>\n<meta property=\"og:type\" content=\"article\" \/>\n<meta property=\"og:title\" content=\"Rifaximina (Xifaxan) | Alivio Intestinal Espec\u00edfico - Transtoyou\" \/>\n<meta property=\"og:description\" content=\"Rifaximina (Xifaxan) act\u00faa sobre las bacterias intestinales para aliviar los s\u00edntomas de la diarrea. Cons\u00edguela aqu\u00ed para una soluci\u00f3n a problemas digestivos.\" \/>\n<meta property=\"og:url\" content=\"https:\/\/www.transtoyou.com\/es\/product\/rifaximin-xifaxan\/\" \/>\n<meta property=\"og:site_name\" content=\"Transtoyou - ES\" \/>\n<meta property=\"article:modified_time\" content=\"2026-03-02T15:43:12+00:00\" \/>\n<meta name=\"twitter:card\" content=\"summary_large_image\" \/>\n<meta name=\"twitter:label1\" content=\"Tiempo de lectura\" \/>\n\t<meta name=\"twitter:data1\" content=\"1 minuto\" \/>\n<script type=\"application\/ld+json\" class=\"yoast-schema-graph\">{\"@context\":\"https:\/\/schema.org\",\"@graph\":[{\"@type\":\"WebPage\",\"@id\":\"https:\/\/www.transtoyou.com\/es\/product\/rifaximin-xifaxan\/\",\"url\":\"https:\/\/www.transtoyou.com\/es\/product\/rifaximin-xifaxan\/\",\"name\":\"Rifaximina (Xifaxan) | Alivio Intestinal Espec\u00edfico - Transtoyou\",\"isPartOf\":{\"@id\":\"https:\/\/www.transtoyou.com\/es\/#website\"},\"primaryImageOfPage\":{\"@id\":\"https:\/\/www.transtoyou.com\/es\/product\/rifaximin-xifaxan\/#primaryimage\"},\"image\":{\"@id\":\"https:\/\/www.transtoyou.com\/es\/product\/rifaximin-xifaxan\/#primaryimage\"},\"thumbnailUrl\":\"https:\/\/www.transtoyou.com\/es\/wp-content\/uploads\/sites\/14\/2026\/01\/tty-no-product-image-121.webp\",\"datePublished\":\"2026-01-24T22:49:19+00:00\",\"dateModified\":\"2026-03-02T15:43:12+00:00\",\"description\":\"Rifaximina (Xifaxan) act\u00faa sobre las bacterias intestinales para aliviar los s\u00edntomas de la diarrea. Cons\u00edguela aqu\u00ed para una soluci\u00f3n a problemas digestivos.\",\"breadcrumb\":{\"@id\":\"https:\/\/www.transtoyou.com\/es\/product\/rifaximin-xifaxan\/#breadcrumb\"},\"inLanguage\":\"es\",\"potentialAction\":[{\"@type\":\"ReadAction\",\"target\":[\"https:\/\/www.transtoyou.com\/es\/product\/rifaximin-xifaxan\/\"]}]},{\"@type\":\"ImageObject\",\"inLanguage\":\"es\",\"@id\":\"https:\/\/www.transtoyou.com\/es\/product\/rifaximin-xifaxan\/#primaryimage\",\"url\":\"https:\/\/www.transtoyou.com\/es\/wp-content\/uploads\/sites\/14\/2026\/01\/tty-no-product-image-121.webp\",\"contentUrl\":\"https:\/\/www.transtoyou.com\/es\/wp-content\/uploads\/sites\/14\/2026\/01\/tty-no-product-image-121.webp\",\"width\":1000,\"height\":1000,\"caption\":\"Imagen de producto predeterminada\"},{\"@type\":\"WebSite\",\"@id\":\"https:\/\/www.transtoyou.com\/es\/#website\",\"url\":\"https:\/\/www.transtoyou.com\/es\/\",\"name\":\"Transtoyou - ES\",\"description\":\"\",\"publisher\":{\"@id\":\"https:\/\/www.transtoyou.com\/es\/#organization\"},\"potentialAction\":[{\"@type\":\"SearchAction\",\"target\":{\"@type\":\"EntryPoint\",\"urlTemplate\":\"https:\/\/www.transtoyou.com\/es\/?s={search_term_string}\"},\"query-input\":{\"@type\":\"PropertyValueSpecification\",\"valueRequired\":true,\"valueName\":\"search_term_string\"}}],\"inLanguage\":\"es\"},{\"@type\":\"Organization\",\"@id\":\"https:\/\/www.transtoyou.com\/es\/#organization\",\"name\":\"Transtoyou - ES\",\"url\":\"https:\/\/www.transtoyou.com\/es\/\",\"logo\":{\"@type\":\"ImageObject\",\"inLanguage\":\"es\",\"@id\":\"https:\/\/www.transtoyou.com\/es\/#\/schema\/logo\/image\/\",\"url\":\"https:\/\/www.transtoyou.com\/es\/wp-content\/uploads\/sites\/14\/2026\/01\/logo-tty-menu-bar-300x87-1.webp\",\"contentUrl\":\"https:\/\/www.transtoyou.com\/es\/wp-content\/uploads\/sites\/14\/2026\/01\/logo-tty-menu-bar-300x87-1.webp\",\"width\":300,\"height\":87,\"caption\":\"Transtoyou - ES\"},\"image\":{\"@id\":\"https:\/\/www.transtoyou.com\/es\/#\/schema\/logo\/image\/\"}}]}<\/script>\n<!-- \/ Yoast SEO plugin. -->","yoast_head_json":{"title":"Rifaximina (Xifaxan) | Alivio Intestinal Espec\u00edfico - Transtoyou","description":"Rifaximina (Xifaxan) act\u00faa sobre las bacterias intestinales para aliviar los s\u00edntomas de la diarrea. Cons\u00edguela aqu\u00ed para una soluci\u00f3n a problemas digestivos.","robots":{"index":"noindex","follow":"follow","max-snippet":"max-snippet:-1","max-image-preview":"max-image-preview:large","max-video-preview":"max-video-preview:-1"},"og_locale":"es_ES","og_type":"article","og_title":"Rifaximina (Xifaxan) | Alivio Intestinal Espec\u00edfico - Transtoyou","og_description":"Rifaximina (Xifaxan) act\u00faa sobre las bacterias intestinales para aliviar los s\u00edntomas de la diarrea. Cons\u00edguela aqu\u00ed para una soluci\u00f3n a problemas digestivos.","og_url":"https:\/\/www.transtoyou.com\/es\/product\/rifaximin-xifaxan\/","og_site_name":"Transtoyou - ES","article_modified_time":"2026-03-02T15:43:12+00:00","twitter_card":"summary_large_image","twitter_misc":{"Tiempo de lectura":"1 minuto"},"schema":{"@context":"https:\/\/schema.org","@graph":[{"@type":"WebPage","@id":"https:\/\/www.transtoyou.com\/es\/product\/rifaximin-xifaxan\/","url":"https:\/\/www.transtoyou.com\/es\/product\/rifaximin-xifaxan\/","name":"Rifaximina (Xifaxan) | Alivio Intestinal Espec\u00edfico - Transtoyou","isPartOf":{"@id":"https:\/\/www.transtoyou.com\/es\/#website"},"primaryImageOfPage":{"@id":"https:\/\/www.transtoyou.com\/es\/product\/rifaximin-xifaxan\/#primaryimage"},"image":{"@id":"https:\/\/www.transtoyou.com\/es\/product\/rifaximin-xifaxan\/#primaryimage"},"thumbnailUrl":"https:\/\/www.transtoyou.com\/es\/wp-content\/uploads\/sites\/14\/2026\/01\/tty-no-product-image-121.webp","datePublished":"2026-01-24T22:49:19+00:00","dateModified":"2026-03-02T15:43:12+00:00","description":"Rifaximina (Xifaxan) act\u00faa sobre las bacterias intestinales para aliviar los s\u00edntomas de la diarrea. Cons\u00edguela aqu\u00ed para una soluci\u00f3n a problemas digestivos.","breadcrumb":{"@id":"https:\/\/www.transtoyou.com\/es\/product\/rifaximin-xifaxan\/#breadcrumb"},"inLanguage":"es","potentialAction":[{"@type":"ReadAction","target":["https:\/\/www.transtoyou.com\/es\/product\/rifaximin-xifaxan\/"]}]},{"@type":"ImageObject","inLanguage":"es","@id":"https:\/\/www.transtoyou.com\/es\/product\/rifaximin-xifaxan\/#primaryimage","url":"https:\/\/www.transtoyou.com\/es\/wp-content\/uploads\/sites\/14\/2026\/01\/tty-no-product-image-121.webp","contentUrl":"https:\/\/www.transtoyou.com\/es\/wp-content\/uploads\/sites\/14\/2026\/01\/tty-no-product-image-121.webp","width":1000,"height":1000,"caption":"Imagen de producto predeterminada"},{"@type":"WebSite","@id":"https:\/\/www.transtoyou.com\/es\/#website","url":"https:\/\/www.transtoyou.com\/es\/","name":"Transtoyou - ES","description":"","publisher":{"@id":"https:\/\/www.transtoyou.com\/es\/#organization"},"potentialAction":[{"@type":"SearchAction","target":{"@type":"EntryPoint","urlTemplate":"https:\/\/www.transtoyou.com\/es\/?s={search_term_string}"},"query-input":{"@type":"PropertyValueSpecification","valueRequired":true,"valueName":"search_term_string"}}],"inLanguage":"es"},{"@type":"Organization","@id":"https:\/\/www.transtoyou.com\/es\/#organization","name":"Transtoyou - ES","url":"https:\/\/www.transtoyou.com\/es\/","logo":{"@type":"ImageObject","inLanguage":"es","@id":"https:\/\/www.transtoyou.com\/es\/#\/schema\/logo\/image\/","url":"https:\/\/www.transtoyou.com\/es\/wp-content\/uploads\/sites\/14\/2026\/01\/logo-tty-menu-bar-300x87-1.webp","contentUrl":"https:\/\/www.transtoyou.com\/es\/wp-content\/uploads\/sites\/14\/2026\/01\/logo-tty-menu-bar-300x87-1.webp","width":300,"height":87,"caption":"Transtoyou - ES"},"image":{"@id":"https:\/\/www.transtoyou.com\/es\/#\/schema\/logo\/image\/"}}]}},"_links":{"self":[{"href":"https:\/\/www.transtoyou.com\/es\/wp-json\/wp\/v2\/product\/840","targetHints":{"allow":["GET"]}}],"collection":[{"href":"https:\/\/www.transtoyou.com\/es\/wp-json\/wp\/v2\/product"}],"about":[{"href":"https:\/\/www.transtoyou.com\/es\/wp-json\/wp\/v2\/types\/product"}],"replies":[{"embeddable":true,"href":"https:\/\/www.transtoyou.com\/es\/wp-json\/wp\/v2\/comments?post=840"}],"wp:featuredmedia":[{"embeddable":true,"href":"https:\/\/www.transtoyou.com\/es\/wp-json\/wp\/v2\/media\/842"}],"wp:attachment":[{"href":"https:\/\/www.transtoyou.com\/es\/wp-json\/wp\/v2\/media?parent=840"}],"wp:term":[{"taxonomy":"product_brand","embeddable":true,"href":"https:\/\/www.transtoyou.com\/es\/wp-json\/wp\/v2\/product_brand?post=840"},{"taxonomy":"product_cat","embeddable":true,"href":"https:\/\/www.transtoyou.com\/es\/wp-json\/wp\/v2\/product_cat?post=840"},{"taxonomy":"product_tag","embeddable":true,"href":"https:\/\/www.transtoyou.com\/es\/wp-json\/wp\/v2\/product_tag?post=840"},{"taxonomy":"expert","embeddable":true,"href":"https:\/\/www.transtoyou.com\/es\/wp-json\/wp\/v2\/expert?post=840"}],"curies":[{"name":"wp","href":"https:\/\/api.w.org\/{rel}","templated":true}]}}