{"id":843,"date":"2026-01-24T23:06:17","date_gmt":"2026-01-24T23:06:17","guid":{"rendered":"https:\/\/www.transtoyou.com\/es\/product\/norlevo-levonelle\/"},"modified":"2026-01-24T23:07:22","modified_gmt":"2026-01-24T23:07:22","slug":"norlevo-levonelle","status":"publish","type":"product","link":"https:\/\/www.transtoyou.com\/es\/product\/norlevo-levonelle\/","title":{"rendered":"Norlevo (Levonelle)"},"content":{"rendered":"<p>Norlevo, tambi\u00e9n conocido como Levonelle, es una pastilla anticonceptiva de emergencia (PAE) dise\u00f1ada para prevenir el embarazo despu\u00e9s de relaciones sexuales sin protecci\u00f3n o fallo anticonceptivo (por ejemplo, preservativo roto o pastilla olvidada). Contiene levonorgestrel, una hormona progest\u00e1gena sint\u00e9tica que imita la progesterona natural del cuerpo.<\/p>\n<p>Norlevo funciona principalmente retrasando o inhibiendo la ovulaci\u00f3n, lo que significa que previene la liberaci\u00f3n de un \u00f3vulo del ovario. Sin un \u00f3vulo, la fertilizaci\u00f3n no puede ocurrir. Tambi\u00e9n puede alterar el moco cervical y el revestimiento endometrial, dificultando que los espermatozoides lleguen a un \u00f3vulo o que un \u00f3vulo fertilizado se implante, aunque este es un mecanismo secundario y menos establecido.<\/p>\n<p>Es m\u00e1s efectivo cuando se toma lo antes posible, idealmente dentro de las 12 horas, pero se puede tomar hasta 72 horas (3 d\u00edas) despu\u00e9s de tener relaciones sexuales sin protecci\u00f3n. Su efectividad disminuye cuanto m\u00e1s se retrasa.<\/p>\n<p>Norlevo no termina un embarazo existente y no est\u00e1 destinado para uso anticonceptivo regular. No es efectivo si ya ha ocurrido la ovulaci\u00f3n. Tampoco protege contra las ITS.<\/p>\n<p>Los beneficios incluyen ser ampliamente accesible, f\u00e1cil de usar y bien tolerado, especialmente cuando se toma de inmediato. Los efectos secundarios son generalmente leves y temporales, como n\u00e1useas, dolor de cabeza, sensibilidad en los senos, mareos o cambios en el ciclo menstrual.<\/p>\n","protected":false},"excerpt":{"rendered":"<ul>\n<li>T\u00f3malo dentro de 72 horas<\/li>\n<li>Retrasa la ovulaci\u00f3n<\/li>\n<li>Anticoncepci\u00f3n de emergencia<\/li>\n<\/ul>\n","protected":false},"featured_media":844,"comment_status":"open","ping_status":"closed","template":"","meta":[],"product_brand":[],"product_cat":[90],"product_tag":[],"expert":[19],"class_list":{"0":"post-843","1":"product","2":"type-product","3":"status-publish","4":"has-post-thumbnail","6":"product_cat-anticoncepcion-de-emergencia","7":"expert-dr-j-vazquez","9":"first","10":"instock","11":"shipping-taxable","12":"product-type-simple"},"yoast_head":"<!-- This site is optimized with the Yoast SEO plugin v27.0 - https:\/\/yoast.com\/product\/yoast-seo-wordpress\/ -->\n<title>Norlevo (Levonelle) | ECP de Acci\u00f3n R\u00e1pida - Transtoyou<\/title>\n<meta name=\"description\" content=\"Norlevo (Levonelle) ECP, previene el embarazo tras relaciones sin protecci\u00f3n. Disponible aqu\u00ed para acceso r\u00e1pido. Efectivo hasta 72 horas. Compra ahora en Transtoyou.\" \/>\n<meta name=\"robots\" content=\"noindex, follow, max-snippet:-1, max-image-preview:large, max-video-preview:-1\" \/>\n<meta property=\"og:locale\" content=\"es_ES\" \/>\n<meta property=\"og:type\" content=\"article\" \/>\n<meta property=\"og:title\" content=\"Norlevo (Levonelle) | ECP de Acci\u00f3n R\u00e1pida - Transtoyou\" \/>\n<meta property=\"og:description\" content=\"Norlevo (Levonelle) ECP, previene el embarazo tras relaciones sin protecci\u00f3n. Disponible aqu\u00ed para acceso r\u00e1pido. Efectivo hasta 72 horas. Compra ahora en Transtoyou.\" \/>\n<meta property=\"og:url\" content=\"https:\/\/www.transtoyou.com\/es\/product\/norlevo-levonelle\/\" \/>\n<meta property=\"og:site_name\" content=\"Transtoyou - ES\" \/>\n<meta property=\"article:modified_time\" content=\"2026-01-24T23:07:22+00:00\" \/>\n<meta name=\"twitter:card\" content=\"summary_large_image\" \/>\n<meta name=\"twitter:label1\" content=\"Tiempo de lectura\" \/>\n\t<meta name=\"twitter:data1\" content=\"1 minuto\" \/>\n<script type=\"application\/ld+json\" class=\"yoast-schema-graph\">{\"@context\":\"https:\/\/schema.org\",\"@graph\":[{\"@type\":\"WebPage\",\"@id\":\"https:\/\/www.transtoyou.com\/es\/product\/norlevo-levonelle\/\",\"url\":\"https:\/\/www.transtoyou.com\/es\/product\/norlevo-levonelle\/\",\"name\":\"Norlevo (Levonelle) | ECP de Acci\u00f3n R\u00e1pida - Transtoyou\",\"isPartOf\":{\"@id\":\"https:\/\/www.transtoyou.com\/es\/#website\"},\"primaryImageOfPage\":{\"@id\":\"https:\/\/www.transtoyou.com\/es\/product\/norlevo-levonelle\/#primaryimage\"},\"image\":{\"@id\":\"https:\/\/www.transtoyou.com\/es\/product\/norlevo-levonelle\/#primaryimage\"},\"thumbnailUrl\":\"https:\/\/www.transtoyou.com\/es\/wp-content\/uploads\/sites\/14\/2026\/01\/tty-no-product-image-122.webp\",\"datePublished\":\"2026-01-24T23:06:17+00:00\",\"dateModified\":\"2026-01-24T23:07:22+00:00\",\"description\":\"Norlevo (Levonelle) ECP, previene el embarazo tras relaciones sin protecci\u00f3n. Disponible aqu\u00ed para acceso r\u00e1pido. Efectivo hasta 72 horas. Compra ahora en Transtoyou.\",\"breadcrumb\":{\"@id\":\"https:\/\/www.transtoyou.com\/es\/product\/norlevo-levonelle\/#breadcrumb\"},\"inLanguage\":\"es\",\"potentialAction\":[{\"@type\":\"ReadAction\",\"target\":[\"https:\/\/www.transtoyou.com\/es\/product\/norlevo-levonelle\/\"]}]},{\"@type\":\"ImageObject\",\"inLanguage\":\"es\",\"@id\":\"https:\/\/www.transtoyou.com\/es\/product\/norlevo-levonelle\/#primaryimage\",\"url\":\"https:\/\/www.transtoyou.com\/es\/wp-content\/uploads\/sites\/14\/2026\/01\/tty-no-product-image-122.webp\",\"contentUrl\":\"https:\/\/www.transtoyou.com\/es\/wp-content\/uploads\/sites\/14\/2026\/01\/tty-no-product-image-122.webp\",\"width\":1000,\"height\":1000,\"caption\":\"Imagen de producto predeterminada\"},{\"@type\":\"WebSite\",\"@id\":\"https:\/\/www.transtoyou.com\/es\/#website\",\"url\":\"https:\/\/www.transtoyou.com\/es\/\",\"name\":\"Transtoyou - ES\",\"description\":\"\",\"publisher\":{\"@id\":\"https:\/\/www.transtoyou.com\/es\/#organization\"},\"potentialAction\":[{\"@type\":\"SearchAction\",\"target\":{\"@type\":\"EntryPoint\",\"urlTemplate\":\"https:\/\/www.transtoyou.com\/es\/?s={search_term_string}\"},\"query-input\":{\"@type\":\"PropertyValueSpecification\",\"valueRequired\":true,\"valueName\":\"search_term_string\"}}],\"inLanguage\":\"es\"},{\"@type\":\"Organization\",\"@id\":\"https:\/\/www.transtoyou.com\/es\/#organization\",\"name\":\"Transtoyou - ES\",\"url\":\"https:\/\/www.transtoyou.com\/es\/\",\"logo\":{\"@type\":\"ImageObject\",\"inLanguage\":\"es\",\"@id\":\"https:\/\/www.transtoyou.com\/es\/#\/schema\/logo\/image\/\",\"url\":\"https:\/\/www.transtoyou.com\/es\/wp-content\/uploads\/sites\/14\/2026\/01\/logo-tty-menu-bar-300x87-1.webp\",\"contentUrl\":\"https:\/\/www.transtoyou.com\/es\/wp-content\/uploads\/sites\/14\/2026\/01\/logo-tty-menu-bar-300x87-1.webp\",\"width\":300,\"height\":87,\"caption\":\"Transtoyou - ES\"},\"image\":{\"@id\":\"https:\/\/www.transtoyou.com\/es\/#\/schema\/logo\/image\/\"}}]}<\/script>\n<!-- \/ Yoast SEO plugin. -->","yoast_head_json":{"title":"Norlevo (Levonelle) | ECP de Acci\u00f3n R\u00e1pida - Transtoyou","description":"Norlevo (Levonelle) ECP, previene el embarazo tras relaciones sin protecci\u00f3n. Disponible aqu\u00ed para acceso r\u00e1pido. Efectivo hasta 72 horas. Compra ahora en Transtoyou.","robots":{"index":"noindex","follow":"follow","max-snippet":"max-snippet:-1","max-image-preview":"max-image-preview:large","max-video-preview":"max-video-preview:-1"},"og_locale":"es_ES","og_type":"article","og_title":"Norlevo (Levonelle) | ECP de Acci\u00f3n R\u00e1pida - Transtoyou","og_description":"Norlevo (Levonelle) ECP, previene el embarazo tras relaciones sin protecci\u00f3n. Disponible aqu\u00ed para acceso r\u00e1pido. Efectivo hasta 72 horas. Compra ahora en Transtoyou.","og_url":"https:\/\/www.transtoyou.com\/es\/product\/norlevo-levonelle\/","og_site_name":"Transtoyou - ES","article_modified_time":"2026-01-24T23:07:22+00:00","twitter_card":"summary_large_image","twitter_misc":{"Tiempo de lectura":"1 minuto"},"schema":{"@context":"https:\/\/schema.org","@graph":[{"@type":"WebPage","@id":"https:\/\/www.transtoyou.com\/es\/product\/norlevo-levonelle\/","url":"https:\/\/www.transtoyou.com\/es\/product\/norlevo-levonelle\/","name":"Norlevo (Levonelle) | ECP de Acci\u00f3n R\u00e1pida - Transtoyou","isPartOf":{"@id":"https:\/\/www.transtoyou.com\/es\/#website"},"primaryImageOfPage":{"@id":"https:\/\/www.transtoyou.com\/es\/product\/norlevo-levonelle\/#primaryimage"},"image":{"@id":"https:\/\/www.transtoyou.com\/es\/product\/norlevo-levonelle\/#primaryimage"},"thumbnailUrl":"https:\/\/www.transtoyou.com\/es\/wp-content\/uploads\/sites\/14\/2026\/01\/tty-no-product-image-122.webp","datePublished":"2026-01-24T23:06:17+00:00","dateModified":"2026-01-24T23:07:22+00:00","description":"Norlevo (Levonelle) ECP, previene el embarazo tras relaciones sin protecci\u00f3n. Disponible aqu\u00ed para acceso r\u00e1pido. Efectivo hasta 72 horas. Compra ahora en Transtoyou.","breadcrumb":{"@id":"https:\/\/www.transtoyou.com\/es\/product\/norlevo-levonelle\/#breadcrumb"},"inLanguage":"es","potentialAction":[{"@type":"ReadAction","target":["https:\/\/www.transtoyou.com\/es\/product\/norlevo-levonelle\/"]}]},{"@type":"ImageObject","inLanguage":"es","@id":"https:\/\/www.transtoyou.com\/es\/product\/norlevo-levonelle\/#primaryimage","url":"https:\/\/www.transtoyou.com\/es\/wp-content\/uploads\/sites\/14\/2026\/01\/tty-no-product-image-122.webp","contentUrl":"https:\/\/www.transtoyou.com\/es\/wp-content\/uploads\/sites\/14\/2026\/01\/tty-no-product-image-122.webp","width":1000,"height":1000,"caption":"Imagen de producto predeterminada"},{"@type":"WebSite","@id":"https:\/\/www.transtoyou.com\/es\/#website","url":"https:\/\/www.transtoyou.com\/es\/","name":"Transtoyou - ES","description":"","publisher":{"@id":"https:\/\/www.transtoyou.com\/es\/#organization"},"potentialAction":[{"@type":"SearchAction","target":{"@type":"EntryPoint","urlTemplate":"https:\/\/www.transtoyou.com\/es\/?s={search_term_string}"},"query-input":{"@type":"PropertyValueSpecification","valueRequired":true,"valueName":"search_term_string"}}],"inLanguage":"es"},{"@type":"Organization","@id":"https:\/\/www.transtoyou.com\/es\/#organization","name":"Transtoyou - ES","url":"https:\/\/www.transtoyou.com\/es\/","logo":{"@type":"ImageObject","inLanguage":"es","@id":"https:\/\/www.transtoyou.com\/es\/#\/schema\/logo\/image\/","url":"https:\/\/www.transtoyou.com\/es\/wp-content\/uploads\/sites\/14\/2026\/01\/logo-tty-menu-bar-300x87-1.webp","contentUrl":"https:\/\/www.transtoyou.com\/es\/wp-content\/uploads\/sites\/14\/2026\/01\/logo-tty-menu-bar-300x87-1.webp","width":300,"height":87,"caption":"Transtoyou - ES"},"image":{"@id":"https:\/\/www.transtoyou.com\/es\/#\/schema\/logo\/image\/"}}]}},"_links":{"self":[{"href":"https:\/\/www.transtoyou.com\/es\/wp-json\/wp\/v2\/product\/843","targetHints":{"allow":["GET"]}}],"collection":[{"href":"https:\/\/www.transtoyou.com\/es\/wp-json\/wp\/v2\/product"}],"about":[{"href":"https:\/\/www.transtoyou.com\/es\/wp-json\/wp\/v2\/types\/product"}],"replies":[{"embeddable":true,"href":"https:\/\/www.transtoyou.com\/es\/wp-json\/wp\/v2\/comments?post=843"}],"wp:featuredmedia":[{"embeddable":true,"href":"https:\/\/www.transtoyou.com\/es\/wp-json\/wp\/v2\/media\/844"}],"wp:attachment":[{"href":"https:\/\/www.transtoyou.com\/es\/wp-json\/wp\/v2\/media?parent=843"}],"wp:term":[{"taxonomy":"product_brand","embeddable":true,"href":"https:\/\/www.transtoyou.com\/es\/wp-json\/wp\/v2\/product_brand?post=843"},{"taxonomy":"product_cat","embeddable":true,"href":"https:\/\/www.transtoyou.com\/es\/wp-json\/wp\/v2\/product_cat?post=843"},{"taxonomy":"product_tag","embeddable":true,"href":"https:\/\/www.transtoyou.com\/es\/wp-json\/wp\/v2\/product_tag?post=843"},{"taxonomy":"expert","embeddable":true,"href":"https:\/\/www.transtoyou.com\/es\/wp-json\/wp\/v2\/expert?post=843"}],"curies":[{"name":"wp","href":"https:\/\/api.w.org\/{rel}","templated":true}]}}