{"id":850,"date":"2026-01-24T23:54:14","date_gmt":"2026-01-24T23:54:14","guid":{"rendered":"https:\/\/www.transtoyou.com\/es\/product\/postinor\/"},"modified":"2026-01-24T23:55:07","modified_gmt":"2026-01-24T23:55:07","slug":"postinor","status":"publish","type":"product","link":"https:\/\/www.transtoyou.com\/es\/product\/postinor\/","title":{"rendered":"Postinor"},"content":{"rendered":"<p>Postinor es una p\u00edldora anticonceptiva de emergencia utilizada para prevenir el embarazo despu\u00e9s de relaciones sexuales desprotegidas o fallos en el anticonceptivo (por ejemplo, olvido de la p\u00edldora o rotura del cond\u00f3n). El ingrediente activo es levonorgestrel, una hormona progest\u00e1gena sint\u00e9tica que imita la progesterona natural.<\/p>\n<p>El mecanismo de acci\u00f3n principal es retrasar o inhibir la ovulaci\u00f3n, la liberaci\u00f3n de un \u00f3vulo del ovario. Al hacer esto, Postinor reduce la probabilidad de fertilizaci\u00f3n. Tambi\u00e9n puede causar cambios en el moco cervical y el revestimiento endometrial, dificultando que los espermatozoides lleguen a un \u00f3vulo o que un \u00f3vulo fertilizado se implante en el \u00fatero. Sin embargo, no termina un embarazo existente y no tiene efecto una vez que ha ocurrido la implantaci\u00f3n.<\/p>\n<p>Postinor debe tomarse lo antes posible despu\u00e9s de sexo desprotegido, preferiblemente dentro de las 12 horas, y no m\u00e1s tarde de 72 horas (3 d\u00edas). Cuanto antes se tome, m\u00e1s efectivo ser\u00e1. No est\u00e1 destinado para uso anticonceptivo regular y no debe reemplazar los m\u00e9todos anticonceptivos en curso. Tampoco protege contra infecciones de transmisi\u00f3n sexual (ITS).<\/p>\n<p>Los beneficios de Postinor incluyen facilidad de acceso, administraci\u00f3n simple en una sola dosis y efectos secundarios generalmente leves. Algunos usuarios pueden experimentar n\u00e1useas, cambios en el ciclo menstrual, sensibilidad en los senos, fatiga o malestar abdominal. La mayor\u00eda de los efectos secundarios se resuelven en unos pocos d\u00edas.<\/p>\n","protected":false},"excerpt":{"rendered":"<ul>\n<li>T\u00f3malo dentro de 72 horas<\/li>\n<li>Retrasa la ovulaci\u00f3n<\/li>\n<li>Anticoncepci\u00f3n de emergencia en dosis \u00fanica<\/li>\n<\/ul>\n","protected":false},"featured_media":851,"comment_status":"open","ping_status":"closed","template":"","meta":[],"product_brand":[],"product_cat":[90],"product_tag":[],"expert":[19],"class_list":{"0":"post-850","1":"product","2":"type-product","3":"status-publish","4":"has-post-thumbnail","6":"product_cat-anticoncepcion-de-emergencia","7":"expert-dr-j-vazquez","9":"first","10":"instock","11":"shipping-taxable","12":"product-type-simple"},"yoast_head":"<!-- This site is optimized with the Yoast SEO plugin v27.0 - https:\/\/yoast.com\/product\/yoast-seo-wordpress\/ -->\n<title>Postinor | Soluci\u00f3n Anticonceptiva de Emergencia - Transtoyou<\/title>\n<meta name=\"description\" content=\"Prev\u00e9n el embarazo tras relaciones sexuales sin protecci\u00f3n con Postinor, disponible ahora en Transtoyou. Act\u00faa r\u00e1pidamente en 72 horas para mayor efectividad.\" \/>\n<meta name=\"robots\" content=\"noindex, follow, max-snippet:-1, max-image-preview:large, max-video-preview:-1\" \/>\n<meta property=\"og:locale\" content=\"es_ES\" \/>\n<meta property=\"og:type\" content=\"article\" \/>\n<meta property=\"og:title\" content=\"Postinor | Soluci\u00f3n Anticonceptiva de Emergencia - Transtoyou\" \/>\n<meta property=\"og:description\" content=\"Prev\u00e9n el embarazo tras relaciones sexuales sin protecci\u00f3n con Postinor, disponible ahora en Transtoyou. Act\u00faa r\u00e1pidamente en 72 horas para mayor efectividad.\" \/>\n<meta property=\"og:url\" content=\"https:\/\/www.transtoyou.com\/es\/product\/postinor\/\" \/>\n<meta property=\"og:site_name\" content=\"Transtoyou - ES\" \/>\n<meta property=\"article:modified_time\" content=\"2026-01-24T23:55:07+00:00\" \/>\n<meta name=\"twitter:card\" content=\"summary_large_image\" \/>\n<meta name=\"twitter:label1\" content=\"Tiempo de lectura\" \/>\n\t<meta name=\"twitter:data1\" content=\"1 minuto\" \/>\n<script type=\"application\/ld+json\" class=\"yoast-schema-graph\">{\"@context\":\"https:\/\/schema.org\",\"@graph\":[{\"@type\":\"WebPage\",\"@id\":\"https:\/\/www.transtoyou.com\/es\/product\/postinor\/\",\"url\":\"https:\/\/www.transtoyou.com\/es\/product\/postinor\/\",\"name\":\"Postinor | Soluci\u00f3n Anticonceptiva de Emergencia - Transtoyou\",\"isPartOf\":{\"@id\":\"https:\/\/www.transtoyou.com\/es\/#website\"},\"primaryImageOfPage\":{\"@id\":\"https:\/\/www.transtoyou.com\/es\/product\/postinor\/#primaryimage\"},\"image\":{\"@id\":\"https:\/\/www.transtoyou.com\/es\/product\/postinor\/#primaryimage\"},\"thumbnailUrl\":\"https:\/\/www.transtoyou.com\/es\/wp-content\/uploads\/sites\/14\/2026\/01\/tty-no-product-image-125.webp\",\"datePublished\":\"2026-01-24T23:54:14+00:00\",\"dateModified\":\"2026-01-24T23:55:07+00:00\",\"description\":\"Prev\u00e9n el embarazo tras relaciones sexuales sin protecci\u00f3n con Postinor, disponible ahora en Transtoyou. Act\u00faa r\u00e1pidamente en 72 horas para mayor efectividad.\",\"breadcrumb\":{\"@id\":\"https:\/\/www.transtoyou.com\/es\/product\/postinor\/#breadcrumb\"},\"inLanguage\":\"es\",\"potentialAction\":[{\"@type\":\"ReadAction\",\"target\":[\"https:\/\/www.transtoyou.com\/es\/product\/postinor\/\"]}]},{\"@type\":\"ImageObject\",\"inLanguage\":\"es\",\"@id\":\"https:\/\/www.transtoyou.com\/es\/product\/postinor\/#primaryimage\",\"url\":\"https:\/\/www.transtoyou.com\/es\/wp-content\/uploads\/sites\/14\/2026\/01\/tty-no-product-image-125.webp\",\"contentUrl\":\"https:\/\/www.transtoyou.com\/es\/wp-content\/uploads\/sites\/14\/2026\/01\/tty-no-product-image-125.webp\",\"width\":1000,\"height\":1000,\"caption\":\"Imagen de producto predeterminada\"},{\"@type\":\"WebSite\",\"@id\":\"https:\/\/www.transtoyou.com\/es\/#website\",\"url\":\"https:\/\/www.transtoyou.com\/es\/\",\"name\":\"Transtoyou - ES\",\"description\":\"\",\"publisher\":{\"@id\":\"https:\/\/www.transtoyou.com\/es\/#organization\"},\"potentialAction\":[{\"@type\":\"SearchAction\",\"target\":{\"@type\":\"EntryPoint\",\"urlTemplate\":\"https:\/\/www.transtoyou.com\/es\/?s={search_term_string}\"},\"query-input\":{\"@type\":\"PropertyValueSpecification\",\"valueRequired\":true,\"valueName\":\"search_term_string\"}}],\"inLanguage\":\"es\"},{\"@type\":\"Organization\",\"@id\":\"https:\/\/www.transtoyou.com\/es\/#organization\",\"name\":\"Transtoyou - ES\",\"url\":\"https:\/\/www.transtoyou.com\/es\/\",\"logo\":{\"@type\":\"ImageObject\",\"inLanguage\":\"es\",\"@id\":\"https:\/\/www.transtoyou.com\/es\/#\/schema\/logo\/image\/\",\"url\":\"https:\/\/www.transtoyou.com\/es\/wp-content\/uploads\/sites\/14\/2026\/01\/logo-tty-menu-bar-300x87-1.webp\",\"contentUrl\":\"https:\/\/www.transtoyou.com\/es\/wp-content\/uploads\/sites\/14\/2026\/01\/logo-tty-menu-bar-300x87-1.webp\",\"width\":300,\"height\":87,\"caption\":\"Transtoyou - ES\"},\"image\":{\"@id\":\"https:\/\/www.transtoyou.com\/es\/#\/schema\/logo\/image\/\"}}]}<\/script>\n<!-- \/ Yoast SEO plugin. -->","yoast_head_json":{"title":"Postinor | Soluci\u00f3n Anticonceptiva de Emergencia - Transtoyou","description":"Prev\u00e9n el embarazo tras relaciones sexuales sin protecci\u00f3n con Postinor, disponible ahora en Transtoyou. Act\u00faa r\u00e1pidamente en 72 horas para mayor efectividad.","robots":{"index":"noindex","follow":"follow","max-snippet":"max-snippet:-1","max-image-preview":"max-image-preview:large","max-video-preview":"max-video-preview:-1"},"og_locale":"es_ES","og_type":"article","og_title":"Postinor | Soluci\u00f3n Anticonceptiva de Emergencia - Transtoyou","og_description":"Prev\u00e9n el embarazo tras relaciones sexuales sin protecci\u00f3n con Postinor, disponible ahora en Transtoyou. Act\u00faa r\u00e1pidamente en 72 horas para mayor efectividad.","og_url":"https:\/\/www.transtoyou.com\/es\/product\/postinor\/","og_site_name":"Transtoyou - ES","article_modified_time":"2026-01-24T23:55:07+00:00","twitter_card":"summary_large_image","twitter_misc":{"Tiempo de lectura":"1 minuto"},"schema":{"@context":"https:\/\/schema.org","@graph":[{"@type":"WebPage","@id":"https:\/\/www.transtoyou.com\/es\/product\/postinor\/","url":"https:\/\/www.transtoyou.com\/es\/product\/postinor\/","name":"Postinor | Soluci\u00f3n Anticonceptiva de Emergencia - Transtoyou","isPartOf":{"@id":"https:\/\/www.transtoyou.com\/es\/#website"},"primaryImageOfPage":{"@id":"https:\/\/www.transtoyou.com\/es\/product\/postinor\/#primaryimage"},"image":{"@id":"https:\/\/www.transtoyou.com\/es\/product\/postinor\/#primaryimage"},"thumbnailUrl":"https:\/\/www.transtoyou.com\/es\/wp-content\/uploads\/sites\/14\/2026\/01\/tty-no-product-image-125.webp","datePublished":"2026-01-24T23:54:14+00:00","dateModified":"2026-01-24T23:55:07+00:00","description":"Prev\u00e9n el embarazo tras relaciones sexuales sin protecci\u00f3n con Postinor, disponible ahora en Transtoyou. Act\u00faa r\u00e1pidamente en 72 horas para mayor efectividad.","breadcrumb":{"@id":"https:\/\/www.transtoyou.com\/es\/product\/postinor\/#breadcrumb"},"inLanguage":"es","potentialAction":[{"@type":"ReadAction","target":["https:\/\/www.transtoyou.com\/es\/product\/postinor\/"]}]},{"@type":"ImageObject","inLanguage":"es","@id":"https:\/\/www.transtoyou.com\/es\/product\/postinor\/#primaryimage","url":"https:\/\/www.transtoyou.com\/es\/wp-content\/uploads\/sites\/14\/2026\/01\/tty-no-product-image-125.webp","contentUrl":"https:\/\/www.transtoyou.com\/es\/wp-content\/uploads\/sites\/14\/2026\/01\/tty-no-product-image-125.webp","width":1000,"height":1000,"caption":"Imagen de producto predeterminada"},{"@type":"WebSite","@id":"https:\/\/www.transtoyou.com\/es\/#website","url":"https:\/\/www.transtoyou.com\/es\/","name":"Transtoyou - ES","description":"","publisher":{"@id":"https:\/\/www.transtoyou.com\/es\/#organization"},"potentialAction":[{"@type":"SearchAction","target":{"@type":"EntryPoint","urlTemplate":"https:\/\/www.transtoyou.com\/es\/?s={search_term_string}"},"query-input":{"@type":"PropertyValueSpecification","valueRequired":true,"valueName":"search_term_string"}}],"inLanguage":"es"},{"@type":"Organization","@id":"https:\/\/www.transtoyou.com\/es\/#organization","name":"Transtoyou - ES","url":"https:\/\/www.transtoyou.com\/es\/","logo":{"@type":"ImageObject","inLanguage":"es","@id":"https:\/\/www.transtoyou.com\/es\/#\/schema\/logo\/image\/","url":"https:\/\/www.transtoyou.com\/es\/wp-content\/uploads\/sites\/14\/2026\/01\/logo-tty-menu-bar-300x87-1.webp","contentUrl":"https:\/\/www.transtoyou.com\/es\/wp-content\/uploads\/sites\/14\/2026\/01\/logo-tty-menu-bar-300x87-1.webp","width":300,"height":87,"caption":"Transtoyou - ES"},"image":{"@id":"https:\/\/www.transtoyou.com\/es\/#\/schema\/logo\/image\/"}}]}},"_links":{"self":[{"href":"https:\/\/www.transtoyou.com\/es\/wp-json\/wp\/v2\/product\/850","targetHints":{"allow":["GET"]}}],"collection":[{"href":"https:\/\/www.transtoyou.com\/es\/wp-json\/wp\/v2\/product"}],"about":[{"href":"https:\/\/www.transtoyou.com\/es\/wp-json\/wp\/v2\/types\/product"}],"replies":[{"embeddable":true,"href":"https:\/\/www.transtoyou.com\/es\/wp-json\/wp\/v2\/comments?post=850"}],"wp:featuredmedia":[{"embeddable":true,"href":"https:\/\/www.transtoyou.com\/es\/wp-json\/wp\/v2\/media\/851"}],"wp:attachment":[{"href":"https:\/\/www.transtoyou.com\/es\/wp-json\/wp\/v2\/media?parent=850"}],"wp:term":[{"taxonomy":"product_brand","embeddable":true,"href":"https:\/\/www.transtoyou.com\/es\/wp-json\/wp\/v2\/product_brand?post=850"},{"taxonomy":"product_cat","embeddable":true,"href":"https:\/\/www.transtoyou.com\/es\/wp-json\/wp\/v2\/product_cat?post=850"},{"taxonomy":"product_tag","embeddable":true,"href":"https:\/\/www.transtoyou.com\/es\/wp-json\/wp\/v2\/product_tag?post=850"},{"taxonomy":"expert","embeddable":true,"href":"https:\/\/www.transtoyou.com\/es\/wp-json\/wp\/v2\/expert?post=850"}],"curies":[{"name":"wp","href":"https:\/\/api.w.org\/{rel}","templated":true}]}}