{"id":855,"date":"2026-01-25T00:29:20","date_gmt":"2026-01-25T00:29:20","guid":{"rendered":"https:\/\/www.transtoyou.com\/es\/product\/ebixa\/"},"modified":"2026-01-25T00:30:18","modified_gmt":"2026-01-25T00:30:18","slug":"ebixa","status":"publish","type":"product","link":"https:\/\/www.transtoyou.com\/es\/product\/ebixa\/","title":{"rendered":"Ebixa"},"content":{"rendered":"<p>Ebixa es un medicamento de prescripci\u00f3n utilizado para tratar etapas moderadas a severas de la enfermedad de Alzheimer. Contiene el ingrediente activo memantina, que act\u00faa regulando la actividad del glutamato en el cerebro, un mensajero qu\u00edmico involucrado en el aprendizaje, la memoria y la cognici\u00f3n. En la enfermedad de Alzheimer, la actividad excesiva de glutamato puede llevar a la sobreestimulaci\u00f3n y da\u00f1o de las c\u00e9lulas nerviosas. Ebixa ayuda a restaurar el equilibrio y protege el cerebro de esta sobreestimulaci\u00f3n, lo que puede ayudar a mantener la funci\u00f3n cognitiva por m\u00e1s tiempo.<\/p>\n<p>Aunque la enfermedad de Alzheimer es progresiva y no se puede curar, Ebixa puede ayudar a aliviar ciertos s\u00edntomas relacionados con la memoria, el pensamiento y el comportamiento. Puede apoyar a los pacientes a mantenerse involucrados en actividades diarias, interactuar m\u00e1s claramente con los dem\u00e1s y conservar cierta independencia por m\u00e1s tiempo. Aunque los efectos var\u00edan de persona a persona, muchos experimentan estabilizaci\u00f3n o una leve mejor\u00eda en los s\u00edntomas cognitivos con el tiempo.<\/p>\n<p>Ebixa generalmente se toma una vez al d\u00eda. El tratamiento t\u00edpicamente comienza con una dosis baja que se aumenta gradualmente durante varias semanas para permitir que el cuerpo se ajuste. El medicamento es m\u00e1s efectivo cuando se toma de manera constante como parte de un plan de tratamiento a largo plazo.<\/p>\n<p>Los efectos secundarios son generalmente leves y pueden incluir mareos, dolor de cabeza, estre\u00f1imiento o confusi\u00f3n en las primeras etapas del tratamiento. Estos s\u00edntomas a menudo disminuyen a medida que el cuerpo se adapta. Ebixa se considera seguro para la mayor\u00eda de los pacientes, pero puede no ser adecuado para aquellos con problemas renales severos o ciertas otras condiciones m\u00e9dicas.<\/p>\n","protected":false},"excerpt":{"rendered":"<ul>\n<li>Puede mejorar la memoria, la atenci\u00f3n y la funci\u00f3n diaria<\/li>\n<li>Reduce las alteraciones del comportamiento<\/li>\n<li>Adecuado para su uso con otros medicamentos para la demencia<\/li>\n<\/ul>\n","protected":false},"featured_media":857,"comment_status":"open","ping_status":"closed","template":"","meta":[],"product_brand":[],"product_cat":[82],"product_tag":[],"expert":[16],"class_list":{"0":"post-855","1":"product","2":"type-product","3":"status-publish","4":"has-post-thumbnail","6":"product_cat-demencia-y-cerebro","7":"expert-dr-c-alexandru","9":"first","10":"instock","11":"shipping-taxable","12":"product-type-variable"},"yoast_head":"<!-- This site is optimized with the Yoast SEO plugin v27.0 - https:\/\/yoast.com\/product\/yoast-seo-wordpress\/ -->\n<title>Ebixa | Apoya la Salud Cognitiva - Transtoyou<\/title>\n<meta name=\"description\" content=\"Descubre Ebixa en Transtoyou, un tratamiento cl\u00ednicamente aprobado para el Alzheimer moderado a severo, que ayuda a mantener la funci\u00f3n cognitiva con memantina.\" \/>\n<meta name=\"robots\" content=\"noindex, follow, max-snippet:-1, max-image-preview:large, max-video-preview:-1\" \/>\n<meta property=\"og:locale\" content=\"es_ES\" \/>\n<meta property=\"og:type\" content=\"article\" \/>\n<meta property=\"og:title\" content=\"Ebixa | Apoya la Salud Cognitiva - Transtoyou\" \/>\n<meta property=\"og:description\" content=\"Descubre Ebixa en Transtoyou, un tratamiento cl\u00ednicamente aprobado para el Alzheimer moderado a severo, que ayuda a mantener la funci\u00f3n cognitiva con memantina.\" \/>\n<meta property=\"og:url\" content=\"https:\/\/www.transtoyou.com\/es\/product\/ebixa\/\" \/>\n<meta property=\"og:site_name\" content=\"Transtoyou - ES\" \/>\n<meta property=\"article:modified_time\" content=\"2026-01-25T00:30:18+00:00\" \/>\n<meta name=\"twitter:card\" content=\"summary_large_image\" \/>\n<meta name=\"twitter:label1\" content=\"Tiempo de lectura\" \/>\n\t<meta name=\"twitter:data1\" content=\"2 minutos\" \/>\n<script type=\"application\/ld+json\" class=\"yoast-schema-graph\">{\"@context\":\"https:\/\/schema.org\",\"@graph\":[{\"@type\":\"WebPage\",\"@id\":\"https:\/\/www.transtoyou.com\/es\/product\/ebixa\/\",\"url\":\"https:\/\/www.transtoyou.com\/es\/product\/ebixa\/\",\"name\":\"Ebixa | Apoya la Salud Cognitiva - Transtoyou\",\"isPartOf\":{\"@id\":\"https:\/\/www.transtoyou.com\/es\/#website\"},\"primaryImageOfPage\":{\"@id\":\"https:\/\/www.transtoyou.com\/es\/product\/ebixa\/#primaryimage\"},\"image\":{\"@id\":\"https:\/\/www.transtoyou.com\/es\/product\/ebixa\/#primaryimage\"},\"thumbnailUrl\":\"https:\/\/www.transtoyou.com\/es\/wp-content\/uploads\/sites\/14\/2026\/01\/tty-no-product-image-127.webp\",\"datePublished\":\"2026-01-25T00:29:20+00:00\",\"dateModified\":\"2026-01-25T00:30:18+00:00\",\"description\":\"Descubre Ebixa en Transtoyou, un tratamiento cl\u00ednicamente aprobado para el Alzheimer moderado a severo, que ayuda a mantener la funci\u00f3n cognitiva con memantina.\",\"breadcrumb\":{\"@id\":\"https:\/\/www.transtoyou.com\/es\/product\/ebixa\/#breadcrumb\"},\"inLanguage\":\"es\",\"potentialAction\":[{\"@type\":\"ReadAction\",\"target\":[\"https:\/\/www.transtoyou.com\/es\/product\/ebixa\/\"]}]},{\"@type\":\"ImageObject\",\"inLanguage\":\"es\",\"@id\":\"https:\/\/www.transtoyou.com\/es\/product\/ebixa\/#primaryimage\",\"url\":\"https:\/\/www.transtoyou.com\/es\/wp-content\/uploads\/sites\/14\/2026\/01\/tty-no-product-image-127.webp\",\"contentUrl\":\"https:\/\/www.transtoyou.com\/es\/wp-content\/uploads\/sites\/14\/2026\/01\/tty-no-product-image-127.webp\",\"width\":1000,\"height\":1000,\"caption\":\"Imagen de producto predeterminada\"},{\"@type\":\"WebSite\",\"@id\":\"https:\/\/www.transtoyou.com\/es\/#website\",\"url\":\"https:\/\/www.transtoyou.com\/es\/\",\"name\":\"Transtoyou - ES\",\"description\":\"\",\"publisher\":{\"@id\":\"https:\/\/www.transtoyou.com\/es\/#organization\"},\"potentialAction\":[{\"@type\":\"SearchAction\",\"target\":{\"@type\":\"EntryPoint\",\"urlTemplate\":\"https:\/\/www.transtoyou.com\/es\/?s={search_term_string}\"},\"query-input\":{\"@type\":\"PropertyValueSpecification\",\"valueRequired\":true,\"valueName\":\"search_term_string\"}}],\"inLanguage\":\"es\"},{\"@type\":\"Organization\",\"@id\":\"https:\/\/www.transtoyou.com\/es\/#organization\",\"name\":\"Transtoyou - ES\",\"url\":\"https:\/\/www.transtoyou.com\/es\/\",\"logo\":{\"@type\":\"ImageObject\",\"inLanguage\":\"es\",\"@id\":\"https:\/\/www.transtoyou.com\/es\/#\/schema\/logo\/image\/\",\"url\":\"https:\/\/www.transtoyou.com\/es\/wp-content\/uploads\/sites\/14\/2026\/01\/logo-tty-menu-bar-300x87-1.webp\",\"contentUrl\":\"https:\/\/www.transtoyou.com\/es\/wp-content\/uploads\/sites\/14\/2026\/01\/logo-tty-menu-bar-300x87-1.webp\",\"width\":300,\"height\":87,\"caption\":\"Transtoyou - ES\"},\"image\":{\"@id\":\"https:\/\/www.transtoyou.com\/es\/#\/schema\/logo\/image\/\"}}]}<\/script>\n<!-- \/ Yoast SEO plugin. -->","yoast_head_json":{"title":"Ebixa | Apoya la Salud Cognitiva - Transtoyou","description":"Descubre Ebixa en Transtoyou, un tratamiento cl\u00ednicamente aprobado para el Alzheimer moderado a severo, que ayuda a mantener la funci\u00f3n cognitiva con memantina.","robots":{"index":"noindex","follow":"follow","max-snippet":"max-snippet:-1","max-image-preview":"max-image-preview:large","max-video-preview":"max-video-preview:-1"},"og_locale":"es_ES","og_type":"article","og_title":"Ebixa | Apoya la Salud Cognitiva - Transtoyou","og_description":"Descubre Ebixa en Transtoyou, un tratamiento cl\u00ednicamente aprobado para el Alzheimer moderado a severo, que ayuda a mantener la funci\u00f3n cognitiva con memantina.","og_url":"https:\/\/www.transtoyou.com\/es\/product\/ebixa\/","og_site_name":"Transtoyou - ES","article_modified_time":"2026-01-25T00:30:18+00:00","twitter_card":"summary_large_image","twitter_misc":{"Tiempo de lectura":"2 minutos"},"schema":{"@context":"https:\/\/schema.org","@graph":[{"@type":"WebPage","@id":"https:\/\/www.transtoyou.com\/es\/product\/ebixa\/","url":"https:\/\/www.transtoyou.com\/es\/product\/ebixa\/","name":"Ebixa | Apoya la Salud Cognitiva - Transtoyou","isPartOf":{"@id":"https:\/\/www.transtoyou.com\/es\/#website"},"primaryImageOfPage":{"@id":"https:\/\/www.transtoyou.com\/es\/product\/ebixa\/#primaryimage"},"image":{"@id":"https:\/\/www.transtoyou.com\/es\/product\/ebixa\/#primaryimage"},"thumbnailUrl":"https:\/\/www.transtoyou.com\/es\/wp-content\/uploads\/sites\/14\/2026\/01\/tty-no-product-image-127.webp","datePublished":"2026-01-25T00:29:20+00:00","dateModified":"2026-01-25T00:30:18+00:00","description":"Descubre Ebixa en Transtoyou, un tratamiento cl\u00ednicamente aprobado para el Alzheimer moderado a severo, que ayuda a mantener la funci\u00f3n cognitiva con memantina.","breadcrumb":{"@id":"https:\/\/www.transtoyou.com\/es\/product\/ebixa\/#breadcrumb"},"inLanguage":"es","potentialAction":[{"@type":"ReadAction","target":["https:\/\/www.transtoyou.com\/es\/product\/ebixa\/"]}]},{"@type":"ImageObject","inLanguage":"es","@id":"https:\/\/www.transtoyou.com\/es\/product\/ebixa\/#primaryimage","url":"https:\/\/www.transtoyou.com\/es\/wp-content\/uploads\/sites\/14\/2026\/01\/tty-no-product-image-127.webp","contentUrl":"https:\/\/www.transtoyou.com\/es\/wp-content\/uploads\/sites\/14\/2026\/01\/tty-no-product-image-127.webp","width":1000,"height":1000,"caption":"Imagen de producto predeterminada"},{"@type":"WebSite","@id":"https:\/\/www.transtoyou.com\/es\/#website","url":"https:\/\/www.transtoyou.com\/es\/","name":"Transtoyou - ES","description":"","publisher":{"@id":"https:\/\/www.transtoyou.com\/es\/#organization"},"potentialAction":[{"@type":"SearchAction","target":{"@type":"EntryPoint","urlTemplate":"https:\/\/www.transtoyou.com\/es\/?s={search_term_string}"},"query-input":{"@type":"PropertyValueSpecification","valueRequired":true,"valueName":"search_term_string"}}],"inLanguage":"es"},{"@type":"Organization","@id":"https:\/\/www.transtoyou.com\/es\/#organization","name":"Transtoyou - ES","url":"https:\/\/www.transtoyou.com\/es\/","logo":{"@type":"ImageObject","inLanguage":"es","@id":"https:\/\/www.transtoyou.com\/es\/#\/schema\/logo\/image\/","url":"https:\/\/www.transtoyou.com\/es\/wp-content\/uploads\/sites\/14\/2026\/01\/logo-tty-menu-bar-300x87-1.webp","contentUrl":"https:\/\/www.transtoyou.com\/es\/wp-content\/uploads\/sites\/14\/2026\/01\/logo-tty-menu-bar-300x87-1.webp","width":300,"height":87,"caption":"Transtoyou - ES"},"image":{"@id":"https:\/\/www.transtoyou.com\/es\/#\/schema\/logo\/image\/"}}]}},"_links":{"self":[{"href":"https:\/\/www.transtoyou.com\/es\/wp-json\/wp\/v2\/product\/855","targetHints":{"allow":["GET"]}}],"collection":[{"href":"https:\/\/www.transtoyou.com\/es\/wp-json\/wp\/v2\/product"}],"about":[{"href":"https:\/\/www.transtoyou.com\/es\/wp-json\/wp\/v2\/types\/product"}],"replies":[{"embeddable":true,"href":"https:\/\/www.transtoyou.com\/es\/wp-json\/wp\/v2\/comments?post=855"}],"wp:featuredmedia":[{"embeddable":true,"href":"https:\/\/www.transtoyou.com\/es\/wp-json\/wp\/v2\/media\/857"}],"wp:attachment":[{"href":"https:\/\/www.transtoyou.com\/es\/wp-json\/wp\/v2\/media?parent=855"}],"wp:term":[{"taxonomy":"product_brand","embeddable":true,"href":"https:\/\/www.transtoyou.com\/es\/wp-json\/wp\/v2\/product_brand?post=855"},{"taxonomy":"product_cat","embeddable":true,"href":"https:\/\/www.transtoyou.com\/es\/wp-json\/wp\/v2\/product_cat?post=855"},{"taxonomy":"product_tag","embeddable":true,"href":"https:\/\/www.transtoyou.com\/es\/wp-json\/wp\/v2\/product_tag?post=855"},{"taxonomy":"expert","embeddable":true,"href":"https:\/\/www.transtoyou.com\/es\/wp-json\/wp\/v2\/expert?post=855"}],"curies":[{"name":"wp","href":"https:\/\/api.w.org\/{rel}","templated":true}]}}