{"id":866,"date":"2026-01-25T01:37:13","date_gmt":"2026-01-25T01:37:13","guid":{"rendered":"https:\/\/www.transtoyou.com\/es\/product\/nuvaring\/"},"modified":"2026-02-28T11:47:01","modified_gmt":"2026-02-28T11:47:01","slug":"nuvaring","status":"publish","type":"product","link":"https:\/\/www.transtoyou.com\/es\/product\/nuvaring\/","title":{"rendered":"NuvaRing"},"content":{"rendered":"<p>NuvaRing es un anillo anticonceptivo flexible y transparente dise\u00f1ado para proporcionar un control de natalidad confiable a trav\u00e9s de un sistema hormonal de baja dosis. NuvaRing es un anillo que se inserta en la vagina una vez al mes, ofreciendo una entrega constante de hormonas.<\/p>\n<p>El anillo contiene dos hormonas, etonogestrel y etinilestradiol, que se liberan gradualmente en el torrente sangu\u00edneo a trav\u00e9s de la pared vaginal. Estas hormonas trabajan juntas para prevenir la ovulaci\u00f3n, espesar el moco cervical para bloquear los espermatozoides y alterar el revestimiento uterino para reducir la posibilidad de implantaci\u00f3n. Esta protecci\u00f3n de triple acci\u00f3n hace que NuvaRing sea un m\u00e9todo anticonceptivo efectivo cuando se utiliza correctamente.<\/p>\n<p>Cada anillo se lleva de forma continua durante 21 d\u00edas, seguido de un descanso de 7 d\u00edas sin anillo, durante el cual generalmente ocurre un sangrado por retirada. Se inserta un nuevo anillo despu\u00e9s de este descanso, incluso si el sangrado no ha cesado por completo. El proceso est\u00e1 dise\u00f1ado para imitar un ciclo menstrual natural mientras se mantiene la efectividad anticonceptiva durante todo el mes.<\/p>\n<p>NuvaRing es popular entre aquellos que prefieren no tomar una p\u00edldora diaria o que desean una opci\u00f3n de control de natalidad no permanente pero altamente efectiva. No requiere atenci\u00f3n diaria, y porque se inserta y se retira por s\u00ed mismo.<\/p>\n<p>La mayor\u00eda de los usuarios toleran bien NuvaRing. Los efectos secundarios comunes pueden incluir dolores de cabeza, cambios de humor, sensibilidad en los senos o irritaci\u00f3n vaginal leve. Al igual que otros anticonceptivos hormonales combinados, NuvaRing no es adecuado para fumadores mayores de 35 a\u00f1os o personas con antecedentes de ciertas condiciones cardiovasculares.<\/p>\n","protected":false},"excerpt":{"rendered":"<ul>\n<li>Opci\u00f3n anticonceptiva mensual conveniente<\/li>\n<li>Prevenci\u00f3n del embarazo altamente efectiva<\/li>\n<li>Regula y aligera los ciclos menstruales<\/li>\n<\/ul>\n","protected":false},"featured_media":868,"comment_status":"open","ping_status":"closed","template":"","meta":[],"product_brand":[],"product_cat":[77],"product_tag":[],"expert":[18],"class_list":{"0":"post-866","1":"product","2":"type-product","3":"status-publish","4":"has-post-thumbnail","6":"product_cat-anillo-anticonceptivo","7":"expert-dr-g-varbanov","9":"first","10":"instock","11":"shipping-taxable","12":"product-type-variable"},"yoast_head":"<!-- This site is optimized with the Yoast SEO plugin v27.0 - https:\/\/yoast.com\/product\/yoast-seo-wordpress\/ -->\n<title>NuvaRing | Anticonceptivo Hormonal Confiable - Transtoyou<\/title>\n<meta name=\"description\" content=\"NuvaRing, disponible en Transtoyou, ofrece un anticonceptivo confiable con triple acci\u00f3n. Compra ahora para una anticoncepci\u00f3n hormonal efectiva.\" \/>\n<meta name=\"robots\" content=\"noindex, follow, max-snippet:-1, max-image-preview:large, max-video-preview:-1\" \/>\n<meta property=\"og:locale\" content=\"es_ES\" \/>\n<meta property=\"og:type\" content=\"article\" \/>\n<meta property=\"og:title\" content=\"NuvaRing | Anticonceptivo Hormonal Confiable - Transtoyou\" \/>\n<meta property=\"og:description\" content=\"NuvaRing, disponible en Transtoyou, ofrece un anticonceptivo confiable con triple acci\u00f3n. Compra ahora para una anticoncepci\u00f3n hormonal efectiva.\" \/>\n<meta property=\"og:url\" content=\"https:\/\/www.transtoyou.com\/es\/product\/nuvaring\/\" \/>\n<meta property=\"og:site_name\" content=\"Transtoyou - ES\" \/>\n<meta property=\"article:modified_time\" content=\"2026-02-28T11:47:01+00:00\" \/>\n<meta name=\"twitter:card\" content=\"summary_large_image\" \/>\n<meta name=\"twitter:label1\" content=\"Tiempo de lectura\" \/>\n\t<meta name=\"twitter:data1\" content=\"1 minuto\" \/>\n<script type=\"application\/ld+json\" class=\"yoast-schema-graph\">{\"@context\":\"https:\/\/schema.org\",\"@graph\":[{\"@type\":\"WebPage\",\"@id\":\"https:\/\/www.transtoyou.com\/es\/product\/nuvaring\/\",\"url\":\"https:\/\/www.transtoyou.com\/es\/product\/nuvaring\/\",\"name\":\"NuvaRing | Anticonceptivo Hormonal Confiable - Transtoyou\",\"isPartOf\":{\"@id\":\"https:\/\/www.transtoyou.com\/es\/#website\"},\"primaryImageOfPage\":{\"@id\":\"https:\/\/www.transtoyou.com\/es\/product\/nuvaring\/#primaryimage\"},\"image\":{\"@id\":\"https:\/\/www.transtoyou.com\/es\/product\/nuvaring\/#primaryimage\"},\"thumbnailUrl\":\"https:\/\/www.transtoyou.com\/es\/wp-content\/uploads\/sites\/14\/2026\/01\/tty-no-product-image-131.webp\",\"datePublished\":\"2026-01-25T01:37:13+00:00\",\"dateModified\":\"2026-02-28T11:47:01+00:00\",\"description\":\"NuvaRing, disponible en Transtoyou, ofrece un anticonceptivo confiable con triple acci\u00f3n. Compra ahora para una anticoncepci\u00f3n hormonal efectiva.\",\"breadcrumb\":{\"@id\":\"https:\/\/www.transtoyou.com\/es\/product\/nuvaring\/#breadcrumb\"},\"inLanguage\":\"es\",\"potentialAction\":[{\"@type\":\"ReadAction\",\"target\":[\"https:\/\/www.transtoyou.com\/es\/product\/nuvaring\/\"]}]},{\"@type\":\"ImageObject\",\"inLanguage\":\"es\",\"@id\":\"https:\/\/www.transtoyou.com\/es\/product\/nuvaring\/#primaryimage\",\"url\":\"https:\/\/www.transtoyou.com\/es\/wp-content\/uploads\/sites\/14\/2026\/01\/tty-no-product-image-131.webp\",\"contentUrl\":\"https:\/\/www.transtoyou.com\/es\/wp-content\/uploads\/sites\/14\/2026\/01\/tty-no-product-image-131.webp\",\"width\":1000,\"height\":1000,\"caption\":\"Imagen de producto predeterminada\"},{\"@type\":\"WebSite\",\"@id\":\"https:\/\/www.transtoyou.com\/es\/#website\",\"url\":\"https:\/\/www.transtoyou.com\/es\/\",\"name\":\"Transtoyou - ES\",\"description\":\"\",\"publisher\":{\"@id\":\"https:\/\/www.transtoyou.com\/es\/#organization\"},\"potentialAction\":[{\"@type\":\"SearchAction\",\"target\":{\"@type\":\"EntryPoint\",\"urlTemplate\":\"https:\/\/www.transtoyou.com\/es\/?s={search_term_string}\"},\"query-input\":{\"@type\":\"PropertyValueSpecification\",\"valueRequired\":true,\"valueName\":\"search_term_string\"}}],\"inLanguage\":\"es\"},{\"@type\":\"Organization\",\"@id\":\"https:\/\/www.transtoyou.com\/es\/#organization\",\"name\":\"Transtoyou - ES\",\"url\":\"https:\/\/www.transtoyou.com\/es\/\",\"logo\":{\"@type\":\"ImageObject\",\"inLanguage\":\"es\",\"@id\":\"https:\/\/www.transtoyou.com\/es\/#\/schema\/logo\/image\/\",\"url\":\"https:\/\/www.transtoyou.com\/es\/wp-content\/uploads\/sites\/14\/2026\/01\/logo-tty-menu-bar-300x87-1.webp\",\"contentUrl\":\"https:\/\/www.transtoyou.com\/es\/wp-content\/uploads\/sites\/14\/2026\/01\/logo-tty-menu-bar-300x87-1.webp\",\"width\":300,\"height\":87,\"caption\":\"Transtoyou - ES\"},\"image\":{\"@id\":\"https:\/\/www.transtoyou.com\/es\/#\/schema\/logo\/image\/\"}}]}<\/script>\n<!-- \/ Yoast SEO plugin. -->","yoast_head_json":{"title":"NuvaRing | Anticonceptivo Hormonal Confiable - Transtoyou","description":"NuvaRing, disponible en Transtoyou, ofrece un anticonceptivo confiable con triple acci\u00f3n. Compra ahora para una anticoncepci\u00f3n hormonal efectiva.","robots":{"index":"noindex","follow":"follow","max-snippet":"max-snippet:-1","max-image-preview":"max-image-preview:large","max-video-preview":"max-video-preview:-1"},"og_locale":"es_ES","og_type":"article","og_title":"NuvaRing | Anticonceptivo Hormonal Confiable - Transtoyou","og_description":"NuvaRing, disponible en Transtoyou, ofrece un anticonceptivo confiable con triple acci\u00f3n. Compra ahora para una anticoncepci\u00f3n hormonal efectiva.","og_url":"https:\/\/www.transtoyou.com\/es\/product\/nuvaring\/","og_site_name":"Transtoyou - ES","article_modified_time":"2026-02-28T11:47:01+00:00","twitter_card":"summary_large_image","twitter_misc":{"Tiempo de lectura":"1 minuto"},"schema":{"@context":"https:\/\/schema.org","@graph":[{"@type":"WebPage","@id":"https:\/\/www.transtoyou.com\/es\/product\/nuvaring\/","url":"https:\/\/www.transtoyou.com\/es\/product\/nuvaring\/","name":"NuvaRing | Anticonceptivo Hormonal Confiable - Transtoyou","isPartOf":{"@id":"https:\/\/www.transtoyou.com\/es\/#website"},"primaryImageOfPage":{"@id":"https:\/\/www.transtoyou.com\/es\/product\/nuvaring\/#primaryimage"},"image":{"@id":"https:\/\/www.transtoyou.com\/es\/product\/nuvaring\/#primaryimage"},"thumbnailUrl":"https:\/\/www.transtoyou.com\/es\/wp-content\/uploads\/sites\/14\/2026\/01\/tty-no-product-image-131.webp","datePublished":"2026-01-25T01:37:13+00:00","dateModified":"2026-02-28T11:47:01+00:00","description":"NuvaRing, disponible en Transtoyou, ofrece un anticonceptivo confiable con triple acci\u00f3n. Compra ahora para una anticoncepci\u00f3n hormonal efectiva.","breadcrumb":{"@id":"https:\/\/www.transtoyou.com\/es\/product\/nuvaring\/#breadcrumb"},"inLanguage":"es","potentialAction":[{"@type":"ReadAction","target":["https:\/\/www.transtoyou.com\/es\/product\/nuvaring\/"]}]},{"@type":"ImageObject","inLanguage":"es","@id":"https:\/\/www.transtoyou.com\/es\/product\/nuvaring\/#primaryimage","url":"https:\/\/www.transtoyou.com\/es\/wp-content\/uploads\/sites\/14\/2026\/01\/tty-no-product-image-131.webp","contentUrl":"https:\/\/www.transtoyou.com\/es\/wp-content\/uploads\/sites\/14\/2026\/01\/tty-no-product-image-131.webp","width":1000,"height":1000,"caption":"Imagen de producto predeterminada"},{"@type":"WebSite","@id":"https:\/\/www.transtoyou.com\/es\/#website","url":"https:\/\/www.transtoyou.com\/es\/","name":"Transtoyou - ES","description":"","publisher":{"@id":"https:\/\/www.transtoyou.com\/es\/#organization"},"potentialAction":[{"@type":"SearchAction","target":{"@type":"EntryPoint","urlTemplate":"https:\/\/www.transtoyou.com\/es\/?s={search_term_string}"},"query-input":{"@type":"PropertyValueSpecification","valueRequired":true,"valueName":"search_term_string"}}],"inLanguage":"es"},{"@type":"Organization","@id":"https:\/\/www.transtoyou.com\/es\/#organization","name":"Transtoyou - ES","url":"https:\/\/www.transtoyou.com\/es\/","logo":{"@type":"ImageObject","inLanguage":"es","@id":"https:\/\/www.transtoyou.com\/es\/#\/schema\/logo\/image\/","url":"https:\/\/www.transtoyou.com\/es\/wp-content\/uploads\/sites\/14\/2026\/01\/logo-tty-menu-bar-300x87-1.webp","contentUrl":"https:\/\/www.transtoyou.com\/es\/wp-content\/uploads\/sites\/14\/2026\/01\/logo-tty-menu-bar-300x87-1.webp","width":300,"height":87,"caption":"Transtoyou - ES"},"image":{"@id":"https:\/\/www.transtoyou.com\/es\/#\/schema\/logo\/image\/"}}]}},"_links":{"self":[{"href":"https:\/\/www.transtoyou.com\/es\/wp-json\/wp\/v2\/product\/866","targetHints":{"allow":["GET"]}}],"collection":[{"href":"https:\/\/www.transtoyou.com\/es\/wp-json\/wp\/v2\/product"}],"about":[{"href":"https:\/\/www.transtoyou.com\/es\/wp-json\/wp\/v2\/types\/product"}],"replies":[{"embeddable":true,"href":"https:\/\/www.transtoyou.com\/es\/wp-json\/wp\/v2\/comments?post=866"}],"wp:featuredmedia":[{"embeddable":true,"href":"https:\/\/www.transtoyou.com\/es\/wp-json\/wp\/v2\/media\/868"}],"wp:attachment":[{"href":"https:\/\/www.transtoyou.com\/es\/wp-json\/wp\/v2\/media?parent=866"}],"wp:term":[{"taxonomy":"product_brand","embeddable":true,"href":"https:\/\/www.transtoyou.com\/es\/wp-json\/wp\/v2\/product_brand?post=866"},{"taxonomy":"product_cat","embeddable":true,"href":"https:\/\/www.transtoyou.com\/es\/wp-json\/wp\/v2\/product_cat?post=866"},{"taxonomy":"product_tag","embeddable":true,"href":"https:\/\/www.transtoyou.com\/es\/wp-json\/wp\/v2\/product_tag?post=866"},{"taxonomy":"expert","embeddable":true,"href":"https:\/\/www.transtoyou.com\/es\/wp-json\/wp\/v2\/expert?post=866"}],"curies":[{"name":"wp","href":"https:\/\/api.w.org\/{rel}","templated":true}]}}