{"id":884,"date":"2026-01-25T03:15:02","date_gmt":"2026-01-25T03:15:02","guid":{"rendered":"https:\/\/www.transtoyou.com\/es\/product\/ezetimibe-ezetrol\/"},"modified":"2026-01-25T03:16:03","modified_gmt":"2026-01-25T03:16:03","slug":"ezetimibe-ezetrol","status":"publish","type":"product","link":"https:\/\/www.transtoyou.com\/es\/product\/ezetimibe-ezetrol\/","title":{"rendered":"Ezetimibe (Ezetrol)"},"content":{"rendered":"<p>Ezetimiba, com\u00fanmente conocida por el nombre de marca Ezetrol, es un medicamento dise\u00f1ado espec\u00edficamente para reducir la absorci\u00f3n de colesterol del intestino delgado. A diferencia de las estatinas, que act\u00faan en el h\u00edgado inhibiendo la producci\u00f3n de colesterol, la Ezetimiba se dirige directamente a la captaci\u00f3n de colesterol diet\u00e9tico y biliar en el tracto gastrointestinal. Al reducir el flujo general de colesterol en el torrente sangu\u00edneo, ayuda a disminuir los niveles da\u00f1inos de LDL y se puede usar en combinaci\u00f3n con estatinas o por s\u00ed sola si las estatinas no son toleradas.<\/p>\n<p>La principal ventaja de la Ezetimiba es su mecanismo de acci\u00f3n complementario, que puede llevar a una disminuci\u00f3n adicional en los niveles de colesterol LDL cuando se a\u00f1ade a un r\u00e9gimen de estatinas. Para muchos pacientes, este enfoque combinado optimiza el control lip\u00eddico sin aumentar significativamente el riesgo de efectos secundarios. La Ezetimiba generalmente es bien tolerada, aunque algunas personas pueden experimentar s\u00edntomas gastrointestinales leves o fatiga.<\/p>\n<p>M\u00e1s all\u00e1 de reducir el LDL, la Ezetimiba puede proporcionar un efecto modesto sobre el colesterol total y los triglic\u00e9ridos. Los proveedores de atenci\u00f3n m\u00e9dica a menudo recomiendan su uso junto con medidas de estilo de vida, como una dieta equilibrada, ejercicio regular y manejo del peso para individuos en riesgo de enfermedad cardiovascular ateroscler\u00f3tica.<\/p>\n<p>El monitoreo regular de los perfiles lip\u00eddicos ayuda a rastrear el progreso, asegurando que los pacientes alcancen sus objetivos de colesterol personalizados. La dosificaci\u00f3n de Ezetimiba una vez al d\u00eda puede mejorar la adherencia, que es un factor importante en el manejo efectivo a largo plazo de la dislipidemia.<\/p>\n","protected":false},"excerpt":{"rendered":"<ul>\n<li>Reduce la absorci\u00f3n de colesterol intestinal<\/li>\n<li>Complementa o reemplaza la terapia con estatinas<\/li>\n<li>Ayuda a optimizar la reducci\u00f3n de LDL<\/li>\n<\/ul>\n","protected":false},"featured_media":886,"comment_status":"open","ping_status":"closed","template":"","meta":[],"product_brand":[],"product_cat":[72],"product_tag":[],"expert":[21],"class_list":{"0":"post-884","1":"product","2":"type-product","3":"status-publish","4":"has-post-thumbnail","6":"product_cat-control-de-colesterol","7":"expert-dr-m-sharoyko","9":"first","10":"instock","11":"shipping-taxable","12":"product-type-variable"},"yoast_head":"<!-- This site is optimized with the Yoast SEO plugin v27.0 - https:\/\/yoast.com\/product\/yoast-seo-wordpress\/ -->\n<title>Ezetimibe (Ezetrol) | Reduce el colesterol LDL - Transtoyou<\/title>\n<meta name=\"description\" content=\"Ezetimibe (Ezetrol) reduce la absorci\u00f3n de colesterol, mejorando el control del LDL. Descubre sus beneficios en Transtoyou hoy.\" \/>\n<meta name=\"robots\" content=\"noindex, follow, max-snippet:-1, max-image-preview:large, max-video-preview:-1\" \/>\n<meta property=\"og:locale\" content=\"es_ES\" \/>\n<meta property=\"og:type\" content=\"article\" \/>\n<meta property=\"og:title\" content=\"Ezetimibe (Ezetrol) | Reduce el colesterol LDL - Transtoyou\" \/>\n<meta property=\"og:description\" content=\"Ezetimibe (Ezetrol) reduce la absorci\u00f3n de colesterol, mejorando el control del LDL. Descubre sus beneficios en Transtoyou hoy.\" \/>\n<meta property=\"og:url\" content=\"https:\/\/www.transtoyou.com\/es\/product\/ezetimibe-ezetrol\/\" \/>\n<meta property=\"og:site_name\" content=\"Transtoyou - ES\" \/>\n<meta property=\"article:modified_time\" content=\"2026-01-25T03:16:03+00:00\" \/>\n<meta name=\"twitter:card\" content=\"summary_large_image\" \/>\n<meta name=\"twitter:label1\" content=\"Tiempo de lectura\" \/>\n\t<meta name=\"twitter:data1\" content=\"1 minuto\" \/>\n<script type=\"application\/ld+json\" class=\"yoast-schema-graph\">{\"@context\":\"https:\/\/schema.org\",\"@graph\":[{\"@type\":\"WebPage\",\"@id\":\"https:\/\/www.transtoyou.com\/es\/product\/ezetimibe-ezetrol\/\",\"url\":\"https:\/\/www.transtoyou.com\/es\/product\/ezetimibe-ezetrol\/\",\"name\":\"Ezetimibe (Ezetrol) | Reduce el colesterol LDL - Transtoyou\",\"isPartOf\":{\"@id\":\"https:\/\/www.transtoyou.com\/es\/#website\"},\"primaryImageOfPage\":{\"@id\":\"https:\/\/www.transtoyou.com\/es\/product\/ezetimibe-ezetrol\/#primaryimage\"},\"image\":{\"@id\":\"https:\/\/www.transtoyou.com\/es\/product\/ezetimibe-ezetrol\/#primaryimage\"},\"thumbnailUrl\":\"https:\/\/www.transtoyou.com\/es\/wp-content\/uploads\/sites\/14\/2026\/01\/tty-no-product-image-137.webp\",\"datePublished\":\"2026-01-25T03:15:02+00:00\",\"dateModified\":\"2026-01-25T03:16:03+00:00\",\"description\":\"Ezetimibe (Ezetrol) reduce la absorci\u00f3n de colesterol, mejorando el control del LDL. Descubre sus beneficios en Transtoyou hoy.\",\"breadcrumb\":{\"@id\":\"https:\/\/www.transtoyou.com\/es\/product\/ezetimibe-ezetrol\/#breadcrumb\"},\"inLanguage\":\"es\",\"potentialAction\":[{\"@type\":\"ReadAction\",\"target\":[\"https:\/\/www.transtoyou.com\/es\/product\/ezetimibe-ezetrol\/\"]}]},{\"@type\":\"ImageObject\",\"inLanguage\":\"es\",\"@id\":\"https:\/\/www.transtoyou.com\/es\/product\/ezetimibe-ezetrol\/#primaryimage\",\"url\":\"https:\/\/www.transtoyou.com\/es\/wp-content\/uploads\/sites\/14\/2026\/01\/tty-no-product-image-137.webp\",\"contentUrl\":\"https:\/\/www.transtoyou.com\/es\/wp-content\/uploads\/sites\/14\/2026\/01\/tty-no-product-image-137.webp\",\"width\":1000,\"height\":1000,\"caption\":\"Imagen de producto predeterminada\"},{\"@type\":\"WebSite\",\"@id\":\"https:\/\/www.transtoyou.com\/es\/#website\",\"url\":\"https:\/\/www.transtoyou.com\/es\/\",\"name\":\"Transtoyou - ES\",\"description\":\"\",\"publisher\":{\"@id\":\"https:\/\/www.transtoyou.com\/es\/#organization\"},\"potentialAction\":[{\"@type\":\"SearchAction\",\"target\":{\"@type\":\"EntryPoint\",\"urlTemplate\":\"https:\/\/www.transtoyou.com\/es\/?s={search_term_string}\"},\"query-input\":{\"@type\":\"PropertyValueSpecification\",\"valueRequired\":true,\"valueName\":\"search_term_string\"}}],\"inLanguage\":\"es\"},{\"@type\":\"Organization\",\"@id\":\"https:\/\/www.transtoyou.com\/es\/#organization\",\"name\":\"Transtoyou - ES\",\"url\":\"https:\/\/www.transtoyou.com\/es\/\",\"logo\":{\"@type\":\"ImageObject\",\"inLanguage\":\"es\",\"@id\":\"https:\/\/www.transtoyou.com\/es\/#\/schema\/logo\/image\/\",\"url\":\"https:\/\/www.transtoyou.com\/es\/wp-content\/uploads\/sites\/14\/2026\/01\/logo-tty-menu-bar-300x87-1.webp\",\"contentUrl\":\"https:\/\/www.transtoyou.com\/es\/wp-content\/uploads\/sites\/14\/2026\/01\/logo-tty-menu-bar-300x87-1.webp\",\"width\":300,\"height\":87,\"caption\":\"Transtoyou - ES\"},\"image\":{\"@id\":\"https:\/\/www.transtoyou.com\/es\/#\/schema\/logo\/image\/\"}}]}<\/script>\n<!-- \/ Yoast SEO plugin. -->","yoast_head_json":{"title":"Ezetimibe (Ezetrol) | Reduce el colesterol LDL - Transtoyou","description":"Ezetimibe (Ezetrol) reduce la absorci\u00f3n de colesterol, mejorando el control del LDL. Descubre sus beneficios en Transtoyou hoy.","robots":{"index":"noindex","follow":"follow","max-snippet":"max-snippet:-1","max-image-preview":"max-image-preview:large","max-video-preview":"max-video-preview:-1"},"og_locale":"es_ES","og_type":"article","og_title":"Ezetimibe (Ezetrol) | Reduce el colesterol LDL - Transtoyou","og_description":"Ezetimibe (Ezetrol) reduce la absorci\u00f3n de colesterol, mejorando el control del LDL. Descubre sus beneficios en Transtoyou hoy.","og_url":"https:\/\/www.transtoyou.com\/es\/product\/ezetimibe-ezetrol\/","og_site_name":"Transtoyou - ES","article_modified_time":"2026-01-25T03:16:03+00:00","twitter_card":"summary_large_image","twitter_misc":{"Tiempo de lectura":"1 minuto"},"schema":{"@context":"https:\/\/schema.org","@graph":[{"@type":"WebPage","@id":"https:\/\/www.transtoyou.com\/es\/product\/ezetimibe-ezetrol\/","url":"https:\/\/www.transtoyou.com\/es\/product\/ezetimibe-ezetrol\/","name":"Ezetimibe (Ezetrol) | Reduce el colesterol LDL - Transtoyou","isPartOf":{"@id":"https:\/\/www.transtoyou.com\/es\/#website"},"primaryImageOfPage":{"@id":"https:\/\/www.transtoyou.com\/es\/product\/ezetimibe-ezetrol\/#primaryimage"},"image":{"@id":"https:\/\/www.transtoyou.com\/es\/product\/ezetimibe-ezetrol\/#primaryimage"},"thumbnailUrl":"https:\/\/www.transtoyou.com\/es\/wp-content\/uploads\/sites\/14\/2026\/01\/tty-no-product-image-137.webp","datePublished":"2026-01-25T03:15:02+00:00","dateModified":"2026-01-25T03:16:03+00:00","description":"Ezetimibe (Ezetrol) reduce la absorci\u00f3n de colesterol, mejorando el control del LDL. Descubre sus beneficios en Transtoyou hoy.","breadcrumb":{"@id":"https:\/\/www.transtoyou.com\/es\/product\/ezetimibe-ezetrol\/#breadcrumb"},"inLanguage":"es","potentialAction":[{"@type":"ReadAction","target":["https:\/\/www.transtoyou.com\/es\/product\/ezetimibe-ezetrol\/"]}]},{"@type":"ImageObject","inLanguage":"es","@id":"https:\/\/www.transtoyou.com\/es\/product\/ezetimibe-ezetrol\/#primaryimage","url":"https:\/\/www.transtoyou.com\/es\/wp-content\/uploads\/sites\/14\/2026\/01\/tty-no-product-image-137.webp","contentUrl":"https:\/\/www.transtoyou.com\/es\/wp-content\/uploads\/sites\/14\/2026\/01\/tty-no-product-image-137.webp","width":1000,"height":1000,"caption":"Imagen de producto predeterminada"},{"@type":"WebSite","@id":"https:\/\/www.transtoyou.com\/es\/#website","url":"https:\/\/www.transtoyou.com\/es\/","name":"Transtoyou - ES","description":"","publisher":{"@id":"https:\/\/www.transtoyou.com\/es\/#organization"},"potentialAction":[{"@type":"SearchAction","target":{"@type":"EntryPoint","urlTemplate":"https:\/\/www.transtoyou.com\/es\/?s={search_term_string}"},"query-input":{"@type":"PropertyValueSpecification","valueRequired":true,"valueName":"search_term_string"}}],"inLanguage":"es"},{"@type":"Organization","@id":"https:\/\/www.transtoyou.com\/es\/#organization","name":"Transtoyou - ES","url":"https:\/\/www.transtoyou.com\/es\/","logo":{"@type":"ImageObject","inLanguage":"es","@id":"https:\/\/www.transtoyou.com\/es\/#\/schema\/logo\/image\/","url":"https:\/\/www.transtoyou.com\/es\/wp-content\/uploads\/sites\/14\/2026\/01\/logo-tty-menu-bar-300x87-1.webp","contentUrl":"https:\/\/www.transtoyou.com\/es\/wp-content\/uploads\/sites\/14\/2026\/01\/logo-tty-menu-bar-300x87-1.webp","width":300,"height":87,"caption":"Transtoyou - ES"},"image":{"@id":"https:\/\/www.transtoyou.com\/es\/#\/schema\/logo\/image\/"}}]}},"_links":{"self":[{"href":"https:\/\/www.transtoyou.com\/es\/wp-json\/wp\/v2\/product\/884","targetHints":{"allow":["GET"]}}],"collection":[{"href":"https:\/\/www.transtoyou.com\/es\/wp-json\/wp\/v2\/product"}],"about":[{"href":"https:\/\/www.transtoyou.com\/es\/wp-json\/wp\/v2\/types\/product"}],"replies":[{"embeddable":true,"href":"https:\/\/www.transtoyou.com\/es\/wp-json\/wp\/v2\/comments?post=884"}],"wp:featuredmedia":[{"embeddable":true,"href":"https:\/\/www.transtoyou.com\/es\/wp-json\/wp\/v2\/media\/886"}],"wp:attachment":[{"href":"https:\/\/www.transtoyou.com\/es\/wp-json\/wp\/v2\/media?parent=884"}],"wp:term":[{"taxonomy":"product_brand","embeddable":true,"href":"https:\/\/www.transtoyou.com\/es\/wp-json\/wp\/v2\/product_brand?post=884"},{"taxonomy":"product_cat","embeddable":true,"href":"https:\/\/www.transtoyou.com\/es\/wp-json\/wp\/v2\/product_cat?post=884"},{"taxonomy":"product_tag","embeddable":true,"href":"https:\/\/www.transtoyou.com\/es\/wp-json\/wp\/v2\/product_tag?post=884"},{"taxonomy":"expert","embeddable":true,"href":"https:\/\/www.transtoyou.com\/es\/wp-json\/wp\/v2\/expert?post=884"}],"curies":[{"name":"wp","href":"https:\/\/api.w.org\/{rel}","templated":true}]}}