{"id":887,"date":"2026-01-25T03:32:03","date_gmt":"2026-01-25T03:32:03","guid":{"rendered":"https:\/\/www.transtoyou.com\/es\/product\/nystan\/"},"modified":"2026-02-28T11:38:10","modified_gmt":"2026-02-28T11:38:10","slug":"nystan","status":"publish","type":"product","link":"https:\/\/www.transtoyou.com\/es\/product\/nystan\/","title":{"rendered":"Nystan"},"content":{"rendered":"<p>Nystan, que contiene el ingrediente activo nistatina, es un medicamento antif\u00fangico utilizado para tratar infecciones causadas por Candida, un tipo de levadura que afecta com\u00fanmente la piel y las membranas mucosas. Es particularmente efectivo para manejar infecciones f\u00fangicas localizadas como la candidiasis oral, la candidiasis intestinal y las infecciones vaginales por levaduras.<\/p>\n<p>La nistatina act\u00faa uni\u00e9ndose a la membrana celular de la levadura, creando agujeros que provocan la fuga del contenido celular. Esta acci\u00f3n dirigida mata el hongo y previene su crecimiento, permitiendo que los tejidos afectados sanen y que los s\u00edntomas se resuelvan. Debido a que act\u00faa solo en el \u00e1rea donde se aplica o se ingiere, la nistatina se considera un tratamiento localizado y no se absorbe significativamente en el torrente sangu\u00edneo.<\/p>\n<p>Para las infecciones vaginales, Nystan se utiliza para aliviar la picaz\u00f3n, la irritaci\u00f3n y el flujo anormal asociado con la candidiasis vaginal.<\/p>\n<p>La nistatina tambi\u00e9n se utiliza en suspensi\u00f3n oral o en pastillas para tratar infecciones orales por Candida (candidiasis), particularmente en pacientes que utilizan esteroides inhalados, que usan dentaduras postizas o que experimentan inmunidad debilitada. Cuando se prescribe para la candidiasis intestinal, ayuda a controlar el crecimiento excesivo de levaduras en el tracto digestivo.<\/p>\n<p>Nystan generalmente es bien tolerado, los efectos secundarios son raros pero pueden incluir molestias gastrointestinales leves o irritaci\u00f3n local.<\/p>\n","protected":false},"excerpt":{"rendered":"<ul>\n<li>Apunta al crecimiento local de Candida<\/li>\n<li>Tratamiento antif\u00fangico suave y no sist\u00e9mico<\/li>\n<li>Alivia la candidiasis y las infecciones por hongos<\/li>\n<\/ul>\n","protected":false},"featured_media":889,"comment_status":"open","ping_status":"closed","template":"","meta":[],"product_brand":[],"product_cat":[69,154],"product_tag":[],"expert":[16],"class_list":{"0":"post-887","1":"product","2":"type-product","3":"status-publish","4":"has-post-thumbnail","6":"product_cat-candidiasis","7":"product_cat-infecciones-vaginales-y-antifungicos","8":"expert-dr-c-alexandru","10":"first","11":"instock","12":"shipping-taxable","13":"product-type-variable"},"yoast_head":"<!-- This site is optimized with the Yoast SEO plugin v27.0 - https:\/\/yoast.com\/product\/yoast-seo-wordpress\/ -->\n<title>Nystan | Soluci\u00f3n Antif\u00fangica Efectiva - Transtoyou<\/title>\n<meta name=\"description\" content=\"Nystan trata infecciones por Candida como la candidiasis oral y vaginal. Compra ahora para un alivio efectivo y tratamiento localizado en Transtoyou.\" \/>\n<meta name=\"robots\" content=\"noindex, follow, max-snippet:-1, max-image-preview:large, max-video-preview:-1\" \/>\n<meta property=\"og:locale\" content=\"es_ES\" \/>\n<meta property=\"og:type\" content=\"article\" \/>\n<meta property=\"og:title\" content=\"Nystan | Soluci\u00f3n Antif\u00fangica Efectiva - Transtoyou\" \/>\n<meta property=\"og:description\" content=\"Nystan trata infecciones por Candida como la candidiasis oral y vaginal. Compra ahora para un alivio efectivo y tratamiento localizado en Transtoyou.\" \/>\n<meta property=\"og:url\" content=\"https:\/\/www.transtoyou.com\/es\/product\/nystan\/\" \/>\n<meta property=\"og:site_name\" content=\"Transtoyou - ES\" \/>\n<meta property=\"article:modified_time\" content=\"2026-02-28T11:38:10+00:00\" \/>\n<meta name=\"twitter:card\" content=\"summary_large_image\" \/>\n<meta name=\"twitter:label1\" content=\"Tiempo de lectura\" \/>\n\t<meta name=\"twitter:data1\" content=\"1 minuto\" \/>\n<script type=\"application\/ld+json\" class=\"yoast-schema-graph\">{\"@context\":\"https:\/\/schema.org\",\"@graph\":[{\"@type\":\"WebPage\",\"@id\":\"https:\/\/www.transtoyou.com\/es\/product\/nystan\/\",\"url\":\"https:\/\/www.transtoyou.com\/es\/product\/nystan\/\",\"name\":\"Nystan | Soluci\u00f3n Antif\u00fangica Efectiva - Transtoyou\",\"isPartOf\":{\"@id\":\"https:\/\/www.transtoyou.com\/es\/#website\"},\"primaryImageOfPage\":{\"@id\":\"https:\/\/www.transtoyou.com\/es\/product\/nystan\/#primaryimage\"},\"image\":{\"@id\":\"https:\/\/www.transtoyou.com\/es\/product\/nystan\/#primaryimage\"},\"thumbnailUrl\":\"https:\/\/www.transtoyou.com\/es\/wp-content\/uploads\/sites\/14\/2026\/01\/tty-no-product-image-138.webp\",\"datePublished\":\"2026-01-25T03:32:03+00:00\",\"dateModified\":\"2026-02-28T11:38:10+00:00\",\"description\":\"Nystan trata infecciones por Candida como la candidiasis oral y vaginal. Compra ahora para un alivio efectivo y tratamiento localizado en Transtoyou.\",\"breadcrumb\":{\"@id\":\"https:\/\/www.transtoyou.com\/es\/product\/nystan\/#breadcrumb\"},\"inLanguage\":\"es\",\"potentialAction\":[{\"@type\":\"ReadAction\",\"target\":[\"https:\/\/www.transtoyou.com\/es\/product\/nystan\/\"]}]},{\"@type\":\"ImageObject\",\"inLanguage\":\"es\",\"@id\":\"https:\/\/www.transtoyou.com\/es\/product\/nystan\/#primaryimage\",\"url\":\"https:\/\/www.transtoyou.com\/es\/wp-content\/uploads\/sites\/14\/2026\/01\/tty-no-product-image-138.webp\",\"contentUrl\":\"https:\/\/www.transtoyou.com\/es\/wp-content\/uploads\/sites\/14\/2026\/01\/tty-no-product-image-138.webp\",\"width\":1000,\"height\":1000,\"caption\":\"Imagen de producto predeterminada\"},{\"@type\":\"WebSite\",\"@id\":\"https:\/\/www.transtoyou.com\/es\/#website\",\"url\":\"https:\/\/www.transtoyou.com\/es\/\",\"name\":\"Transtoyou - ES\",\"description\":\"\",\"publisher\":{\"@id\":\"https:\/\/www.transtoyou.com\/es\/#organization\"},\"potentialAction\":[{\"@type\":\"SearchAction\",\"target\":{\"@type\":\"EntryPoint\",\"urlTemplate\":\"https:\/\/www.transtoyou.com\/es\/?s={search_term_string}\"},\"query-input\":{\"@type\":\"PropertyValueSpecification\",\"valueRequired\":true,\"valueName\":\"search_term_string\"}}],\"inLanguage\":\"es\"},{\"@type\":\"Organization\",\"@id\":\"https:\/\/www.transtoyou.com\/es\/#organization\",\"name\":\"Transtoyou - ES\",\"url\":\"https:\/\/www.transtoyou.com\/es\/\",\"logo\":{\"@type\":\"ImageObject\",\"inLanguage\":\"es\",\"@id\":\"https:\/\/www.transtoyou.com\/es\/#\/schema\/logo\/image\/\",\"url\":\"https:\/\/www.transtoyou.com\/es\/wp-content\/uploads\/sites\/14\/2026\/01\/logo-tty-menu-bar-300x87-1.webp\",\"contentUrl\":\"https:\/\/www.transtoyou.com\/es\/wp-content\/uploads\/sites\/14\/2026\/01\/logo-tty-menu-bar-300x87-1.webp\",\"width\":300,\"height\":87,\"caption\":\"Transtoyou - ES\"},\"image\":{\"@id\":\"https:\/\/www.transtoyou.com\/es\/#\/schema\/logo\/image\/\"}}]}<\/script>\n<!-- \/ Yoast SEO plugin. -->","yoast_head_json":{"title":"Nystan | Soluci\u00f3n Antif\u00fangica Efectiva - Transtoyou","description":"Nystan trata infecciones por Candida como la candidiasis oral y vaginal. Compra ahora para un alivio efectivo y tratamiento localizado en Transtoyou.","robots":{"index":"noindex","follow":"follow","max-snippet":"max-snippet:-1","max-image-preview":"max-image-preview:large","max-video-preview":"max-video-preview:-1"},"og_locale":"es_ES","og_type":"article","og_title":"Nystan | Soluci\u00f3n Antif\u00fangica Efectiva - Transtoyou","og_description":"Nystan trata infecciones por Candida como la candidiasis oral y vaginal. Compra ahora para un alivio efectivo y tratamiento localizado en Transtoyou.","og_url":"https:\/\/www.transtoyou.com\/es\/product\/nystan\/","og_site_name":"Transtoyou - ES","article_modified_time":"2026-02-28T11:38:10+00:00","twitter_card":"summary_large_image","twitter_misc":{"Tiempo de lectura":"1 minuto"},"schema":{"@context":"https:\/\/schema.org","@graph":[{"@type":"WebPage","@id":"https:\/\/www.transtoyou.com\/es\/product\/nystan\/","url":"https:\/\/www.transtoyou.com\/es\/product\/nystan\/","name":"Nystan | Soluci\u00f3n Antif\u00fangica Efectiva - Transtoyou","isPartOf":{"@id":"https:\/\/www.transtoyou.com\/es\/#website"},"primaryImageOfPage":{"@id":"https:\/\/www.transtoyou.com\/es\/product\/nystan\/#primaryimage"},"image":{"@id":"https:\/\/www.transtoyou.com\/es\/product\/nystan\/#primaryimage"},"thumbnailUrl":"https:\/\/www.transtoyou.com\/es\/wp-content\/uploads\/sites\/14\/2026\/01\/tty-no-product-image-138.webp","datePublished":"2026-01-25T03:32:03+00:00","dateModified":"2026-02-28T11:38:10+00:00","description":"Nystan trata infecciones por Candida como la candidiasis oral y vaginal. Compra ahora para un alivio efectivo y tratamiento localizado en Transtoyou.","breadcrumb":{"@id":"https:\/\/www.transtoyou.com\/es\/product\/nystan\/#breadcrumb"},"inLanguage":"es","potentialAction":[{"@type":"ReadAction","target":["https:\/\/www.transtoyou.com\/es\/product\/nystan\/"]}]},{"@type":"ImageObject","inLanguage":"es","@id":"https:\/\/www.transtoyou.com\/es\/product\/nystan\/#primaryimage","url":"https:\/\/www.transtoyou.com\/es\/wp-content\/uploads\/sites\/14\/2026\/01\/tty-no-product-image-138.webp","contentUrl":"https:\/\/www.transtoyou.com\/es\/wp-content\/uploads\/sites\/14\/2026\/01\/tty-no-product-image-138.webp","width":1000,"height":1000,"caption":"Imagen de producto predeterminada"},{"@type":"WebSite","@id":"https:\/\/www.transtoyou.com\/es\/#website","url":"https:\/\/www.transtoyou.com\/es\/","name":"Transtoyou - ES","description":"","publisher":{"@id":"https:\/\/www.transtoyou.com\/es\/#organization"},"potentialAction":[{"@type":"SearchAction","target":{"@type":"EntryPoint","urlTemplate":"https:\/\/www.transtoyou.com\/es\/?s={search_term_string}"},"query-input":{"@type":"PropertyValueSpecification","valueRequired":true,"valueName":"search_term_string"}}],"inLanguage":"es"},{"@type":"Organization","@id":"https:\/\/www.transtoyou.com\/es\/#organization","name":"Transtoyou - ES","url":"https:\/\/www.transtoyou.com\/es\/","logo":{"@type":"ImageObject","inLanguage":"es","@id":"https:\/\/www.transtoyou.com\/es\/#\/schema\/logo\/image\/","url":"https:\/\/www.transtoyou.com\/es\/wp-content\/uploads\/sites\/14\/2026\/01\/logo-tty-menu-bar-300x87-1.webp","contentUrl":"https:\/\/www.transtoyou.com\/es\/wp-content\/uploads\/sites\/14\/2026\/01\/logo-tty-menu-bar-300x87-1.webp","width":300,"height":87,"caption":"Transtoyou - ES"},"image":{"@id":"https:\/\/www.transtoyou.com\/es\/#\/schema\/logo\/image\/"}}]}},"_links":{"self":[{"href":"https:\/\/www.transtoyou.com\/es\/wp-json\/wp\/v2\/product\/887","targetHints":{"allow":["GET"]}}],"collection":[{"href":"https:\/\/www.transtoyou.com\/es\/wp-json\/wp\/v2\/product"}],"about":[{"href":"https:\/\/www.transtoyou.com\/es\/wp-json\/wp\/v2\/types\/product"}],"replies":[{"embeddable":true,"href":"https:\/\/www.transtoyou.com\/es\/wp-json\/wp\/v2\/comments?post=887"}],"wp:featuredmedia":[{"embeddable":true,"href":"https:\/\/www.transtoyou.com\/es\/wp-json\/wp\/v2\/media\/889"}],"wp:attachment":[{"href":"https:\/\/www.transtoyou.com\/es\/wp-json\/wp\/v2\/media?parent=887"}],"wp:term":[{"taxonomy":"product_brand","embeddable":true,"href":"https:\/\/www.transtoyou.com\/es\/wp-json\/wp\/v2\/product_brand?post=887"},{"taxonomy":"product_cat","embeddable":true,"href":"https:\/\/www.transtoyou.com\/es\/wp-json\/wp\/v2\/product_cat?post=887"},{"taxonomy":"product_tag","embeddable":true,"href":"https:\/\/www.transtoyou.com\/es\/wp-json\/wp\/v2\/product_tag?post=887"},{"taxonomy":"expert","embeddable":true,"href":"https:\/\/www.transtoyou.com\/es\/wp-json\/wp\/v2\/expert?post=887"}],"curies":[{"name":"wp","href":"https:\/\/api.w.org\/{rel}","templated":true}]}}