{"id":932,"date":"2026-01-25T18:27:56","date_gmt":"2026-01-25T18:27:56","guid":{"rendered":"https:\/\/www.transtoyou.com\/es\/product\/antabuse\/"},"modified":"2026-01-25T18:28:55","modified_gmt":"2026-01-25T18:28:55","slug":"antabuso","status":"publish","type":"product","link":"https:\/\/www.transtoyou.com\/es\/product\/antabuso\/","title":{"rendered":"Antabuse"},"content":{"rendered":"<p>Antabuse (disulfiram) es un medicamento recetado dise\u00f1ado para apoyar a las personas en su recuperaci\u00f3n de la dependencia del alcohol. Funciona creando una sensibilidad aguda al alcohol. Cuando se consume alcohol mientras se toma Antabuse, provoca efectos desagradables como n\u00e1useas, enrojecimiento y palpitaciones, desalentando el consumo adicional de alcohol.<\/p>\n<p>Antabuse se utiliza t\u00edpicamente como parte de un plan de tratamiento integral que incluye asesoramiento y programas de apoyo. No es una cura para el alcoholismo, sino que sirve como un disuasivo para beber, ayudando a las personas a mantener la sobriedad.<\/p>\n<p>Antabuse generalmente se prescribe para uso a largo plazo bajo estricta supervisi\u00f3n m\u00e9dica para garantizar la adherencia y efectividad. Est\u00e1 disponible en forma de tabletas y se toma por v\u00eda oral una vez al d\u00eda, preferiblemente por la ma\u00f1ana.<\/p>\n<p>Los efectos secundarios comunes incluyen somnolencia, dolor de cabeza y un sabor met\u00e1lico en la boca. Efectos secundarios raros pero graves pueden incluir toxicidad hep\u00e1tica, lo que requiere un monitoreo regular de la funci\u00f3n hep\u00e1tica durante el tratamiento. Antabuse nunca debe tomarse con alcohol o productos que contengan alcohol, como ciertos jarabes para la tos o salsas.<\/p>\n","protected":false},"excerpt":{"rendered":"<ul>\n<li>Apoya la recuperaci\u00f3n de la dependencia del alcohol<\/li>\n<li>Act\u00faa como un disuasivo para beber<\/li>\n<li>Parte de un plan de tratamiento integral<\/li>\n<\/ul>\n","protected":false},"featured_media":934,"comment_status":"open","ping_status":"closed","template":"","meta":[],"product_brand":[],"product_cat":[54],"product_tag":[],"expert":[19],"class_list":{"0":"post-932","1":"product","2":"type-product","3":"status-publish","4":"has-post-thumbnail","6":"product_cat-ayudas-para-la-recuperacion-del-alcohol","7":"expert-dr-j-vazquez","9":"first","10":"instock","11":"shipping-taxable","12":"product-type-variable"},"yoast_head":"<!-- This site is optimized with the Yoast SEO plugin v27.0 - https:\/\/yoast.com\/product\/yoast-seo-wordpress\/ -->\n<title>Antabuse | Apoyo a la Sobriedad de Manera Efectiva - Transtoyou<\/title>\n<meta name=\"description\" content=\"Descubre Antabuse, un medicamento recetado para la dependencia del alcohol, disponible en Transtoyou. Apoya la sobriedad con supervisi\u00f3n m\u00e9dica. Aprende m\u00e1s hoy.\" \/>\n<meta name=\"robots\" content=\"noindex, follow, max-snippet:-1, max-image-preview:large, max-video-preview:-1\" \/>\n<meta property=\"og:locale\" content=\"es_ES\" \/>\n<meta property=\"og:type\" content=\"article\" \/>\n<meta property=\"og:title\" content=\"Antabuse | Apoyo a la Sobriedad de Manera Efectiva - Transtoyou\" \/>\n<meta property=\"og:description\" content=\"Descubre Antabuse, un medicamento recetado para la dependencia del alcohol, disponible en Transtoyou. Apoya la sobriedad con supervisi\u00f3n m\u00e9dica. Aprende m\u00e1s hoy.\" \/>\n<meta property=\"og:url\" content=\"https:\/\/www.transtoyou.com\/es\/product\/antabuse\/\" \/>\n<meta property=\"og:site_name\" content=\"Transtoyou - ES\" \/>\n<meta property=\"article:modified_time\" content=\"2026-01-25T18:28:55+00:00\" \/>\n<meta name=\"twitter:card\" content=\"summary_large_image\" \/>\n<meta name=\"twitter:label1\" content=\"Tiempo de lectura\" \/>\n\t<meta name=\"twitter:data1\" content=\"1 minuto\" \/>\n<script type=\"application\/ld+json\" class=\"yoast-schema-graph\">{\"@context\":\"https:\/\/schema.org\",\"@graph\":[{\"@type\":\"WebPage\",\"@id\":\"https:\/\/www.transtoyou.com\/es\/product\/antabuse\/\",\"url\":\"https:\/\/www.transtoyou.com\/es\/product\/antabuse\/\",\"name\":\"Antabuse | Apoyo a la Sobriedad de Manera Efectiva - Transtoyou\",\"isPartOf\":{\"@id\":\"https:\/\/www.transtoyou.com\/es\/#website\"},\"primaryImageOfPage\":{\"@id\":\"https:\/\/www.transtoyou.com\/es\/product\/antabuse\/#primaryimage\"},\"image\":{\"@id\":\"https:\/\/www.transtoyou.com\/es\/product\/antabuse\/#primaryimage\"},\"thumbnailUrl\":\"https:\/\/www.transtoyou.com\/es\/wp-content\/uploads\/sites\/14\/2026\/01\/tty-no-product-image-153.webp\",\"datePublished\":\"2026-01-25T18:27:56+00:00\",\"dateModified\":\"2026-01-25T18:28:55+00:00\",\"description\":\"Descubre Antabuse, un medicamento recetado para la dependencia del alcohol, disponible en Transtoyou. Apoya la sobriedad con supervisi\u00f3n m\u00e9dica. Aprende m\u00e1s hoy.\",\"breadcrumb\":{\"@id\":\"https:\/\/www.transtoyou.com\/es\/product\/antabuse\/#breadcrumb\"},\"inLanguage\":\"es\",\"potentialAction\":[{\"@type\":\"ReadAction\",\"target\":[\"https:\/\/www.transtoyou.com\/es\/product\/antabuse\/\"]}]},{\"@type\":\"ImageObject\",\"inLanguage\":\"es\",\"@id\":\"https:\/\/www.transtoyou.com\/es\/product\/antabuse\/#primaryimage\",\"url\":\"https:\/\/www.transtoyou.com\/es\/wp-content\/uploads\/sites\/14\/2026\/01\/tty-no-product-image-153.webp\",\"contentUrl\":\"https:\/\/www.transtoyou.com\/es\/wp-content\/uploads\/sites\/14\/2026\/01\/tty-no-product-image-153.webp\",\"width\":1000,\"height\":1000,\"caption\":\"Imagen de producto predeterminada\"},{\"@type\":\"WebSite\",\"@id\":\"https:\/\/www.transtoyou.com\/es\/#website\",\"url\":\"https:\/\/www.transtoyou.com\/es\/\",\"name\":\"Transtoyou - ES\",\"description\":\"\",\"publisher\":{\"@id\":\"https:\/\/www.transtoyou.com\/es\/#organization\"},\"potentialAction\":[{\"@type\":\"SearchAction\",\"target\":{\"@type\":\"EntryPoint\",\"urlTemplate\":\"https:\/\/www.transtoyou.com\/es\/?s={search_term_string}\"},\"query-input\":{\"@type\":\"PropertyValueSpecification\",\"valueRequired\":true,\"valueName\":\"search_term_string\"}}],\"inLanguage\":\"es\"},{\"@type\":\"Organization\",\"@id\":\"https:\/\/www.transtoyou.com\/es\/#organization\",\"name\":\"Transtoyou - ES\",\"url\":\"https:\/\/www.transtoyou.com\/es\/\",\"logo\":{\"@type\":\"ImageObject\",\"inLanguage\":\"es\",\"@id\":\"https:\/\/www.transtoyou.com\/es\/#\/schema\/logo\/image\/\",\"url\":\"https:\/\/www.transtoyou.com\/es\/wp-content\/uploads\/sites\/14\/2026\/01\/logo-tty-menu-bar-300x87-1.webp\",\"contentUrl\":\"https:\/\/www.transtoyou.com\/es\/wp-content\/uploads\/sites\/14\/2026\/01\/logo-tty-menu-bar-300x87-1.webp\",\"width\":300,\"height\":87,\"caption\":\"Transtoyou - ES\"},\"image\":{\"@id\":\"https:\/\/www.transtoyou.com\/es\/#\/schema\/logo\/image\/\"}}]}<\/script>\n<!-- \/ Yoast SEO plugin. -->","yoast_head_json":{"title":"Antabuse | Apoyo a la Sobriedad de Manera Efectiva - Transtoyou","description":"Descubre Antabuse, un medicamento recetado para la dependencia del alcohol, disponible en Transtoyou. Apoya la sobriedad con supervisi\u00f3n m\u00e9dica. Aprende m\u00e1s hoy.","robots":{"index":"noindex","follow":"follow","max-snippet":"max-snippet:-1","max-image-preview":"max-image-preview:large","max-video-preview":"max-video-preview:-1"},"og_locale":"es_ES","og_type":"article","og_title":"Antabuse | Apoyo a la Sobriedad de Manera Efectiva - Transtoyou","og_description":"Descubre Antabuse, un medicamento recetado para la dependencia del alcohol, disponible en Transtoyou. Apoya la sobriedad con supervisi\u00f3n m\u00e9dica. Aprende m\u00e1s hoy.","og_url":"https:\/\/www.transtoyou.com\/es\/product\/antabuse\/","og_site_name":"Transtoyou - ES","article_modified_time":"2026-01-25T18:28:55+00:00","twitter_card":"summary_large_image","twitter_misc":{"Tiempo de lectura":"1 minuto"},"schema":{"@context":"https:\/\/schema.org","@graph":[{"@type":"WebPage","@id":"https:\/\/www.transtoyou.com\/es\/product\/antabuse\/","url":"https:\/\/www.transtoyou.com\/es\/product\/antabuse\/","name":"Antabuse | Apoyo a la Sobriedad de Manera Efectiva - Transtoyou","isPartOf":{"@id":"https:\/\/www.transtoyou.com\/es\/#website"},"primaryImageOfPage":{"@id":"https:\/\/www.transtoyou.com\/es\/product\/antabuse\/#primaryimage"},"image":{"@id":"https:\/\/www.transtoyou.com\/es\/product\/antabuse\/#primaryimage"},"thumbnailUrl":"https:\/\/www.transtoyou.com\/es\/wp-content\/uploads\/sites\/14\/2026\/01\/tty-no-product-image-153.webp","datePublished":"2026-01-25T18:27:56+00:00","dateModified":"2026-01-25T18:28:55+00:00","description":"Descubre Antabuse, un medicamento recetado para la dependencia del alcohol, disponible en Transtoyou. Apoya la sobriedad con supervisi\u00f3n m\u00e9dica. Aprende m\u00e1s hoy.","breadcrumb":{"@id":"https:\/\/www.transtoyou.com\/es\/product\/antabuse\/#breadcrumb"},"inLanguage":"es","potentialAction":[{"@type":"ReadAction","target":["https:\/\/www.transtoyou.com\/es\/product\/antabuse\/"]}]},{"@type":"ImageObject","inLanguage":"es","@id":"https:\/\/www.transtoyou.com\/es\/product\/antabuse\/#primaryimage","url":"https:\/\/www.transtoyou.com\/es\/wp-content\/uploads\/sites\/14\/2026\/01\/tty-no-product-image-153.webp","contentUrl":"https:\/\/www.transtoyou.com\/es\/wp-content\/uploads\/sites\/14\/2026\/01\/tty-no-product-image-153.webp","width":1000,"height":1000,"caption":"Imagen de producto predeterminada"},{"@type":"WebSite","@id":"https:\/\/www.transtoyou.com\/es\/#website","url":"https:\/\/www.transtoyou.com\/es\/","name":"Transtoyou - ES","description":"","publisher":{"@id":"https:\/\/www.transtoyou.com\/es\/#organization"},"potentialAction":[{"@type":"SearchAction","target":{"@type":"EntryPoint","urlTemplate":"https:\/\/www.transtoyou.com\/es\/?s={search_term_string}"},"query-input":{"@type":"PropertyValueSpecification","valueRequired":true,"valueName":"search_term_string"}}],"inLanguage":"es"},{"@type":"Organization","@id":"https:\/\/www.transtoyou.com\/es\/#organization","name":"Transtoyou - ES","url":"https:\/\/www.transtoyou.com\/es\/","logo":{"@type":"ImageObject","inLanguage":"es","@id":"https:\/\/www.transtoyou.com\/es\/#\/schema\/logo\/image\/","url":"https:\/\/www.transtoyou.com\/es\/wp-content\/uploads\/sites\/14\/2026\/01\/logo-tty-menu-bar-300x87-1.webp","contentUrl":"https:\/\/www.transtoyou.com\/es\/wp-content\/uploads\/sites\/14\/2026\/01\/logo-tty-menu-bar-300x87-1.webp","width":300,"height":87,"caption":"Transtoyou - ES"},"image":{"@id":"https:\/\/www.transtoyou.com\/es\/#\/schema\/logo\/image\/"}}]}},"_links":{"self":[{"href":"https:\/\/www.transtoyou.com\/es\/wp-json\/wp\/v2\/product\/932","targetHints":{"allow":["GET"]}}],"collection":[{"href":"https:\/\/www.transtoyou.com\/es\/wp-json\/wp\/v2\/product"}],"about":[{"href":"https:\/\/www.transtoyou.com\/es\/wp-json\/wp\/v2\/types\/product"}],"replies":[{"embeddable":true,"href":"https:\/\/www.transtoyou.com\/es\/wp-json\/wp\/v2\/comments?post=932"}],"wp:featuredmedia":[{"embeddable":true,"href":"https:\/\/www.transtoyou.com\/es\/wp-json\/wp\/v2\/media\/934"}],"wp:attachment":[{"href":"https:\/\/www.transtoyou.com\/es\/wp-json\/wp\/v2\/media?parent=932"}],"wp:term":[{"taxonomy":"product_brand","embeddable":true,"href":"https:\/\/www.transtoyou.com\/es\/wp-json\/wp\/v2\/product_brand?post=932"},{"taxonomy":"product_cat","embeddable":true,"href":"https:\/\/www.transtoyou.com\/es\/wp-json\/wp\/v2\/product_cat?post=932"},{"taxonomy":"product_tag","embeddable":true,"href":"https:\/\/www.transtoyou.com\/es\/wp-json\/wp\/v2\/product_tag?post=932"},{"taxonomy":"expert","embeddable":true,"href":"https:\/\/www.transtoyou.com\/es\/wp-json\/wp\/v2\/expert?post=932"}],"curies":[{"name":"wp","href":"https:\/\/api.w.org\/{rel}","templated":true}]}}