{"id":956,"date":"2026-01-25T20:50:04","date_gmt":"2026-01-25T20:50:04","guid":{"rendered":"https:\/\/www.transtoyou.com\/es\/product\/diane-35-dianette\/"},"modified":"2026-01-25T20:51:09","modified_gmt":"2026-01-25T20:51:09","slug":"diane-35-dianette","status":"publish","type":"product","link":"https:\/\/www.transtoyou.com\/es\/product\/diane-35-dianette\/","title":{"rendered":"Diane 35 (Dianette)"},"content":{"rendered":"<p>Diane 35 (tambi\u00e9n conocido como Dianette) es un anticonceptivo oral combinado que contiene tanto un estr\u00f3geno (etinilestradiol) como un progest\u00e1geno antiandrog\u00e9nico (acetato de ciproterona). A menudo se prescribe no solo para el control de la natalidad, sino tambi\u00e9n para tratar condiciones relacionadas con andr\u00f3genos, como el acn\u00e9, el exceso de vello facial o corporal (hirsutismo) y ciertos signos de hiperandrogenismo. Al suprimir las acciones de los andr\u00f3genos, Diane 35 ayuda a reducir la producci\u00f3n de sebo y mitigar las imperfecciones, al tiempo que ayuda a regular los ciclos menstruales.<\/p>\n<p>Usado correctamente, Diane 35 puede mejorar significativamente la apariencia de la piel propensa al acn\u00e9, convirti\u00e9ndose a veces en un anticonceptivo preferido para las personas que desean tanto el control de la natalidad como un enfoque espec\u00edfico para el acn\u00e9. La combinaci\u00f3n de estr\u00f3geno y acetato de ciproterona act\u00faa en m\u00faltiples puntos, incluyendo la supresi\u00f3n de la ovulaci\u00f3n, la alteraci\u00f3n del revestimiento uterino y el engrosamiento del moco cervical. Estos efectos disminuyen la probabilidad de embarazo y tambi\u00e9n reducen los efectos androg\u00e9nicos que empeoran el acn\u00e9 o el crecimiento no deseado de vello.<\/p>\n<p>Diane 35 se toma una vez al d\u00eda durante 21 d\u00edas, seguido de un descanso de 7 d\u00edas durante el cual suele ocurrir un sangrado por retirada. No se recomienda para la anticoncepci\u00f3n a largo plazo a menos que se prescriba espec\u00edficamente para condiciones como el acn\u00e9 o el hirsutismo.<\/p>\n","protected":false},"excerpt":{"rendered":"<ul>\n<li>Beneficios anticonceptivos y antiandrog\u00e9nicos<\/li>\n<li>Reduce el acn\u00e9 y el vello no deseado<\/li>\n<li>Combina estr\u00f3geno y acetato de ciproterona<\/li>\n<\/ul>\n","protected":false},"featured_media":958,"comment_status":"open","ping_status":"closed","template":"","meta":[],"product_brand":[],"product_cat":[53,92,117,74],"product_tag":[],"expert":[21],"class_list":{"0":"post-956","1":"product","2":"type-product","3":"status-publish","4":"has-post-thumbnail","6":"product_cat-acne","7":"product_cat-endometriosis","8":"product_cat-hirsutismo-y-vello-facial","9":"product_cat-pildora-combinada","10":"expert-dr-m-sharoyko","12":"first","13":"instock","14":"shipping-taxable","15":"product-type-variable"},"yoast_head":"<!-- This site is optimized with the Yoast SEO plugin v27.0 - https:\/\/yoast.com\/product\/yoast-seo-wordpress\/ -->\n<title>Diane 35 (Dianette) | Ayuda para el Acn\u00e9 y Control de la Natalidad - Transtoyou<\/title>\n<meta name=\"description\" content=\"Diane 35 (Dianette) disponible en Transtoyou, controla el acn\u00e9 y el vello no deseado, regula los ciclos con beneficios anticonceptivos combinados.\" \/>\n<meta name=\"robots\" content=\"noindex, follow, max-snippet:-1, max-image-preview:large, max-video-preview:-1\" \/>\n<meta property=\"og:locale\" content=\"es_ES\" \/>\n<meta property=\"og:type\" content=\"article\" \/>\n<meta property=\"og:title\" content=\"Diane 35 (Dianette) | Ayuda para el Acn\u00e9 y Control de la Natalidad - Transtoyou\" \/>\n<meta property=\"og:description\" content=\"Diane 35 (Dianette) disponible en Transtoyou, controla el acn\u00e9 y el vello no deseado, regula los ciclos con beneficios anticonceptivos combinados.\" \/>\n<meta property=\"og:url\" content=\"https:\/\/www.transtoyou.com\/es\/product\/diane-35-dianette\/\" \/>\n<meta property=\"og:site_name\" content=\"Transtoyou - ES\" \/>\n<meta property=\"article:modified_time\" content=\"2026-01-25T20:51:09+00:00\" \/>\n<meta name=\"twitter:card\" content=\"summary_large_image\" \/>\n<meta name=\"twitter:label1\" content=\"Tiempo de lectura\" \/>\n\t<meta name=\"twitter:data1\" content=\"1 minuto\" \/>\n<script type=\"application\/ld+json\" class=\"yoast-schema-graph\">{\"@context\":\"https:\/\/schema.org\",\"@graph\":[{\"@type\":\"WebPage\",\"@id\":\"https:\/\/www.transtoyou.com\/es\/product\/diane-35-dianette\/\",\"url\":\"https:\/\/www.transtoyou.com\/es\/product\/diane-35-dianette\/\",\"name\":\"Diane 35 (Dianette) | Ayuda para el Acn\u00e9 y Control de la Natalidad - Transtoyou\",\"isPartOf\":{\"@id\":\"https:\/\/www.transtoyou.com\/es\/#website\"},\"primaryImageOfPage\":{\"@id\":\"https:\/\/www.transtoyou.com\/es\/product\/diane-35-dianette\/#primaryimage\"},\"image\":{\"@id\":\"https:\/\/www.transtoyou.com\/es\/product\/diane-35-dianette\/#primaryimage\"},\"thumbnailUrl\":\"https:\/\/www.transtoyou.com\/es\/wp-content\/uploads\/sites\/14\/2026\/01\/tty-no-product-image-161.webp\",\"datePublished\":\"2026-01-25T20:50:04+00:00\",\"dateModified\":\"2026-01-25T20:51:09+00:00\",\"description\":\"Diane 35 (Dianette) disponible en Transtoyou, controla el acn\u00e9 y el vello no deseado, regula los ciclos con beneficios anticonceptivos combinados.\",\"breadcrumb\":{\"@id\":\"https:\/\/www.transtoyou.com\/es\/product\/diane-35-dianette\/#breadcrumb\"},\"inLanguage\":\"es\",\"potentialAction\":[{\"@type\":\"ReadAction\",\"target\":[\"https:\/\/www.transtoyou.com\/es\/product\/diane-35-dianette\/\"]}]},{\"@type\":\"ImageObject\",\"inLanguage\":\"es\",\"@id\":\"https:\/\/www.transtoyou.com\/es\/product\/diane-35-dianette\/#primaryimage\",\"url\":\"https:\/\/www.transtoyou.com\/es\/wp-content\/uploads\/sites\/14\/2026\/01\/tty-no-product-image-161.webp\",\"contentUrl\":\"https:\/\/www.transtoyou.com\/es\/wp-content\/uploads\/sites\/14\/2026\/01\/tty-no-product-image-161.webp\",\"width\":1000,\"height\":1000,\"caption\":\"Imagen de producto predeterminada\"},{\"@type\":\"WebSite\",\"@id\":\"https:\/\/www.transtoyou.com\/es\/#website\",\"url\":\"https:\/\/www.transtoyou.com\/es\/\",\"name\":\"Transtoyou - ES\",\"description\":\"\",\"publisher\":{\"@id\":\"https:\/\/www.transtoyou.com\/es\/#organization\"},\"potentialAction\":[{\"@type\":\"SearchAction\",\"target\":{\"@type\":\"EntryPoint\",\"urlTemplate\":\"https:\/\/www.transtoyou.com\/es\/?s={search_term_string}\"},\"query-input\":{\"@type\":\"PropertyValueSpecification\",\"valueRequired\":true,\"valueName\":\"search_term_string\"}}],\"inLanguage\":\"es\"},{\"@type\":\"Organization\",\"@id\":\"https:\/\/www.transtoyou.com\/es\/#organization\",\"name\":\"Transtoyou - ES\",\"url\":\"https:\/\/www.transtoyou.com\/es\/\",\"logo\":{\"@type\":\"ImageObject\",\"inLanguage\":\"es\",\"@id\":\"https:\/\/www.transtoyou.com\/es\/#\/schema\/logo\/image\/\",\"url\":\"https:\/\/www.transtoyou.com\/es\/wp-content\/uploads\/sites\/14\/2026\/01\/logo-tty-menu-bar-300x87-1.webp\",\"contentUrl\":\"https:\/\/www.transtoyou.com\/es\/wp-content\/uploads\/sites\/14\/2026\/01\/logo-tty-menu-bar-300x87-1.webp\",\"width\":300,\"height\":87,\"caption\":\"Transtoyou - ES\"},\"image\":{\"@id\":\"https:\/\/www.transtoyou.com\/es\/#\/schema\/logo\/image\/\"}}]}<\/script>\n<!-- \/ Yoast SEO plugin. -->","yoast_head_json":{"title":"Diane 35 (Dianette) | Ayuda para el Acn\u00e9 y Control de la Natalidad - Transtoyou","description":"Diane 35 (Dianette) disponible en Transtoyou, controla el acn\u00e9 y el vello no deseado, regula los ciclos con beneficios anticonceptivos combinados.","robots":{"index":"noindex","follow":"follow","max-snippet":"max-snippet:-1","max-image-preview":"max-image-preview:large","max-video-preview":"max-video-preview:-1"},"og_locale":"es_ES","og_type":"article","og_title":"Diane 35 (Dianette) | Ayuda para el Acn\u00e9 y Control de la Natalidad - Transtoyou","og_description":"Diane 35 (Dianette) disponible en Transtoyou, controla el acn\u00e9 y el vello no deseado, regula los ciclos con beneficios anticonceptivos combinados.","og_url":"https:\/\/www.transtoyou.com\/es\/product\/diane-35-dianette\/","og_site_name":"Transtoyou - ES","article_modified_time":"2026-01-25T20:51:09+00:00","twitter_card":"summary_large_image","twitter_misc":{"Tiempo de lectura":"1 minuto"},"schema":{"@context":"https:\/\/schema.org","@graph":[{"@type":"WebPage","@id":"https:\/\/www.transtoyou.com\/es\/product\/diane-35-dianette\/","url":"https:\/\/www.transtoyou.com\/es\/product\/diane-35-dianette\/","name":"Diane 35 (Dianette) | Ayuda para el Acn\u00e9 y Control de la Natalidad - Transtoyou","isPartOf":{"@id":"https:\/\/www.transtoyou.com\/es\/#website"},"primaryImageOfPage":{"@id":"https:\/\/www.transtoyou.com\/es\/product\/diane-35-dianette\/#primaryimage"},"image":{"@id":"https:\/\/www.transtoyou.com\/es\/product\/diane-35-dianette\/#primaryimage"},"thumbnailUrl":"https:\/\/www.transtoyou.com\/es\/wp-content\/uploads\/sites\/14\/2026\/01\/tty-no-product-image-161.webp","datePublished":"2026-01-25T20:50:04+00:00","dateModified":"2026-01-25T20:51:09+00:00","description":"Diane 35 (Dianette) disponible en Transtoyou, controla el acn\u00e9 y el vello no deseado, regula los ciclos con beneficios anticonceptivos combinados.","breadcrumb":{"@id":"https:\/\/www.transtoyou.com\/es\/product\/diane-35-dianette\/#breadcrumb"},"inLanguage":"es","potentialAction":[{"@type":"ReadAction","target":["https:\/\/www.transtoyou.com\/es\/product\/diane-35-dianette\/"]}]},{"@type":"ImageObject","inLanguage":"es","@id":"https:\/\/www.transtoyou.com\/es\/product\/diane-35-dianette\/#primaryimage","url":"https:\/\/www.transtoyou.com\/es\/wp-content\/uploads\/sites\/14\/2026\/01\/tty-no-product-image-161.webp","contentUrl":"https:\/\/www.transtoyou.com\/es\/wp-content\/uploads\/sites\/14\/2026\/01\/tty-no-product-image-161.webp","width":1000,"height":1000,"caption":"Imagen de producto predeterminada"},{"@type":"WebSite","@id":"https:\/\/www.transtoyou.com\/es\/#website","url":"https:\/\/www.transtoyou.com\/es\/","name":"Transtoyou - ES","description":"","publisher":{"@id":"https:\/\/www.transtoyou.com\/es\/#organization"},"potentialAction":[{"@type":"SearchAction","target":{"@type":"EntryPoint","urlTemplate":"https:\/\/www.transtoyou.com\/es\/?s={search_term_string}"},"query-input":{"@type":"PropertyValueSpecification","valueRequired":true,"valueName":"search_term_string"}}],"inLanguage":"es"},{"@type":"Organization","@id":"https:\/\/www.transtoyou.com\/es\/#organization","name":"Transtoyou - ES","url":"https:\/\/www.transtoyou.com\/es\/","logo":{"@type":"ImageObject","inLanguage":"es","@id":"https:\/\/www.transtoyou.com\/es\/#\/schema\/logo\/image\/","url":"https:\/\/www.transtoyou.com\/es\/wp-content\/uploads\/sites\/14\/2026\/01\/logo-tty-menu-bar-300x87-1.webp","contentUrl":"https:\/\/www.transtoyou.com\/es\/wp-content\/uploads\/sites\/14\/2026\/01\/logo-tty-menu-bar-300x87-1.webp","width":300,"height":87,"caption":"Transtoyou - ES"},"image":{"@id":"https:\/\/www.transtoyou.com\/es\/#\/schema\/logo\/image\/"}}]}},"_links":{"self":[{"href":"https:\/\/www.transtoyou.com\/es\/wp-json\/wp\/v2\/product\/956","targetHints":{"allow":["GET"]}}],"collection":[{"href":"https:\/\/www.transtoyou.com\/es\/wp-json\/wp\/v2\/product"}],"about":[{"href":"https:\/\/www.transtoyou.com\/es\/wp-json\/wp\/v2\/types\/product"}],"replies":[{"embeddable":true,"href":"https:\/\/www.transtoyou.com\/es\/wp-json\/wp\/v2\/comments?post=956"}],"wp:featuredmedia":[{"embeddable":true,"href":"https:\/\/www.transtoyou.com\/es\/wp-json\/wp\/v2\/media\/958"}],"wp:attachment":[{"href":"https:\/\/www.transtoyou.com\/es\/wp-json\/wp\/v2\/media?parent=956"}],"wp:term":[{"taxonomy":"product_brand","embeddable":true,"href":"https:\/\/www.transtoyou.com\/es\/wp-json\/wp\/v2\/product_brand?post=956"},{"taxonomy":"product_cat","embeddable":true,"href":"https:\/\/www.transtoyou.com\/es\/wp-json\/wp\/v2\/product_cat?post=956"},{"taxonomy":"product_tag","embeddable":true,"href":"https:\/\/www.transtoyou.com\/es\/wp-json\/wp\/v2\/product_tag?post=956"},{"taxonomy":"expert","embeddable":true,"href":"https:\/\/www.transtoyou.com\/es\/wp-json\/wp\/v2\/expert?post=956"}],"curies":[{"name":"wp","href":"https:\/\/api.w.org\/{rel}","templated":true}]}}