{"id":971,"date":"2026-01-25T22:18:07","date_gmt":"2026-01-25T22:18:07","guid":{"rendered":"https:\/\/www.transtoyou.com\/es\/product\/propecia\/"},"modified":"2026-03-01T14:32:41","modified_gmt":"2026-03-01T14:32:41","slug":"propecia","status":"publish","type":"product","link":"https:\/\/www.transtoyou.com\/es\/product\/propecia\/","title":{"rendered":"Propecia"},"content":{"rendered":"<p>Propecia es un medicamento utilizado para tratar la p\u00e9rdida de cabello de patr\u00f3n masculino, tambi\u00e9n conocida como alopecia androg\u00e9nica, en hombres adultos. Contiene el ingrediente activo finasterida, que pertenece a un grupo de medicamentos llamados inhibidores de la 5\u03b1-reductasa.<\/p>\n<p>Propecia act\u00faa dirigi\u00e9ndose a una enzima espec\u00edfica en el cuerpo llamada 5\u03b1-reductasa tipo II. Esta enzima es responsable de convertir la testosterona en dihidrotestosterona (DHT), una hormona relacionada con la p\u00e9rdida de cabello en hombres que son gen\u00e9ticamente susceptibles. Al bloquear esta enzima, Propecia reduce los niveles de DHT en el cuero cabelludo y en la sangre, lo que ayuda a ralentizar la p\u00e9rdida de cabello y puede incluso fomentar el crecimiento de nuevo cabello en algunos hombres.<\/p>\n<p>Propecia se utiliza espec\u00edficamente para tratar la p\u00e9rdida de cabello de patr\u00f3n masculino, particularmente en la coronilla (parte superior) y en la parte media frontal del cuero cabelludo. No est\u00e1 destinado para su uso en mujeres o ni\u00f1os y no es efectivo para otros tipos de p\u00e9rdida de cabello.<\/p>\n<p>Al reducir los niveles de DHT, Propecia ayuda a prevenir la reducci\u00f3n (miniaturizaci\u00f3n) de los fol\u00edculos pilosos, que es la principal causa del adelgazamiento del cabello y la calvicie en la p\u00e9rdida de cabello de patr\u00f3n masculino. Esta acci\u00f3n permite que los fol\u00edculos pilosos se mantengan saludables por m\u00e1s tiempo, manteniendo la densidad del cabello y a veces promoviendo el re-crecimiento del cabello que se ha perdido recientemente.<\/p>\n<p>El principal beneficio de Propecia es su capacidad para ralentizar o detener la p\u00e9rdida de cabello en hombres con calvicie de patr\u00f3n masculino. Muchos hombres notan que su p\u00e9rdida de cabello se ralentiza despu\u00e9s de aproximadamente tres meses de uso constante, con algunos experimentando un cabello m\u00e1s grueso o re-crecimiento, especialmente en la coronilla. Los efectos duran tanto como se tome el medicamento regularmente. Propecia se toma como un comprimido una vez al d\u00eda, lo que lo hace conveniente de usar. Generalmente es bien tolerado, con la mayor\u00eda de los hombres experimentando pocos efectos secundarios. Sin embargo, si se interrumpe el medicamento, cualquier cabello ganado o mantenido generalmente se pierde dentro de un a\u00f1o.<\/p>\n","protected":false},"excerpt":{"rendered":"<ul>\n<li>Reduce y previene la ca\u00edda del cabello<\/li>\n<li>Promueve el crecimiento del cabello en hombres<\/li>\n<li>Tableta conveniente de una vez al d\u00eda<\/li>\n<\/ul>\n","protected":false},"featured_media":973,"comment_status":"open","ping_status":"closed","template":"","meta":[],"product_brand":[],"product_cat":[108],"product_tag":[],"expert":[18],"class_list":{"0":"post-971","1":"product","2":"type-product","3":"status-publish","4":"has-post-thumbnail","6":"product_cat-soluciones-para-la-perdida-de-cabello","7":"expert-dr-g-varbanov","9":"first","10":"instock","11":"shipping-taxable","12":"product-type-variable"},"yoast_head":"<!-- This site is optimized with the Yoast SEO plugin v27.0 - https:\/\/yoast.com\/product\/yoast-seo-wordpress\/ -->\n<title>Propecia | Soluci\u00f3n Efectiva para la P\u00e9rdida de Cabello - Transtoyou<\/title>\n<meta name=\"description\" content=\"Descubre Propecia para la p\u00e9rdida de cabello masculino en Transtoyou. Haz tu pedido en l\u00ednea hoy y disfruta de soluciones aprobadas por expertos.\" \/>\n<meta name=\"robots\" content=\"noindex, follow, max-snippet:-1, max-image-preview:large, max-video-preview:-1\" \/>\n<meta property=\"og:locale\" content=\"es_ES\" \/>\n<meta property=\"og:type\" content=\"article\" \/>\n<meta property=\"og:title\" content=\"Propecia | Soluci\u00f3n Efectiva para la P\u00e9rdida de Cabello - Transtoyou\" \/>\n<meta property=\"og:description\" content=\"Descubre Propecia para la p\u00e9rdida de cabello masculino en Transtoyou. Haz tu pedido en l\u00ednea hoy y disfruta de soluciones aprobadas por expertos.\" \/>\n<meta property=\"og:url\" content=\"https:\/\/www.transtoyou.com\/es\/product\/propecia\/\" \/>\n<meta property=\"og:site_name\" content=\"Transtoyou - ES\" \/>\n<meta property=\"article:modified_time\" content=\"2026-03-01T14:32:41+00:00\" \/>\n<meta name=\"twitter:card\" content=\"summary_large_image\" \/>\n<meta name=\"twitter:label1\" content=\"Tiempo de lectura\" \/>\n\t<meta name=\"twitter:data1\" content=\"2 minutos\" \/>\n<script type=\"application\/ld+json\" class=\"yoast-schema-graph\">{\"@context\":\"https:\/\/schema.org\",\"@graph\":[{\"@type\":\"WebPage\",\"@id\":\"https:\/\/www.transtoyou.com\/es\/product\/propecia\/\",\"url\":\"https:\/\/www.transtoyou.com\/es\/product\/propecia\/\",\"name\":\"Propecia | Soluci\u00f3n Efectiva para la P\u00e9rdida de Cabello - Transtoyou\",\"isPartOf\":{\"@id\":\"https:\/\/www.transtoyou.com\/es\/#website\"},\"primaryImageOfPage\":{\"@id\":\"https:\/\/www.transtoyou.com\/es\/product\/propecia\/#primaryimage\"},\"image\":{\"@id\":\"https:\/\/www.transtoyou.com\/es\/product\/propecia\/#primaryimage\"},\"thumbnailUrl\":\"https:\/\/www.transtoyou.com\/es\/wp-content\/uploads\/sites\/14\/2026\/01\/tty-no-product-image-166.webp\",\"datePublished\":\"2026-01-25T22:18:07+00:00\",\"dateModified\":\"2026-03-01T14:32:41+00:00\",\"description\":\"Descubre Propecia para la p\u00e9rdida de cabello masculino en Transtoyou. Haz tu pedido en l\u00ednea hoy y disfruta de soluciones aprobadas por expertos.\",\"breadcrumb\":{\"@id\":\"https:\/\/www.transtoyou.com\/es\/product\/propecia\/#breadcrumb\"},\"inLanguage\":\"es\",\"potentialAction\":[{\"@type\":\"ReadAction\",\"target\":[\"https:\/\/www.transtoyou.com\/es\/product\/propecia\/\"]}]},{\"@type\":\"ImageObject\",\"inLanguage\":\"es\",\"@id\":\"https:\/\/www.transtoyou.com\/es\/product\/propecia\/#primaryimage\",\"url\":\"https:\/\/www.transtoyou.com\/es\/wp-content\/uploads\/sites\/14\/2026\/01\/tty-no-product-image-166.webp\",\"contentUrl\":\"https:\/\/www.transtoyou.com\/es\/wp-content\/uploads\/sites\/14\/2026\/01\/tty-no-product-image-166.webp\",\"width\":1000,\"height\":1000,\"caption\":\"Imagen de producto predeterminada\"},{\"@type\":\"WebSite\",\"@id\":\"https:\/\/www.transtoyou.com\/es\/#website\",\"url\":\"https:\/\/www.transtoyou.com\/es\/\",\"name\":\"Transtoyou - ES\",\"description\":\"\",\"publisher\":{\"@id\":\"https:\/\/www.transtoyou.com\/es\/#organization\"},\"potentialAction\":[{\"@type\":\"SearchAction\",\"target\":{\"@type\":\"EntryPoint\",\"urlTemplate\":\"https:\/\/www.transtoyou.com\/es\/?s={search_term_string}\"},\"query-input\":{\"@type\":\"PropertyValueSpecification\",\"valueRequired\":true,\"valueName\":\"search_term_string\"}}],\"inLanguage\":\"es\"},{\"@type\":\"Organization\",\"@id\":\"https:\/\/www.transtoyou.com\/es\/#organization\",\"name\":\"Transtoyou - ES\",\"url\":\"https:\/\/www.transtoyou.com\/es\/\",\"logo\":{\"@type\":\"ImageObject\",\"inLanguage\":\"es\",\"@id\":\"https:\/\/www.transtoyou.com\/es\/#\/schema\/logo\/image\/\",\"url\":\"https:\/\/www.transtoyou.com\/es\/wp-content\/uploads\/sites\/14\/2026\/01\/logo-tty-menu-bar-300x87-1.webp\",\"contentUrl\":\"https:\/\/www.transtoyou.com\/es\/wp-content\/uploads\/sites\/14\/2026\/01\/logo-tty-menu-bar-300x87-1.webp\",\"width\":300,\"height\":87,\"caption\":\"Transtoyou - ES\"},\"image\":{\"@id\":\"https:\/\/www.transtoyou.com\/es\/#\/schema\/logo\/image\/\"}}]}<\/script>\n<!-- \/ Yoast SEO plugin. -->","yoast_head_json":{"title":"Propecia | Soluci\u00f3n Efectiva para la P\u00e9rdida de Cabello - Transtoyou","description":"Descubre Propecia para la p\u00e9rdida de cabello masculino en Transtoyou. Haz tu pedido en l\u00ednea hoy y disfruta de soluciones aprobadas por expertos.","robots":{"index":"noindex","follow":"follow","max-snippet":"max-snippet:-1","max-image-preview":"max-image-preview:large","max-video-preview":"max-video-preview:-1"},"og_locale":"es_ES","og_type":"article","og_title":"Propecia | Soluci\u00f3n Efectiva para la P\u00e9rdida de Cabello - Transtoyou","og_description":"Descubre Propecia para la p\u00e9rdida de cabello masculino en Transtoyou. Haz tu pedido en l\u00ednea hoy y disfruta de soluciones aprobadas por expertos.","og_url":"https:\/\/www.transtoyou.com\/es\/product\/propecia\/","og_site_name":"Transtoyou - ES","article_modified_time":"2026-03-01T14:32:41+00:00","twitter_card":"summary_large_image","twitter_misc":{"Tiempo de lectura":"2 minutos"},"schema":{"@context":"https:\/\/schema.org","@graph":[{"@type":"WebPage","@id":"https:\/\/www.transtoyou.com\/es\/product\/propecia\/","url":"https:\/\/www.transtoyou.com\/es\/product\/propecia\/","name":"Propecia | Soluci\u00f3n Efectiva para la P\u00e9rdida de Cabello - Transtoyou","isPartOf":{"@id":"https:\/\/www.transtoyou.com\/es\/#website"},"primaryImageOfPage":{"@id":"https:\/\/www.transtoyou.com\/es\/product\/propecia\/#primaryimage"},"image":{"@id":"https:\/\/www.transtoyou.com\/es\/product\/propecia\/#primaryimage"},"thumbnailUrl":"https:\/\/www.transtoyou.com\/es\/wp-content\/uploads\/sites\/14\/2026\/01\/tty-no-product-image-166.webp","datePublished":"2026-01-25T22:18:07+00:00","dateModified":"2026-03-01T14:32:41+00:00","description":"Descubre Propecia para la p\u00e9rdida de cabello masculino en Transtoyou. Haz tu pedido en l\u00ednea hoy y disfruta de soluciones aprobadas por expertos.","breadcrumb":{"@id":"https:\/\/www.transtoyou.com\/es\/product\/propecia\/#breadcrumb"},"inLanguage":"es","potentialAction":[{"@type":"ReadAction","target":["https:\/\/www.transtoyou.com\/es\/product\/propecia\/"]}]},{"@type":"ImageObject","inLanguage":"es","@id":"https:\/\/www.transtoyou.com\/es\/product\/propecia\/#primaryimage","url":"https:\/\/www.transtoyou.com\/es\/wp-content\/uploads\/sites\/14\/2026\/01\/tty-no-product-image-166.webp","contentUrl":"https:\/\/www.transtoyou.com\/es\/wp-content\/uploads\/sites\/14\/2026\/01\/tty-no-product-image-166.webp","width":1000,"height":1000,"caption":"Imagen de producto predeterminada"},{"@type":"WebSite","@id":"https:\/\/www.transtoyou.com\/es\/#website","url":"https:\/\/www.transtoyou.com\/es\/","name":"Transtoyou - ES","description":"","publisher":{"@id":"https:\/\/www.transtoyou.com\/es\/#organization"},"potentialAction":[{"@type":"SearchAction","target":{"@type":"EntryPoint","urlTemplate":"https:\/\/www.transtoyou.com\/es\/?s={search_term_string}"},"query-input":{"@type":"PropertyValueSpecification","valueRequired":true,"valueName":"search_term_string"}}],"inLanguage":"es"},{"@type":"Organization","@id":"https:\/\/www.transtoyou.com\/es\/#organization","name":"Transtoyou - ES","url":"https:\/\/www.transtoyou.com\/es\/","logo":{"@type":"ImageObject","inLanguage":"es","@id":"https:\/\/www.transtoyou.com\/es\/#\/schema\/logo\/image\/","url":"https:\/\/www.transtoyou.com\/es\/wp-content\/uploads\/sites\/14\/2026\/01\/logo-tty-menu-bar-300x87-1.webp","contentUrl":"https:\/\/www.transtoyou.com\/es\/wp-content\/uploads\/sites\/14\/2026\/01\/logo-tty-menu-bar-300x87-1.webp","width":300,"height":87,"caption":"Transtoyou - ES"},"image":{"@id":"https:\/\/www.transtoyou.com\/es\/#\/schema\/logo\/image\/"}}]}},"_links":{"self":[{"href":"https:\/\/www.transtoyou.com\/es\/wp-json\/wp\/v2\/product\/971","targetHints":{"allow":["GET"]}}],"collection":[{"href":"https:\/\/www.transtoyou.com\/es\/wp-json\/wp\/v2\/product"}],"about":[{"href":"https:\/\/www.transtoyou.com\/es\/wp-json\/wp\/v2\/types\/product"}],"replies":[{"embeddable":true,"href":"https:\/\/www.transtoyou.com\/es\/wp-json\/wp\/v2\/comments?post=971"}],"wp:featuredmedia":[{"embeddable":true,"href":"https:\/\/www.transtoyou.com\/es\/wp-json\/wp\/v2\/media\/973"}],"wp:attachment":[{"href":"https:\/\/www.transtoyou.com\/es\/wp-json\/wp\/v2\/media?parent=971"}],"wp:term":[{"taxonomy":"product_brand","embeddable":true,"href":"https:\/\/www.transtoyou.com\/es\/wp-json\/wp\/v2\/product_brand?post=971"},{"taxonomy":"product_cat","embeddable":true,"href":"https:\/\/www.transtoyou.com\/es\/wp-json\/wp\/v2\/product_cat?post=971"},{"taxonomy":"product_tag","embeddable":true,"href":"https:\/\/www.transtoyou.com\/es\/wp-json\/wp\/v2\/product_tag?post=971"},{"taxonomy":"expert","embeddable":true,"href":"https:\/\/www.transtoyou.com\/es\/wp-json\/wp\/v2\/expert?post=971"}],"curies":[{"name":"wp","href":"https:\/\/api.w.org\/{rel}","templated":true}]}}