{"id":974,"date":"2026-01-25T22:32:46","date_gmt":"2026-01-25T22:32:46","guid":{"rendered":"https:\/\/www.transtoyou.com\/es\/product\/condyline-condylox\/"},"modified":"2026-01-25T22:33:40","modified_gmt":"2026-01-25T22:33:40","slug":"condilina-condilox","status":"publish","type":"product","link":"https:\/\/www.transtoyou.com\/es\/product\/condilina-condilox\/","title":{"rendered":"Condyline (Condylox)"},"content":{"rendered":"<p>Condyline contiene podofilina, un compuesto derivado de plantas que act\u00faa como un agente citot\u00f3xico (mata c\u00e9lulas no deseadas). Funciona inhibiendo la divisi\u00f3n celular y la s\u00edntesis de ADN (detiene el crecimiento y la multiplicaci\u00f3n de las c\u00e9lulas de las verrugas). La podofilina se une a una prote\u00edna llamada tubulina, impidiendo la formaci\u00f3n de microt\u00fabulos, lo que provoca la muerte de las c\u00e9lulas de las verrugas.<\/p>\n<p>Este medicamento se utiliza para tratar las verrugas genitales en los genitales externos. Ayuda al cuerpo a deshacerse de las verrugas con el tiempo atacando solo la piel anormal, no la piel sana circundante.<\/p>\n<p>Condyline se aplica directamente sobre las verrugas, generalmente dos veces al d\u00eda durante tres d\u00edas, seguido de un descanso de cuatro d\u00edas. Este ciclo de una semana se puede repetir durante un m\u00e1ximo de cuatro semanas, dependiendo de c\u00f3mo respondan las verrugas.<\/p>\n<p>El principal beneficio de Condyline es que es un tratamiento no invasivo (no se requiere cirug\u00eda ni congelaci\u00f3n). Es simple de usar en casa, pero debe aplicarse con mucho cuidado, ya que puede causar irritaci\u00f3n en la piel o \u00falceras si se usa en exceso o si se aplica sobre piel sana.<\/p>\n<p>Al detener el crecimiento de las c\u00e9lulas de las verrugas y ayudar a descomponerlas, Condyline apoya a tu cuerpo en la eliminaci\u00f3n de lesiones cut\u00e1neas relacionadas con el VPH.<\/p>\n","protected":false},"excerpt":{"rendered":"<ul>\n<li>Apunta al tejido de las verrugas genitales<\/li>\n<li>Detiene el crecimiento celular de las verrugas<\/li>\n<li>Para tratamiento t\u00f3pico a corto plazo<\/li>\n<\/ul>\n","protected":false},"featured_media":975,"comment_status":"open","ping_status":"closed","template":"","meta":[],"product_brand":[],"product_cat":[156,104],"product_tag":[],"expert":[17],"class_list":{"0":"post-974","1":"product","2":"type-product","3":"status-publish","4":"has-post-thumbnail","6":"product_cat-verrugas","7":"product_cat-verrugas-genitales","8":"expert-dr-c-munoz-parada","10":"first","11":"instock","12":"shipping-taxable","13":"product-type-simple"},"yoast_head":"<!-- This site is optimized with the Yoast SEO plugin v27.0 - https:\/\/yoast.com\/product\/yoast-seo-wordpress\/ -->\n<title>Condyline (Condylox) - Tratamiento Efectivo para Verrugas | Transtoyou<\/title>\n<meta name=\"description\" content=\"Condyline (Condylox) para verrugas genitales. Pide en l\u00ednea en Transtoyou. Efectivo y f\u00e1cil de usar en casa. Comienza el tratamiento hoy, disponible ahora.\" \/>\n<meta name=\"robots\" content=\"noindex, follow, max-snippet:-1, max-image-preview:large, max-video-preview:-1\" \/>\n<meta property=\"og:locale\" content=\"es_ES\" \/>\n<meta property=\"og:type\" content=\"article\" \/>\n<meta property=\"og:title\" content=\"Condyline (Condylox) - Tratamiento Efectivo para Verrugas | Transtoyou\" \/>\n<meta property=\"og:description\" content=\"Condyline (Condylox) para verrugas genitales. Pide en l\u00ednea en Transtoyou. Efectivo y f\u00e1cil de usar en casa. Comienza el tratamiento hoy, disponible ahora.\" \/>\n<meta property=\"og:url\" content=\"https:\/\/www.transtoyou.com\/es\/product\/condyline-condylox\/\" \/>\n<meta property=\"og:site_name\" content=\"Transtoyou - ES\" \/>\n<meta property=\"article:modified_time\" content=\"2026-01-25T22:33:40+00:00\" \/>\n<meta name=\"twitter:card\" content=\"summary_large_image\" \/>\n<meta name=\"twitter:label1\" content=\"Tiempo de lectura\" \/>\n\t<meta name=\"twitter:data1\" content=\"1 minuto\" \/>\n<script type=\"application\/ld+json\" class=\"yoast-schema-graph\">{\"@context\":\"https:\/\/schema.org\",\"@graph\":[{\"@type\":\"WebPage\",\"@id\":\"https:\/\/www.transtoyou.com\/es\/product\/condyline-condylox\/\",\"url\":\"https:\/\/www.transtoyou.com\/es\/product\/condyline-condylox\/\",\"name\":\"Condyline (Condylox) - Tratamiento Efectivo para Verrugas | Transtoyou\",\"isPartOf\":{\"@id\":\"https:\/\/www.transtoyou.com\/es\/#website\"},\"primaryImageOfPage\":{\"@id\":\"https:\/\/www.transtoyou.com\/es\/product\/condyline-condylox\/#primaryimage\"},\"image\":{\"@id\":\"https:\/\/www.transtoyou.com\/es\/product\/condyline-condylox\/#primaryimage\"},\"thumbnailUrl\":\"https:\/\/www.transtoyou.com\/es\/wp-content\/uploads\/sites\/14\/2026\/01\/tty-no-product-image-167.webp\",\"datePublished\":\"2026-01-25T22:32:46+00:00\",\"dateModified\":\"2026-01-25T22:33:40+00:00\",\"description\":\"Condyline (Condylox) para verrugas genitales. Pide en l\u00ednea en Transtoyou. Efectivo y f\u00e1cil de usar en casa. Comienza el tratamiento hoy, disponible ahora.\",\"breadcrumb\":{\"@id\":\"https:\/\/www.transtoyou.com\/es\/product\/condyline-condylox\/#breadcrumb\"},\"inLanguage\":\"es\",\"potentialAction\":[{\"@type\":\"ReadAction\",\"target\":[\"https:\/\/www.transtoyou.com\/es\/product\/condyline-condylox\/\"]}]},{\"@type\":\"ImageObject\",\"inLanguage\":\"es\",\"@id\":\"https:\/\/www.transtoyou.com\/es\/product\/condyline-condylox\/#primaryimage\",\"url\":\"https:\/\/www.transtoyou.com\/es\/wp-content\/uploads\/sites\/14\/2026\/01\/tty-no-product-image-167.webp\",\"contentUrl\":\"https:\/\/www.transtoyou.com\/es\/wp-content\/uploads\/sites\/14\/2026\/01\/tty-no-product-image-167.webp\",\"width\":1000,\"height\":1000,\"caption\":\"Imagen de producto predeterminada\"},{\"@type\":\"WebSite\",\"@id\":\"https:\/\/www.transtoyou.com\/es\/#website\",\"url\":\"https:\/\/www.transtoyou.com\/es\/\",\"name\":\"Transtoyou - ES\",\"description\":\"\",\"publisher\":{\"@id\":\"https:\/\/www.transtoyou.com\/es\/#organization\"},\"potentialAction\":[{\"@type\":\"SearchAction\",\"target\":{\"@type\":\"EntryPoint\",\"urlTemplate\":\"https:\/\/www.transtoyou.com\/es\/?s={search_term_string}\"},\"query-input\":{\"@type\":\"PropertyValueSpecification\",\"valueRequired\":true,\"valueName\":\"search_term_string\"}}],\"inLanguage\":\"es\"},{\"@type\":\"Organization\",\"@id\":\"https:\/\/www.transtoyou.com\/es\/#organization\",\"name\":\"Transtoyou - ES\",\"url\":\"https:\/\/www.transtoyou.com\/es\/\",\"logo\":{\"@type\":\"ImageObject\",\"inLanguage\":\"es\",\"@id\":\"https:\/\/www.transtoyou.com\/es\/#\/schema\/logo\/image\/\",\"url\":\"https:\/\/www.transtoyou.com\/es\/wp-content\/uploads\/sites\/14\/2026\/01\/logo-tty-menu-bar-300x87-1.webp\",\"contentUrl\":\"https:\/\/www.transtoyou.com\/es\/wp-content\/uploads\/sites\/14\/2026\/01\/logo-tty-menu-bar-300x87-1.webp\",\"width\":300,\"height\":87,\"caption\":\"Transtoyou - ES\"},\"image\":{\"@id\":\"https:\/\/www.transtoyou.com\/es\/#\/schema\/logo\/image\/\"}}]}<\/script>\n<!-- \/ Yoast SEO plugin. -->","yoast_head_json":{"title":"Condyline (Condylox) - Tratamiento Efectivo para Verrugas | Transtoyou","description":"Condyline (Condylox) para verrugas genitales. Pide en l\u00ednea en Transtoyou. Efectivo y f\u00e1cil de usar en casa. Comienza el tratamiento hoy, disponible ahora.","robots":{"index":"noindex","follow":"follow","max-snippet":"max-snippet:-1","max-image-preview":"max-image-preview:large","max-video-preview":"max-video-preview:-1"},"og_locale":"es_ES","og_type":"article","og_title":"Condyline (Condylox) - Tratamiento Efectivo para Verrugas | Transtoyou","og_description":"Condyline (Condylox) para verrugas genitales. Pide en l\u00ednea en Transtoyou. Efectivo y f\u00e1cil de usar en casa. Comienza el tratamiento hoy, disponible ahora.","og_url":"https:\/\/www.transtoyou.com\/es\/product\/condyline-condylox\/","og_site_name":"Transtoyou - ES","article_modified_time":"2026-01-25T22:33:40+00:00","twitter_card":"summary_large_image","twitter_misc":{"Tiempo de lectura":"1 minuto"},"schema":{"@context":"https:\/\/schema.org","@graph":[{"@type":"WebPage","@id":"https:\/\/www.transtoyou.com\/es\/product\/condyline-condylox\/","url":"https:\/\/www.transtoyou.com\/es\/product\/condyline-condylox\/","name":"Condyline (Condylox) - Tratamiento Efectivo para Verrugas | Transtoyou","isPartOf":{"@id":"https:\/\/www.transtoyou.com\/es\/#website"},"primaryImageOfPage":{"@id":"https:\/\/www.transtoyou.com\/es\/product\/condyline-condylox\/#primaryimage"},"image":{"@id":"https:\/\/www.transtoyou.com\/es\/product\/condyline-condylox\/#primaryimage"},"thumbnailUrl":"https:\/\/www.transtoyou.com\/es\/wp-content\/uploads\/sites\/14\/2026\/01\/tty-no-product-image-167.webp","datePublished":"2026-01-25T22:32:46+00:00","dateModified":"2026-01-25T22:33:40+00:00","description":"Condyline (Condylox) para verrugas genitales. Pide en l\u00ednea en Transtoyou. Efectivo y f\u00e1cil de usar en casa. Comienza el tratamiento hoy, disponible ahora.","breadcrumb":{"@id":"https:\/\/www.transtoyou.com\/es\/product\/condyline-condylox\/#breadcrumb"},"inLanguage":"es","potentialAction":[{"@type":"ReadAction","target":["https:\/\/www.transtoyou.com\/es\/product\/condyline-condylox\/"]}]},{"@type":"ImageObject","inLanguage":"es","@id":"https:\/\/www.transtoyou.com\/es\/product\/condyline-condylox\/#primaryimage","url":"https:\/\/www.transtoyou.com\/es\/wp-content\/uploads\/sites\/14\/2026\/01\/tty-no-product-image-167.webp","contentUrl":"https:\/\/www.transtoyou.com\/es\/wp-content\/uploads\/sites\/14\/2026\/01\/tty-no-product-image-167.webp","width":1000,"height":1000,"caption":"Imagen de producto predeterminada"},{"@type":"WebSite","@id":"https:\/\/www.transtoyou.com\/es\/#website","url":"https:\/\/www.transtoyou.com\/es\/","name":"Transtoyou - ES","description":"","publisher":{"@id":"https:\/\/www.transtoyou.com\/es\/#organization"},"potentialAction":[{"@type":"SearchAction","target":{"@type":"EntryPoint","urlTemplate":"https:\/\/www.transtoyou.com\/es\/?s={search_term_string}"},"query-input":{"@type":"PropertyValueSpecification","valueRequired":true,"valueName":"search_term_string"}}],"inLanguage":"es"},{"@type":"Organization","@id":"https:\/\/www.transtoyou.com\/es\/#organization","name":"Transtoyou - ES","url":"https:\/\/www.transtoyou.com\/es\/","logo":{"@type":"ImageObject","inLanguage":"es","@id":"https:\/\/www.transtoyou.com\/es\/#\/schema\/logo\/image\/","url":"https:\/\/www.transtoyou.com\/es\/wp-content\/uploads\/sites\/14\/2026\/01\/logo-tty-menu-bar-300x87-1.webp","contentUrl":"https:\/\/www.transtoyou.com\/es\/wp-content\/uploads\/sites\/14\/2026\/01\/logo-tty-menu-bar-300x87-1.webp","width":300,"height":87,"caption":"Transtoyou - ES"},"image":{"@id":"https:\/\/www.transtoyou.com\/es\/#\/schema\/logo\/image\/"}}]}},"_links":{"self":[{"href":"https:\/\/www.transtoyou.com\/es\/wp-json\/wp\/v2\/product\/974","targetHints":{"allow":["GET"]}}],"collection":[{"href":"https:\/\/www.transtoyou.com\/es\/wp-json\/wp\/v2\/product"}],"about":[{"href":"https:\/\/www.transtoyou.com\/es\/wp-json\/wp\/v2\/types\/product"}],"replies":[{"embeddable":true,"href":"https:\/\/www.transtoyou.com\/es\/wp-json\/wp\/v2\/comments?post=974"}],"wp:featuredmedia":[{"embeddable":true,"href":"https:\/\/www.transtoyou.com\/es\/wp-json\/wp\/v2\/media\/975"}],"wp:attachment":[{"href":"https:\/\/www.transtoyou.com\/es\/wp-json\/wp\/v2\/media?parent=974"}],"wp:term":[{"taxonomy":"product_brand","embeddable":true,"href":"https:\/\/www.transtoyou.com\/es\/wp-json\/wp\/v2\/product_brand?post=974"},{"taxonomy":"product_cat","embeddable":true,"href":"https:\/\/www.transtoyou.com\/es\/wp-json\/wp\/v2\/product_cat?post=974"},{"taxonomy":"product_tag","embeddable":true,"href":"https:\/\/www.transtoyou.com\/es\/wp-json\/wp\/v2\/product_tag?post=974"},{"taxonomy":"expert","embeddable":true,"href":"https:\/\/www.transtoyou.com\/es\/wp-json\/wp\/v2\/expert?post=974"}],"curies":[{"name":"wp","href":"https:\/\/api.w.org\/{rel}","templated":true}]}}