{"id":990,"date":"2026-01-26T00:19:00","date_gmt":"2026-01-26T00:19:00","guid":{"rendered":"https:\/\/www.transtoyou.com\/es\/product\/campral\/"},"modified":"2026-01-26T00:20:09","modified_gmt":"2026-01-26T00:20:09","slug":"campral","status":"publish","type":"product","link":"https:\/\/www.transtoyou.com\/es\/product\/campral\/","title":{"rendered":"Campral"},"content":{"rendered":"<p>Campral (Acamprosato) es un medicamento dise\u00f1ado para apoyar a las personas en recuperaci\u00f3n de la dependencia del alcohol. Ayuda a reducir los antojos y apoya la abstinencia a largo plazo al estabilizar la actividad de los neurotransmisores en el cerebro. El consumo cr\u00f3nico de alcohol interrumpe el equilibrio entre los neurotransmisores excitatorios e inhibitorios, lo que lleva a la dependencia y a los s\u00edntomas de abstinencia. Campral act\u00faa modulando la actividad del glutamato y del GABA, ayudando al cerebro a recuperar su equilibrio natural.<\/p>\n<p>A diferencia de los medicamentos que causan efectos adversos cuando se consume alcohol, Campral no hace que beber sea desagradable. En cambio, reduce el deseo psicol\u00f3gico de beber, facilitando que las personas mantengan la sobriedad. Es m\u00e1s efectivo cuando se utiliza junto con asesoramiento o terapia como parte de un programa de tratamiento integral.<\/p>\n<p>Al disminuir los antojos de alcohol, Campral ayuda a prevenir reca\u00eddas y apoya la recuperaci\u00f3n a largo plazo. No es adictivo y no produce s\u00edntomas de abstinencia al dejarlo. El medicamento es generalmente bien tolerado, siendo los efectos secundarios m\u00e1s comunes problemas gastrointestinales leves como diarrea, n\u00e1useas o malestar abdominal. Estos suelen disminuir con el tiempo a medida que el cuerpo se ajusta.<\/p>\n<p>Campral es particularmente beneficioso para las personas que ya han completado la fase inicial de desintoxicaci\u00f3n y est\u00e1n comprometidas a mantener la abstinencia. Los estudios han demostrado que aumenta las posibilidades de sobriedad a largo plazo cuando se toma seg\u00fan lo prescrito. Si bien no funciona para todos, aquellos que siguen su plan de tratamiento y reciben apoyo psicol\u00f3gico tienen m\u00e1s probabilidades de beneficiarse.<\/p>\n","protected":false},"excerpt":{"rendered":"<ul>\n<li>Reduce los antojos y apoya la sobriedad a largo plazo<\/li>\n<li>Restaura el equilibrio cerebral despu\u00e9s del consumo de alcohol<\/li>\n<li>No es adictivo y generalmente bien tolerado<\/li>\n<\/ul>\n","protected":false},"featured_media":992,"comment_status":"open","ping_status":"closed","template":"","meta":[],"product_brand":[],"product_cat":[54],"product_tag":[],"expert":[16],"class_list":{"0":"post-990","1":"product","2":"type-product","3":"status-publish","4":"has-post-thumbnail","6":"product_cat-ayudas-para-la-recuperacion-del-alcohol","7":"expert-dr-c-alexandru","9":"first","10":"instock","11":"shipping-taxable","12":"product-type-variable"},"yoast_head":"<!-- This site is optimized with the Yoast SEO plugin v27.0 - https:\/\/yoast.com\/product\/yoast-seo-wordpress\/ -->\n<title>Campral | Apoyo para Mantenerse Libre de Alcohol - Transtoyou - ES<\/title>\n<meta name=\"description\" content=\"Campral reduce los antojos de alcohol, apoyando la recuperaci\u00f3n. No es adictivo y se tolera bien, ayuda a la sobriedad a largo plazo. Disponible en Transtoyou.\" \/>\n<meta name=\"robots\" content=\"noindex, follow, max-snippet:-1, max-image-preview:large, max-video-preview:-1\" \/>\n<meta property=\"og:locale\" content=\"es_ES\" \/>\n<meta property=\"og:type\" content=\"article\" \/>\n<meta property=\"og:title\" content=\"Campral | Apoyo para Mantenerse Libre de Alcohol - Transtoyou - ES\" \/>\n<meta property=\"og:description\" content=\"Campral reduce los antojos de alcohol, apoyando la recuperaci\u00f3n. No es adictivo y se tolera bien, ayuda a la sobriedad a largo plazo. Disponible en Transtoyou.\" \/>\n<meta property=\"og:url\" content=\"https:\/\/www.transtoyou.com\/es\/product\/campral\/\" \/>\n<meta property=\"og:site_name\" content=\"Transtoyou - ES\" \/>\n<meta property=\"article:modified_time\" content=\"2026-01-26T00:20:09+00:00\" \/>\n<meta name=\"twitter:card\" content=\"summary_large_image\" \/>\n<meta name=\"twitter:label1\" content=\"Tiempo de lectura\" \/>\n\t<meta name=\"twitter:data1\" content=\"1 minuto\" \/>\n<script type=\"application\/ld+json\" class=\"yoast-schema-graph\">{\"@context\":\"https:\/\/schema.org\",\"@graph\":[{\"@type\":\"WebPage\",\"@id\":\"https:\/\/www.transtoyou.com\/es\/product\/campral\/\",\"url\":\"https:\/\/www.transtoyou.com\/es\/product\/campral\/\",\"name\":\"Campral | Apoyo para Mantenerse Libre de Alcohol - Transtoyou - ES\",\"isPartOf\":{\"@id\":\"https:\/\/www.transtoyou.com\/es\/#website\"},\"primaryImageOfPage\":{\"@id\":\"https:\/\/www.transtoyou.com\/es\/product\/campral\/#primaryimage\"},\"image\":{\"@id\":\"https:\/\/www.transtoyou.com\/es\/product\/campral\/#primaryimage\"},\"thumbnailUrl\":\"https:\/\/www.transtoyou.com\/es\/wp-content\/uploads\/sites\/14\/2026\/01\/tty-no-product-image-173.webp\",\"datePublished\":\"2026-01-26T00:19:00+00:00\",\"dateModified\":\"2026-01-26T00:20:09+00:00\",\"description\":\"Campral reduce los antojos de alcohol, apoyando la recuperaci\u00f3n. No es adictivo y se tolera bien, ayuda a la sobriedad a largo plazo. Disponible en Transtoyou.\",\"breadcrumb\":{\"@id\":\"https:\/\/www.transtoyou.com\/es\/product\/campral\/#breadcrumb\"},\"inLanguage\":\"es\",\"potentialAction\":[{\"@type\":\"ReadAction\",\"target\":[\"https:\/\/www.transtoyou.com\/es\/product\/campral\/\"]}]},{\"@type\":\"ImageObject\",\"inLanguage\":\"es\",\"@id\":\"https:\/\/www.transtoyou.com\/es\/product\/campral\/#primaryimage\",\"url\":\"https:\/\/www.transtoyou.com\/es\/wp-content\/uploads\/sites\/14\/2026\/01\/tty-no-product-image-173.webp\",\"contentUrl\":\"https:\/\/www.transtoyou.com\/es\/wp-content\/uploads\/sites\/14\/2026\/01\/tty-no-product-image-173.webp\",\"width\":1000,\"height\":1000,\"caption\":\"Imagen de producto predeterminada\"},{\"@type\":\"WebSite\",\"@id\":\"https:\/\/www.transtoyou.com\/es\/#website\",\"url\":\"https:\/\/www.transtoyou.com\/es\/\",\"name\":\"Transtoyou - ES\",\"description\":\"\",\"publisher\":{\"@id\":\"https:\/\/www.transtoyou.com\/es\/#organization\"},\"potentialAction\":[{\"@type\":\"SearchAction\",\"target\":{\"@type\":\"EntryPoint\",\"urlTemplate\":\"https:\/\/www.transtoyou.com\/es\/?s={search_term_string}\"},\"query-input\":{\"@type\":\"PropertyValueSpecification\",\"valueRequired\":true,\"valueName\":\"search_term_string\"}}],\"inLanguage\":\"es\"},{\"@type\":\"Organization\",\"@id\":\"https:\/\/www.transtoyou.com\/es\/#organization\",\"name\":\"Transtoyou - ES\",\"url\":\"https:\/\/www.transtoyou.com\/es\/\",\"logo\":{\"@type\":\"ImageObject\",\"inLanguage\":\"es\",\"@id\":\"https:\/\/www.transtoyou.com\/es\/#\/schema\/logo\/image\/\",\"url\":\"https:\/\/www.transtoyou.com\/es\/wp-content\/uploads\/sites\/14\/2026\/01\/logo-tty-menu-bar-300x87-1.webp\",\"contentUrl\":\"https:\/\/www.transtoyou.com\/es\/wp-content\/uploads\/sites\/14\/2026\/01\/logo-tty-menu-bar-300x87-1.webp\",\"width\":300,\"height\":87,\"caption\":\"Transtoyou - ES\"},\"image\":{\"@id\":\"https:\/\/www.transtoyou.com\/es\/#\/schema\/logo\/image\/\"}}]}<\/script>\n<!-- \/ Yoast SEO plugin. -->","yoast_head_json":{"title":"Campral | Apoyo para Mantenerse Libre de Alcohol - Transtoyou - ES","description":"Campral reduce los antojos de alcohol, apoyando la recuperaci\u00f3n. No es adictivo y se tolera bien, ayuda a la sobriedad a largo plazo. Disponible en Transtoyou.","robots":{"index":"noindex","follow":"follow","max-snippet":"max-snippet:-1","max-image-preview":"max-image-preview:large","max-video-preview":"max-video-preview:-1"},"og_locale":"es_ES","og_type":"article","og_title":"Campral | Apoyo para Mantenerse Libre de Alcohol - Transtoyou - ES","og_description":"Campral reduce los antojos de alcohol, apoyando la recuperaci\u00f3n. No es adictivo y se tolera bien, ayuda a la sobriedad a largo plazo. Disponible en Transtoyou.","og_url":"https:\/\/www.transtoyou.com\/es\/product\/campral\/","og_site_name":"Transtoyou - ES","article_modified_time":"2026-01-26T00:20:09+00:00","twitter_card":"summary_large_image","twitter_misc":{"Tiempo de lectura":"1 minuto"},"schema":{"@context":"https:\/\/schema.org","@graph":[{"@type":"WebPage","@id":"https:\/\/www.transtoyou.com\/es\/product\/campral\/","url":"https:\/\/www.transtoyou.com\/es\/product\/campral\/","name":"Campral | Apoyo para Mantenerse Libre de Alcohol - Transtoyou - ES","isPartOf":{"@id":"https:\/\/www.transtoyou.com\/es\/#website"},"primaryImageOfPage":{"@id":"https:\/\/www.transtoyou.com\/es\/product\/campral\/#primaryimage"},"image":{"@id":"https:\/\/www.transtoyou.com\/es\/product\/campral\/#primaryimage"},"thumbnailUrl":"https:\/\/www.transtoyou.com\/es\/wp-content\/uploads\/sites\/14\/2026\/01\/tty-no-product-image-173.webp","datePublished":"2026-01-26T00:19:00+00:00","dateModified":"2026-01-26T00:20:09+00:00","description":"Campral reduce los antojos de alcohol, apoyando la recuperaci\u00f3n. No es adictivo y se tolera bien, ayuda a la sobriedad a largo plazo. Disponible en Transtoyou.","breadcrumb":{"@id":"https:\/\/www.transtoyou.com\/es\/product\/campral\/#breadcrumb"},"inLanguage":"es","potentialAction":[{"@type":"ReadAction","target":["https:\/\/www.transtoyou.com\/es\/product\/campral\/"]}]},{"@type":"ImageObject","inLanguage":"es","@id":"https:\/\/www.transtoyou.com\/es\/product\/campral\/#primaryimage","url":"https:\/\/www.transtoyou.com\/es\/wp-content\/uploads\/sites\/14\/2026\/01\/tty-no-product-image-173.webp","contentUrl":"https:\/\/www.transtoyou.com\/es\/wp-content\/uploads\/sites\/14\/2026\/01\/tty-no-product-image-173.webp","width":1000,"height":1000,"caption":"Imagen de producto predeterminada"},{"@type":"WebSite","@id":"https:\/\/www.transtoyou.com\/es\/#website","url":"https:\/\/www.transtoyou.com\/es\/","name":"Transtoyou - ES","description":"","publisher":{"@id":"https:\/\/www.transtoyou.com\/es\/#organization"},"potentialAction":[{"@type":"SearchAction","target":{"@type":"EntryPoint","urlTemplate":"https:\/\/www.transtoyou.com\/es\/?s={search_term_string}"},"query-input":{"@type":"PropertyValueSpecification","valueRequired":true,"valueName":"search_term_string"}}],"inLanguage":"es"},{"@type":"Organization","@id":"https:\/\/www.transtoyou.com\/es\/#organization","name":"Transtoyou - ES","url":"https:\/\/www.transtoyou.com\/es\/","logo":{"@type":"ImageObject","inLanguage":"es","@id":"https:\/\/www.transtoyou.com\/es\/#\/schema\/logo\/image\/","url":"https:\/\/www.transtoyou.com\/es\/wp-content\/uploads\/sites\/14\/2026\/01\/logo-tty-menu-bar-300x87-1.webp","contentUrl":"https:\/\/www.transtoyou.com\/es\/wp-content\/uploads\/sites\/14\/2026\/01\/logo-tty-menu-bar-300x87-1.webp","width":300,"height":87,"caption":"Transtoyou - ES"},"image":{"@id":"https:\/\/www.transtoyou.com\/es\/#\/schema\/logo\/image\/"}}]}},"_links":{"self":[{"href":"https:\/\/www.transtoyou.com\/es\/wp-json\/wp\/v2\/product\/990","targetHints":{"allow":["GET"]}}],"collection":[{"href":"https:\/\/www.transtoyou.com\/es\/wp-json\/wp\/v2\/product"}],"about":[{"href":"https:\/\/www.transtoyou.com\/es\/wp-json\/wp\/v2\/types\/product"}],"replies":[{"embeddable":true,"href":"https:\/\/www.transtoyou.com\/es\/wp-json\/wp\/v2\/comments?post=990"}],"wp:featuredmedia":[{"embeddable":true,"href":"https:\/\/www.transtoyou.com\/es\/wp-json\/wp\/v2\/media\/992"}],"wp:attachment":[{"href":"https:\/\/www.transtoyou.com\/es\/wp-json\/wp\/v2\/media?parent=990"}],"wp:term":[{"taxonomy":"product_brand","embeddable":true,"href":"https:\/\/www.transtoyou.com\/es\/wp-json\/wp\/v2\/product_brand?post=990"},{"taxonomy":"product_cat","embeddable":true,"href":"https:\/\/www.transtoyou.com\/es\/wp-json\/wp\/v2\/product_cat?post=990"},{"taxonomy":"product_tag","embeddable":true,"href":"https:\/\/www.transtoyou.com\/es\/wp-json\/wp\/v2\/product_tag?post=990"},{"taxonomy":"expert","embeddable":true,"href":"https:\/\/www.transtoyou.com\/es\/wp-json\/wp\/v2\/expert?post=990"}],"curies":[{"name":"wp","href":"https:\/\/api.w.org\/{rel}","templated":true}]}}