{"id":147,"date":"2026-01-19T15:18:58","date_gmt":"2026-01-19T13:18:58","guid":{"rendered":"https:\/\/www.transtoyou.com\/et\/?page_id=147"},"modified":"2026-01-26T10:57:43","modified_gmt":"2026-01-26T08:57:43","slug":"kupsiste-poliitika","status":"publish","type":"page","link":"https:\/\/www.transtoyou.com\/et\/kupsiste-poliitika\/","title":{"rendered":"K\u00fcpsiste poliitika"},"content":{"rendered":"","protected":false},"excerpt":{"rendered":"","protected":false},"author":13,"featured_media":148,"parent":0,"menu_order":0,"comment_status":"closed","ping_status":"closed","template":"","meta":{"footnotes":""},"class_list":["post-147","page","type-page","status-publish","has-post-thumbnail","hentry"],"yoast_head":"<!-- This site is optimized with the Yoast SEO plugin v27.0 - https:\/\/yoast.com\/product\/yoast-seo-wordpress\/ -->\n<title>K\u00fcpsiste poliitika \u00fclevaade - Transtoyou<\/title>\n<meta name=\"description\" content=\"Tutvu Transtoyou k\u00fcpsiste poliitikaga ja sellega, kuidas me kasutame k\u00fcpsiseid, et parandada sinu kogemust ja j\u00e4rgida andmekaitse seadusi.\" \/>\n<meta name=\"robots\" content=\"noindex, follow, max-snippet:-1, max-image-preview:large, max-video-preview:-1\" \/>\n<meta property=\"og:locale\" content=\"et_EE\" \/>\n<meta property=\"og:type\" content=\"article\" \/>\n<meta property=\"og:title\" content=\"Cookies Policy Overview - Transtoyou\" \/>\n<meta property=\"og:description\" content=\"Tutvu Transtoyou k\u00fcpsiste poliitikaga ja sellega, kuidas me kasutame k\u00fcpsiseid, et parandada sinu kogemust ja j\u00e4rgida andmekaitse seadusi.\" \/>\n<meta property=\"og:url\" content=\"https:\/\/www.transtoyou.com\/et\/kupsiste-poliitika\/\" \/>\n<meta property=\"og:site_name\" content=\"Transtoyou - ET\" \/>\n<meta property=\"article:modified_time\" content=\"2026-01-26T08:57:43+00:00\" \/>\n<meta property=\"og:image\" content=\"https:\/\/www.transtoyou.com\/et\/wp-content\/uploads\/sites\/7\/2026\/01\/Logo-500x500-bg-7.png\" \/>\n\t<meta property=\"og:image:width\" content=\"500\" \/>\n\t<meta property=\"og:image:height\" content=\"500\" \/>\n\t<meta property=\"og:image:type\" content=\"image\/png\" \/>\n<meta name=\"twitter:card\" content=\"summary_large_image\" \/>\n<meta name=\"twitter:title\" content=\"Cookies Policy Overview - Transtoyou\" \/>\n<meta name=\"twitter:label1\" content=\"Est. reading time\" \/>\n\t<meta name=\"twitter:data1\" content=\"1 minut\" \/>\n<script type=\"application\/ld+json\" class=\"yoast-schema-graph\">{\"@context\":\"https:\/\/schema.org\",\"@graph\":[{\"@type\":\"WebPage\",\"@id\":\"https:\/\/www.transtoyou.com\/et\/kupsiste-poliitika\/\",\"url\":\"https:\/\/www.transtoyou.com\/et\/kupsiste-poliitika\/\",\"name\":\"K\u00fcpsiste poliitika \u00fclevaade - Transtoyou\",\"isPartOf\":{\"@id\":\"https:\/\/www.transtoyou.com\/et\/#website\"},\"primaryImageOfPage\":{\"@id\":\"https:\/\/www.transtoyou.com\/et\/kupsiste-poliitika\/#primaryimage\"},\"image\":{\"@id\":\"https:\/\/www.transtoyou.com\/et\/kupsiste-poliitika\/#primaryimage\"},\"thumbnailUrl\":\"https:\/\/www.transtoyou.com\/et\/wp-content\/uploads\/sites\/7\/2026\/01\/Logo-500x500-bg-7.png\",\"datePublished\":\"2026-01-19T13:18:58+00:00\",\"dateModified\":\"2026-01-26T08:57:43+00:00\",\"description\":\"Tutvu Transtoyou k\u00fcpsiste poliitikaga ja sellega, kuidas me kasutame k\u00fcpsiseid, et parandada sinu kogemust ja j\u00e4rgida andmekaitse seadusi.\",\"breadcrumb\":{\"@id\":\"https:\/\/www.transtoyou.com\/et\/kupsiste-poliitika\/#breadcrumb\"},\"inLanguage\":\"et\",\"potentialAction\":[{\"@type\":\"ReadAction\",\"target\":[\"https:\/\/www.transtoyou.com\/et\/kupsiste-poliitika\/\"]}]},{\"@type\":\"ImageObject\",\"inLanguage\":\"et\",\"@id\":\"https:\/\/www.transtoyou.com\/et\/kupsiste-poliitika\/#primaryimage\",\"url\":\"https:\/\/www.transtoyou.com\/et\/wp-content\/uploads\/sites\/7\/2026\/01\/Logo-500x500-bg-7.png\",\"contentUrl\":\"https:\/\/www.transtoyou.com\/et\/wp-content\/uploads\/sites\/7\/2026\/01\/Logo-500x500-bg-7.png\",\"width\":500,\"height\":500,\"caption\":\"Transtoyou Logo\"},{\"@type\":\"WebSite\",\"@id\":\"https:\/\/www.transtoyou.com\/et\/#website\",\"url\":\"https:\/\/www.transtoyou.com\/et\/\",\"name\":\"Transtoyou - ET\",\"description\":\"\",\"publisher\":{\"@id\":\"https:\/\/www.transtoyou.com\/et\/#organization\"},\"potentialAction\":[{\"@type\":\"SearchAction\",\"target\":{\"@type\":\"EntryPoint\",\"urlTemplate\":\"https:\/\/www.transtoyou.com\/et\/?s={search_term_string}\"},\"query-input\":{\"@type\":\"PropertyValueSpecification\",\"valueRequired\":true,\"valueName\":\"search_term_string\"}}],\"inLanguage\":\"et\"},{\"@type\":\"Organization\",\"@id\":\"https:\/\/www.transtoyou.com\/et\/#organization\",\"name\":\"Transtoyou - ET\",\"url\":\"https:\/\/www.transtoyou.com\/et\/\",\"logo\":{\"@type\":\"ImageObject\",\"inLanguage\":\"et\",\"@id\":\"https:\/\/www.transtoyou.com\/et\/#\/schema\/logo\/image\/\",\"url\":\"https:\/\/www.transtoyou.com\/et\/wp-content\/uploads\/sites\/7\/2026\/01\/logo-tty-menu-bar-300x87-1.webp\",\"contentUrl\":\"https:\/\/www.transtoyou.com\/et\/wp-content\/uploads\/sites\/7\/2026\/01\/logo-tty-menu-bar-300x87-1.webp\",\"width\":300,\"height\":87,\"caption\":\"Transtoyou - ET\"},\"image\":{\"@id\":\"https:\/\/www.transtoyou.com\/et\/#\/schema\/logo\/image\/\"}}]}<\/script>\n<!-- \/ Yoast SEO plugin. -->","yoast_head_json":{"title":"K\u00fcpsiste poliitika \u00fclevaade - Transtoyou","description":"Tutvu Transtoyou k\u00fcpsiste poliitikaga ja sellega, kuidas me kasutame k\u00fcpsiseid, et parandada sinu kogemust ja j\u00e4rgida andmekaitse seadusi.","robots":{"index":"noindex","follow":"follow","max-snippet":"max-snippet:-1","max-image-preview":"max-image-preview:large","max-video-preview":"max-video-preview:-1"},"og_locale":"et_EE","og_type":"article","og_title":"Cookies Policy Overview - Transtoyou","og_description":"Tutvu Transtoyou k\u00fcpsiste poliitikaga ja sellega, kuidas me kasutame k\u00fcpsiseid, et parandada sinu kogemust ja j\u00e4rgida andmekaitse seadusi.","og_url":"https:\/\/www.transtoyou.com\/et\/kupsiste-poliitika\/","og_site_name":"Transtoyou - ET","article_modified_time":"2026-01-26T08:57:43+00:00","og_image":[{"width":500,"height":500,"url":"https:\/\/www.transtoyou.com\/et\/wp-content\/uploads\/sites\/7\/2026\/01\/Logo-500x500-bg-7.png","type":"image\/png"}],"twitter_card":"summary_large_image","twitter_title":"Cookies Policy Overview - Transtoyou","twitter_misc":{"Est. reading time":"1 minut"},"schema":{"@context":"https:\/\/schema.org","@graph":[{"@type":"WebPage","@id":"https:\/\/www.transtoyou.com\/et\/kupsiste-poliitika\/","url":"https:\/\/www.transtoyou.com\/et\/kupsiste-poliitika\/","name":"K\u00fcpsiste poliitika \u00fclevaade - Transtoyou","isPartOf":{"@id":"https:\/\/www.transtoyou.com\/et\/#website"},"primaryImageOfPage":{"@id":"https:\/\/www.transtoyou.com\/et\/kupsiste-poliitika\/#primaryimage"},"image":{"@id":"https:\/\/www.transtoyou.com\/et\/kupsiste-poliitika\/#primaryimage"},"thumbnailUrl":"https:\/\/www.transtoyou.com\/et\/wp-content\/uploads\/sites\/7\/2026\/01\/Logo-500x500-bg-7.png","datePublished":"2026-01-19T13:18:58+00:00","dateModified":"2026-01-26T08:57:43+00:00","description":"Tutvu Transtoyou k\u00fcpsiste poliitikaga ja sellega, kuidas me kasutame k\u00fcpsiseid, et parandada sinu kogemust ja j\u00e4rgida andmekaitse seadusi.","breadcrumb":{"@id":"https:\/\/www.transtoyou.com\/et\/kupsiste-poliitika\/#breadcrumb"},"inLanguage":"et","potentialAction":[{"@type":"ReadAction","target":["https:\/\/www.transtoyou.com\/et\/kupsiste-poliitika\/"]}]},{"@type":"ImageObject","inLanguage":"et","@id":"https:\/\/www.transtoyou.com\/et\/kupsiste-poliitika\/#primaryimage","url":"https:\/\/www.transtoyou.com\/et\/wp-content\/uploads\/sites\/7\/2026\/01\/Logo-500x500-bg-7.png","contentUrl":"https:\/\/www.transtoyou.com\/et\/wp-content\/uploads\/sites\/7\/2026\/01\/Logo-500x500-bg-7.png","width":500,"height":500,"caption":"Transtoyou Logo"},{"@type":"WebSite","@id":"https:\/\/www.transtoyou.com\/et\/#website","url":"https:\/\/www.transtoyou.com\/et\/","name":"Transtoyou - ET","description":"","publisher":{"@id":"https:\/\/www.transtoyou.com\/et\/#organization"},"potentialAction":[{"@type":"SearchAction","target":{"@type":"EntryPoint","urlTemplate":"https:\/\/www.transtoyou.com\/et\/?s={search_term_string}"},"query-input":{"@type":"PropertyValueSpecification","valueRequired":true,"valueName":"search_term_string"}}],"inLanguage":"et"},{"@type":"Organization","@id":"https:\/\/www.transtoyou.com\/et\/#organization","name":"Transtoyou - ET","url":"https:\/\/www.transtoyou.com\/et\/","logo":{"@type":"ImageObject","inLanguage":"et","@id":"https:\/\/www.transtoyou.com\/et\/#\/schema\/logo\/image\/","url":"https:\/\/www.transtoyou.com\/et\/wp-content\/uploads\/sites\/7\/2026\/01\/logo-tty-menu-bar-300x87-1.webp","contentUrl":"https:\/\/www.transtoyou.com\/et\/wp-content\/uploads\/sites\/7\/2026\/01\/logo-tty-menu-bar-300x87-1.webp","width":300,"height":87,"caption":"Transtoyou - ET"},"image":{"@id":"https:\/\/www.transtoyou.com\/et\/#\/schema\/logo\/image\/"}}]}},"_links":{"self":[{"href":"https:\/\/www.transtoyou.com\/et\/wp-json\/wp\/v2\/pages\/147","targetHints":{"allow":["GET"]}}],"collection":[{"href":"https:\/\/www.transtoyou.com\/et\/wp-json\/wp\/v2\/pages"}],"about":[{"href":"https:\/\/www.transtoyou.com\/et\/wp-json\/wp\/v2\/types\/page"}],"author":[{"embeddable":true,"href":"https:\/\/www.transtoyou.com\/et\/wp-json\/wp\/v2\/users\/13"}],"replies":[{"embeddable":true,"href":"https:\/\/www.transtoyou.com\/et\/wp-json\/wp\/v2\/comments?post=147"}],"version-history":[{"count":1,"href":"https:\/\/www.transtoyou.com\/et\/wp-json\/wp\/v2\/pages\/147\/revisions"}],"predecessor-version":[{"id":149,"href":"https:\/\/www.transtoyou.com\/et\/wp-json\/wp\/v2\/pages\/147\/revisions\/149"}],"wp:featuredmedia":[{"embeddable":true,"href":"https:\/\/www.transtoyou.com\/et\/wp-json\/wp\/v2\/media\/148"}],"wp:attachment":[{"href":"https:\/\/www.transtoyou.com\/et\/wp-json\/wp\/v2\/media?parent=147"}],"curies":[{"name":"wp","href":"https:\/\/api.w.org\/{rel}","templated":true}]}}