{"id":199,"date":"2026-01-19T15:35:33","date_gmt":"2026-01-19T13:35:33","guid":{"rendered":"https:\/\/www.transtoyou.com\/et\/?page_id=199"},"modified":"2026-01-26T09:50:39","modified_gmt":"2026-01-26T07:50:39","slug":"meditsiiniline-kviss","status":"publish","type":"page","link":"https:\/\/www.transtoyou.com\/et\/meditsiiniline-kviss\/","title":{"rendered":"Meditsiiniline viktoriin"},"content":{"rendered":"","protected":false},"excerpt":{"rendered":"","protected":false},"author":13,"featured_media":0,"parent":0,"menu_order":0,"comment_status":"closed","ping_status":"closed","template":"","meta":{"footnotes":""},"class_list":["post-199","page","type-page","status-publish","hentry"],"yoast_head":"<!-- This site is optimized with the Yoast SEO plugin v27.0 - https:\/\/yoast.com\/product\/yoast-seo-wordpress\/ -->\n<title>Meditsiiniline viktoriin - Testi oma tervise teadmisi - Transtoyou - ET<\/title>\n<meta name=\"description\" content=\"Avasta Transtoyou Meditsiiniline K\u00fcsimustik, t\u00f6\u00f6riist, mis juhendab sinu tervise teekonda ekspertide teadmistega, tagades teadlikud otsused sinu heaolu jaoks.\" \/>\n<meta name=\"robots\" content=\"noindex, follow, max-snippet:-1, max-image-preview:large, max-video-preview:-1\" \/>\n<meta property=\"og:locale\" content=\"et_EE\" \/>\n<meta property=\"og:type\" content=\"article\" \/>\n<meta property=\"og:title\" content=\"Meditsiiniline viktoriin - Testi oma tervise teadmisi - Transtoyou - ET\" \/>\n<meta property=\"og:description\" content=\"Avasta Transtoyou Meditsiiniline K\u00fcsimustik, t\u00f6\u00f6riist, mis juhendab sinu tervise teekonda ekspertide teadmistega, tagades teadlikud otsused sinu heaolu jaoks.\" \/>\n<meta property=\"og:url\" content=\"https:\/\/www.transtoyou.com\/et\/meditsiiniline-kviss\/\" \/>\n<meta property=\"og:site_name\" content=\"Transtoyou - ET\" \/>\n<meta property=\"article:modified_time\" content=\"2026-01-26T07:50:39+00:00\" \/>\n<meta name=\"twitter:card\" content=\"summary_large_image\" \/>\n<script type=\"application\/ld+json\" class=\"yoast-schema-graph\">{\"@context\":\"https:\/\/schema.org\",\"@graph\":[{\"@type\":\"WebPage\",\"@id\":\"https:\/\/www.transtoyou.com\/et\/meditsiiniline-kviss\/\",\"url\":\"https:\/\/www.transtoyou.com\/et\/meditsiiniline-kviss\/\",\"name\":\"Meditsiiniline viktoriin - Testi oma tervise teadmisi - Transtoyou - ET\",\"isPartOf\":{\"@id\":\"https:\/\/www.transtoyou.com\/et\/#website\"},\"datePublished\":\"2026-01-19T13:35:33+00:00\",\"dateModified\":\"2026-01-26T07:50:39+00:00\",\"description\":\"Avasta Transtoyou Meditsiiniline K\u00fcsimustik, t\u00f6\u00f6riist, mis juhendab sinu tervise teekonda ekspertide teadmistega, tagades teadlikud otsused sinu heaolu jaoks.\",\"breadcrumb\":{\"@id\":\"https:\/\/www.transtoyou.com\/et\/meditsiiniline-kviss\/#breadcrumb\"},\"inLanguage\":\"et\",\"potentialAction\":[{\"@type\":\"ReadAction\",\"target\":[\"https:\/\/www.transtoyou.com\/et\/meditsiiniline-kviss\/\"]}]},{\"@type\":\"WebSite\",\"@id\":\"https:\/\/www.transtoyou.com\/et\/#website\",\"url\":\"https:\/\/www.transtoyou.com\/et\/\",\"name\":\"Transtoyou - ET\",\"description\":\"\",\"publisher\":{\"@id\":\"https:\/\/www.transtoyou.com\/et\/#organization\"},\"potentialAction\":[{\"@type\":\"SearchAction\",\"target\":{\"@type\":\"EntryPoint\",\"urlTemplate\":\"https:\/\/www.transtoyou.com\/et\/?s={search_term_string}\"},\"query-input\":{\"@type\":\"PropertyValueSpecification\",\"valueRequired\":true,\"valueName\":\"search_term_string\"}}],\"inLanguage\":\"et\"},{\"@type\":\"Organization\",\"@id\":\"https:\/\/www.transtoyou.com\/et\/#organization\",\"name\":\"Transtoyou - ET\",\"url\":\"https:\/\/www.transtoyou.com\/et\/\",\"logo\":{\"@type\":\"ImageObject\",\"inLanguage\":\"et\",\"@id\":\"https:\/\/www.transtoyou.com\/et\/#\/schema\/logo\/image\/\",\"url\":\"https:\/\/www.transtoyou.com\/et\/wp-content\/uploads\/sites\/7\/2026\/01\/logo-tty-menu-bar-300x87-1.webp\",\"contentUrl\":\"https:\/\/www.transtoyou.com\/et\/wp-content\/uploads\/sites\/7\/2026\/01\/logo-tty-menu-bar-300x87-1.webp\",\"width\":300,\"height\":87,\"caption\":\"Transtoyou - ET\"},\"image\":{\"@id\":\"https:\/\/www.transtoyou.com\/et\/#\/schema\/logo\/image\/\"}}]}<\/script>\n<!-- \/ Yoast SEO plugin. -->","yoast_head_json":{"title":"Meditsiiniline viktoriin - Testi oma tervise teadmisi - Transtoyou - ET","description":"Avasta Transtoyou Meditsiiniline K\u00fcsimustik, t\u00f6\u00f6riist, mis juhendab sinu tervise teekonda ekspertide teadmistega, tagades teadlikud otsused sinu heaolu jaoks.","robots":{"index":"noindex","follow":"follow","max-snippet":"max-snippet:-1","max-image-preview":"max-image-preview:large","max-video-preview":"max-video-preview:-1"},"og_locale":"et_EE","og_type":"article","og_title":"Meditsiiniline viktoriin - Testi oma tervise teadmisi - Transtoyou - ET","og_description":"Avasta Transtoyou Meditsiiniline K\u00fcsimustik, t\u00f6\u00f6riist, mis juhendab sinu tervise teekonda ekspertide teadmistega, tagades teadlikud otsused sinu heaolu jaoks.","og_url":"https:\/\/www.transtoyou.com\/et\/meditsiiniline-kviss\/","og_site_name":"Transtoyou - ET","article_modified_time":"2026-01-26T07:50:39+00:00","twitter_card":"summary_large_image","schema":{"@context":"https:\/\/schema.org","@graph":[{"@type":"WebPage","@id":"https:\/\/www.transtoyou.com\/et\/meditsiiniline-kviss\/","url":"https:\/\/www.transtoyou.com\/et\/meditsiiniline-kviss\/","name":"Meditsiiniline viktoriin - Testi oma tervise teadmisi - Transtoyou - ET","isPartOf":{"@id":"https:\/\/www.transtoyou.com\/et\/#website"},"datePublished":"2026-01-19T13:35:33+00:00","dateModified":"2026-01-26T07:50:39+00:00","description":"Avasta Transtoyou Meditsiiniline K\u00fcsimustik, t\u00f6\u00f6riist, mis juhendab sinu tervise teekonda ekspertide teadmistega, tagades teadlikud otsused sinu heaolu jaoks.","breadcrumb":{"@id":"https:\/\/www.transtoyou.com\/et\/meditsiiniline-kviss\/#breadcrumb"},"inLanguage":"et","potentialAction":[{"@type":"ReadAction","target":["https:\/\/www.transtoyou.com\/et\/meditsiiniline-kviss\/"]}]},{"@type":"WebSite","@id":"https:\/\/www.transtoyou.com\/et\/#website","url":"https:\/\/www.transtoyou.com\/et\/","name":"Transtoyou - ET","description":"","publisher":{"@id":"https:\/\/www.transtoyou.com\/et\/#organization"},"potentialAction":[{"@type":"SearchAction","target":{"@type":"EntryPoint","urlTemplate":"https:\/\/www.transtoyou.com\/et\/?s={search_term_string}"},"query-input":{"@type":"PropertyValueSpecification","valueRequired":true,"valueName":"search_term_string"}}],"inLanguage":"et"},{"@type":"Organization","@id":"https:\/\/www.transtoyou.com\/et\/#organization","name":"Transtoyou - ET","url":"https:\/\/www.transtoyou.com\/et\/","logo":{"@type":"ImageObject","inLanguage":"et","@id":"https:\/\/www.transtoyou.com\/et\/#\/schema\/logo\/image\/","url":"https:\/\/www.transtoyou.com\/et\/wp-content\/uploads\/sites\/7\/2026\/01\/logo-tty-menu-bar-300x87-1.webp","contentUrl":"https:\/\/www.transtoyou.com\/et\/wp-content\/uploads\/sites\/7\/2026\/01\/logo-tty-menu-bar-300x87-1.webp","width":300,"height":87,"caption":"Transtoyou - ET"},"image":{"@id":"https:\/\/www.transtoyou.com\/et\/#\/schema\/logo\/image\/"}}]}},"_links":{"self":[{"href":"https:\/\/www.transtoyou.com\/et\/wp-json\/wp\/v2\/pages\/199","targetHints":{"allow":["GET"]}}],"collection":[{"href":"https:\/\/www.transtoyou.com\/et\/wp-json\/wp\/v2\/pages"}],"about":[{"href":"https:\/\/www.transtoyou.com\/et\/wp-json\/wp\/v2\/types\/page"}],"author":[{"embeddable":true,"href":"https:\/\/www.transtoyou.com\/et\/wp-json\/wp\/v2\/users\/13"}],"replies":[{"embeddable":true,"href":"https:\/\/www.transtoyou.com\/et\/wp-json\/wp\/v2\/comments?post=199"}],"version-history":[{"count":1,"href":"https:\/\/www.transtoyou.com\/et\/wp-json\/wp\/v2\/pages\/199\/revisions"}],"predecessor-version":[{"id":200,"href":"https:\/\/www.transtoyou.com\/et\/wp-json\/wp\/v2\/pages\/199\/revisions\/200"}],"wp:attachment":[{"href":"https:\/\/www.transtoyou.com\/et\/wp-json\/wp\/v2\/media?parent=199"}],"curies":[{"name":"wp","href":"https:\/\/api.w.org\/{rel}","templated":true}]}}