{"id":1007,"date":"2026-01-24T10:37:10","date_gmt":"2026-01-24T08:37:10","guid":{"rendered":"https:\/\/www.transtoyou.com\/et\/product\/collomak\/"},"modified":"2026-01-24T10:38:14","modified_gmt":"2026-01-24T08:38:14","slug":"collomak","status":"publish","type":"product","link":"https:\/\/www.transtoyou.com\/et\/product\/collomak\/","title":{"rendered":"Collomak"},"content":{"rendered":"<p>Collomak on paikne lahus, mida v\u00f5ib kasutada t\u00fc\u00fckade, konnade ja kalluste raviks arsti juhendamisel. See sisaldab salits\u00fc\u00fclhappe ja piimhappe kombinatsiooni, kahte keratol\u00fc\u00fctilist ainet, mis t\u00f6\u00f6tavad koos, et pehmendada ja lagundada paksenenud, k\u00f5venenud nahka, mis on p\u00f5hjustatud nendest levinud nahakasvudest. Valem on m\u00f5eldud otse kahjustatud piirkonda kandmiseks, soodustades j\u00e4rkj\u00e4rgulist koorumist ja t\u00fc\u00fckade v\u00f5i kalluste koe eemaldamist aja jooksul.<\/p>\n<p>T\u00fc\u00fckad on p\u00f5hjustatud inimese papilloomiviirusest (HPV) ja ilmuvad sageli k\u00e4tele, jalgadele v\u00f5i muudele survepunktidele. Kuigi need on tavaliselt kahjutud, v\u00f5ivad nad olla inetud, ebamugavad v\u00f5i isegi valulikud, kui need asuvad kehakaalu kandvates piirkondades, nagu jalatald.<\/p>\n<p>Collomak kantakse t\u00fc\u00fckale \u00fcks v\u00f5i kaks korda p\u00e4evas integreeritud aplikaatoriga. Kuivades moodustab naha pinnale kaitsekile, mis lukustab aktiivsed koostisosad ja suurendab nende t\u00f5husust. Enne iga uut pealekandmist v\u00f5ib pehmenenud nahka \u00f5rnalt eemaldada k\u00fc\u00fcneviiliga v\u00f5i pumice-kiviga, et parandada imendumist ja tulemusi.<\/p>\n<p>Collomak on \u00fcldiselt h\u00e4sti talutav. Ravi piirkonnas v\u00f5ib esineda kerget \u00e4rritust, punetust v\u00f5i koorumist, eriti kui seda kantakse \u00fcmbritsevale tervele nahale. T\u00e4pne ja hoolikas pealekandmine on oluline, et minimeerida soovimatuid toimeid. Lahust ei tohi kasutada katkenud nahal, nakatunud haavadel ega s\u00fcnnim\u00e4rkidel.<\/p>\n","protected":false},"excerpt":{"rendered":"<ul>\n<li>Aitab pehmendada ja eemaldada t\u00fc\u00fckad<\/li>\n<li>Happep\u00f5hine ravi koduseks kasutamiseks<\/li>\n<li>Sihtib k\u00f5va, paksenenud nahka<\/li>\n<\/ul>\n","protected":false},"featured_media":1008,"comment_status":"open","ping_status":"closed","template":"","meta":[],"product_brand":[],"product_cat":[193],"product_tag":[],"expert":[19],"class_list":{"0":"post-1007","1":"product","2":"type-product","3":"status-publish","4":"has-post-thumbnail","6":"product_cat-sormed","7":"expert-dr-j-vazquez","9":"first","10":"instock","11":"shipping-taxable","12":"product-type-simple"},"yoast_head":"<!-- This site is optimized with the Yoast SEO plugin v27.0 - https:\/\/yoast.com\/product\/yoast-seo-wordpress\/ -->\n<title>Collomak | T\u00f5hus t\u00fc\u00fckade ja kalluste lahendus - Transtoyou<\/title>\n<meta name=\"description\" content=\"Collomak, kohaliku lahendus t\u00fc\u00fckade, kalluste ja sarvkestade jaoks, on saadaval siin. Koge t\u00f5husat naha pehmendamist ja koorimist juba t\u00e4na.\" \/>\n<meta name=\"robots\" content=\"noindex, follow, max-snippet:-1, max-image-preview:large, max-video-preview:-1\" \/>\n<meta property=\"og:locale\" content=\"et_EE\" \/>\n<meta property=\"og:type\" content=\"article\" \/>\n<meta property=\"og:title\" content=\"Collomak | T\u00f5hus t\u00fc\u00fckade ja kalluste lahendus - Transtoyou\" \/>\n<meta property=\"og:description\" content=\"Collomak, kohaliku lahendus t\u00fc\u00fckade, kalluste ja sarvkestade jaoks, on saadaval siin. Koge t\u00f5husat naha pehmendamist ja koorimist juba t\u00e4na.\" \/>\n<meta property=\"og:url\" content=\"https:\/\/www.transtoyou.com\/et\/product\/collomak\/\" \/>\n<meta property=\"og:site_name\" content=\"Transtoyou - ET\" \/>\n<meta property=\"article:modified_time\" content=\"2026-01-24T08:38:14+00:00\" \/>\n<meta name=\"twitter:card\" content=\"summary_large_image\" \/>\n<meta name=\"twitter:label1\" content=\"Est. reading time\" \/>\n\t<meta name=\"twitter:data1\" content=\"1 minut\" \/>\n<script type=\"application\/ld+json\" class=\"yoast-schema-graph\">{\"@context\":\"https:\/\/schema.org\",\"@graph\":[{\"@type\":\"WebPage\",\"@id\":\"https:\/\/www.transtoyou.com\/et\/product\/collomak\/\",\"url\":\"https:\/\/www.transtoyou.com\/et\/product\/collomak\/\",\"name\":\"Collomak | T\u00f5hus t\u00fc\u00fckade ja kalluste lahendus - Transtoyou\",\"isPartOf\":{\"@id\":\"https:\/\/www.transtoyou.com\/et\/#website\"},\"primaryImageOfPage\":{\"@id\":\"https:\/\/www.transtoyou.com\/et\/product\/collomak\/#primaryimage\"},\"image\":{\"@id\":\"https:\/\/www.transtoyou.com\/et\/product\/collomak\/#primaryimage\"},\"thumbnailUrl\":\"https:\/\/www.transtoyou.com\/et\/wp-content\/uploads\/sites\/7\/2026\/01\/tty-no-product-image-97.webp\",\"datePublished\":\"2026-01-24T08:37:10+00:00\",\"dateModified\":\"2026-01-24T08:38:14+00:00\",\"description\":\"Collomak, kohaliku lahendus t\u00fc\u00fckade, kalluste ja sarvkestade jaoks, on saadaval siin. Koge t\u00f5husat naha pehmendamist ja koorimist juba t\u00e4na.\",\"breadcrumb\":{\"@id\":\"https:\/\/www.transtoyou.com\/et\/product\/collomak\/#breadcrumb\"},\"inLanguage\":\"et\",\"potentialAction\":[{\"@type\":\"ReadAction\",\"target\":[\"https:\/\/www.transtoyou.com\/et\/product\/collomak\/\"]}]},{\"@type\":\"ImageObject\",\"inLanguage\":\"et\",\"@id\":\"https:\/\/www.transtoyou.com\/et\/product\/collomak\/#primaryimage\",\"url\":\"https:\/\/www.transtoyou.com\/et\/wp-content\/uploads\/sites\/7\/2026\/01\/tty-no-product-image-97.webp\",\"contentUrl\":\"https:\/\/www.transtoyou.com\/et\/wp-content\/uploads\/sites\/7\/2026\/01\/tty-no-product-image-97.webp\",\"width\":1000,\"height\":1000,\"caption\":\"Vaikimisi toote pilt\"},{\"@type\":\"WebSite\",\"@id\":\"https:\/\/www.transtoyou.com\/et\/#website\",\"url\":\"https:\/\/www.transtoyou.com\/et\/\",\"name\":\"Transtoyou - ET\",\"description\":\"\",\"publisher\":{\"@id\":\"https:\/\/www.transtoyou.com\/et\/#organization\"},\"potentialAction\":[{\"@type\":\"SearchAction\",\"target\":{\"@type\":\"EntryPoint\",\"urlTemplate\":\"https:\/\/www.transtoyou.com\/et\/?s={search_term_string}\"},\"query-input\":{\"@type\":\"PropertyValueSpecification\",\"valueRequired\":true,\"valueName\":\"search_term_string\"}}],\"inLanguage\":\"et\"},{\"@type\":\"Organization\",\"@id\":\"https:\/\/www.transtoyou.com\/et\/#organization\",\"name\":\"Transtoyou - ET\",\"url\":\"https:\/\/www.transtoyou.com\/et\/\",\"logo\":{\"@type\":\"ImageObject\",\"inLanguage\":\"et\",\"@id\":\"https:\/\/www.transtoyou.com\/et\/#\/schema\/logo\/image\/\",\"url\":\"https:\/\/www.transtoyou.com\/et\/wp-content\/uploads\/sites\/7\/2026\/01\/logo-tty-menu-bar-300x87-1.webp\",\"contentUrl\":\"https:\/\/www.transtoyou.com\/et\/wp-content\/uploads\/sites\/7\/2026\/01\/logo-tty-menu-bar-300x87-1.webp\",\"width\":300,\"height\":87,\"caption\":\"Transtoyou - ET\"},\"image\":{\"@id\":\"https:\/\/www.transtoyou.com\/et\/#\/schema\/logo\/image\/\"}}]}<\/script>\n<!-- \/ Yoast SEO plugin. -->","yoast_head_json":{"title":"Collomak | T\u00f5hus t\u00fc\u00fckade ja kalluste lahendus - Transtoyou","description":"Collomak, kohaliku lahendus t\u00fc\u00fckade, kalluste ja sarvkestade jaoks, on saadaval siin. Koge t\u00f5husat naha pehmendamist ja koorimist juba t\u00e4na.","robots":{"index":"noindex","follow":"follow","max-snippet":"max-snippet:-1","max-image-preview":"max-image-preview:large","max-video-preview":"max-video-preview:-1"},"og_locale":"et_EE","og_type":"article","og_title":"Collomak | T\u00f5hus t\u00fc\u00fckade ja kalluste lahendus - Transtoyou","og_description":"Collomak, kohaliku lahendus t\u00fc\u00fckade, kalluste ja sarvkestade jaoks, on saadaval siin. Koge t\u00f5husat naha pehmendamist ja koorimist juba t\u00e4na.","og_url":"https:\/\/www.transtoyou.com\/et\/product\/collomak\/","og_site_name":"Transtoyou - ET","article_modified_time":"2026-01-24T08:38:14+00:00","twitter_card":"summary_large_image","twitter_misc":{"Est. reading time":"1 minut"},"schema":{"@context":"https:\/\/schema.org","@graph":[{"@type":"WebPage","@id":"https:\/\/www.transtoyou.com\/et\/product\/collomak\/","url":"https:\/\/www.transtoyou.com\/et\/product\/collomak\/","name":"Collomak | T\u00f5hus t\u00fc\u00fckade ja kalluste lahendus - Transtoyou","isPartOf":{"@id":"https:\/\/www.transtoyou.com\/et\/#website"},"primaryImageOfPage":{"@id":"https:\/\/www.transtoyou.com\/et\/product\/collomak\/#primaryimage"},"image":{"@id":"https:\/\/www.transtoyou.com\/et\/product\/collomak\/#primaryimage"},"thumbnailUrl":"https:\/\/www.transtoyou.com\/et\/wp-content\/uploads\/sites\/7\/2026\/01\/tty-no-product-image-97.webp","datePublished":"2026-01-24T08:37:10+00:00","dateModified":"2026-01-24T08:38:14+00:00","description":"Collomak, kohaliku lahendus t\u00fc\u00fckade, kalluste ja sarvkestade jaoks, on saadaval siin. Koge t\u00f5husat naha pehmendamist ja koorimist juba t\u00e4na.","breadcrumb":{"@id":"https:\/\/www.transtoyou.com\/et\/product\/collomak\/#breadcrumb"},"inLanguage":"et","potentialAction":[{"@type":"ReadAction","target":["https:\/\/www.transtoyou.com\/et\/product\/collomak\/"]}]},{"@type":"ImageObject","inLanguage":"et","@id":"https:\/\/www.transtoyou.com\/et\/product\/collomak\/#primaryimage","url":"https:\/\/www.transtoyou.com\/et\/wp-content\/uploads\/sites\/7\/2026\/01\/tty-no-product-image-97.webp","contentUrl":"https:\/\/www.transtoyou.com\/et\/wp-content\/uploads\/sites\/7\/2026\/01\/tty-no-product-image-97.webp","width":1000,"height":1000,"caption":"Vaikimisi toote pilt"},{"@type":"WebSite","@id":"https:\/\/www.transtoyou.com\/et\/#website","url":"https:\/\/www.transtoyou.com\/et\/","name":"Transtoyou - ET","description":"","publisher":{"@id":"https:\/\/www.transtoyou.com\/et\/#organization"},"potentialAction":[{"@type":"SearchAction","target":{"@type":"EntryPoint","urlTemplate":"https:\/\/www.transtoyou.com\/et\/?s={search_term_string}"},"query-input":{"@type":"PropertyValueSpecification","valueRequired":true,"valueName":"search_term_string"}}],"inLanguage":"et"},{"@type":"Organization","@id":"https:\/\/www.transtoyou.com\/et\/#organization","name":"Transtoyou - ET","url":"https:\/\/www.transtoyou.com\/et\/","logo":{"@type":"ImageObject","inLanguage":"et","@id":"https:\/\/www.transtoyou.com\/et\/#\/schema\/logo\/image\/","url":"https:\/\/www.transtoyou.com\/et\/wp-content\/uploads\/sites\/7\/2026\/01\/logo-tty-menu-bar-300x87-1.webp","contentUrl":"https:\/\/www.transtoyou.com\/et\/wp-content\/uploads\/sites\/7\/2026\/01\/logo-tty-menu-bar-300x87-1.webp","width":300,"height":87,"caption":"Transtoyou - ET"},"image":{"@id":"https:\/\/www.transtoyou.com\/et\/#\/schema\/logo\/image\/"}}]}},"_links":{"self":[{"href":"https:\/\/www.transtoyou.com\/et\/wp-json\/wp\/v2\/product\/1007","targetHints":{"allow":["GET"]}}],"collection":[{"href":"https:\/\/www.transtoyou.com\/et\/wp-json\/wp\/v2\/product"}],"about":[{"href":"https:\/\/www.transtoyou.com\/et\/wp-json\/wp\/v2\/types\/product"}],"replies":[{"embeddable":true,"href":"https:\/\/www.transtoyou.com\/et\/wp-json\/wp\/v2\/comments?post=1007"}],"wp:featuredmedia":[{"embeddable":true,"href":"https:\/\/www.transtoyou.com\/et\/wp-json\/wp\/v2\/media\/1008"}],"wp:attachment":[{"href":"https:\/\/www.transtoyou.com\/et\/wp-json\/wp\/v2\/media?parent=1007"}],"wp:term":[{"taxonomy":"product_brand","embeddable":true,"href":"https:\/\/www.transtoyou.com\/et\/wp-json\/wp\/v2\/product_brand?post=1007"},{"taxonomy":"product_cat","embeddable":true,"href":"https:\/\/www.transtoyou.com\/et\/wp-json\/wp\/v2\/product_cat?post=1007"},{"taxonomy":"product_tag","embeddable":true,"href":"https:\/\/www.transtoyou.com\/et\/wp-json\/wp\/v2\/product_tag?post=1007"},{"taxonomy":"expert","embeddable":true,"href":"https:\/\/www.transtoyou.com\/et\/wp-json\/wp\/v2\/expert?post=1007"}],"curies":[{"name":"wp","href":"https:\/\/api.w.org\/{rel}","templated":true}]}}