{"id":1012,"date":"2026-01-24T11:07:21","date_gmt":"2026-01-24T09:07:21","guid":{"rendered":"https:\/\/www.transtoyou.com\/et\/product\/cialis\/"},"modified":"2026-01-24T11:08:26","modified_gmt":"2026-01-24T09:08:26","slug":"cialis","status":"publish","type":"product","link":"https:\/\/www.transtoyou.com\/et\/product\/cialis\/","title":{"rendered":"Cialis"},"content":{"rendered":"<p>Cialis on ravim erektsioonih\u00e4irete (ED) raviks. Selle aktiivne koostisosa, tadalafiil, toimib, parandades verevoolu peenisesse, aidates meestel saavutada ja s\u00e4ilitada erektsiooni seksuaalse stimuleerimise korral. Mis eristab Cialis&#8217;t teistest ED ravimitest, on selle paindlikkus; seda saab v\u00f5tta kas vajadusel enne seksuaalset tegevust v\u00f5i madala annusega igap\u00e4evase tabletina, s\u00f5ltuvalt kasutaja elustiilist ja eelistustest.<\/p>\n<p>Meestele, kes eelistavad spontaansust, on Cialis saadaval tavalisel tugevusel, 10 &#8211; 20 mg, mida saab v\u00f5tta n\u00f5udmisel, umbes 30 minutit enne intiimsust. Selle toime v\u00f5ib kesta kuni 36 tundi, mis annab suurep\u00e4rase aja akna looduslikuks ja pingevabaks seksuaalseks tegevuseks.<\/p>\n<p>Seda pikemat kestust hindavad sageli paarid, kes v\u00e4\u00e4rtustavad intiimsust ilma rangete ajakavadega. Alternatiivselt on Cialis ette n\u00e4htud ka \u00fche korra p\u00e4evas tabletina, madalama annusega (2,5 &#8211; 5 mg), mida v\u00f5etakse iga p\u00e4ev, s\u00f5ltumata sellest, millal seksuaalne tegevus on planeeritud. See valik pakub pidevat tuge ja k\u00f5rvaldab vajaduse ravimi ajastamiseks.<\/p>\n<p>See on eriti kasulik meestele, kellel on regulaarne seksuaalne tegevus v\u00f5i kes eelistavad olla valmis igal ajal ilma etteplaneerimiseta. Cialis&#8217;t v\u00f5etakse suu kaudu ja seda saab kasutada koos v\u00f5i ilma toiduta. See hakkab enamikul kasutajatest toimima 30 kuni 60 minuti jooksul.<\/p>\n<p>V\u00f5imalikud k\u00f5rvaltoimed h\u00f5lmavad peavalu, seedeh\u00e4ireid, lihasvalu v\u00f5i n\u00e4o punetust, kuigi enamik neist on kerged ja ajutised. Cialis&#8217;t ei tohiks kombineerida nitraatide v\u00f5i teatud verer\u00f5huravimitega.<\/p>\n","protected":false},"excerpt":{"rendered":"<ul>\n<li>Kestvad efektid kuni 36 tundi<\/li>\n<li>Ravib erektsioonih\u00e4ireid ja BPH-d<\/li>\n<li>Kiire toime, t\u00f6\u00f6tab 30 minuti jooksul<\/li>\n<\/ul>\n","protected":false},"featured_media":1014,"comment_status":"open","ping_status":"closed","template":"","meta":[],"product_brand":[],"product_cat":[132],"product_tag":[],"expert":[18],"class_list":{"0":"post-1012","1":"product","2":"type-product","3":"status-publish","4":"has-post-thumbnail","6":"product_cat-erektsioonihairete-ravimid","7":"expert-dr-g-varbanov","9":"first","10":"instock","11":"shipping-taxable","12":"product-type-variable"},"yoast_head":"<!-- This site is optimized with the Yoast SEO plugin v27.0 - https:\/\/yoast.com\/product\/yoast-seo-wordpress\/ -->\n<title>Cialis - Transtoyou - ET<\/title>\n<meta name=\"robots\" content=\"noindex, follow, max-snippet:-1, max-image-preview:large, max-video-preview:-1\" \/>\n<meta property=\"og:locale\" content=\"et_EE\" \/>\n<meta property=\"og:type\" content=\"article\" \/>\n<meta property=\"og:title\" content=\"Cialis - Transtoyou - ET\" \/>\n<meta property=\"og:description\" content=\"Kestvad efektid kuni 36 tundi  Ravib erektsioonih\u00e4ireid ja BPH-d  Kiire toime, t\u00f6\u00f6tab 30 minuti jooksul\" \/>\n<meta property=\"og:url\" content=\"https:\/\/www.transtoyou.com\/et\/product\/cialis\/\" \/>\n<meta property=\"og:site_name\" content=\"Transtoyou - ET\" \/>\n<meta property=\"article:modified_time\" content=\"2026-01-24T09:08:26+00:00\" \/>\n<meta property=\"og:image\" content=\"https:\/\/www.transtoyou.com\/et\/wp-content\/uploads\/sites\/7\/2026\/01\/tty-no-product-image-99.webp\" \/>\n\t<meta property=\"og:image:width\" content=\"1000\" \/>\n\t<meta property=\"og:image:height\" content=\"1000\" \/>\n\t<meta property=\"og:image:type\" content=\"image\/webp\" \/>\n<meta name=\"twitter:card\" content=\"summary_large_image\" \/>\n<meta name=\"twitter:label1\" content=\"Est. reading time\" \/>\n\t<meta name=\"twitter:data1\" content=\"1 minut\" \/>\n<script type=\"application\/ld+json\" class=\"yoast-schema-graph\">{\"@context\":\"https:\/\/schema.org\",\"@graph\":[{\"@type\":\"WebPage\",\"@id\":\"https:\/\/www.transtoyou.com\/et\/product\/cialis\/\",\"url\":\"https:\/\/www.transtoyou.com\/et\/product\/cialis\/\",\"name\":\"Cialis - Transtoyou - ET\",\"isPartOf\":{\"@id\":\"https:\/\/www.transtoyou.com\/et\/#website\"},\"primaryImageOfPage\":{\"@id\":\"https:\/\/www.transtoyou.com\/et\/product\/cialis\/#primaryimage\"},\"image\":{\"@id\":\"https:\/\/www.transtoyou.com\/et\/product\/cialis\/#primaryimage\"},\"thumbnailUrl\":\"https:\/\/www.transtoyou.com\/et\/wp-content\/uploads\/sites\/7\/2026\/01\/tty-no-product-image-99.webp\",\"datePublished\":\"2026-01-24T09:07:21+00:00\",\"dateModified\":\"2026-01-24T09:08:26+00:00\",\"breadcrumb\":{\"@id\":\"https:\/\/www.transtoyou.com\/et\/product\/cialis\/#breadcrumb\"},\"inLanguage\":\"et\",\"potentialAction\":[{\"@type\":\"ReadAction\",\"target\":[\"https:\/\/www.transtoyou.com\/et\/product\/cialis\/\"]}]},{\"@type\":\"ImageObject\",\"inLanguage\":\"et\",\"@id\":\"https:\/\/www.transtoyou.com\/et\/product\/cialis\/#primaryimage\",\"url\":\"https:\/\/www.transtoyou.com\/et\/wp-content\/uploads\/sites\/7\/2026\/01\/tty-no-product-image-99.webp\",\"contentUrl\":\"https:\/\/www.transtoyou.com\/et\/wp-content\/uploads\/sites\/7\/2026\/01\/tty-no-product-image-99.webp\",\"width\":1000,\"height\":1000,\"caption\":\"Vaikimisi toote pilt\"},{\"@type\":\"WebSite\",\"@id\":\"https:\/\/www.transtoyou.com\/et\/#website\",\"url\":\"https:\/\/www.transtoyou.com\/et\/\",\"name\":\"Transtoyou - ET\",\"description\":\"\",\"publisher\":{\"@id\":\"https:\/\/www.transtoyou.com\/et\/#organization\"},\"potentialAction\":[{\"@type\":\"SearchAction\",\"target\":{\"@type\":\"EntryPoint\",\"urlTemplate\":\"https:\/\/www.transtoyou.com\/et\/?s={search_term_string}\"},\"query-input\":{\"@type\":\"PropertyValueSpecification\",\"valueRequired\":true,\"valueName\":\"search_term_string\"}}],\"inLanguage\":\"et\"},{\"@type\":\"Organization\",\"@id\":\"https:\/\/www.transtoyou.com\/et\/#organization\",\"name\":\"Transtoyou - ET\",\"url\":\"https:\/\/www.transtoyou.com\/et\/\",\"logo\":{\"@type\":\"ImageObject\",\"inLanguage\":\"et\",\"@id\":\"https:\/\/www.transtoyou.com\/et\/#\/schema\/logo\/image\/\",\"url\":\"https:\/\/www.transtoyou.com\/et\/wp-content\/uploads\/sites\/7\/2026\/01\/logo-tty-menu-bar-300x87-1.webp\",\"contentUrl\":\"https:\/\/www.transtoyou.com\/et\/wp-content\/uploads\/sites\/7\/2026\/01\/logo-tty-menu-bar-300x87-1.webp\",\"width\":300,\"height\":87,\"caption\":\"Transtoyou - ET\"},\"image\":{\"@id\":\"https:\/\/www.transtoyou.com\/et\/#\/schema\/logo\/image\/\"}}]}<\/script>\n<!-- \/ Yoast SEO plugin. -->","yoast_head_json":{"title":"Cialis - Transtoyou - ET","robots":{"index":"noindex","follow":"follow","max-snippet":"max-snippet:-1","max-image-preview":"max-image-preview:large","max-video-preview":"max-video-preview:-1"},"og_locale":"et_EE","og_type":"article","og_title":"Cialis - Transtoyou - ET","og_description":"Kestvad efektid kuni 36 tundi  Ravib erektsioonih\u00e4ireid ja BPH-d  Kiire toime, t\u00f6\u00f6tab 30 minuti jooksul","og_url":"https:\/\/www.transtoyou.com\/et\/product\/cialis\/","og_site_name":"Transtoyou - ET","article_modified_time":"2026-01-24T09:08:26+00:00","og_image":[{"width":1000,"height":1000,"url":"https:\/\/www.transtoyou.com\/et\/wp-content\/uploads\/sites\/7\/2026\/01\/tty-no-product-image-99.webp","type":"image\/webp"}],"twitter_card":"summary_large_image","twitter_misc":{"Est. reading time":"1 minut"},"schema":{"@context":"https:\/\/schema.org","@graph":[{"@type":"WebPage","@id":"https:\/\/www.transtoyou.com\/et\/product\/cialis\/","url":"https:\/\/www.transtoyou.com\/et\/product\/cialis\/","name":"Cialis - Transtoyou - ET","isPartOf":{"@id":"https:\/\/www.transtoyou.com\/et\/#website"},"primaryImageOfPage":{"@id":"https:\/\/www.transtoyou.com\/et\/product\/cialis\/#primaryimage"},"image":{"@id":"https:\/\/www.transtoyou.com\/et\/product\/cialis\/#primaryimage"},"thumbnailUrl":"https:\/\/www.transtoyou.com\/et\/wp-content\/uploads\/sites\/7\/2026\/01\/tty-no-product-image-99.webp","datePublished":"2026-01-24T09:07:21+00:00","dateModified":"2026-01-24T09:08:26+00:00","breadcrumb":{"@id":"https:\/\/www.transtoyou.com\/et\/product\/cialis\/#breadcrumb"},"inLanguage":"et","potentialAction":[{"@type":"ReadAction","target":["https:\/\/www.transtoyou.com\/et\/product\/cialis\/"]}]},{"@type":"ImageObject","inLanguage":"et","@id":"https:\/\/www.transtoyou.com\/et\/product\/cialis\/#primaryimage","url":"https:\/\/www.transtoyou.com\/et\/wp-content\/uploads\/sites\/7\/2026\/01\/tty-no-product-image-99.webp","contentUrl":"https:\/\/www.transtoyou.com\/et\/wp-content\/uploads\/sites\/7\/2026\/01\/tty-no-product-image-99.webp","width":1000,"height":1000,"caption":"Vaikimisi toote pilt"},{"@type":"WebSite","@id":"https:\/\/www.transtoyou.com\/et\/#website","url":"https:\/\/www.transtoyou.com\/et\/","name":"Transtoyou - ET","description":"","publisher":{"@id":"https:\/\/www.transtoyou.com\/et\/#organization"},"potentialAction":[{"@type":"SearchAction","target":{"@type":"EntryPoint","urlTemplate":"https:\/\/www.transtoyou.com\/et\/?s={search_term_string}"},"query-input":{"@type":"PropertyValueSpecification","valueRequired":true,"valueName":"search_term_string"}}],"inLanguage":"et"},{"@type":"Organization","@id":"https:\/\/www.transtoyou.com\/et\/#organization","name":"Transtoyou - ET","url":"https:\/\/www.transtoyou.com\/et\/","logo":{"@type":"ImageObject","inLanguage":"et","@id":"https:\/\/www.transtoyou.com\/et\/#\/schema\/logo\/image\/","url":"https:\/\/www.transtoyou.com\/et\/wp-content\/uploads\/sites\/7\/2026\/01\/logo-tty-menu-bar-300x87-1.webp","contentUrl":"https:\/\/www.transtoyou.com\/et\/wp-content\/uploads\/sites\/7\/2026\/01\/logo-tty-menu-bar-300x87-1.webp","width":300,"height":87,"caption":"Transtoyou - ET"},"image":{"@id":"https:\/\/www.transtoyou.com\/et\/#\/schema\/logo\/image\/"}}]}},"_links":{"self":[{"href":"https:\/\/www.transtoyou.com\/et\/wp-json\/wp\/v2\/product\/1012","targetHints":{"allow":["GET"]}}],"collection":[{"href":"https:\/\/www.transtoyou.com\/et\/wp-json\/wp\/v2\/product"}],"about":[{"href":"https:\/\/www.transtoyou.com\/et\/wp-json\/wp\/v2\/types\/product"}],"replies":[{"embeddable":true,"href":"https:\/\/www.transtoyou.com\/et\/wp-json\/wp\/v2\/comments?post=1012"}],"wp:featuredmedia":[{"embeddable":true,"href":"https:\/\/www.transtoyou.com\/et\/wp-json\/wp\/v2\/media\/1014"}],"wp:attachment":[{"href":"https:\/\/www.transtoyou.com\/et\/wp-json\/wp\/v2\/media?parent=1012"}],"wp:term":[{"taxonomy":"product_brand","embeddable":true,"href":"https:\/\/www.transtoyou.com\/et\/wp-json\/wp\/v2\/product_brand?post=1012"},{"taxonomy":"product_cat","embeddable":true,"href":"https:\/\/www.transtoyou.com\/et\/wp-json\/wp\/v2\/product_cat?post=1012"},{"taxonomy":"product_tag","embeddable":true,"href":"https:\/\/www.transtoyou.com\/et\/wp-json\/wp\/v2\/product_tag?post=1012"},{"taxonomy":"expert","embeddable":true,"href":"https:\/\/www.transtoyou.com\/et\/wp-json\/wp\/v2\/expert?post=1012"}],"curies":[{"name":"wp","href":"https:\/\/api.w.org\/{rel}","templated":true}]}}